{"id":9601,"date":"2016-04-05T18:08:52","date_gmt":"2016-04-05T16:08:52","guid":{"rendered":"http:\/\/ultramagic.creagia.com\/ca\/?page_id=9601"},"modified":"2020-01-15T12:04:04","modified_gmt":"2020-01-15T11:04:04","slug":"ampolles","status":"publish","type":"page","link":"https:\/\/ultramagic.com\/ca\/inflables\/ampolles\/","title":{"rendered":"Ampolles Inflables"},"content":{"rendered":"<p style=\"text-align: justify;\">El nostre inflable m\u00e9s popular, amb diversos milers distribu\u00efts i utilitzats arreu del m\u00f3n amb gran \u00e8xit. Qualsevol mida a partir de 2 metres d&#8217;altura, per a \u00fas interior i fins als 20 metres per a \u00fas exterior. gr\u00e0cies al proc\u00e9s especial que utilitzem en la seva confecci\u00f3 assegurem una r\u00e8plica inflable exacta de les etiquetes representant les parts transparents de l&#8217;ampolla utilitzant materials especials.<\/p>\n<p>&nbsp;<\/p>\n<p><strong><u>Caracter\u00edstiques \/ Opcions:<\/u><\/strong><\/p>\n<p>&nbsp;<\/p>\n<p>&#8211; Confeccionat en poliamida o poli\u00e8ster d\u2019alta tenacitat 2pu. pes entre 190g &#8211; 240g\/ m2.<\/p>\n<p>\u2013 Costura doble d\u2019alta resist\u00e8ncia.<\/p>\n<p>\u2013 Motors interiors de 65, 110, o 170W de pot\u00e8ncia, de baix nivell sonor.<\/p>\n<p>\u2013 Possibilitat d&#8217;il\u00b7luminaci\u00f3 interior amb LEDS.<\/p>\n<p>\u2013 Bossa de transport i kit d\u2019instal\u00b7laci\u00f3 inclosos.<\/p>\n<p>\u2013 Pes total aproximat dels inflables, de 10 a 35 kg.<\/p>\n<p>&nbsp;<\/p>\n<div id='gallery-1' class='gallery galleryid-9601 gallery-columns-3 gallery-size-medium'><dl class='gallery-item'>\n\t\t\t<dt class='gallery-icon landscape'>\n\t\t\t\t<a href='https:\/\/ultramagic.com\/wp-content\/uploads\/2016\/03\/BOTELLA-09.jpg'><img loading=\"lazy\" decoding=\"async\" width=\"300\" height=\"225\" src=\"https:\/\/ultramagic.com\/wp-content\/uploads\/2016\/03\/BOTELLA-09-300x225.jpg\" class=\"attachment-medium size-medium\" alt=\"\" srcset=\"https:\/\/ultramagic.com\/wp-content\/uploads\/2016\/03\/BOTELLA-09-300x225.jpg 300w, https:\/\/ultramagic.com\/wp-content\/uploads\/2016\/03\/BOTELLA-09-768x576.jpg 768w, https:\/\/ultramagic.com\/wp-content\/uploads\/2016\/03\/BOTELLA-09.jpg 800w\" sizes=\"(max-width: 300px) 100vw, 300px\" \/><\/a>\n\t\t\t<\/dt><\/dl><dl class='gallery-item'>\n\t\t\t<dt class='gallery-icon landscape'>\n\t\t\t\t<a href='https:\/\/ultramagic.com\/wp-content\/uploads\/2016\/03\/BOTELLA-08.jpg'><img loading=\"lazy\" decoding=\"async\" width=\"300\" height=\"225\" src=\"https:\/\/ultramagic.com\/wp-content\/uploads\/2016\/03\/BOTELLA-08-300x225.jpg\" class=\"attachment-medium size-medium\" alt=\"\" srcset=\"https:\/\/ultramagic.com\/wp-content\/uploads\/2016\/03\/BOTELLA-08-300x225.jpg 300w, https:\/\/ultramagic.com\/wp-content\/uploads\/2016\/03\/BOTELLA-08-768x576.jpg 768w, https:\/\/ultramagic.com\/wp-content\/uploads\/2016\/03\/BOTELLA-08.jpg 800w\" sizes=\"(max-width: 300px) 100vw, 300px\" \/><\/a>\n\t\t\t<\/dt><\/dl><dl class='gallery-item'>\n\t\t\t<dt class='gallery-icon landscape'>\n\t\t\t\t<a href='https:\/\/ultramagic.com\/wp-content\/uploads\/2016\/03\/BOTELLA-07.jpg'><img loading=\"lazy\" decoding=\"async\" width=\"300\" height=\"225\" src=\"https:\/\/ultramagic.com\/wp-content\/uploads\/2016\/03\/BOTELLA-07-300x225.jpg\" class=\"attachment-medium size-medium\" alt=\"\" srcset=\"https:\/\/ultramagic.com\/wp-content\/uploads\/2016\/03\/BOTELLA-07-300x225.jpg 300w, https:\/\/ultramagic.com\/wp-content\/uploads\/2016\/03\/BOTELLA-07-768x576.jpg 768w, https:\/\/ultramagic.com\/wp-content\/uploads\/2016\/03\/BOTELLA-07.jpg 800w\" sizes=\"(max-width: 300px) 100vw, 300px\" \/><\/a>\n\t\t\t<\/dt><\/dl><br style=\"clear: both\" \/><dl class='gallery-item'>\n\t\t\t<dt class='gallery-icon landscape'>\n\t\t\t\t<a href='https:\/\/ultramagic.com\/wp-content\/uploads\/2016\/03\/BOTELLA-06.jpg'><img loading=\"lazy\" decoding=\"async\" width=\"300\" height=\"225\" src=\"https:\/\/ultramagic.com\/wp-content\/uploads\/2016\/03\/BOTELLA-06-300x225.jpg\" class=\"attachment-medium size-medium\" alt=\"\" srcset=\"https:\/\/ultramagic.com\/wp-content\/uploads\/2016\/03\/BOTELLA-06-300x225.jpg 300w, https:\/\/ultramagic.com\/wp-content\/uploads\/2016\/03\/BOTELLA-06-768x576.jpg 768w, https:\/\/ultramagic.com\/wp-content\/uploads\/2016\/03\/BOTELLA-06.jpg 800w\" sizes=\"(max-width: 300px) 100vw, 300px\" \/><\/a>\n\t\t\t<\/dt><\/dl><dl class='gallery-item'>\n\t\t\t<dt class='gallery-icon landscape'>\n\t\t\t\t<a href='https:\/\/ultramagic.com\/wp-content\/uploads\/2016\/03\/BOTELLA-05.jpg'><img loading=\"lazy\" decoding=\"async\" width=\"300\" height=\"225\" src=\"https:\/\/ultramagic.com\/wp-content\/uploads\/2016\/03\/BOTELLA-05-300x225.jpg\" class=\"attachment-medium size-medium\" alt=\"\" srcset=\"https:\/\/ultramagic.com\/wp-content\/uploads\/2016\/03\/BOTELLA-05-300x225.jpg 300w, https:\/\/ultramagic.com\/wp-content\/uploads\/2016\/03\/BOTELLA-05-768x576.jpg 768w, https:\/\/ultramagic.com\/wp-content\/uploads\/2016\/03\/BOTELLA-05.jpg 800w\" sizes=\"(max-width: 300px) 100vw, 300px\" \/><\/a>\n\t\t\t<\/dt><\/dl><dl class='gallery-item'>\n\t\t\t<dt class='gallery-icon landscape'>\n\t\t\t\t<a href='https:\/\/ultramagic.com\/wp-content\/uploads\/2016\/03\/BOTELLA-04.jpg'><img loading=\"lazy\" decoding=\"async\" width=\"300\" height=\"225\" src=\"https:\/\/ultramagic.com\/wp-content\/uploads\/2016\/03\/BOTELLA-04-300x225.jpg\" class=\"attachment-medium size-medium\" alt=\"\" srcset=\"https:\/\/ultramagic.com\/wp-content\/uploads\/2016\/03\/BOTELLA-04-300x225.jpg 300w, https:\/\/ultramagic.com\/wp-content\/uploads\/2016\/03\/BOTELLA-04-768x576.jpg 768w, https:\/\/ultramagic.com\/wp-content\/uploads\/2016\/03\/BOTELLA-04.jpg 800w\" sizes=\"(max-width: 300px) 100vw, 300px\" \/><\/a>\n\t\t\t<\/dt><\/dl><br style=\"clear: both\" \/><dl class='gallery-item'>\n\t\t\t<dt class='gallery-icon landscape'>\n\t\t\t\t<a href='https:\/\/ultramagic.com\/wp-content\/uploads\/2016\/03\/BOTELLA-03.jpg'><img loading=\"lazy\" decoding=\"async\" width=\"300\" height=\"225\" src=\"https:\/\/ultramagic.com\/wp-content\/uploads\/2016\/03\/BOTELLA-03-300x225.jpg\" class=\"attachment-medium size-medium\" alt=\"\" srcset=\"https:\/\/ultramagic.com\/wp-content\/uploads\/2016\/03\/BOTELLA-03-300x225.jpg 300w, https:\/\/ultramagic.com\/wp-content\/uploads\/2016\/03\/BOTELLA-03-768x576.jpg 768w, https:\/\/ultramagic.com\/wp-content\/uploads\/2016\/03\/BOTELLA-03.jpg 800w\" sizes=\"(max-width: 300px) 100vw, 300px\" \/><\/a>\n\t\t\t<\/dt><\/dl><dl class='gallery-item'>\n\t\t\t<dt class='gallery-icon landscape'>\n\t\t\t\t<a href='https:\/\/ultramagic.com\/wp-content\/uploads\/2016\/03\/BOTELLA-02.jpg'><img loading=\"lazy\" decoding=\"async\" width=\"300\" height=\"200\" src=\"https:\/\/ultramagic.com\/wp-content\/uploads\/2016\/03\/BOTELLA-02-300x200.jpg\" class=\"attachment-medium size-medium\" alt=\"\" srcset=\"https:\/\/ultramagic.com\/wp-content\/uploads\/2016\/03\/BOTELLA-02-300x200.jpg 300w, https:\/\/ultramagic.com\/wp-content\/uploads\/2016\/03\/BOTELLA-02-768x512.jpg 768w, https:\/\/ultramagic.com\/wp-content\/uploads\/2016\/03\/BOTELLA-02.jpg 800w\" sizes=\"(max-width: 300px) 100vw, 300px\" \/><\/a>\n\t\t\t<\/dt><\/dl><dl class='gallery-item'>\n\t\t\t<dt class='gallery-icon landscape'>\n\t\t\t\t<a href='https:\/\/ultramagic.com\/wp-content\/uploads\/2016\/03\/BOTELLA-01.jpg'><img loading=\"lazy\" decoding=\"async\" width=\"300\" height=\"208\" src=\"https:\/\/ultramagic.com\/wp-content\/uploads\/2016\/03\/BOTELLA-01-300x208.jpg\" class=\"attachment-medium size-medium\" alt=\"\" srcset=\"https:\/\/ultramagic.com\/wp-content\/uploads\/2016\/03\/BOTELLA-01-300x208.jpg 300w, https:\/\/ultramagic.com\/wp-content\/uploads\/2016\/03\/BOTELLA-01-768x532.jpg 768w, https:\/\/ultramagic.com\/wp-content\/uploads\/2016\/03\/BOTELLA-01.jpg 800w\" sizes=\"(max-width: 300px) 100vw, 300px\" \/><\/a>\n\t\t\t<\/dt><\/dl><br style=\"clear: both\" \/>\n\t\t<\/div>\n\n<p>&nbsp;<\/p>\n","protected":false},"excerpt":{"rendered":"<p>El nostre inflable m\u00e9s popular, amb diversos milers distribu\u00efts i utilitzats arreu del m\u00f3n amb gran \u00e8xit. Qualsevol mida a partir de 2 metres d&#8217;altura, per a \u00fas interior i fins als 20 metres per a \u00fas exterior. gr\u00e0cies al proc\u00e9s especial que utilitzem en la seva confecci\u00f3 assegurem una r\u00e8plica inflable exacta de les [&hellip;]<\/p>\n","protected":false},"author":1,"featured_media":8850,"parent":9538,"menu_order":3,"comment_status":"closed","ping_status":"closed","template":"page-globus-fill.php","meta":{"ngg_post_thumbnail":0,"footnotes":""},"yoast_head":"<!-- This site is optimized with the Yoast SEO plugin v22.7 - https:\/\/yoast.com\/wordpress\/plugins\/seo\/ -->\n<title>Ampolles Inflables - Ultramagic<\/title>\n<meta name=\"robots\" content=\"index, follow, max-snippet:-1, max-image-preview:large, max-video-preview:-1\" \/>\n<link rel=\"canonical\" href=\"https:\/\/ultramagic.com\/inflatables\/bottles\/\" \/>\n<meta property=\"og:locale\" content=\"ca_ES\" \/>\n<meta property=\"og:type\" content=\"article\" \/>\n<meta property=\"og:title\" content=\"Ampolles Inflables - Ultramagic\" \/>\n<meta property=\"og:description\" content=\"El nostre inflable m\u00e9s popular, amb diversos milers distribu\u00efts i utilitzats arreu del m\u00f3n amb gran \u00e8xit. Qualsevol mida a partir de 2 metres d&#8217;altura, per a \u00fas interior i fins als 20 metres per a \u00fas exterior. gr\u00e0cies al proc\u00e9s especial que utilitzem en la seva confecci\u00f3 assegurem una r\u00e8plica inflable exacta de les [&hellip;]\" \/>\n<meta property=\"og:url\" content=\"https:\/\/ultramagic.com\/inflatables\/bottles\/\" \/>\n<meta property=\"og:site_name\" content=\"Ultramagic\" \/>\n<meta property=\"article:publisher\" content=\"http:\/\/www.facebook.com\/ultramagicballons\" \/>\n<meta property=\"article:modified_time\" content=\"2020-01-15T11:04:04+00:00\" \/>\n<meta property=\"og:image\" content=\"https:\/\/ultramagic.com\/wp-content\/uploads\/2016\/03\/ampolles.jpg\" \/>\n\t<meta property=\"og:image:width\" content=\"75\" \/>\n\t<meta property=\"og:image:height\" content=\"75\" \/>\n\t<meta property=\"og:image:type\" content=\"image\/jpeg\" \/>\n<meta name=\"twitter:card\" content=\"summary_large_image\" \/>\n<meta name=\"twitter:site\" content=\"@umballoons\" \/>\n<meta name=\"twitter:label1\" content=\"Temps estimat de lectura\" \/>\n\t<meta name=\"twitter:data1\" content=\"1 minut\" \/>\n<script type=\"application\/ld+json\" class=\"yoast-schema-graph\">{\"@context\":\"https:\/\/schema.org\",\"@graph\":[{\"@type\":\"WebPage\",\"@id\":\"https:\/\/ultramagic.com\/inflatables\/bottles\/\",\"url\":\"https:\/\/ultramagic.com\/inflatables\/bottles\/\",\"name\":\"Ampolles Inflables - Ultramagic\",\"isPartOf\":{\"@id\":\"https:\/\/ultramagic.com\/#website\"},\"primaryImageOfPage\":{\"@id\":\"https:\/\/ultramagic.com\/inflatables\/bottles\/#primaryimage\"},\"image\":{\"@id\":\"https:\/\/ultramagic.com\/inflatables\/bottles\/#primaryimage\"},\"thumbnailUrl\":\"https:\/\/ultramagic.com\/wp-content\/uploads\/2016\/03\/ampolles.jpg\",\"datePublished\":\"2016-04-05T16:08:52+00:00\",\"dateModified\":\"2020-01-15T11:04:04+00:00\",\"breadcrumb\":{\"@id\":\"https:\/\/ultramagic.com\/inflatables\/bottles\/#breadcrumb\"},\"inLanguage\":\"ca\",\"potentialAction\":[{\"@type\":\"ReadAction\",\"target\":[\"https:\/\/ultramagic.com\/inflatables\/bottles\/\"]}]},{\"@type\":\"ImageObject\",\"inLanguage\":\"ca\",\"@id\":\"https:\/\/ultramagic.com\/inflatables\/bottles\/#primaryimage\",\"url\":\"https:\/\/ultramagic.com\/wp-content\/uploads\/2016\/03\/ampolles.jpg\",\"contentUrl\":\"https:\/\/ultramagic.com\/wp-content\/uploads\/2016\/03\/ampolles.jpg\",\"width\":75,\"height\":75},{\"@type\":\"BreadcrumbList\",\"@id\":\"https:\/\/ultramagic.com\/inflatables\/bottles\/#breadcrumb\",\"itemListElement\":[{\"@type\":\"ListItem\",\"position\":1,\"name\":\"Home\",\"item\":\"https:\/\/ultramagic.com\/ca\/\"},{\"@type\":\"ListItem\",\"position\":2,\"name\":\"Inflables\",\"item\":\"https:\/\/ultramagic.com\/ca\/inflables\/\"},{\"@type\":\"ListItem\",\"position\":3,\"name\":\"Ampolles Inflables\"}]},{\"@type\":\"WebSite\",\"@id\":\"https:\/\/ultramagic.com\/#website\",\"url\":\"https:\/\/ultramagic.com\/\",\"name\":\"Ultramagic\",\"description\":\"All about hot air balloon advertising industry and history.Hot air balloon photos and pictures. Enjoy the hot air balloon experience from your home.\",\"potentialAction\":[{\"@type\":\"SearchAction\",\"target\":{\"@type\":\"EntryPoint\",\"urlTemplate\":\"https:\/\/ultramagic.com\/?s={search_term_string}\"},\"query-input\":\"required name=search_term_string\"}],\"inLanguage\":\"ca\"}]}<\/script>\n<!-- \/ Yoast SEO plugin. -->","yoast_head_json":{"title":"Ampolles Inflables - Ultramagic","robots":{"index":"index","follow":"follow","max-snippet":"max-snippet:-1","max-image-preview":"max-image-preview:large","max-video-preview":"max-video-preview:-1"},"canonical":"https:\/\/ultramagic.com\/inflatables\/bottles\/","og_locale":"ca_ES","og_type":"article","og_title":"Ampolles Inflables - Ultramagic","og_description":"El nostre inflable m\u00e9s popular, amb diversos milers distribu\u00efts i utilitzats arreu del m\u00f3n amb gran \u00e8xit. Qualsevol mida a partir de 2 metres d&#8217;altura, per a \u00fas interior i fins als 20 metres per a \u00fas exterior. gr\u00e0cies al proc\u00e9s especial que utilitzem en la seva confecci\u00f3 assegurem una r\u00e8plica inflable exacta de les [&hellip;]","og_url":"https:\/\/ultramagic.com\/inflatables\/bottles\/","og_site_name":"Ultramagic","article_publisher":"http:\/\/www.facebook.com\/ultramagicballons","article_modified_time":"2020-01-15T11:04:04+00:00","og_image":[{"width":75,"height":75,"url":"https:\/\/ultramagic.com\/wp-content\/uploads\/2016\/03\/ampolles.jpg","type":"image\/jpeg"}],"twitter_card":"summary_large_image","twitter_site":"@umballoons","twitter_misc":{"Temps estimat de lectura":"1 minut"},"schema":{"@context":"https:\/\/schema.org","@graph":[{"@type":"WebPage","@id":"https:\/\/ultramagic.com\/inflatables\/bottles\/","url":"https:\/\/ultramagic.com\/inflatables\/bottles\/","name":"Ampolles Inflables - Ultramagic","isPartOf":{"@id":"https:\/\/ultramagic.com\/#website"},"primaryImageOfPage":{"@id":"https:\/\/ultramagic.com\/inflatables\/bottles\/#primaryimage"},"image":{"@id":"https:\/\/ultramagic.com\/inflatables\/bottles\/#primaryimage"},"thumbnailUrl":"https:\/\/ultramagic.com\/wp-content\/uploads\/2016\/03\/ampolles.jpg","datePublished":"2016-04-05T16:08:52+00:00","dateModified":"2020-01-15T11:04:04+00:00","breadcrumb":{"@id":"https:\/\/ultramagic.com\/inflatables\/bottles\/#breadcrumb"},"inLanguage":"ca","potentialAction":[{"@type":"ReadAction","target":["https:\/\/ultramagic.com\/inflatables\/bottles\/"]}]},{"@type":"ImageObject","inLanguage":"ca","@id":"https:\/\/ultramagic.com\/inflatables\/bottles\/#primaryimage","url":"https:\/\/ultramagic.com\/wp-content\/uploads\/2016\/03\/ampolles.jpg","contentUrl":"https:\/\/ultramagic.com\/wp-content\/uploads\/2016\/03\/ampolles.jpg","width":75,"height":75},{"@type":"BreadcrumbList","@id":"https:\/\/ultramagic.com\/inflatables\/bottles\/#breadcrumb","itemListElement":[{"@type":"ListItem","position":1,"name":"Home","item":"https:\/\/ultramagic.com\/ca\/"},{"@type":"ListItem","position":2,"name":"Inflables","item":"https:\/\/ultramagic.com\/ca\/inflables\/"},{"@type":"ListItem","position":3,"name":"Ampolles Inflables"}]},{"@type":"WebSite","@id":"https:\/\/ultramagic.com\/#website","url":"https:\/\/ultramagic.com\/","name":"Ultramagic","description":"All about hot air balloon advertising industry and history.Hot air balloon photos and pictures. Enjoy the hot air balloon experience from your home.","potentialAction":[{"@type":"SearchAction","target":{"@type":"EntryPoint","urlTemplate":"https:\/\/ultramagic.com\/?s={search_term_string}"},"query-input":"required name=search_term_string"}],"inLanguage":"ca"}]}},"_links":{"self":[{"href":"https:\/\/ultramagic.com\/ca\/wp-json\/wp\/v2\/pages\/9601"}],"collection":[{"href":"https:\/\/ultramagic.com\/ca\/wp-json\/wp\/v2\/pages"}],"about":[{"href":"https:\/\/ultramagic.com\/ca\/wp-json\/wp\/v2\/types\/page"}],"author":[{"embeddable":true,"href":"https:\/\/ultramagic.com\/ca\/wp-json\/wp\/v2\/users\/1"}],"replies":[{"embeddable":true,"href":"https:\/\/ultramagic.com\/ca\/wp-json\/wp\/v2\/comments?post=9601"}],"version-history":[{"count":5,"href":"https:\/\/ultramagic.com\/ca\/wp-json\/wp\/v2\/pages\/9601\/revisions"}],"predecessor-version":[{"id":14607,"href":"https:\/\/ultramagic.com\/ca\/wp-json\/wp\/v2\/pages\/9601\/revisions\/14607"}],"up":[{"embeddable":true,"href":"https:\/\/ultramagic.com\/ca\/wp-json\/wp\/v2\/pages\/9538"}],"wp:featuredmedia":[{"embeddable":true,"href":"https:\/\/ultramagic.com\/ca\/wp-json\/wp\/v2\/media\/8850"}],"wp:attachment":[{"href":"https:\/\/ultramagic.com\/ca\/wp-json\/wp\/v2\/media?parent=9601"}],"curies":[{"name":"wp","href":"https:\/\/api.w.org\/{rel}","templated":true}]}}