{"id":9599,"date":"2016-04-05T18:08:37","date_gmt":"2016-04-05T16:08:37","guid":{"rendered":"http:\/\/ultramagic.creagia.com\/ca\/?page_id=9599"},"modified":"2021-03-09T11:19:13","modified_gmt":"2021-03-09T10:19:13","slug":"columnes","status":"publish","type":"page","link":"https:\/\/ultramagic.com\/ca\/inflables\/columnes\/","title":{"rendered":"Columnes Inflables"},"content":{"rendered":"<h2>&nbsp;<\/h2>\n<p>Una simple per\u00f2 molt efectiva forma per anunciar el seu producte, logo o imatge de marca. Les llaunes i les columnes inflables poden encaixar en petits espais, donant alhora molta altura i espai per a la publicitat en les seves 360\u00ba. Aquesta forma \u00e9s molt f\u00e0cil de transportar, a m\u00e9s \u00e9s apte tant per a \u00fas interior com exterior.<\/p>\n<div>\n<p>&nbsp;<\/p>\n<p><strong>Features \/ Options:<\/strong><\/p>\n<p>&nbsp;<\/p>\n<p style=\"text-align: justify;\">&#8211; Fabricat en poli\u00e8ster d\u2019alta tenacitat 3PU. Pes 240g \/ m2. Certificaci\u00f3 Ign\u00edfuga cat. M1.<\/p>\n<p style=\"text-align: justify;\">&#8211; Costura doble d\u2019alta resist\u00e8ncia.<\/p>\n<p style=\"text-align: justify;\">&#8211; Motors interiors de baix nivell sonor, amb carcassa de pl\u00e0stic d\u2019alta resist\u00e8ncia als impactes.<\/p>\n<p style=\"text-align: justify;\">&#8211; Bossa de transport i kit d\u2019instal\u00b7laci\u00f3 inclosos. \u2013 Pes dels inflables de 10 a 35 kg.<\/p>\n<p>&#8211; 6 mides standard.&nbsp;<\/p>\n<p>&nbsp;<\/p>\n<table style=\"margin: 0px auto; height: 223px;\" border=\"1\" width=\"535\">\n<tbody>\n<tr>\n<td align=\"center\"><span style=\"font-size: small;\"><strong>model<\/strong><\/span><\/td>\n<td align=\"center\"><span style=\"font-size: small;\"><strong>altura<\/strong><\/span><\/td>\n<td align=\"center\"><span style=\"font-size: small;\"><strong>di\u00e0metre<\/strong><\/span><\/td>\n<\/tr>\n<tr>\n<td align=\"center\"><span style=\"font-size: small;\">C2<\/span><\/td>\n<td align=\"center\"><span style=\"font-size: small;\">2 metres<\/span><\/td>\n<td align=\"center\"><span style=\"font-size: small;\">0.65 metres<\/span><\/td>\n<\/tr>\n<tr>\n<td align=\"center\"><span style=\"font-size: small;\">C3<\/span><\/td>\n<td align=\"center\"><span style=\"font-size: small;\">3 metres<\/span><\/td>\n<td align=\"center\"><span style=\"font-size: small;\">0.95 metres<\/span><\/td>\n<\/tr>\n<tr>\n<td align=\"center\"><span style=\"font-size: small;\">C4<\/span><\/td>\n<td align=\"center\"><span style=\"font-size: small;\">4 metres<\/span><\/td>\n<td align=\"center\"><span style=\"font-size: small;\">1.20 metres<\/span><\/td>\n<\/tr>\n<tr>\n<td align=\"center\"><span style=\"font-size: small;\">C5<\/span><\/td>\n<td align=\"center\"><span style=\"font-size: small;\">5 metres<\/span><\/td>\n<td align=\"center\"><span style=\"font-size: small;\">1.50 metres<\/span><\/td>\n<\/tr>\n<tr>\n<td align=\"center\"><span style=\"font-size: small;\">C7<\/span><\/td>\n<td align=\"center\"><span style=\"font-size: small;\">7 metres<\/span><\/td>\n<td align=\"center\"><span style=\"font-size: small;\">2.25 metres<\/span><\/td>\n<\/tr>\n<\/tbody>\n<\/table>\n<\/div>\n<p>&nbsp;<\/p>\n<p>&nbsp;<\/p>\n<div id='gallery-1' class='gallery galleryid-9599 gallery-columns-3 gallery-size-large'><dl class='gallery-item'>\n\t\t\t<dt class='gallery-icon landscape'>\n\t\t\t\t<a href='https:\/\/ultramagic.com\/wp-content\/uploads\/2016\/04\/IMG_8963.jpg'><img loading=\"lazy\" decoding=\"async\" width=\"800\" height=\"533\" src=\"https:\/\/ultramagic.com\/wp-content\/uploads\/2016\/04\/IMG_8963.jpg\" class=\"attachment-large size-large\" alt=\"\" srcset=\"https:\/\/ultramagic.com\/wp-content\/uploads\/2016\/04\/IMG_8963.jpg 800w, https:\/\/ultramagic.com\/wp-content\/uploads\/2016\/04\/IMG_8963-300x200.jpg 300w, https:\/\/ultramagic.com\/wp-content\/uploads\/2016\/04\/IMG_8963-768x512.jpg 768w\" sizes=\"(max-width: 800px) 100vw, 800px\" \/><\/a>\n\t\t\t<\/dt><\/dl><dl class='gallery-item'>\n\t\t\t<dt class='gallery-icon landscape'>\n\t\t\t\t<a href='https:\/\/ultramagic.com\/wp-content\/uploads\/2016\/04\/Cbbk.jpg'><img loading=\"lazy\" decoding=\"async\" width=\"800\" height=\"600\" src=\"https:\/\/ultramagic.com\/wp-content\/uploads\/2016\/04\/Cbbk.jpg\" class=\"attachment-large size-large\" alt=\"\" srcset=\"https:\/\/ultramagic.com\/wp-content\/uploads\/2016\/04\/Cbbk.jpg 800w, https:\/\/ultramagic.com\/wp-content\/uploads\/2016\/04\/Cbbk-300x225.jpg 300w, https:\/\/ultramagic.com\/wp-content\/uploads\/2016\/04\/Cbbk-768x576.jpg 768w\" sizes=\"(max-width: 800px) 100vw, 800px\" \/><\/a>\n\t\t\t<\/dt><\/dl><dl class='gallery-item'>\n\t\t\t<dt class='gallery-icon landscape'>\n\t\t\t\t<a href='https:\/\/ultramagic.com\/wp-content\/uploads\/2016\/04\/C4-NANOTUBO-2.jpg'><img loading=\"lazy\" decoding=\"async\" width=\"800\" height=\"600\" src=\"https:\/\/ultramagic.com\/wp-content\/uploads\/2016\/04\/C4-NANOTUBO-2.jpg\" class=\"attachment-large size-large\" alt=\"\" srcset=\"https:\/\/ultramagic.com\/wp-content\/uploads\/2016\/04\/C4-NANOTUBO-2.jpg 800w, https:\/\/ultramagic.com\/wp-content\/uploads\/2016\/04\/C4-NANOTUBO-2-300x225.jpg 300w, https:\/\/ultramagic.com\/wp-content\/uploads\/2016\/04\/C4-NANOTUBO-2-768x576.jpg 768w\" sizes=\"(max-width: 800px) 100vw, 800px\" \/><\/a>\n\t\t\t<\/dt><\/dl><br style=\"clear: both\" \/><dl class='gallery-item'>\n\t\t\t<dt class='gallery-icon landscape'>\n\t\t\t\t<a href='https:\/\/ultramagic.com\/wp-content\/uploads\/2016\/04\/C4-Intersport-1-.jpg'><img loading=\"lazy\" decoding=\"async\" width=\"800\" height=\"600\" src=\"https:\/\/ultramagic.com\/wp-content\/uploads\/2016\/04\/C4-Intersport-1-.jpg\" class=\"attachment-large size-large\" alt=\"\" srcset=\"https:\/\/ultramagic.com\/wp-content\/uploads\/2016\/04\/C4-Intersport-1-.jpg 800w, https:\/\/ultramagic.com\/wp-content\/uploads\/2016\/04\/C4-Intersport-1--300x225.jpg 300w, https:\/\/ultramagic.com\/wp-content\/uploads\/2016\/04\/C4-Intersport-1--768x576.jpg 768w\" sizes=\"(max-width: 800px) 100vw, 800px\" \/><\/a>\n\t\t\t<\/dt><\/dl><dl class='gallery-item'>\n\t\t\t<dt class='gallery-icon landscape'>\n\t\t\t\t<a href='https:\/\/ultramagic.com\/wp-content\/uploads\/2016\/04\/C3-ULTRAMAGIC-30-09-2011-2.jpg'><img loading=\"lazy\" decoding=\"async\" width=\"800\" height=\"600\" src=\"https:\/\/ultramagic.com\/wp-content\/uploads\/2016\/04\/C3-ULTRAMAGIC-30-09-2011-2.jpg\" class=\"attachment-large size-large\" alt=\"\" srcset=\"https:\/\/ultramagic.com\/wp-content\/uploads\/2016\/04\/C3-ULTRAMAGIC-30-09-2011-2.jpg 800w, https:\/\/ultramagic.com\/wp-content\/uploads\/2016\/04\/C3-ULTRAMAGIC-30-09-2011-2-300x225.jpg 300w, https:\/\/ultramagic.com\/wp-content\/uploads\/2016\/04\/C3-ULTRAMAGIC-30-09-2011-2-768x576.jpg 768w\" sizes=\"(max-width: 800px) 100vw, 800px\" \/><\/a>\n\t\t\t<\/dt><\/dl><dl class='gallery-item'>\n\t\t\t<dt class='gallery-icon landscape'>\n\t\t\t\t<a href='https:\/\/ultramagic.com\/wp-content\/uploads\/2016\/04\/C3-DUREX-04-09-2012-01.jpg'><img loading=\"lazy\" decoding=\"async\" width=\"800\" height=\"600\" src=\"https:\/\/ultramagic.com\/wp-content\/uploads\/2016\/04\/C3-DUREX-04-09-2012-01.jpg\" class=\"attachment-large size-large\" alt=\"\" srcset=\"https:\/\/ultramagic.com\/wp-content\/uploads\/2016\/04\/C3-DUREX-04-09-2012-01.jpg 800w, https:\/\/ultramagic.com\/wp-content\/uploads\/2016\/04\/C3-DUREX-04-09-2012-01-300x225.jpg 300w, https:\/\/ultramagic.com\/wp-content\/uploads\/2016\/04\/C3-DUREX-04-09-2012-01-768x576.jpg 768w\" sizes=\"(max-width: 800px) 100vw, 800px\" \/><\/a>\n\t\t\t<\/dt><\/dl><br style=\"clear: both\" \/><dl class='gallery-item'>\n\t\t\t<dt class='gallery-icon landscape'>\n\t\t\t\t<a href='https:\/\/ultramagic.com\/wp-content\/uploads\/2016\/04\/C3-Caja-Canarias-1-.jpg'><img loading=\"lazy\" decoding=\"async\" width=\"800\" height=\"600\" src=\"https:\/\/ultramagic.com\/wp-content\/uploads\/2016\/04\/C3-Caja-Canarias-1-.jpg\" class=\"attachment-large size-large\" alt=\"\" srcset=\"https:\/\/ultramagic.com\/wp-content\/uploads\/2016\/04\/C3-Caja-Canarias-1-.jpg 800w, https:\/\/ultramagic.com\/wp-content\/uploads\/2016\/04\/C3-Caja-Canarias-1--300x225.jpg 300w, https:\/\/ultramagic.com\/wp-content\/uploads\/2016\/04\/C3-Caja-Canarias-1--768x576.jpg 768w\" sizes=\"(max-width: 800px) 100vw, 800px\" \/><\/a>\n\t\t\t<\/dt><\/dl><dl class='gallery-item'>\n\t\t\t<dt class='gallery-icon landscape'>\n\t\t\t\t<a href='https:\/\/ultramagic.com\/wp-content\/uploads\/2016\/04\/C3-PAERIA-20-11-2015-02.jpg'><img loading=\"lazy\" decoding=\"async\" width=\"800\" height=\"600\" src=\"https:\/\/ultramagic.com\/wp-content\/uploads\/2016\/04\/C3-PAERIA-20-11-2015-02.jpg\" class=\"attachment-large size-large\" alt=\"\" srcset=\"https:\/\/ultramagic.com\/wp-content\/uploads\/2016\/04\/C3-PAERIA-20-11-2015-02.jpg 800w, https:\/\/ultramagic.com\/wp-content\/uploads\/2016\/04\/C3-PAERIA-20-11-2015-02-300x225.jpg 300w, https:\/\/ultramagic.com\/wp-content\/uploads\/2016\/04\/C3-PAERIA-20-11-2015-02-768x576.jpg 768w\" sizes=\"(max-width: 800px) 100vw, 800px\" \/><\/a>\n\t\t\t<\/dt><\/dl><dl class='gallery-item'>\n\t\t\t<dt class='gallery-icon landscape'>\n\t\t\t\t<a href='https:\/\/ultramagic.com\/wp-content\/uploads\/2021\/03\/C2-Cruz-Roja-H3-e1615285116401.jpg'><img loading=\"lazy\" decoding=\"async\" width=\"1024\" height=\"768\" src=\"https:\/\/ultramagic.com\/wp-content\/uploads\/2021\/03\/C2-Cruz-Roja-H3-1024x768.jpg\" class=\"attachment-large size-large\" alt=\"\" srcset=\"https:\/\/ultramagic.com\/wp-content\/uploads\/2021\/03\/C2-Cruz-Roja-H3-1024x768.jpg 1024w, https:\/\/ultramagic.com\/wp-content\/uploads\/2021\/03\/C2-Cruz-Roja-H3-300x225.jpg 300w, https:\/\/ultramagic.com\/wp-content\/uploads\/2021\/03\/C2-Cruz-Roja-H3-768x576.jpg 768w, https:\/\/ultramagic.com\/wp-content\/uploads\/2021\/03\/C2-Cruz-Roja-H3-e1615285116401.jpg 800w\" sizes=\"(max-width: 1024px) 100vw, 1024px\" \/><\/a>\n\t\t\t<\/dt><\/dl><br style=\"clear: both\" \/>\n\t\t<\/div>\n\n","protected":false},"excerpt":{"rendered":"<p>&nbsp; Una simple per\u00f2 molt efectiva forma per anunciar el seu producte, logo o imatge de marca. Les llaunes i les columnes inflables poden encaixar en petits espais, donant alhora molta altura i espai per a la publicitat en les seves 360\u00ba. Aquesta forma \u00e9s molt f\u00e0cil de transportar, a m\u00e9s \u00e9s apte tant per [&hellip;]<\/p>\n","protected":false},"author":1,"featured_media":8859,"parent":9538,"menu_order":2,"comment_status":"closed","ping_status":"closed","template":"page-globus-fill.php","meta":{"ngg_post_thumbnail":0,"footnotes":""},"yoast_head":"<!-- This site is optimized with the Yoast SEO plugin v22.7 - https:\/\/yoast.com\/wordpress\/plugins\/seo\/ -->\n<title>Columnes Inflables - Ultramagic<\/title>\n<meta name=\"robots\" content=\"index, follow, max-snippet:-1, max-image-preview:large, max-video-preview:-1\" \/>\n<link rel=\"canonical\" href=\"https:\/\/ultramagic.com\/ca\/inflables\/columnes\/\" \/>\n<meta property=\"og:locale\" content=\"ca_ES\" \/>\n<meta property=\"og:type\" content=\"article\" \/>\n<meta property=\"og:title\" content=\"Columnes Inflables - Ultramagic\" \/>\n<meta property=\"og:description\" content=\"&nbsp; Una simple per\u00f2 molt efectiva forma per anunciar el seu producte, logo o imatge de marca. Les llaunes i les columnes inflables poden encaixar en petits espais, donant alhora molta altura i espai per a la publicitat en les seves 360\u00ba. Aquesta forma \u00e9s molt f\u00e0cil de transportar, a m\u00e9s \u00e9s apte tant per [&hellip;]\" \/>\n<meta property=\"og:url\" content=\"https:\/\/ultramagic.com\/ca\/inflables\/columnes\/\" \/>\n<meta property=\"og:site_name\" content=\"Ultramagic\" \/>\n<meta property=\"article:publisher\" content=\"http:\/\/www.facebook.com\/ultramagicballons\" \/>\n<meta property=\"article:modified_time\" content=\"2021-03-09T10:19:13+00:00\" \/>\n<meta property=\"og:image\" content=\"https:\/\/ultramagic.com\/wp-content\/uploads\/2016\/03\/columnes.jpg\" \/>\n\t<meta property=\"og:image:width\" content=\"75\" \/>\n\t<meta property=\"og:image:height\" content=\"75\" \/>\n\t<meta property=\"og:image:type\" content=\"image\/jpeg\" \/>\n<meta name=\"twitter:card\" content=\"summary_large_image\" \/>\n<meta name=\"twitter:site\" content=\"@umballoons\" \/>\n<meta name=\"twitter:label1\" content=\"Temps estimat de lectura\" \/>\n\t<meta name=\"twitter:data1\" content=\"1 minut\" \/>\n<script type=\"application\/ld+json\" class=\"yoast-schema-graph\">{\"@context\":\"https:\/\/schema.org\",\"@graph\":[{\"@type\":\"WebPage\",\"@id\":\"https:\/\/ultramagic.com\/ca\/inflables\/columnes\/\",\"url\":\"https:\/\/ultramagic.com\/ca\/inflables\/columnes\/\",\"name\":\"Columnes Inflables - Ultramagic\",\"isPartOf\":{\"@id\":\"https:\/\/ultramagic.com\/#website\"},\"primaryImageOfPage\":{\"@id\":\"https:\/\/ultramagic.com\/ca\/inflables\/columnes\/#primaryimage\"},\"image\":{\"@id\":\"https:\/\/ultramagic.com\/ca\/inflables\/columnes\/#primaryimage\"},\"thumbnailUrl\":\"https:\/\/ultramagic.com\/wp-content\/uploads\/2016\/03\/columnes.jpg\",\"datePublished\":\"2016-04-05T16:08:37+00:00\",\"dateModified\":\"2021-03-09T10:19:13+00:00\",\"breadcrumb\":{\"@id\":\"https:\/\/ultramagic.com\/ca\/inflables\/columnes\/#breadcrumb\"},\"inLanguage\":\"ca\",\"potentialAction\":[{\"@type\":\"ReadAction\",\"target\":[\"https:\/\/ultramagic.com\/ca\/inflables\/columnes\/\"]}]},{\"@type\":\"ImageObject\",\"inLanguage\":\"ca\",\"@id\":\"https:\/\/ultramagic.com\/ca\/inflables\/columnes\/#primaryimage\",\"url\":\"https:\/\/ultramagic.com\/wp-content\/uploads\/2016\/03\/columnes.jpg\",\"contentUrl\":\"https:\/\/ultramagic.com\/wp-content\/uploads\/2016\/03\/columnes.jpg\",\"width\":75,\"height\":75},{\"@type\":\"BreadcrumbList\",\"@id\":\"https:\/\/ultramagic.com\/ca\/inflables\/columnes\/#breadcrumb\",\"itemListElement\":[{\"@type\":\"ListItem\",\"position\":1,\"name\":\"Home\",\"item\":\"https:\/\/ultramagic.com\/ca\/\"},{\"@type\":\"ListItem\",\"position\":2,\"name\":\"Inflables\",\"item\":\"https:\/\/ultramagic.com\/ca\/inflables\/\"},{\"@type\":\"ListItem\",\"position\":3,\"name\":\"Columnes Inflables\"}]},{\"@type\":\"WebSite\",\"@id\":\"https:\/\/ultramagic.com\/#website\",\"url\":\"https:\/\/ultramagic.com\/\",\"name\":\"Ultramagic\",\"description\":\"All about hot air balloon advertising industry and history.Hot air balloon photos and pictures. Enjoy the hot air balloon experience from your home.\",\"potentialAction\":[{\"@type\":\"SearchAction\",\"target\":{\"@type\":\"EntryPoint\",\"urlTemplate\":\"https:\/\/ultramagic.com\/?s={search_term_string}\"},\"query-input\":\"required name=search_term_string\"}],\"inLanguage\":\"ca\"}]}<\/script>\n<!-- \/ Yoast SEO plugin. -->","yoast_head_json":{"title":"Columnes Inflables - Ultramagic","robots":{"index":"index","follow":"follow","max-snippet":"max-snippet:-1","max-image-preview":"max-image-preview:large","max-video-preview":"max-video-preview:-1"},"canonical":"https:\/\/ultramagic.com\/ca\/inflables\/columnes\/","og_locale":"ca_ES","og_type":"article","og_title":"Columnes Inflables - Ultramagic","og_description":"&nbsp; Una simple per\u00f2 molt efectiva forma per anunciar el seu producte, logo o imatge de marca. Les llaunes i les columnes inflables poden encaixar en petits espais, donant alhora molta altura i espai per a la publicitat en les seves 360\u00ba. Aquesta forma \u00e9s molt f\u00e0cil de transportar, a m\u00e9s \u00e9s apte tant per [&hellip;]","og_url":"https:\/\/ultramagic.com\/ca\/inflables\/columnes\/","og_site_name":"Ultramagic","article_publisher":"http:\/\/www.facebook.com\/ultramagicballons","article_modified_time":"2021-03-09T10:19:13+00:00","og_image":[{"width":75,"height":75,"url":"https:\/\/ultramagic.com\/wp-content\/uploads\/2016\/03\/columnes.jpg","type":"image\/jpeg"}],"twitter_card":"summary_large_image","twitter_site":"@umballoons","twitter_misc":{"Temps estimat de lectura":"1 minut"},"schema":{"@context":"https:\/\/schema.org","@graph":[{"@type":"WebPage","@id":"https:\/\/ultramagic.com\/ca\/inflables\/columnes\/","url":"https:\/\/ultramagic.com\/ca\/inflables\/columnes\/","name":"Columnes Inflables - Ultramagic","isPartOf":{"@id":"https:\/\/ultramagic.com\/#website"},"primaryImageOfPage":{"@id":"https:\/\/ultramagic.com\/ca\/inflables\/columnes\/#primaryimage"},"image":{"@id":"https:\/\/ultramagic.com\/ca\/inflables\/columnes\/#primaryimage"},"thumbnailUrl":"https:\/\/ultramagic.com\/wp-content\/uploads\/2016\/03\/columnes.jpg","datePublished":"2016-04-05T16:08:37+00:00","dateModified":"2021-03-09T10:19:13+00:00","breadcrumb":{"@id":"https:\/\/ultramagic.com\/ca\/inflables\/columnes\/#breadcrumb"},"inLanguage":"ca","potentialAction":[{"@type":"ReadAction","target":["https:\/\/ultramagic.com\/ca\/inflables\/columnes\/"]}]},{"@type":"ImageObject","inLanguage":"ca","@id":"https:\/\/ultramagic.com\/ca\/inflables\/columnes\/#primaryimage","url":"https:\/\/ultramagic.com\/wp-content\/uploads\/2016\/03\/columnes.jpg","contentUrl":"https:\/\/ultramagic.com\/wp-content\/uploads\/2016\/03\/columnes.jpg","width":75,"height":75},{"@type":"BreadcrumbList","@id":"https:\/\/ultramagic.com\/ca\/inflables\/columnes\/#breadcrumb","itemListElement":[{"@type":"ListItem","position":1,"name":"Home","item":"https:\/\/ultramagic.com\/ca\/"},{"@type":"ListItem","position":2,"name":"Inflables","item":"https:\/\/ultramagic.com\/ca\/inflables\/"},{"@type":"ListItem","position":3,"name":"Columnes Inflables"}]},{"@type":"WebSite","@id":"https:\/\/ultramagic.com\/#website","url":"https:\/\/ultramagic.com\/","name":"Ultramagic","description":"All about hot air balloon advertising industry and history.Hot air balloon photos and pictures. Enjoy the hot air balloon experience from your home.","potentialAction":[{"@type":"SearchAction","target":{"@type":"EntryPoint","urlTemplate":"https:\/\/ultramagic.com\/?s={search_term_string}"},"query-input":"required name=search_term_string"}],"inLanguage":"ca"}]}},"_links":{"self":[{"href":"https:\/\/ultramagic.com\/ca\/wp-json\/wp\/v2\/pages\/9599"}],"collection":[{"href":"https:\/\/ultramagic.com\/ca\/wp-json\/wp\/v2\/pages"}],"about":[{"href":"https:\/\/ultramagic.com\/ca\/wp-json\/wp\/v2\/types\/page"}],"author":[{"embeddable":true,"href":"https:\/\/ultramagic.com\/ca\/wp-json\/wp\/v2\/users\/1"}],"replies":[{"embeddable":true,"href":"https:\/\/ultramagic.com\/ca\/wp-json\/wp\/v2\/comments?post=9599"}],"version-history":[{"count":7,"href":"https:\/\/ultramagic.com\/ca\/wp-json\/wp\/v2\/pages\/9599\/revisions"}],"predecessor-version":[{"id":17467,"href":"https:\/\/ultramagic.com\/ca\/wp-json\/wp\/v2\/pages\/9599\/revisions\/17467"}],"up":[{"embeddable":true,"href":"https:\/\/ultramagic.com\/ca\/wp-json\/wp\/v2\/pages\/9538"}],"wp:featuredmedia":[{"embeddable":true,"href":"https:\/\/ultramagic.com\/ca\/wp-json\/wp\/v2\/media\/8859"}],"wp:attachment":[{"href":"https:\/\/ultramagic.com\/ca\/wp-json\/wp\/v2\/media?parent=9599"}],"curies":[{"name":"wp","href":"https:\/\/api.w.org\/{rel}","templated":true}]}}