{"id":9597,"date":"2016-04-05T18:08:20","date_gmt":"2016-04-05T16:08:20","guid":{"rendered":"http:\/\/ultramagic.creagia.com\/ca\/?page_id=9597"},"modified":"2020-01-15T12:05:46","modified_gmt":"2020-01-15T11:05:46","slug":"tip-tops","status":"publish","type":"page","link":"https:\/\/ultramagic.com\/ca\/inflables\/tip-tops\/","title":{"rendered":"Tip Tops (Globus Inflables)"},"content":{"rendered":"<h2>&nbsp;<\/h2>\n<p>L&#8217;inflable Tip Top \u00e9s un globus a escala, que proporciona un suport vers\u00e0til per a campanyes publicit\u00e0ries, o com a reclam espectacular en qualsevol esdeveniment en el qual s&#8217;utilitza. Aquest inflable pot incorporar pancartes per canviar la seva publicitat.<\/p>\n<p>&nbsp;<\/p>\n<p><strong><u>Caracter\u00edstiques \/ Opcions:<\/u><\/strong><\/p>\n<p>&nbsp;<\/p>\n<p>&#8211; Confeccionat en poli\u00e8ster d&#8217;alta tenacitat 3pu. pes 190g \/ m2. Certificaci\u00f3 ign\u00edfuga cat. M1.<\/p>\n<p>&#8211; Costura doble d&#8217;alta resist\u00e8ncia.<\/p>\n<p>&#8211; 5 mides est\u00e0ndard (1.5, 2.5, 3, 5, i 7 metres d&#8217;al\u00e7ada).<\/p>\n<p>&#8211; Motors interiors de 65, 110, o 170W de pot\u00e8ncia, de baix nivell sonor.<\/p>\n<p>&#8211; Il\u00b7luminaci\u00f3 interior amb LEDS en tots els models.<\/p>\n<p>&#8211; Bossa de transport i kit d&#8217;instal\u00b7laci\u00f3 inclosos.<\/p>\n<p>&#8211; Pes total aproximat dels inflables, de 10 a 35 kg.<\/p>\n<p>&nbsp;<\/p>\n<div id='gallery-1' class='gallery galleryid-9597 gallery-columns-3 gallery-size-thumbnail'><dl class='gallery-item'>\n\t\t\t<dt class='gallery-icon landscape'>\n\t\t\t\t<a href='https:\/\/ultramagic.com\/wp-content\/uploads\/2016\/03\/TT5-DIVINA-PASTORA23-08-2011-1.jpg'><img loading=\"lazy\" decoding=\"async\" width=\"150\" height=\"150\" src=\"https:\/\/ultramagic.com\/wp-content\/uploads\/2016\/03\/TT5-DIVINA-PASTORA23-08-2011-1-150x150.jpg\" class=\"attachment-thumbnail size-thumbnail\" alt=\"\" \/><\/a>\n\t\t\t<\/dt><\/dl><dl class='gallery-item'>\n\t\t\t<dt class='gallery-icon landscape'>\n\t\t\t\t<a href='https:\/\/ultramagic.com\/wp-content\/uploads\/2016\/03\/TIP-TOPS-SCOT-RAL.jpg'><img loading=\"lazy\" decoding=\"async\" width=\"150\" height=\"150\" src=\"https:\/\/ultramagic.com\/wp-content\/uploads\/2016\/03\/TIP-TOPS-SCOT-RAL-150x150.jpg\" class=\"attachment-thumbnail size-thumbnail\" alt=\"\" \/><\/a>\n\t\t\t<\/dt><\/dl><dl class='gallery-item'>\n\t\t\t<dt class='gallery-icon landscape'>\n\t\t\t\t<a href='https:\/\/ultramagic.com\/wp-content\/uploads\/2016\/03\/Olivier-op-bureel-029.jpg'><img loading=\"lazy\" decoding=\"async\" width=\"150\" height=\"150\" src=\"https:\/\/ultramagic.com\/wp-content\/uploads\/2016\/03\/Olivier-op-bureel-029-150x150.jpg\" class=\"attachment-thumbnail size-thumbnail\" alt=\"\" \/><\/a>\n\t\t\t<\/dt><\/dl><br style=\"clear: both\" \/>\n\t\t<\/div>\n\n<p>&nbsp;<\/p>\n<p>&nbsp;<\/p>\n","protected":false},"excerpt":{"rendered":"<p>&nbsp; L&#8217;inflable Tip Top \u00e9s un globus a escala, que proporciona un suport vers\u00e0til per a campanyes publicit\u00e0ries, o com a reclam espectacular en qualsevol esdeveniment en el qual s&#8217;utilitza. Aquest inflable pot incorporar pancartes per canviar la seva publicitat. &nbsp; Caracter\u00edstiques \/ Opcions: &nbsp; &#8211; Confeccionat en poli\u00e8ster d&#8217;alta tenacitat 3pu. pes 190g \/ [&hellip;]<\/p>\n","protected":false},"author":1,"featured_media":8871,"parent":9538,"menu_order":1,"comment_status":"closed","ping_status":"closed","template":"page-globus-fill.php","meta":{"ngg_post_thumbnail":0,"footnotes":""},"yoast_head":"<!-- This site is optimized with the Yoast SEO plugin v22.7 - https:\/\/yoast.com\/wordpress\/plugins\/seo\/ -->\n<title>Tip Tops (Globus Inflables) - Ultramagic<\/title>\n<meta name=\"robots\" content=\"index, follow, max-snippet:-1, max-image-preview:large, max-video-preview:-1\" \/>\n<link rel=\"canonical\" href=\"https:\/\/ultramagic.com\/inflatables\/inflatable-tip-top\/\" \/>\n<meta property=\"og:locale\" content=\"ca_ES\" \/>\n<meta property=\"og:type\" content=\"article\" \/>\n<meta property=\"og:title\" content=\"Tip Tops (Globus Inflables) - Ultramagic\" \/>\n<meta property=\"og:description\" content=\"&nbsp; L&#8217;inflable Tip Top \u00e9s un globus a escala, que proporciona un suport vers\u00e0til per a campanyes publicit\u00e0ries, o com a reclam espectacular en qualsevol esdeveniment en el qual s&#8217;utilitza. Aquest inflable pot incorporar pancartes per canviar la seva publicitat. &nbsp; Caracter\u00edstiques \/ Opcions: &nbsp; &#8211; Confeccionat en poli\u00e8ster d&#8217;alta tenacitat 3pu. pes 190g \/ [&hellip;]\" \/>\n<meta property=\"og:url\" content=\"https:\/\/ultramagic.com\/inflatables\/inflatable-tip-top\/\" \/>\n<meta property=\"og:site_name\" content=\"Ultramagic\" \/>\n<meta property=\"article:publisher\" content=\"http:\/\/www.facebook.com\/ultramagicballons\" \/>\n<meta property=\"article:modified_time\" content=\"2020-01-15T11:05:46+00:00\" \/>\n<meta property=\"og:image\" content=\"https:\/\/ultramagic.com\/wp-content\/uploads\/2016\/03\/tiptops.jpg\" \/>\n\t<meta property=\"og:image:width\" content=\"75\" \/>\n\t<meta property=\"og:image:height\" content=\"75\" \/>\n\t<meta property=\"og:image:type\" content=\"image\/jpeg\" \/>\n<meta name=\"twitter:card\" content=\"summary_large_image\" \/>\n<meta name=\"twitter:site\" content=\"@umballoons\" \/>\n<meta name=\"twitter:label1\" content=\"Temps estimat de lectura\" \/>\n\t<meta name=\"twitter:data1\" content=\"1 minut\" \/>\n<script type=\"application\/ld+json\" class=\"yoast-schema-graph\">{\"@context\":\"https:\/\/schema.org\",\"@graph\":[{\"@type\":\"WebPage\",\"@id\":\"https:\/\/ultramagic.com\/inflatables\/inflatable-tip-top\/\",\"url\":\"https:\/\/ultramagic.com\/inflatables\/inflatable-tip-top\/\",\"name\":\"Tip Tops (Globus Inflables) - Ultramagic\",\"isPartOf\":{\"@id\":\"https:\/\/ultramagic.com\/#website\"},\"primaryImageOfPage\":{\"@id\":\"https:\/\/ultramagic.com\/inflatables\/inflatable-tip-top\/#primaryimage\"},\"image\":{\"@id\":\"https:\/\/ultramagic.com\/inflatables\/inflatable-tip-top\/#primaryimage\"},\"thumbnailUrl\":\"https:\/\/ultramagic.com\/wp-content\/uploads\/2016\/03\/tiptops.jpg\",\"datePublished\":\"2016-04-05T16:08:20+00:00\",\"dateModified\":\"2020-01-15T11:05:46+00:00\",\"breadcrumb\":{\"@id\":\"https:\/\/ultramagic.com\/inflatables\/inflatable-tip-top\/#breadcrumb\"},\"inLanguage\":\"ca\",\"potentialAction\":[{\"@type\":\"ReadAction\",\"target\":[\"https:\/\/ultramagic.com\/inflatables\/inflatable-tip-top\/\"]}]},{\"@type\":\"ImageObject\",\"inLanguage\":\"ca\",\"@id\":\"https:\/\/ultramagic.com\/inflatables\/inflatable-tip-top\/#primaryimage\",\"url\":\"https:\/\/ultramagic.com\/wp-content\/uploads\/2016\/03\/tiptops.jpg\",\"contentUrl\":\"https:\/\/ultramagic.com\/wp-content\/uploads\/2016\/03\/tiptops.jpg\",\"width\":75,\"height\":75,\"caption\":\"OLYMPUS DIGITAL CAMERA\"},{\"@type\":\"BreadcrumbList\",\"@id\":\"https:\/\/ultramagic.com\/inflatables\/inflatable-tip-top\/#breadcrumb\",\"itemListElement\":[{\"@type\":\"ListItem\",\"position\":1,\"name\":\"Home\",\"item\":\"https:\/\/ultramagic.com\/ca\/\"},{\"@type\":\"ListItem\",\"position\":2,\"name\":\"Inflables\",\"item\":\"https:\/\/ultramagic.com\/ca\/inflables\/\"},{\"@type\":\"ListItem\",\"position\":3,\"name\":\"Tip Tops (Globus Inflables)\"}]},{\"@type\":\"WebSite\",\"@id\":\"https:\/\/ultramagic.com\/#website\",\"url\":\"https:\/\/ultramagic.com\/\",\"name\":\"Ultramagic\",\"description\":\"All about hot air balloon advertising industry and history.Hot air balloon photos and pictures. Enjoy the hot air balloon experience from your home.\",\"potentialAction\":[{\"@type\":\"SearchAction\",\"target\":{\"@type\":\"EntryPoint\",\"urlTemplate\":\"https:\/\/ultramagic.com\/?s={search_term_string}\"},\"query-input\":\"required name=search_term_string\"}],\"inLanguage\":\"ca\"}]}<\/script>\n<!-- \/ Yoast SEO plugin. -->","yoast_head_json":{"title":"Tip Tops (Globus Inflables) - Ultramagic","robots":{"index":"index","follow":"follow","max-snippet":"max-snippet:-1","max-image-preview":"max-image-preview:large","max-video-preview":"max-video-preview:-1"},"canonical":"https:\/\/ultramagic.com\/inflatables\/inflatable-tip-top\/","og_locale":"ca_ES","og_type":"article","og_title":"Tip Tops (Globus Inflables) - Ultramagic","og_description":"&nbsp; L&#8217;inflable Tip Top \u00e9s un globus a escala, que proporciona un suport vers\u00e0til per a campanyes publicit\u00e0ries, o com a reclam espectacular en qualsevol esdeveniment en el qual s&#8217;utilitza. Aquest inflable pot incorporar pancartes per canviar la seva publicitat. &nbsp; Caracter\u00edstiques \/ Opcions: &nbsp; &#8211; Confeccionat en poli\u00e8ster d&#8217;alta tenacitat 3pu. pes 190g \/ [&hellip;]","og_url":"https:\/\/ultramagic.com\/inflatables\/inflatable-tip-top\/","og_site_name":"Ultramagic","article_publisher":"http:\/\/www.facebook.com\/ultramagicballons","article_modified_time":"2020-01-15T11:05:46+00:00","og_image":[{"width":75,"height":75,"url":"https:\/\/ultramagic.com\/wp-content\/uploads\/2016\/03\/tiptops.jpg","type":"image\/jpeg"}],"twitter_card":"summary_large_image","twitter_site":"@umballoons","twitter_misc":{"Temps estimat de lectura":"1 minut"},"schema":{"@context":"https:\/\/schema.org","@graph":[{"@type":"WebPage","@id":"https:\/\/ultramagic.com\/inflatables\/inflatable-tip-top\/","url":"https:\/\/ultramagic.com\/inflatables\/inflatable-tip-top\/","name":"Tip Tops (Globus Inflables) - Ultramagic","isPartOf":{"@id":"https:\/\/ultramagic.com\/#website"},"primaryImageOfPage":{"@id":"https:\/\/ultramagic.com\/inflatables\/inflatable-tip-top\/#primaryimage"},"image":{"@id":"https:\/\/ultramagic.com\/inflatables\/inflatable-tip-top\/#primaryimage"},"thumbnailUrl":"https:\/\/ultramagic.com\/wp-content\/uploads\/2016\/03\/tiptops.jpg","datePublished":"2016-04-05T16:08:20+00:00","dateModified":"2020-01-15T11:05:46+00:00","breadcrumb":{"@id":"https:\/\/ultramagic.com\/inflatables\/inflatable-tip-top\/#breadcrumb"},"inLanguage":"ca","potentialAction":[{"@type":"ReadAction","target":["https:\/\/ultramagic.com\/inflatables\/inflatable-tip-top\/"]}]},{"@type":"ImageObject","inLanguage":"ca","@id":"https:\/\/ultramagic.com\/inflatables\/inflatable-tip-top\/#primaryimage","url":"https:\/\/ultramagic.com\/wp-content\/uploads\/2016\/03\/tiptops.jpg","contentUrl":"https:\/\/ultramagic.com\/wp-content\/uploads\/2016\/03\/tiptops.jpg","width":75,"height":75,"caption":"OLYMPUS DIGITAL CAMERA"},{"@type":"BreadcrumbList","@id":"https:\/\/ultramagic.com\/inflatables\/inflatable-tip-top\/#breadcrumb","itemListElement":[{"@type":"ListItem","position":1,"name":"Home","item":"https:\/\/ultramagic.com\/ca\/"},{"@type":"ListItem","position":2,"name":"Inflables","item":"https:\/\/ultramagic.com\/ca\/inflables\/"},{"@type":"ListItem","position":3,"name":"Tip Tops (Globus Inflables)"}]},{"@type":"WebSite","@id":"https:\/\/ultramagic.com\/#website","url":"https:\/\/ultramagic.com\/","name":"Ultramagic","description":"All about hot air balloon advertising industry and history.Hot air balloon photos and pictures. Enjoy the hot air balloon experience from your home.","potentialAction":[{"@type":"SearchAction","target":{"@type":"EntryPoint","urlTemplate":"https:\/\/ultramagic.com\/?s={search_term_string}"},"query-input":"required name=search_term_string"}],"inLanguage":"ca"}]}},"_links":{"self":[{"href":"https:\/\/ultramagic.com\/ca\/wp-json\/wp\/v2\/pages\/9597"}],"collection":[{"href":"https:\/\/ultramagic.com\/ca\/wp-json\/wp\/v2\/pages"}],"about":[{"href":"https:\/\/ultramagic.com\/ca\/wp-json\/wp\/v2\/types\/page"}],"author":[{"embeddable":true,"href":"https:\/\/ultramagic.com\/ca\/wp-json\/wp\/v2\/users\/1"}],"replies":[{"embeddable":true,"href":"https:\/\/ultramagic.com\/ca\/wp-json\/wp\/v2\/comments?post=9597"}],"version-history":[{"count":4,"href":"https:\/\/ultramagic.com\/ca\/wp-json\/wp\/v2\/pages\/9597\/revisions"}],"predecessor-version":[{"id":14609,"href":"https:\/\/ultramagic.com\/ca\/wp-json\/wp\/v2\/pages\/9597\/revisions\/14609"}],"up":[{"embeddable":true,"href":"https:\/\/ultramagic.com\/ca\/wp-json\/wp\/v2\/pages\/9538"}],"wp:featuredmedia":[{"embeddable":true,"href":"https:\/\/ultramagic.com\/ca\/wp-json\/wp\/v2\/media\/8871"}],"wp:attachment":[{"href":"https:\/\/ultramagic.com\/ca\/wp-json\/wp\/v2\/media?parent=9597"}],"curies":[{"name":"wp","href":"https:\/\/api.w.org\/{rel}","templated":true}]}}