{"id":9595,"date":"2016-04-05T18:08:06","date_gmt":"2016-04-05T16:08:06","guid":{"rendered":"http:\/\/ultramagic.creagia.com\/ca\/?page_id=9595"},"modified":"2020-01-15T12:07:58","modified_gmt":"2020-01-15T11:07:58","slug":"arcs-de-meta","status":"publish","type":"page","link":"https:\/\/ultramagic.com\/ca\/inflables\/arcs-de-meta\/","title":{"rendered":"Arcs de meta"},"content":{"rendered":"<p>&nbsp;<\/p>\n<p>Els arcs de meta inflables d&#8217;Ultramagic destaquen tant per la seva bellesa, com per la lleugeresa dels elements amb qu\u00e8 es confeccionen, el resultat \u00e9s un inflable molt lleuger, que redueix considerablement el temps d&#8217;inflat, i manipulaci\u00f3 durant l&#8217;esdeveniment en el qual es utilitzi.<\/p>\n<p>&nbsp;<\/p>\n<p style=\"text-align: justify;\"><strong><u>Caracter\u00edstiques \/ Opcions:<\/u><\/strong><\/p>\n<p style=\"text-align: justify;\">&#8211; Fabricat en poli\u00e8ster d&#8217;alta tenacitat 3PU. Pes 190g \/ m2. Certificaci\u00f3 Ign\u00edfuga cat. M1.<\/p>\n<p style=\"text-align: justify;\">&#8211; Costura doble d&#8217;alta resist\u00e8ncia.<\/p>\n<p style=\"text-align: justify;\">&#8211; Motors interiors de baix nivell sonor, amb carcassa de pl\u00e0stic d&#8217;alta resist\u00e8ncia als impactes.<\/p>\n<p style=\"text-align: justify;\">&#8211; Bossa de transport i kit d&#8217;instal\u00b7laci\u00f3 inclosos. &#8211; Pes dels inflables de 10 a 35 kg.<\/p>\n<p>&#8211; 6 mides estandard.<\/p>\n<p>&nbsp;<\/p>\n<table style=\"margin: 0px auto; height: 223px;\" border=\"1\" width=\"535\">\n<tbody>\n<tr>\n<td style=\"text-align: center;\"><strong>model<\/strong><\/td>\n<td style=\"text-align: center;\"><strong>amplada<\/strong><\/td>\n<td style=\"text-align: center;\"><strong>altura<\/strong><\/td>\n<td style=\"text-align: center;\"><strong>di\u00e0metre<\/strong><\/td>\n<\/tr>\n<tr>\n<td style=\"text-align: center;\">AM1<\/td>\n<td style=\"text-align: center;\">&nbsp;3 metres<\/td>\n<td style=\"text-align: center;\">&nbsp;3 metres<\/td>\n<td style=\"text-align: center;\">1 metre<\/td>\n<\/tr>\n<tr>\n<td style=\"text-align: center;\">AM2<\/td>\n<td style=\"text-align: center;\">5.5 metres<\/td>\n<td style=\"text-align: center;\">3.5 metres<\/td>\n<td style=\"text-align: center;\">1.2 metres<\/td>\n<\/tr>\n<tr>\n<td style=\"text-align: center;\">AM2B<\/td>\n<td style=\"text-align: center;\">5.5 (7.5) metres<\/td>\n<td style=\"text-align: center;\">3.5 metres<\/td>\n<td style=\"text-align: center;\">1.2 metres<\/td>\n<\/tr>\n<tr>\n<td style=\"text-align: center;\">AM3<\/td>\n<td style=\"text-align: center;\">7.5 metres<\/td>\n<td style=\"text-align: center;\">5 metres<\/td>\n<td style=\"text-align: center;\">1.5 metres<\/td>\n<\/tr>\n<tr>\n<td style=\"text-align: center;\">AM3B<\/td>\n<td style=\"text-align: center;\">7.5 (9.5) metres<\/td>\n<td style=\"text-align: center;\">5 metres<\/td>\n<td style=\"text-align: center;\">1.5 metres<\/td>\n<\/tr>\n<tr>\n<td style=\"text-align: center;\">AM4<\/td>\n<td style=\"text-align: center;\">12 metres<\/td>\n<td style=\"text-align: center;\">4 metres<\/td>\n<td style=\"text-align: center;\">1.5 metres<\/td>\n<\/tr>\n<\/tbody>\n<\/table>\n<p>&nbsp;<\/p>\n<div id='gallery-1' class='gallery galleryid-9595 gallery-columns-3 gallery-size-medium'><dl class='gallery-item'>\n\t\t\t<dt class='gallery-icon landscape'>\n\t\t\t\t<a href='https:\/\/ultramagic.com\/wp-content\/uploads\/2016\/03\/ARC-09.jpg'><img loading=\"lazy\" decoding=\"async\" width=\"300\" height=\"210\" src=\"https:\/\/ultramagic.com\/wp-content\/uploads\/2016\/03\/ARC-09-300x210.jpg\" class=\"attachment-medium size-medium\" alt=\"\" srcset=\"https:\/\/ultramagic.com\/wp-content\/uploads\/2016\/03\/ARC-09-300x210.jpg 300w, https:\/\/ultramagic.com\/wp-content\/uploads\/2016\/03\/ARC-09-768x538.jpg 768w, https:\/\/ultramagic.com\/wp-content\/uploads\/2016\/03\/ARC-09.jpg 800w\" sizes=\"(max-width: 300px) 100vw, 300px\" \/><\/a>\n\t\t\t<\/dt><\/dl><dl class='gallery-item'>\n\t\t\t<dt class='gallery-icon landscape'>\n\t\t\t\t<a href='https:\/\/ultramagic.com\/wp-content\/uploads\/2016\/03\/ARC-08.jpg'><img loading=\"lazy\" decoding=\"async\" width=\"300\" height=\"192\" src=\"https:\/\/ultramagic.com\/wp-content\/uploads\/2016\/03\/ARC-08-300x192.jpg\" class=\"attachment-medium size-medium\" alt=\"\" srcset=\"https:\/\/ultramagic.com\/wp-content\/uploads\/2016\/03\/ARC-08-300x192.jpg 300w, https:\/\/ultramagic.com\/wp-content\/uploads\/2016\/03\/ARC-08-768x492.jpg 768w, https:\/\/ultramagic.com\/wp-content\/uploads\/2016\/03\/ARC-08.jpg 800w\" sizes=\"(max-width: 300px) 100vw, 300px\" \/><\/a>\n\t\t\t<\/dt><\/dl><dl class='gallery-item'>\n\t\t\t<dt class='gallery-icon landscape'>\n\t\t\t\t<a href='https:\/\/ultramagic.com\/wp-content\/uploads\/2016\/03\/ARC-07.jpg'><img loading=\"lazy\" decoding=\"async\" width=\"300\" height=\"225\" src=\"https:\/\/ultramagic.com\/wp-content\/uploads\/2016\/03\/ARC-07-300x225.jpg\" class=\"attachment-medium size-medium\" alt=\"\" srcset=\"https:\/\/ultramagic.com\/wp-content\/uploads\/2016\/03\/ARC-07-300x225.jpg 300w, https:\/\/ultramagic.com\/wp-content\/uploads\/2016\/03\/ARC-07-768x576.jpg 768w, https:\/\/ultramagic.com\/wp-content\/uploads\/2016\/03\/ARC-07.jpg 800w\" sizes=\"(max-width: 300px) 100vw, 300px\" \/><\/a>\n\t\t\t<\/dt><\/dl><br style=\"clear: both\" \/><dl class='gallery-item'>\n\t\t\t<dt class='gallery-icon landscape'>\n\t\t\t\t<a href='https:\/\/ultramagic.com\/wp-content\/uploads\/2016\/03\/ARC-06.jpg'><img loading=\"lazy\" decoding=\"async\" width=\"300\" height=\"225\" src=\"https:\/\/ultramagic.com\/wp-content\/uploads\/2016\/03\/ARC-06-300x225.jpg\" class=\"attachment-medium size-medium\" alt=\"\" srcset=\"https:\/\/ultramagic.com\/wp-content\/uploads\/2016\/03\/ARC-06-300x225.jpg 300w, https:\/\/ultramagic.com\/wp-content\/uploads\/2016\/03\/ARC-06-768x576.jpg 768w, https:\/\/ultramagic.com\/wp-content\/uploads\/2016\/03\/ARC-06.jpg 800w\" sizes=\"(max-width: 300px) 100vw, 300px\" \/><\/a>\n\t\t\t<\/dt><\/dl><dl class='gallery-item'>\n\t\t\t<dt class='gallery-icon landscape'>\n\t\t\t\t<a href='https:\/\/ultramagic.com\/wp-content\/uploads\/2016\/03\/ARC-05.jpg'><img loading=\"lazy\" decoding=\"async\" width=\"300\" height=\"225\" src=\"https:\/\/ultramagic.com\/wp-content\/uploads\/2016\/03\/ARC-05-300x225.jpg\" class=\"attachment-medium size-medium\" alt=\"\" srcset=\"https:\/\/ultramagic.com\/wp-content\/uploads\/2016\/03\/ARC-05-300x225.jpg 300w, https:\/\/ultramagic.com\/wp-content\/uploads\/2016\/03\/ARC-05-768x576.jpg 768w, https:\/\/ultramagic.com\/wp-content\/uploads\/2016\/03\/ARC-05.jpg 800w\" sizes=\"(max-width: 300px) 100vw, 300px\" \/><\/a>\n\t\t\t<\/dt><\/dl><dl class='gallery-item'>\n\t\t\t<dt class='gallery-icon landscape'>\n\t\t\t\t<a href='https:\/\/ultramagic.com\/wp-content\/uploads\/2016\/03\/ARC-04.jpg'><img loading=\"lazy\" decoding=\"async\" width=\"300\" height=\"191\" src=\"https:\/\/ultramagic.com\/wp-content\/uploads\/2016\/03\/ARC-04-300x191.jpg\" class=\"attachment-medium size-medium\" alt=\"\" srcset=\"https:\/\/ultramagic.com\/wp-content\/uploads\/2016\/03\/ARC-04-300x191.jpg 300w, https:\/\/ultramagic.com\/wp-content\/uploads\/2016\/03\/ARC-04-768x488.jpg 768w, https:\/\/ultramagic.com\/wp-content\/uploads\/2016\/03\/ARC-04.jpg 800w\" sizes=\"(max-width: 300px) 100vw, 300px\" \/><\/a>\n\t\t\t<\/dt><\/dl><br style=\"clear: both\" \/><dl class='gallery-item'>\n\t\t\t<dt class='gallery-icon landscape'>\n\t\t\t\t<a href='https:\/\/ultramagic.com\/wp-content\/uploads\/2016\/03\/ARC-03.jpg'><img loading=\"lazy\" decoding=\"async\" width=\"300\" height=\"225\" src=\"https:\/\/ultramagic.com\/wp-content\/uploads\/2016\/03\/ARC-03-300x225.jpg\" class=\"attachment-medium size-medium\" alt=\"\" srcset=\"https:\/\/ultramagic.com\/wp-content\/uploads\/2016\/03\/ARC-03-300x225.jpg 300w, https:\/\/ultramagic.com\/wp-content\/uploads\/2016\/03\/ARC-03-768x576.jpg 768w, https:\/\/ultramagic.com\/wp-content\/uploads\/2016\/03\/ARC-03.jpg 800w\" sizes=\"(max-width: 300px) 100vw, 300px\" \/><\/a>\n\t\t\t<\/dt><\/dl><dl class='gallery-item'>\n\t\t\t<dt class='gallery-icon landscape'>\n\t\t\t\t<a href='https:\/\/ultramagic.com\/wp-content\/uploads\/2016\/03\/ARC-02.jpg'><img loading=\"lazy\" decoding=\"async\" width=\"300\" height=\"225\" src=\"https:\/\/ultramagic.com\/wp-content\/uploads\/2016\/03\/ARC-02-300x225.jpg\" class=\"attachment-medium size-medium\" alt=\"\" srcset=\"https:\/\/ultramagic.com\/wp-content\/uploads\/2016\/03\/ARC-02-300x225.jpg 300w, https:\/\/ultramagic.com\/wp-content\/uploads\/2016\/03\/ARC-02-768x576.jpg 768w, https:\/\/ultramagic.com\/wp-content\/uploads\/2016\/03\/ARC-02.jpg 800w\" sizes=\"(max-width: 300px) 100vw, 300px\" \/><\/a>\n\t\t\t<\/dt><\/dl><dl class='gallery-item'>\n\t\t\t<dt class='gallery-icon landscape'>\n\t\t\t\t<a href='https:\/\/ultramagic.com\/wp-content\/uploads\/2016\/03\/ARC-01.jpg'><img loading=\"lazy\" decoding=\"async\" width=\"300\" height=\"225\" src=\"https:\/\/ultramagic.com\/wp-content\/uploads\/2016\/03\/ARC-01-300x225.jpg\" class=\"attachment-medium size-medium\" alt=\"\" srcset=\"https:\/\/ultramagic.com\/wp-content\/uploads\/2016\/03\/ARC-01-300x225.jpg 300w, https:\/\/ultramagic.com\/wp-content\/uploads\/2016\/03\/ARC-01-768x576.jpg 768w, https:\/\/ultramagic.com\/wp-content\/uploads\/2016\/03\/ARC-01.jpg 800w\" sizes=\"(max-width: 300px) 100vw, 300px\" \/><\/a>\n\t\t\t<\/dt><\/dl><br style=\"clear: both\" \/>\n\t\t<\/div>\n\n<p>&nbsp;<\/p>\n<p>&nbsp;<\/p>\n<p>&nbsp;<\/p>\n","protected":false},"excerpt":{"rendered":"<p>&nbsp; Els arcs de meta inflables d&#8217;Ultramagic destaquen tant per la seva bellesa, com per la lleugeresa dels elements amb qu\u00e8 es confeccionen, el resultat \u00e9s un inflable molt lleuger, que redueix considerablement el temps d&#8217;inflat, i manipulaci\u00f3 durant l&#8217;esdeveniment en el qual es utilitzi. &nbsp; Caracter\u00edstiques \/ Opcions: &#8211; Fabricat en poli\u00e8ster d&#8217;alta tenacitat [&hellip;]<\/p>\n","protected":false},"author":1,"featured_media":8853,"parent":9538,"menu_order":0,"comment_status":"closed","ping_status":"closed","template":"page-globus-fill.php","meta":{"ngg_post_thumbnail":0,"footnotes":""},"yoast_head":"<!-- This site is optimized with the Yoast SEO plugin v22.7 - https:\/\/yoast.com\/wordpress\/plugins\/seo\/ -->\n<title>Arcs de meta - Ultramagic<\/title>\n<meta name=\"robots\" content=\"index, follow, max-snippet:-1, max-image-preview:large, max-video-preview:-1\" \/>\n<link rel=\"canonical\" href=\"https:\/\/ultramagic.com\/ca\/inflables\/arcs-de-meta\/\" \/>\n<meta property=\"og:locale\" content=\"ca_ES\" \/>\n<meta property=\"og:type\" content=\"article\" \/>\n<meta property=\"og:title\" content=\"Arcs de meta - Ultramagic\" \/>\n<meta property=\"og:description\" content=\"&nbsp; Els arcs de meta inflables d&#8217;Ultramagic destaquen tant per la seva bellesa, com per la lleugeresa dels elements amb qu\u00e8 es confeccionen, el resultat \u00e9s un inflable molt lleuger, que redueix considerablement el temps d&#8217;inflat, i manipulaci\u00f3 durant l&#8217;esdeveniment en el qual es utilitzi. &nbsp; Caracter\u00edstiques \/ Opcions: &#8211; Fabricat en poli\u00e8ster d&#8217;alta tenacitat [&hellip;]\" \/>\n<meta property=\"og:url\" content=\"https:\/\/ultramagic.com\/ca\/inflables\/arcs-de-meta\/\" \/>\n<meta property=\"og:site_name\" content=\"Ultramagic\" \/>\n<meta property=\"article:publisher\" content=\"http:\/\/www.facebook.com\/ultramagicballons\" \/>\n<meta property=\"article:modified_time\" content=\"2020-01-15T11:07:58+00:00\" \/>\n<meta property=\"og:image\" content=\"https:\/\/ultramagic.com\/wp-content\/uploads\/2016\/03\/arc_de_meta.jpg\" \/>\n\t<meta property=\"og:image:width\" content=\"75\" \/>\n\t<meta property=\"og:image:height\" content=\"75\" \/>\n\t<meta property=\"og:image:type\" content=\"image\/jpeg\" \/>\n<meta name=\"twitter:card\" content=\"summary_large_image\" \/>\n<meta name=\"twitter:site\" content=\"@umballoons\" \/>\n<meta name=\"twitter:label1\" content=\"Temps estimat de lectura\" \/>\n\t<meta name=\"twitter:data1\" content=\"1 minut\" \/>\n<script type=\"application\/ld+json\" class=\"yoast-schema-graph\">{\"@context\":\"https:\/\/schema.org\",\"@graph\":[{\"@type\":\"WebPage\",\"@id\":\"https:\/\/ultramagic.com\/ca\/inflables\/arcs-de-meta\/\",\"url\":\"https:\/\/ultramagic.com\/ca\/inflables\/arcs-de-meta\/\",\"name\":\"Arcs de meta - Ultramagic\",\"isPartOf\":{\"@id\":\"https:\/\/ultramagic.com\/#website\"},\"primaryImageOfPage\":{\"@id\":\"https:\/\/ultramagic.com\/ca\/inflables\/arcs-de-meta\/#primaryimage\"},\"image\":{\"@id\":\"https:\/\/ultramagic.com\/ca\/inflables\/arcs-de-meta\/#primaryimage\"},\"thumbnailUrl\":\"https:\/\/ultramagic.com\/wp-content\/uploads\/2016\/03\/arc_de_meta.jpg\",\"datePublished\":\"2016-04-05T16:08:06+00:00\",\"dateModified\":\"2020-01-15T11:07:58+00:00\",\"breadcrumb\":{\"@id\":\"https:\/\/ultramagic.com\/ca\/inflables\/arcs-de-meta\/#breadcrumb\"},\"inLanguage\":\"ca\",\"potentialAction\":[{\"@type\":\"ReadAction\",\"target\":[\"https:\/\/ultramagic.com\/ca\/inflables\/arcs-de-meta\/\"]}]},{\"@type\":\"ImageObject\",\"inLanguage\":\"ca\",\"@id\":\"https:\/\/ultramagic.com\/ca\/inflables\/arcs-de-meta\/#primaryimage\",\"url\":\"https:\/\/ultramagic.com\/wp-content\/uploads\/2016\/03\/arc_de_meta.jpg\",\"contentUrl\":\"https:\/\/ultramagic.com\/wp-content\/uploads\/2016\/03\/arc_de_meta.jpg\",\"width\":75,\"height\":75},{\"@type\":\"BreadcrumbList\",\"@id\":\"https:\/\/ultramagic.com\/ca\/inflables\/arcs-de-meta\/#breadcrumb\",\"itemListElement\":[{\"@type\":\"ListItem\",\"position\":1,\"name\":\"Home\",\"item\":\"https:\/\/ultramagic.com\/ca\/\"},{\"@type\":\"ListItem\",\"position\":2,\"name\":\"Inflables\",\"item\":\"https:\/\/ultramagic.com\/ca\/inflables\/\"},{\"@type\":\"ListItem\",\"position\":3,\"name\":\"Arcs de meta\"}]},{\"@type\":\"WebSite\",\"@id\":\"https:\/\/ultramagic.com\/#website\",\"url\":\"https:\/\/ultramagic.com\/\",\"name\":\"Ultramagic\",\"description\":\"All about hot air balloon advertising industry and history.Hot air balloon photos and pictures. Enjoy the hot air balloon experience from your home.\",\"potentialAction\":[{\"@type\":\"SearchAction\",\"target\":{\"@type\":\"EntryPoint\",\"urlTemplate\":\"https:\/\/ultramagic.com\/?s={search_term_string}\"},\"query-input\":\"required name=search_term_string\"}],\"inLanguage\":\"ca\"}]}<\/script>\n<!-- \/ Yoast SEO plugin. -->","yoast_head_json":{"title":"Arcs de meta - Ultramagic","robots":{"index":"index","follow":"follow","max-snippet":"max-snippet:-1","max-image-preview":"max-image-preview:large","max-video-preview":"max-video-preview:-1"},"canonical":"https:\/\/ultramagic.com\/ca\/inflables\/arcs-de-meta\/","og_locale":"ca_ES","og_type":"article","og_title":"Arcs de meta - Ultramagic","og_description":"&nbsp; Els arcs de meta inflables d&#8217;Ultramagic destaquen tant per la seva bellesa, com per la lleugeresa dels elements amb qu\u00e8 es confeccionen, el resultat \u00e9s un inflable molt lleuger, que redueix considerablement el temps d&#8217;inflat, i manipulaci\u00f3 durant l&#8217;esdeveniment en el qual es utilitzi. &nbsp; Caracter\u00edstiques \/ Opcions: &#8211; Fabricat en poli\u00e8ster d&#8217;alta tenacitat [&hellip;]","og_url":"https:\/\/ultramagic.com\/ca\/inflables\/arcs-de-meta\/","og_site_name":"Ultramagic","article_publisher":"http:\/\/www.facebook.com\/ultramagicballons","article_modified_time":"2020-01-15T11:07:58+00:00","og_image":[{"width":75,"height":75,"url":"https:\/\/ultramagic.com\/wp-content\/uploads\/2016\/03\/arc_de_meta.jpg","type":"image\/jpeg"}],"twitter_card":"summary_large_image","twitter_site":"@umballoons","twitter_misc":{"Temps estimat de lectura":"1 minut"},"schema":{"@context":"https:\/\/schema.org","@graph":[{"@type":"WebPage","@id":"https:\/\/ultramagic.com\/ca\/inflables\/arcs-de-meta\/","url":"https:\/\/ultramagic.com\/ca\/inflables\/arcs-de-meta\/","name":"Arcs de meta - Ultramagic","isPartOf":{"@id":"https:\/\/ultramagic.com\/#website"},"primaryImageOfPage":{"@id":"https:\/\/ultramagic.com\/ca\/inflables\/arcs-de-meta\/#primaryimage"},"image":{"@id":"https:\/\/ultramagic.com\/ca\/inflables\/arcs-de-meta\/#primaryimage"},"thumbnailUrl":"https:\/\/ultramagic.com\/wp-content\/uploads\/2016\/03\/arc_de_meta.jpg","datePublished":"2016-04-05T16:08:06+00:00","dateModified":"2020-01-15T11:07:58+00:00","breadcrumb":{"@id":"https:\/\/ultramagic.com\/ca\/inflables\/arcs-de-meta\/#breadcrumb"},"inLanguage":"ca","potentialAction":[{"@type":"ReadAction","target":["https:\/\/ultramagic.com\/ca\/inflables\/arcs-de-meta\/"]}]},{"@type":"ImageObject","inLanguage":"ca","@id":"https:\/\/ultramagic.com\/ca\/inflables\/arcs-de-meta\/#primaryimage","url":"https:\/\/ultramagic.com\/wp-content\/uploads\/2016\/03\/arc_de_meta.jpg","contentUrl":"https:\/\/ultramagic.com\/wp-content\/uploads\/2016\/03\/arc_de_meta.jpg","width":75,"height":75},{"@type":"BreadcrumbList","@id":"https:\/\/ultramagic.com\/ca\/inflables\/arcs-de-meta\/#breadcrumb","itemListElement":[{"@type":"ListItem","position":1,"name":"Home","item":"https:\/\/ultramagic.com\/ca\/"},{"@type":"ListItem","position":2,"name":"Inflables","item":"https:\/\/ultramagic.com\/ca\/inflables\/"},{"@type":"ListItem","position":3,"name":"Arcs de meta"}]},{"@type":"WebSite","@id":"https:\/\/ultramagic.com\/#website","url":"https:\/\/ultramagic.com\/","name":"Ultramagic","description":"All about hot air balloon advertising industry and history.Hot air balloon photos and pictures. Enjoy the hot air balloon experience from your home.","potentialAction":[{"@type":"SearchAction","target":{"@type":"EntryPoint","urlTemplate":"https:\/\/ultramagic.com\/?s={search_term_string}"},"query-input":"required name=search_term_string"}],"inLanguage":"ca"}]}},"_links":{"self":[{"href":"https:\/\/ultramagic.com\/ca\/wp-json\/wp\/v2\/pages\/9595"}],"collection":[{"href":"https:\/\/ultramagic.com\/ca\/wp-json\/wp\/v2\/pages"}],"about":[{"href":"https:\/\/ultramagic.com\/ca\/wp-json\/wp\/v2\/types\/page"}],"author":[{"embeddable":true,"href":"https:\/\/ultramagic.com\/ca\/wp-json\/wp\/v2\/users\/1"}],"replies":[{"embeddable":true,"href":"https:\/\/ultramagic.com\/ca\/wp-json\/wp\/v2\/comments?post=9595"}],"version-history":[{"count":7,"href":"https:\/\/ultramagic.com\/ca\/wp-json\/wp\/v2\/pages\/9595\/revisions"}],"predecessor-version":[{"id":14612,"href":"https:\/\/ultramagic.com\/ca\/wp-json\/wp\/v2\/pages\/9595\/revisions\/14612"}],"up":[{"embeddable":true,"href":"https:\/\/ultramagic.com\/ca\/wp-json\/wp\/v2\/pages\/9538"}],"wp:featuredmedia":[{"embeddable":true,"href":"https:\/\/ultramagic.com\/ca\/wp-json\/wp\/v2\/media\/8853"}],"wp:attachment":[{"href":"https:\/\/ultramagic.com\/ca\/wp-json\/wp\/v2\/media?parent=9595"}],"curies":[{"name":"wp","href":"https:\/\/api.w.org\/{rel}","templated":true}]}}