{"id":9593,"date":"2016-04-05T18:07:45","date_gmt":"2016-04-05T16:07:45","guid":{"rendered":"http:\/\/ultramagic.creagia.com\/ca\/?page_id=9593"},"modified":"2020-01-15T12:35:51","modified_gmt":"2020-01-15T11:35:51","slug":"llaunes","status":"publish","type":"page","link":"https:\/\/ultramagic.com\/ca\/inflables\/llaunes\/","title":{"rendered":"Llaunes Inflables"},"content":{"rendered":"<p>Una simple per\u00f2 molt efectiva forma per anunciar el seu producte o logotipo. Les llaunes i les columnes poden encaixar en petits espais, donant al mateix temps molta al\u00e7ada i espai per a la publicitat en els seus 360\u00ba. Aquest inflable \u00e9s molt f\u00e0cil de transportar, a m\u00e9s \u00e9s apte tant per us interior com exterior.<u><br \/>\n<\/u><\/p>\n<p>&nbsp;<\/p>\n<p>&#8211; Confeccionat amb poli\u00e9ster de alta tenacitat 3pu. peso 190g\/m2. Certificaci\u00f3 ign\u00edfuga categoria M1.<\/p>\n<p>&#8211; Costura de doble\/alta resist\u00e8ncia.<\/p>\n<p>&#8211; Motors interiors, baix nivell sonor.<\/p>\n<p>&#8211; Possibilitat d&#8217;il\u00b7luminaci\u00f3.<\/p>\n<p>&#8211; Bossa de transport i kit d&#8217;instal\u00b7laci\u00f3 incl\u00f2s.<\/p>\n<p>&#8211; Pes de l&#8217;inflable, 10 a 35 Kg.<\/p>\n<p>&#8211; 5 mides est\u00e1ndar<\/p>\n<p>&nbsp;<\/p>\n<table style=\"margin: 0px auto; height: 223px;\" border=\"1\" width=\"535\">\n<tbody>\n<tr>\n<td style=\"text-align: center;\"><strong>Model<\/strong><\/td>\n<td style=\"text-align: center;\"><strong>Al\u00e7ada<\/strong><\/td>\n<td style=\"text-align: center;\"><strong>Di\u00e0metre<\/strong><\/td>\n<\/tr>\n<tr>\n<td style=\"text-align: center;\">L2<\/td>\n<td style=\"text-align: center;\">2 metres<\/td>\n<td style=\"text-align: center;\">1 metre<\/td>\n<\/tr>\n<tr>\n<td style=\"text-align: center;\">L3<\/td>\n<td style=\"text-align: center;\">3 metres<\/td>\n<td style=\"text-align: center;\">1.5 metres<\/td>\n<\/tr>\n<tr>\n<td style=\"text-align: center;\">L4<\/td>\n<td style=\"text-align: center;\">4 metres<\/td>\n<td style=\"text-align: center;\">2 metres<\/td>\n<\/tr>\n<tr>\n<td style=\"text-align: center;\">L6<\/td>\n<td style=\"text-align: center;\">6 metres<\/td>\n<td style=\"text-align: center;\">3 metres<\/td>\n<\/tr>\n<\/tbody>\n<\/table>\n<p>&nbsp;<\/p>\n<div id='gallery-1' class='gallery galleryid-9593 gallery-columns-3 gallery-size-thumbnail'><dl class='gallery-item'>\n\t\t\t<dt class='gallery-icon landscape'>\n\t\t\t\t<a href='https:\/\/ultramagic.com\/wp-content\/uploads\/2016\/03\/L6-Coca-Cola-05-2013-1.jpg'><img loading=\"lazy\" decoding=\"async\" width=\"150\" height=\"150\" src=\"https:\/\/ultramagic.com\/wp-content\/uploads\/2016\/03\/L6-Coca-Cola-05-2013-1-150x150.jpg\" class=\"attachment-thumbnail size-thumbnail\" alt=\"\" \/><\/a>\n\t\t\t<\/dt><\/dl><dl class='gallery-item'>\n\t\t\t<dt class='gallery-icon landscape'>\n\t\t\t\t<a href='https:\/\/ultramagic.com\/wp-content\/uploads\/2016\/03\/L3-VICHY-GURANA.MENTA_-2.jpg'><img loading=\"lazy\" decoding=\"async\" width=\"150\" height=\"150\" src=\"https:\/\/ultramagic.com\/wp-content\/uploads\/2016\/03\/L3-VICHY-GURANA.MENTA_-2-150x150.jpg\" class=\"attachment-thumbnail size-thumbnail\" alt=\"\" \/><\/a>\n\t\t\t<\/dt><\/dl><dl class='gallery-item'>\n\t\t\t<dt class='gallery-icon landscape'>\n\t\t\t\t<a href='https:\/\/ultramagic.com\/wp-content\/uploads\/2016\/03\/L4-FERNANDES-04-2009-3.jpg'><img loading=\"lazy\" decoding=\"async\" width=\"150\" height=\"150\" src=\"https:\/\/ultramagic.com\/wp-content\/uploads\/2016\/03\/L4-FERNANDES-04-2009-3-150x150.jpg\" class=\"attachment-thumbnail size-thumbnail\" alt=\"\" \/><\/a>\n\t\t\t<\/dt><\/dl><br style=\"clear: both\" \/>\n\t\t<\/div>\n\n","protected":false},"excerpt":{"rendered":"<p>Una simple per\u00f2 molt efectiva forma per anunciar el seu producte o logotipo. Les llaunes i les columnes poden encaixar en petits espais, donant al mateix temps molta al\u00e7ada i espai per a la publicitat en els seus 360\u00ba. Aquest inflable \u00e9s molt f\u00e0cil de transportar, a m\u00e9s \u00e9s apte tant per us interior com [&hellip;]<\/p>\n","protected":false},"author":1,"featured_media":8865,"parent":9538,"menu_order":0,"comment_status":"closed","ping_status":"closed","template":"","meta":{"ngg_post_thumbnail":0,"footnotes":""},"yoast_head":"<!-- This site is optimized with the Yoast SEO plugin v22.7 - https:\/\/yoast.com\/wordpress\/plugins\/seo\/ -->\n<title>Llaunes Inflables - Ultramagic<\/title>\n<meta name=\"robots\" content=\"index, follow, max-snippet:-1, max-image-preview:large, max-video-preview:-1\" \/>\n<link rel=\"canonical\" href=\"https:\/\/ultramagic.com\/inflatables\/cans\/\" \/>\n<meta property=\"og:locale\" content=\"ca_ES\" \/>\n<meta property=\"og:type\" content=\"article\" \/>\n<meta property=\"og:title\" content=\"Llaunes Inflables - Ultramagic\" \/>\n<meta property=\"og:description\" content=\"Una simple per\u00f2 molt efectiva forma per anunciar el seu producte o logotipo. Les llaunes i les columnes poden encaixar en petits espais, donant al mateix temps molta al\u00e7ada i espai per a la publicitat en els seus 360\u00ba. Aquest inflable \u00e9s molt f\u00e0cil de transportar, a m\u00e9s \u00e9s apte tant per us interior com [&hellip;]\" \/>\n<meta property=\"og:url\" content=\"https:\/\/ultramagic.com\/inflatables\/cans\/\" \/>\n<meta property=\"og:site_name\" content=\"Ultramagic\" \/>\n<meta property=\"article:publisher\" content=\"http:\/\/www.facebook.com\/ultramagicballons\" \/>\n<meta property=\"article:modified_time\" content=\"2020-01-15T11:35:51+00:00\" \/>\n<meta property=\"og:image\" content=\"https:\/\/ultramagic.com\/wp-content\/uploads\/2016\/03\/llaunes.jpg\" \/>\n\t<meta property=\"og:image:width\" content=\"75\" \/>\n\t<meta property=\"og:image:height\" content=\"75\" \/>\n\t<meta property=\"og:image:type\" content=\"image\/jpeg\" \/>\n<meta name=\"twitter:card\" content=\"summary_large_image\" \/>\n<meta name=\"twitter:site\" content=\"@umballoons\" \/>\n<meta name=\"twitter:label1\" content=\"Temps estimat de lectura\" \/>\n\t<meta name=\"twitter:data1\" content=\"1 minut\" \/>\n<script type=\"application\/ld+json\" class=\"yoast-schema-graph\">{\"@context\":\"https:\/\/schema.org\",\"@graph\":[{\"@type\":\"WebPage\",\"@id\":\"https:\/\/ultramagic.com\/inflatables\/cans\/\",\"url\":\"https:\/\/ultramagic.com\/inflatables\/cans\/\",\"name\":\"Llaunes Inflables - Ultramagic\",\"isPartOf\":{\"@id\":\"https:\/\/ultramagic.com\/#website\"},\"primaryImageOfPage\":{\"@id\":\"https:\/\/ultramagic.com\/inflatables\/cans\/#primaryimage\"},\"image\":{\"@id\":\"https:\/\/ultramagic.com\/inflatables\/cans\/#primaryimage\"},\"thumbnailUrl\":\"https:\/\/ultramagic.com\/wp-content\/uploads\/2016\/03\/llaunes.jpg\",\"datePublished\":\"2016-04-05T16:07:45+00:00\",\"dateModified\":\"2020-01-15T11:35:51+00:00\",\"breadcrumb\":{\"@id\":\"https:\/\/ultramagic.com\/inflatables\/cans\/#breadcrumb\"},\"inLanguage\":\"ca\",\"potentialAction\":[{\"@type\":\"ReadAction\",\"target\":[\"https:\/\/ultramagic.com\/inflatables\/cans\/\"]}]},{\"@type\":\"ImageObject\",\"inLanguage\":\"ca\",\"@id\":\"https:\/\/ultramagic.com\/inflatables\/cans\/#primaryimage\",\"url\":\"https:\/\/ultramagic.com\/wp-content\/uploads\/2016\/03\/llaunes.jpg\",\"contentUrl\":\"https:\/\/ultramagic.com\/wp-content\/uploads\/2016\/03\/llaunes.jpg\",\"width\":75,\"height\":75},{\"@type\":\"BreadcrumbList\",\"@id\":\"https:\/\/ultramagic.com\/inflatables\/cans\/#breadcrumb\",\"itemListElement\":[{\"@type\":\"ListItem\",\"position\":1,\"name\":\"Home\",\"item\":\"https:\/\/ultramagic.com\/ca\/\"},{\"@type\":\"ListItem\",\"position\":2,\"name\":\"Inflables\",\"item\":\"https:\/\/ultramagic.com\/ca\/inflables\/\"},{\"@type\":\"ListItem\",\"position\":3,\"name\":\"Llaunes Inflables\"}]},{\"@type\":\"WebSite\",\"@id\":\"https:\/\/ultramagic.com\/#website\",\"url\":\"https:\/\/ultramagic.com\/\",\"name\":\"Ultramagic\",\"description\":\"All about hot air balloon advertising industry and history.Hot air balloon photos and pictures. Enjoy the hot air balloon experience from your home.\",\"potentialAction\":[{\"@type\":\"SearchAction\",\"target\":{\"@type\":\"EntryPoint\",\"urlTemplate\":\"https:\/\/ultramagic.com\/?s={search_term_string}\"},\"query-input\":\"required name=search_term_string\"}],\"inLanguage\":\"ca\"}]}<\/script>\n<!-- \/ Yoast SEO plugin. -->","yoast_head_json":{"title":"Llaunes Inflables - Ultramagic","robots":{"index":"index","follow":"follow","max-snippet":"max-snippet:-1","max-image-preview":"max-image-preview:large","max-video-preview":"max-video-preview:-1"},"canonical":"https:\/\/ultramagic.com\/inflatables\/cans\/","og_locale":"ca_ES","og_type":"article","og_title":"Llaunes Inflables - Ultramagic","og_description":"Una simple per\u00f2 molt efectiva forma per anunciar el seu producte o logotipo. Les llaunes i les columnes poden encaixar en petits espais, donant al mateix temps molta al\u00e7ada i espai per a la publicitat en els seus 360\u00ba. Aquest inflable \u00e9s molt f\u00e0cil de transportar, a m\u00e9s \u00e9s apte tant per us interior com [&hellip;]","og_url":"https:\/\/ultramagic.com\/inflatables\/cans\/","og_site_name":"Ultramagic","article_publisher":"http:\/\/www.facebook.com\/ultramagicballons","article_modified_time":"2020-01-15T11:35:51+00:00","og_image":[{"width":75,"height":75,"url":"https:\/\/ultramagic.com\/wp-content\/uploads\/2016\/03\/llaunes.jpg","type":"image\/jpeg"}],"twitter_card":"summary_large_image","twitter_site":"@umballoons","twitter_misc":{"Temps estimat de lectura":"1 minut"},"schema":{"@context":"https:\/\/schema.org","@graph":[{"@type":"WebPage","@id":"https:\/\/ultramagic.com\/inflatables\/cans\/","url":"https:\/\/ultramagic.com\/inflatables\/cans\/","name":"Llaunes Inflables - Ultramagic","isPartOf":{"@id":"https:\/\/ultramagic.com\/#website"},"primaryImageOfPage":{"@id":"https:\/\/ultramagic.com\/inflatables\/cans\/#primaryimage"},"image":{"@id":"https:\/\/ultramagic.com\/inflatables\/cans\/#primaryimage"},"thumbnailUrl":"https:\/\/ultramagic.com\/wp-content\/uploads\/2016\/03\/llaunes.jpg","datePublished":"2016-04-05T16:07:45+00:00","dateModified":"2020-01-15T11:35:51+00:00","breadcrumb":{"@id":"https:\/\/ultramagic.com\/inflatables\/cans\/#breadcrumb"},"inLanguage":"ca","potentialAction":[{"@type":"ReadAction","target":["https:\/\/ultramagic.com\/inflatables\/cans\/"]}]},{"@type":"ImageObject","inLanguage":"ca","@id":"https:\/\/ultramagic.com\/inflatables\/cans\/#primaryimage","url":"https:\/\/ultramagic.com\/wp-content\/uploads\/2016\/03\/llaunes.jpg","contentUrl":"https:\/\/ultramagic.com\/wp-content\/uploads\/2016\/03\/llaunes.jpg","width":75,"height":75},{"@type":"BreadcrumbList","@id":"https:\/\/ultramagic.com\/inflatables\/cans\/#breadcrumb","itemListElement":[{"@type":"ListItem","position":1,"name":"Home","item":"https:\/\/ultramagic.com\/ca\/"},{"@type":"ListItem","position":2,"name":"Inflables","item":"https:\/\/ultramagic.com\/ca\/inflables\/"},{"@type":"ListItem","position":3,"name":"Llaunes Inflables"}]},{"@type":"WebSite","@id":"https:\/\/ultramagic.com\/#website","url":"https:\/\/ultramagic.com\/","name":"Ultramagic","description":"All about hot air balloon advertising industry and history.Hot air balloon photos and pictures. Enjoy the hot air balloon experience from your home.","potentialAction":[{"@type":"SearchAction","target":{"@type":"EntryPoint","urlTemplate":"https:\/\/ultramagic.com\/?s={search_term_string}"},"query-input":"required name=search_term_string"}],"inLanguage":"ca"}]}},"_links":{"self":[{"href":"https:\/\/ultramagic.com\/ca\/wp-json\/wp\/v2\/pages\/9593"}],"collection":[{"href":"https:\/\/ultramagic.com\/ca\/wp-json\/wp\/v2\/pages"}],"about":[{"href":"https:\/\/ultramagic.com\/ca\/wp-json\/wp\/v2\/types\/page"}],"author":[{"embeddable":true,"href":"https:\/\/ultramagic.com\/ca\/wp-json\/wp\/v2\/users\/1"}],"replies":[{"embeddable":true,"href":"https:\/\/ultramagic.com\/ca\/wp-json\/wp\/v2\/comments?post=9593"}],"version-history":[{"count":4,"href":"https:\/\/ultramagic.com\/ca\/wp-json\/wp\/v2\/pages\/9593\/revisions"}],"predecessor-version":[{"id":14624,"href":"https:\/\/ultramagic.com\/ca\/wp-json\/wp\/v2\/pages\/9593\/revisions\/14624"}],"up":[{"embeddable":true,"href":"https:\/\/ultramagic.com\/ca\/wp-json\/wp\/v2\/pages\/9538"}],"wp:featuredmedia":[{"embeddable":true,"href":"https:\/\/ultramagic.com\/ca\/wp-json\/wp\/v2\/media\/8865"}],"wp:attachment":[{"href":"https:\/\/ultramagic.com\/ca\/wp-json\/wp\/v2\/media?parent=9593"}],"curies":[{"name":"wp","href":"https:\/\/api.w.org\/{rel}","templated":true}]}}