{"id":9582,"date":"2016-04-05T18:03:22","date_gmt":"2016-04-05T16:03:22","guid":{"rendered":"http:\/\/ultramagic.creagia.com\/ca\/?page_id=9582"},"modified":"2016-11-10T16:19:19","modified_gmt":"2016-11-10T15:19:19","slug":"formes-especials","status":"publish","type":"page","link":"https:\/\/ultramagic.com\/ca\/globus-aerostatics\/formes-especials\/","title":{"rendered":"Formes especials"},"content":{"rendered":"<blockquote><p>Ser diferent, cridar l\u2019atenci\u00f3<\/p><\/blockquote>\n<p>Ultramagic porta ja 30 anys d\u2019experi\u00e8ncia en disseny i construcci\u00f3 de formes especials. Ens hem especialitzat en la creaci\u00f3 de formes especials que criden l\u2019atenci\u00f3 tant per promocionar un producte com per fer realitat el somni d\u2019un pilot. Donem \u00e8mfasi en la creaci\u00f3 de formes especials f\u00e0cils d\u2019operar, pr\u00e0ctiques i lleugeres. Creiem que aquestes haurien de poder.se volar m\u00e9s sovint. Les formes especials s\u00f3n dissenyades pel nostre equip d\u2019enginyers aeron\u00e0utics i es construeixen amb els millors est\u00e0ndards pel nostre equip de cosidores. Tot aquest treball es duu a terme sota les aprovacions d\u2019EASA que garanteixen una certificaci\u00f3 a trav\u00e9s de les autoritats d\u2019aviaci\u00f3. Creiem que una forma especial hauria de perdurar tant com la nostra gama de globus est\u00e0ndards. Contacti amb nosaltres demanant el seu desig i nosaltres prepararem una imatge visual detallada per mostrar-li exactament com aconseguir aquest prop\u00f2sit. Deixi c\u00f3rrer la seva imaginaci\u00f3 sense trencar el seu pressupost pel projecte. Guanyi la publicitat que realment necessita amb un preu raonable. <em>\u00a0Formes especials, formes m\u00e0giques!<\/em><\/p>\n<p>&nbsp;<\/p>\n<div id='gallery-1' class='gallery galleryid-9582 gallery-columns-4 gallery-size-medium'><dl class='gallery-item'>\n\t\t\t<dt class='gallery-icon portrait'>\n\t\t\t\t<a href='https:\/\/ultramagic.com\/wp-content\/uploads\/2015\/06\/1785-FT-Tablet_ok.jpg'><img loading=\"lazy\" decoding=\"async\" width=\"232\" height=\"300\" src=\"https:\/\/ultramagic.com\/wp-content\/uploads\/2015\/06\/1785-FT-Tablet_ok-232x300.jpg\" class=\"attachment-medium size-medium\" alt=\"\" srcset=\"https:\/\/ultramagic.com\/wp-content\/uploads\/2015\/06\/1785-FT-Tablet_ok-232x300.jpg 232w, https:\/\/ultramagic.com\/wp-content\/uploads\/2015\/06\/1785-FT-Tablet_ok-792x1024.jpg 792w, https:\/\/ultramagic.com\/wp-content\/uploads\/2015\/06\/1785-FT-Tablet_ok.jpg 1762w\" sizes=\"(max-width: 232px) 100vw, 232px\" \/><\/a>\n\t\t\t<\/dt><\/dl><dl class='gallery-item'>\n\t\t\t<dt class='gallery-icon portrait'>\n\t\t\t\t<a href='https:\/\/ultramagic.com\/wp-content\/uploads\/2015\/06\/DSCN0054_ok.jpg'><img loading=\"lazy\" decoding=\"async\" width=\"246\" height=\"300\" src=\"https:\/\/ultramagic.com\/wp-content\/uploads\/2015\/06\/DSCN0054_ok-246x300.jpg\" class=\"attachment-medium size-medium\" alt=\"\" srcset=\"https:\/\/ultramagic.com\/wp-content\/uploads\/2015\/06\/DSCN0054_ok-246x300.jpg 246w, https:\/\/ultramagic.com\/wp-content\/uploads\/2015\/06\/DSCN0054_ok-841x1024.jpg 841w\" sizes=\"(max-width: 246px) 100vw, 246px\" \/><\/a>\n\t\t\t<\/dt><\/dl><dl class='gallery-item'>\n\t\t\t<dt class='gallery-icon landscape'>\n\t\t\t\t<a href='https:\/\/ultramagic.com\/wp-content\/uploads\/2015\/06\/1312-FE-Movistar_ok.jpg'><img loading=\"lazy\" decoding=\"async\" width=\"300\" height=\"278\" src=\"https:\/\/ultramagic.com\/wp-content\/uploads\/2015\/06\/1312-FE-Movistar_ok-300x278.jpg\" class=\"attachment-medium size-medium\" alt=\"\" srcset=\"https:\/\/ultramagic.com\/wp-content\/uploads\/2015\/06\/1312-FE-Movistar_ok-300x278.jpg 300w, https:\/\/ultramagic.com\/wp-content\/uploads\/2015\/06\/1312-FE-Movistar_ok-1024x948.jpg 1024w, https:\/\/ultramagic.com\/wp-content\/uploads\/2015\/06\/1312-FE-Movistar_ok.jpg 1783w\" sizes=\"(max-width: 300px) 100vw, 300px\" \/><\/a>\n\t\t\t<\/dt><\/dl><dl class='gallery-item'>\n\t\t\t<dt class='gallery-icon portrait'>\n\t\t\t\t<a href='https:\/\/ultramagic.com\/wp-content\/uploads\/2015\/06\/1000-Montgolfier-3_ok.jpg'><img loading=\"lazy\" decoding=\"async\" width=\"270\" height=\"300\" src=\"https:\/\/ultramagic.com\/wp-content\/uploads\/2015\/06\/1000-Montgolfier-3_ok-270x300.jpg\" class=\"attachment-medium size-medium\" alt=\"\" srcset=\"https:\/\/ultramagic.com\/wp-content\/uploads\/2015\/06\/1000-Montgolfier-3_ok-270x300.jpg 270w, https:\/\/ultramagic.com\/wp-content\/uploads\/2015\/06\/1000-Montgolfier-3_ok-921x1024.jpg 921w, https:\/\/ultramagic.com\/wp-content\/uploads\/2015\/06\/1000-Montgolfier-3_ok.jpg 2031w\" sizes=\"(max-width: 270px) 100vw, 270px\" \/><\/a>\n\t\t\t<\/dt><\/dl><br style=\"clear: both\" \/>\n\t\t<\/div>\n\n<p>&nbsp;<\/p>\n<div id='gallery-2' class='gallery galleryid-9582 gallery-columns-4 gallery-size-medium'><dl class='gallery-item'>\n\t\t\t<dt class='gallery-icon portrait'>\n\t\t\t\t<a href='https:\/\/ultramagic.com\/wp-content\/uploads\/2015\/06\/1375-Beirao_ok.jpg'><img loading=\"lazy\" decoding=\"async\" width=\"188\" height=\"300\" src=\"https:\/\/ultramagic.com\/wp-content\/uploads\/2015\/06\/1375-Beirao_ok-188x300.jpg\" class=\"attachment-medium size-medium\" alt=\"\" srcset=\"https:\/\/ultramagic.com\/wp-content\/uploads\/2015\/06\/1375-Beirao_ok-188x300.jpg 188w, https:\/\/ultramagic.com\/wp-content\/uploads\/2015\/06\/1375-Beirao_ok-642x1024.jpg 642w, https:\/\/ultramagic.com\/wp-content\/uploads\/2015\/06\/1375-Beirao_ok.jpg 1444w\" sizes=\"(max-width: 188px) 100vw, 188px\" \/><\/a>\n\t\t\t<\/dt><\/dl><dl class='gallery-item'>\n\t\t\t<dt class='gallery-icon portrait'>\n\t\t\t\t<a href='https:\/\/ultramagic.com\/wp-content\/uploads\/2015\/06\/1441-NPL-Lamp_ok.jpg'><img loading=\"lazy\" decoding=\"async\" width=\"222\" height=\"300\" src=\"https:\/\/ultramagic.com\/wp-content\/uploads\/2015\/06\/1441-NPL-Lamp_ok-222x300.jpg\" class=\"attachment-medium size-medium\" alt=\"\" srcset=\"https:\/\/ultramagic.com\/wp-content\/uploads\/2015\/06\/1441-NPL-Lamp_ok-222x300.jpg 222w, https:\/\/ultramagic.com\/wp-content\/uploads\/2015\/06\/1441-NPL-Lamp_ok-757x1024.jpg 757w, https:\/\/ultramagic.com\/wp-content\/uploads\/2015\/06\/1441-NPL-Lamp_ok.jpg 1648w\" sizes=\"(max-width: 222px) 100vw, 222px\" \/><\/a>\n\t\t\t<\/dt><\/dl><dl class='gallery-item'>\n\t\t\t<dt class='gallery-icon portrait'>\n\t\t\t\t<a href='https:\/\/ultramagic.com\/wp-content\/uploads\/2015\/06\/1846v-Solo-Bottle_ok.jpg'><img loading=\"lazy\" decoding=\"async\" width=\"187\" height=\"300\" src=\"https:\/\/ultramagic.com\/wp-content\/uploads\/2015\/06\/1846v-Solo-Bottle_ok-187x300.jpg\" class=\"attachment-medium size-medium\" alt=\"\" srcset=\"https:\/\/ultramagic.com\/wp-content\/uploads\/2015\/06\/1846v-Solo-Bottle_ok-187x300.jpg 187w, https:\/\/ultramagic.com\/wp-content\/uploads\/2015\/06\/1846v-Solo-Bottle_ok-638x1024.jpg 638w, https:\/\/ultramagic.com\/wp-content\/uploads\/2015\/06\/1846v-Solo-Bottle_ok.jpg 1363w\" sizes=\"(max-width: 187px) 100vw, 187px\" \/><\/a>\n\t\t\t<\/dt><\/dl><dl class='gallery-item'>\n\t\t\t<dt class='gallery-icon portrait'>\n\t\t\t\t<a href='https:\/\/ultramagic.com\/wp-content\/uploads\/2015\/06\/special_shapes_freixenet_ok.jpg'><img loading=\"lazy\" decoding=\"async\" width=\"155\" height=\"300\" src=\"https:\/\/ultramagic.com\/wp-content\/uploads\/2015\/06\/special_shapes_freixenet_ok-155x300.jpg\" class=\"attachment-medium size-medium\" alt=\"\" srcset=\"https:\/\/ultramagic.com\/wp-content\/uploads\/2015\/06\/special_shapes_freixenet_ok-155x300.jpg 155w, https:\/\/ultramagic.com\/wp-content\/uploads\/2015\/06\/special_shapes_freixenet_ok-527x1024.jpg 527w\" sizes=\"(max-width: 155px) 100vw, 155px\" \/><\/a>\n\t\t\t<\/dt><\/dl><br style=\"clear: both\" \/>\n\t\t<\/div>\n\n<div id='gallery-3' class='gallery galleryid-9582 gallery-columns-4 gallery-size-medium'><dl class='gallery-item'>\n\t\t\t<dt class='gallery-icon landscape'>\n\t\t\t\t<a href='https:\/\/ultramagic.com\/wp-content\/uploads\/2015\/06\/1082-Pilota-VT4_ok.jpg'><img loading=\"lazy\" decoding=\"async\" width=\"300\" height=\"263\" src=\"https:\/\/ultramagic.com\/wp-content\/uploads\/2015\/06\/1082-Pilota-VT4_ok-300x263.jpg\" class=\"attachment-medium size-medium\" alt=\"\" srcset=\"https:\/\/ultramagic.com\/wp-content\/uploads\/2015\/06\/1082-Pilota-VT4_ok-300x263.jpg 300w, https:\/\/ultramagic.com\/wp-content\/uploads\/2015\/06\/1082-Pilota-VT4_ok-1024x898.jpg 1024w\" sizes=\"(max-width: 300px) 100vw, 300px\" \/><\/a>\n\t\t\t<\/dt><\/dl><dl class='gallery-item'>\n\t\t\t<dt class='gallery-icon landscape'>\n\t\t\t\t<a href='https:\/\/ultramagic.com\/wp-content\/uploads\/2015\/06\/1141-Whale_ok.jpg'><img loading=\"lazy\" decoding=\"async\" width=\"300\" height=\"222\" src=\"https:\/\/ultramagic.com\/wp-content\/uploads\/2015\/06\/1141-Whale_ok-300x222.jpg\" class=\"attachment-medium size-medium\" alt=\"\" srcset=\"https:\/\/ultramagic.com\/wp-content\/uploads\/2015\/06\/1141-Whale_ok-300x222.jpg 300w, https:\/\/ultramagic.com\/wp-content\/uploads\/2015\/06\/1141-Whale_ok-1024x759.jpg 1024w, https:\/\/ultramagic.com\/wp-content\/uploads\/2015\/06\/1141-Whale_ok.jpg 2037w\" sizes=\"(max-width: 300px) 100vw, 300px\" \/><\/a>\n\t\t\t<\/dt><\/dl><dl class='gallery-item'>\n\t\t\t<dt class='gallery-icon landscape'>\n\t\t\t\t<a href='https:\/\/ultramagic.com\/wp-content\/uploads\/2015\/06\/1790v-Taiwan-Heart_ok.jpg'><img loading=\"lazy\" decoding=\"async\" width=\"300\" height=\"270\" src=\"https:\/\/ultramagic.com\/wp-content\/uploads\/2015\/06\/1790v-Taiwan-Heart_ok-300x270.jpg\" class=\"attachment-medium size-medium\" alt=\"\" srcset=\"https:\/\/ultramagic.com\/wp-content\/uploads\/2015\/06\/1790v-Taiwan-Heart_ok-300x270.jpg 300w, https:\/\/ultramagic.com\/wp-content\/uploads\/2015\/06\/1790v-Taiwan-Heart_ok-1024x920.jpg 1024w, https:\/\/ultramagic.com\/wp-content\/uploads\/2015\/06\/1790v-Taiwan-Heart_ok.jpg 2003w\" sizes=\"(max-width: 300px) 100vw, 300px\" \/><\/a>\n\t\t\t<\/dt><\/dl><dl class='gallery-item'>\n\t\t\t<dt class='gallery-icon landscape'>\n\t\t\t\t<a href='https:\/\/ultramagic.com\/wp-content\/uploads\/2015\/06\/0749-UFO_ok.jpg'><img loading=\"lazy\" decoding=\"async\" width=\"300\" height=\"191\" src=\"https:\/\/ultramagic.com\/wp-content\/uploads\/2015\/06\/0749-UFO_ok-300x191.jpg\" class=\"attachment-medium size-medium\" alt=\"\" srcset=\"https:\/\/ultramagic.com\/wp-content\/uploads\/2015\/06\/0749-UFO_ok-300x191.jpg 300w, https:\/\/ultramagic.com\/wp-content\/uploads\/2015\/06\/0749-UFO_ok-1024x653.jpg 1024w\" sizes=\"(max-width: 300px) 100vw, 300px\" \/><\/a>\n\t\t\t<\/dt><\/dl><br style=\"clear: both\" \/>\n\t\t<\/div>\n\n","protected":false},"excerpt":{"rendered":"<p>Ser diferent, cridar l\u2019atenci\u00f3 Ultramagic porta ja 30 anys d\u2019experi\u00e8ncia en disseny i construcci\u00f3 de formes especials. Ens hem especialitzat en la creaci\u00f3 de formes especials que criden l\u2019atenci\u00f3 tant per promocionar un producte com per fer realitat el somni d\u2019un pilot. Donem \u00e8mfasi en la creaci\u00f3 de formes especials f\u00e0cils d\u2019operar, pr\u00e0ctiques i lleugeres. [&hellip;]<\/p>\n","protected":false},"author":1,"featured_media":260,"parent":9531,"menu_order":0,"comment_status":"closed","ping_status":"open","template":"page-globus-pare.php","meta":{"ngg_post_thumbnail":0,"footnotes":""},"yoast_head":"<!-- This site is optimized with the Yoast SEO plugin v22.7 - https:\/\/yoast.com\/wordpress\/plugins\/seo\/ -->\n<title>Formes especials - Ultramagic<\/title>\n<meta name=\"robots\" content=\"index, follow, max-snippet:-1, max-image-preview:large, max-video-preview:-1\" \/>\n<link rel=\"canonical\" href=\"https:\/\/ultramagic.com\/hot-air-balloons\/special-shapes\/\" \/>\n<meta property=\"og:locale\" content=\"ca_ES\" \/>\n<meta property=\"og:type\" content=\"article\" \/>\n<meta property=\"og:title\" content=\"Formes especials - Ultramagic\" \/>\n<meta property=\"og:description\" content=\"Ser diferent, cridar l\u2019atenci\u00f3 Ultramagic porta ja 30 anys d\u2019experi\u00e8ncia en disseny i construcci\u00f3 de formes especials. Ens hem especialitzat en la creaci\u00f3 de formes especials que criden l\u2019atenci\u00f3 tant per promocionar un producte com per fer realitat el somni d\u2019un pilot. Donem \u00e8mfasi en la creaci\u00f3 de formes especials f\u00e0cils d\u2019operar, pr\u00e0ctiques i lleugeres. [&hellip;]\" \/>\n<meta property=\"og:url\" content=\"https:\/\/ultramagic.com\/hot-air-balloons\/special-shapes\/\" \/>\n<meta property=\"og:site_name\" content=\"Ultramagic\" \/>\n<meta property=\"article:publisher\" content=\"http:\/\/www.facebook.com\/ultramagicballons\" \/>\n<meta property=\"article:modified_time\" content=\"2016-11-10T15:19:19+00:00\" \/>\n<meta property=\"og:image\" content=\"https:\/\/ultramagic.com\/wp-content\/uploads\/2015\/06\/special-shapes.png\" \/>\n\t<meta property=\"og:image:width\" content=\"75\" \/>\n\t<meta property=\"og:image:height\" content=\"75\" \/>\n\t<meta property=\"og:image:type\" content=\"image\/png\" \/>\n<meta name=\"twitter:card\" content=\"summary_large_image\" \/>\n<meta name=\"twitter:site\" content=\"@umballoons\" \/>\n<meta name=\"twitter:label1\" content=\"Temps estimat de lectura\" \/>\n\t<meta name=\"twitter:data1\" content=\"1 minut\" \/>\n<script type=\"application\/ld+json\" class=\"yoast-schema-graph\">{\"@context\":\"https:\/\/schema.org\",\"@graph\":[{\"@type\":\"WebPage\",\"@id\":\"https:\/\/ultramagic.com\/hot-air-balloons\/special-shapes\/\",\"url\":\"https:\/\/ultramagic.com\/hot-air-balloons\/special-shapes\/\",\"name\":\"Formes especials - Ultramagic\",\"isPartOf\":{\"@id\":\"https:\/\/ultramagic.com\/#website\"},\"primaryImageOfPage\":{\"@id\":\"https:\/\/ultramagic.com\/hot-air-balloons\/special-shapes\/#primaryimage\"},\"image\":{\"@id\":\"https:\/\/ultramagic.com\/hot-air-balloons\/special-shapes\/#primaryimage\"},\"thumbnailUrl\":\"https:\/\/ultramagic.com\/wp-content\/uploads\/2015\/06\/special-shapes.png\",\"datePublished\":\"2016-04-05T16:03:22+00:00\",\"dateModified\":\"2016-11-10T15:19:19+00:00\",\"breadcrumb\":{\"@id\":\"https:\/\/ultramagic.com\/hot-air-balloons\/special-shapes\/#breadcrumb\"},\"inLanguage\":\"ca\",\"potentialAction\":[{\"@type\":\"ReadAction\",\"target\":[\"https:\/\/ultramagic.com\/hot-air-balloons\/special-shapes\/\"]}]},{\"@type\":\"ImageObject\",\"inLanguage\":\"ca\",\"@id\":\"https:\/\/ultramagic.com\/hot-air-balloons\/special-shapes\/#primaryimage\",\"url\":\"https:\/\/ultramagic.com\/wp-content\/uploads\/2015\/06\/special-shapes.png\",\"contentUrl\":\"https:\/\/ultramagic.com\/wp-content\/uploads\/2015\/06\/special-shapes.png\",\"width\":75,\"height\":75},{\"@type\":\"BreadcrumbList\",\"@id\":\"https:\/\/ultramagic.com\/hot-air-balloons\/special-shapes\/#breadcrumb\",\"itemListElement\":[{\"@type\":\"ListItem\",\"position\":1,\"name\":\"Home\",\"item\":\"https:\/\/ultramagic.com\/ca\/\"},{\"@type\":\"ListItem\",\"position\":2,\"name\":\"Globus aerost\u00e0tics\",\"item\":\"https:\/\/ultramagic.com\/hot-air-balloons\/\"},{\"@type\":\"ListItem\",\"position\":3,\"name\":\"Formes especials\"}]},{\"@type\":\"WebSite\",\"@id\":\"https:\/\/ultramagic.com\/#website\",\"url\":\"https:\/\/ultramagic.com\/\",\"name\":\"Ultramagic\",\"description\":\"All about hot air balloon advertising industry and history.Hot air balloon photos and pictures. Enjoy the hot air balloon experience from your home.\",\"potentialAction\":[{\"@type\":\"SearchAction\",\"target\":{\"@type\":\"EntryPoint\",\"urlTemplate\":\"https:\/\/ultramagic.com\/?s={search_term_string}\"},\"query-input\":\"required name=search_term_string\"}],\"inLanguage\":\"ca\"}]}<\/script>\n<!-- \/ Yoast SEO plugin. -->","yoast_head_json":{"title":"Formes especials - Ultramagic","robots":{"index":"index","follow":"follow","max-snippet":"max-snippet:-1","max-image-preview":"max-image-preview:large","max-video-preview":"max-video-preview:-1"},"canonical":"https:\/\/ultramagic.com\/hot-air-balloons\/special-shapes\/","og_locale":"ca_ES","og_type":"article","og_title":"Formes especials - Ultramagic","og_description":"Ser diferent, cridar l\u2019atenci\u00f3 Ultramagic porta ja 30 anys d\u2019experi\u00e8ncia en disseny i construcci\u00f3 de formes especials. Ens hem especialitzat en la creaci\u00f3 de formes especials que criden l\u2019atenci\u00f3 tant per promocionar un producte com per fer realitat el somni d\u2019un pilot. Donem \u00e8mfasi en la creaci\u00f3 de formes especials f\u00e0cils d\u2019operar, pr\u00e0ctiques i lleugeres. [&hellip;]","og_url":"https:\/\/ultramagic.com\/hot-air-balloons\/special-shapes\/","og_site_name":"Ultramagic","article_publisher":"http:\/\/www.facebook.com\/ultramagicballons","article_modified_time":"2016-11-10T15:19:19+00:00","og_image":[{"width":75,"height":75,"url":"https:\/\/ultramagic.com\/wp-content\/uploads\/2015\/06\/special-shapes.png","type":"image\/png"}],"twitter_card":"summary_large_image","twitter_site":"@umballoons","twitter_misc":{"Temps estimat de lectura":"1 minut"},"schema":{"@context":"https:\/\/schema.org","@graph":[{"@type":"WebPage","@id":"https:\/\/ultramagic.com\/hot-air-balloons\/special-shapes\/","url":"https:\/\/ultramagic.com\/hot-air-balloons\/special-shapes\/","name":"Formes especials - Ultramagic","isPartOf":{"@id":"https:\/\/ultramagic.com\/#website"},"primaryImageOfPage":{"@id":"https:\/\/ultramagic.com\/hot-air-balloons\/special-shapes\/#primaryimage"},"image":{"@id":"https:\/\/ultramagic.com\/hot-air-balloons\/special-shapes\/#primaryimage"},"thumbnailUrl":"https:\/\/ultramagic.com\/wp-content\/uploads\/2015\/06\/special-shapes.png","datePublished":"2016-04-05T16:03:22+00:00","dateModified":"2016-11-10T15:19:19+00:00","breadcrumb":{"@id":"https:\/\/ultramagic.com\/hot-air-balloons\/special-shapes\/#breadcrumb"},"inLanguage":"ca","potentialAction":[{"@type":"ReadAction","target":["https:\/\/ultramagic.com\/hot-air-balloons\/special-shapes\/"]}]},{"@type":"ImageObject","inLanguage":"ca","@id":"https:\/\/ultramagic.com\/hot-air-balloons\/special-shapes\/#primaryimage","url":"https:\/\/ultramagic.com\/wp-content\/uploads\/2015\/06\/special-shapes.png","contentUrl":"https:\/\/ultramagic.com\/wp-content\/uploads\/2015\/06\/special-shapes.png","width":75,"height":75},{"@type":"BreadcrumbList","@id":"https:\/\/ultramagic.com\/hot-air-balloons\/special-shapes\/#breadcrumb","itemListElement":[{"@type":"ListItem","position":1,"name":"Home","item":"https:\/\/ultramagic.com\/ca\/"},{"@type":"ListItem","position":2,"name":"Globus aerost\u00e0tics","item":"https:\/\/ultramagic.com\/hot-air-balloons\/"},{"@type":"ListItem","position":3,"name":"Formes especials"}]},{"@type":"WebSite","@id":"https:\/\/ultramagic.com\/#website","url":"https:\/\/ultramagic.com\/","name":"Ultramagic","description":"All about hot air balloon advertising industry and history.Hot air balloon photos and pictures. Enjoy the hot air balloon experience from your home.","potentialAction":[{"@type":"SearchAction","target":{"@type":"EntryPoint","urlTemplate":"https:\/\/ultramagic.com\/?s={search_term_string}"},"query-input":"required name=search_term_string"}],"inLanguage":"ca"}]}},"_links":{"self":[{"href":"https:\/\/ultramagic.com\/ca\/wp-json\/wp\/v2\/pages\/9582"}],"collection":[{"href":"https:\/\/ultramagic.com\/ca\/wp-json\/wp\/v2\/pages"}],"about":[{"href":"https:\/\/ultramagic.com\/ca\/wp-json\/wp\/v2\/types\/page"}],"author":[{"embeddable":true,"href":"https:\/\/ultramagic.com\/ca\/wp-json\/wp\/v2\/users\/1"}],"replies":[{"embeddable":true,"href":"https:\/\/ultramagic.com\/ca\/wp-json\/wp\/v2\/comments?post=9582"}],"version-history":[{"count":2,"href":"https:\/\/ultramagic.com\/ca\/wp-json\/wp\/v2\/pages\/9582\/revisions"}],"predecessor-version":[{"id":10963,"href":"https:\/\/ultramagic.com\/ca\/wp-json\/wp\/v2\/pages\/9582\/revisions\/10963"}],"up":[{"embeddable":true,"href":"https:\/\/ultramagic.com\/ca\/wp-json\/wp\/v2\/pages\/9531"}],"wp:featuredmedia":[{"embeddable":true,"href":"https:\/\/ultramagic.com\/ca\/wp-json\/wp\/v2\/media\/260"}],"wp:attachment":[{"href":"https:\/\/ultramagic.com\/ca\/wp-json\/wp\/v2\/media?parent=9582"}],"curies":[{"name":"wp","href":"https:\/\/api.w.org\/{rel}","templated":true}]}}