{"id":9581,"date":"2016-04-05T18:03:11","date_gmt":"2016-04-05T16:03:11","guid":{"rendered":"http:\/\/ultramagic.creagia.com\/ca\/?page_id=9581"},"modified":"2024-01-23T08:13:54","modified_gmt":"2024-01-23T07:13:54","slug":"embolcalls","status":"publish","type":"page","link":"https:\/\/ultramagic.com\/ca\/globus-aerostatics\/embolcalls\/","title":{"rendered":"Embolcalls"},"content":{"rendered":"<h2>Qualitat de llarga duraci\u00f3! Fetes amb els millors teixits del m\u00f3n.<\/h2>\n<p><a class=\"visible-xs\" href=\"#linkToBallons\">Models<\/a><br \/>\nEn cada vela d&#8217;Ultram\u00e0gic, la qualitat comen\u00e7a desde la fase de disseny i continua fins a finalitzar la fabricaci\u00f3, en un rigor\u00f3s vol de prova d&#8217;inspecci\u00f3. Ja sigui un pilot esportiu o un operador professional, si compra una vela Ultram\u00e0gic pot saber del cert que l&#8217;est\u00e0ndard de qualitat sempre \u00e9s molt elevat, assegurant aix\u00ed una bona relaci\u00f3 entre l&#8217;acabat i el preu de la vela. Enels nostres globus nom\u00e9s utilitzem mat\u00e8ries de primera qualitat.<a href=\"http:\/\/ultramagic.com\/wp-content\/uploads\/2015\/06\/cosidora_OK.jpg\" rel=\"attachment wp-att-9391\"><img loading=\"lazy\" decoding=\"async\" class=\"wp-image-9391 size-medium alignright\" src=\"http:\/\/ultramagic.com\/wp-content\/uploads\/2015\/06\/cosidora_OK-300x200.jpg\" alt=\"cosidora_OK\" width=\"300\" height=\"200\" srcset=\"https:\/\/ultramagic.com\/wp-content\/uploads\/2015\/06\/cosidora_OK-300x200.jpg 300w, https:\/\/ultramagic.com\/wp-content\/uploads\/2015\/06\/cosidora_OK-768x512.jpg 768w, https:\/\/ultramagic.com\/wp-content\/uploads\/2015\/06\/cosidora_OK.jpg 945w\" sizes=\"(max-width: 300px) 100vw, 300px\" \/><\/a><\/p>\n<p>El teixit de nylon est\u00e0ndard de 65 grams\/m2 gaudeix d\u2019un excel\u00b7lent resinat de poliuret\u00e0 i d\u2019una trama de rip-stop. Est\u00e0 concebut per minimitzar la p\u00e8rdua de color, tamb\u00e9 disposa d\u2019un tractament en contra de l\u2019aparici\u00f3 de fongs, cosa que garanteix la seva durabilitat.<\/p>\n<p>A m\u00e9s, el nostre teixit Ultralast de 90 grams\/m2 el recomanem especialment per la part superior de la vela, ja que \u00e9s aqu\u00ed on es concentren les temperatures m\u00e9s elevades; tamb\u00e9 la recomanem a pilots que volen moltes hores al llarg de l\u2019any i on el pes de la vela no \u00e9s tant important. Aquest teixit disposa d\u2019un acabat especial en silicona per ambd\u00f3s costats i mostra un comportament extraordinari en condicions extremes. Ambd\u00f3s materials estan disponibles en una gamma de 22 colors.<\/p>\n<p>El nostre teixit s\u00faper lleuger Ultralight de 50 grams\/m2 el recomanem especialment per globus petits on lo m\u00e9s important \u00e9s el poc pes de l\u2019equipament. Aquest teixit disposa d\u2019un acabat especial en silicona per ambd\u00f3s costats. Aquest material ha demostrat poder estalviar tant en pes excessiu com en un empaquetat gran; tamb\u00e9 ha estat utilitzat durant m\u00e9s de 10 anys en molts globus al voltant del m\u00f3n. El teixit Ultralight est\u00e0 disponible en 12 colors.<\/p>\n<p>Totes les veles Ultramagic disposen d\u2019un primer patr\u00f3 base amb 1.5m d\u2019altura en Nomex i d\u2019un sistema de desinflat f\u00e0cil amb paracaigudes. A m\u00e9s Ultramagic ofereix un ventall d\u2019opcions com el sistema de desinflat r\u00e0pid (FDS) o ventils de rotaci\u00f3 per orientar el globus en ple vol. Cada vela Ultramagic al final passa sempre per una inspecci\u00f3 i un vol de prova segons els requisits d&#8217;aeronavegabilitat.<\/p>\n","protected":false},"excerpt":{"rendered":"<p>Qualitat de llarga duraci\u00f3! Fetes amb els millors teixits del m\u00f3n. Models En cada vela d&#8217;Ultram\u00e0gic, la qualitat comen\u00e7a desde la fase de disseny i continua fins a finalitzar la fabricaci\u00f3, en un rigor\u00f3s vol de prova d&#8217;inspecci\u00f3. Ja sigui un pilot esportiu o un operador professional, si compra una vela Ultram\u00e0gic pot saber del [&hellip;]<\/p>\n","protected":false},"author":1,"featured_media":244,"parent":9531,"menu_order":0,"comment_status":"closed","ping_status":"open","template":"page-globus-pare.php","meta":{"ngg_post_thumbnail":0,"footnotes":""},"yoast_head":"<!-- This site is optimized with the Yoast SEO plugin v22.7 - https:\/\/yoast.com\/wordpress\/plugins\/seo\/ -->\n<title>Embolcalls - Ultramagic<\/title>\n<meta name=\"robots\" content=\"index, follow, max-snippet:-1, max-image-preview:large, max-video-preview:-1\" \/>\n<link rel=\"canonical\" href=\"https:\/\/ultramagic.com\/hot-air-balloons\/envelopes\/\" \/>\n<meta property=\"og:locale\" content=\"ca_ES\" \/>\n<meta property=\"og:type\" content=\"article\" \/>\n<meta property=\"og:title\" content=\"Embolcalls - Ultramagic\" \/>\n<meta property=\"og:description\" content=\"Qualitat de llarga duraci\u00f3! Fetes amb els millors teixits del m\u00f3n. Models En cada vela d&#8217;Ultram\u00e0gic, la qualitat comen\u00e7a desde la fase de disseny i continua fins a finalitzar la fabricaci\u00f3, en un rigor\u00f3s vol de prova d&#8217;inspecci\u00f3. Ja sigui un pilot esportiu o un operador professional, si compra una vela Ultram\u00e0gic pot saber del [&hellip;]\" \/>\n<meta property=\"og:url\" content=\"https:\/\/ultramagic.com\/hot-air-balloons\/envelopes\/\" \/>\n<meta property=\"og:site_name\" content=\"Ultramagic\" \/>\n<meta property=\"article:publisher\" content=\"http:\/\/www.facebook.com\/ultramagicballons\" \/>\n<meta property=\"article:modified_time\" content=\"2024-01-23T07:13:54+00:00\" \/>\n<meta property=\"og:image\" content=\"https:\/\/ultramagic.com\/wp-content\/uploads\/2015\/06\/envelopes.png\" \/>\n\t<meta property=\"og:image:width\" content=\"75\" \/>\n\t<meta property=\"og:image:height\" content=\"75\" \/>\n\t<meta property=\"og:image:type\" content=\"image\/png\" \/>\n<meta name=\"twitter:card\" content=\"summary_large_image\" \/>\n<meta name=\"twitter:site\" content=\"@umballoons\" \/>\n<meta name=\"twitter:label1\" content=\"Temps estimat de lectura\" \/>\n\t<meta name=\"twitter:data1\" content=\"2 minuts\" \/>\n<script type=\"application\/ld+json\" class=\"yoast-schema-graph\">{\"@context\":\"https:\/\/schema.org\",\"@graph\":[{\"@type\":\"WebPage\",\"@id\":\"https:\/\/ultramagic.com\/hot-air-balloons\/envelopes\/\",\"url\":\"https:\/\/ultramagic.com\/hot-air-balloons\/envelopes\/\",\"name\":\"Embolcalls - Ultramagic\",\"isPartOf\":{\"@id\":\"https:\/\/ultramagic.com\/#website\"},\"primaryImageOfPage\":{\"@id\":\"https:\/\/ultramagic.com\/hot-air-balloons\/envelopes\/#primaryimage\"},\"image\":{\"@id\":\"https:\/\/ultramagic.com\/hot-air-balloons\/envelopes\/#primaryimage\"},\"thumbnailUrl\":\"https:\/\/ultramagic.com\/wp-content\/uploads\/2015\/06\/envelopes.png\",\"datePublished\":\"2016-04-05T16:03:11+00:00\",\"dateModified\":\"2024-01-23T07:13:54+00:00\",\"breadcrumb\":{\"@id\":\"https:\/\/ultramagic.com\/hot-air-balloons\/envelopes\/#breadcrumb\"},\"inLanguage\":\"ca\",\"potentialAction\":[{\"@type\":\"ReadAction\",\"target\":[\"https:\/\/ultramagic.com\/hot-air-balloons\/envelopes\/\"]}]},{\"@type\":\"ImageObject\",\"inLanguage\":\"ca\",\"@id\":\"https:\/\/ultramagic.com\/hot-air-balloons\/envelopes\/#primaryimage\",\"url\":\"https:\/\/ultramagic.com\/wp-content\/uploads\/2015\/06\/envelopes.png\",\"contentUrl\":\"https:\/\/ultramagic.com\/wp-content\/uploads\/2015\/06\/envelopes.png\",\"width\":75,\"height\":75},{\"@type\":\"BreadcrumbList\",\"@id\":\"https:\/\/ultramagic.com\/hot-air-balloons\/envelopes\/#breadcrumb\",\"itemListElement\":[{\"@type\":\"ListItem\",\"position\":1,\"name\":\"Home\",\"item\":\"https:\/\/ultramagic.com\/ca\/\"},{\"@type\":\"ListItem\",\"position\":2,\"name\":\"Globus aerost\u00e0tics\",\"item\":\"https:\/\/ultramagic.com\/hot-air-balloons\/\"},{\"@type\":\"ListItem\",\"position\":3,\"name\":\"Embolcalls\"}]},{\"@type\":\"WebSite\",\"@id\":\"https:\/\/ultramagic.com\/#website\",\"url\":\"https:\/\/ultramagic.com\/\",\"name\":\"Ultramagic\",\"description\":\"All about hot air balloon advertising industry and history.Hot air balloon photos and pictures. Enjoy the hot air balloon experience from your home.\",\"potentialAction\":[{\"@type\":\"SearchAction\",\"target\":{\"@type\":\"EntryPoint\",\"urlTemplate\":\"https:\/\/ultramagic.com\/?s={search_term_string}\"},\"query-input\":\"required name=search_term_string\"}],\"inLanguage\":\"ca\"}]}<\/script>\n<!-- \/ Yoast SEO plugin. -->","yoast_head_json":{"title":"Embolcalls - Ultramagic","robots":{"index":"index","follow":"follow","max-snippet":"max-snippet:-1","max-image-preview":"max-image-preview:large","max-video-preview":"max-video-preview:-1"},"canonical":"https:\/\/ultramagic.com\/hot-air-balloons\/envelopes\/","og_locale":"ca_ES","og_type":"article","og_title":"Embolcalls - Ultramagic","og_description":"Qualitat de llarga duraci\u00f3! Fetes amb els millors teixits del m\u00f3n. Models En cada vela d&#8217;Ultram\u00e0gic, la qualitat comen\u00e7a desde la fase de disseny i continua fins a finalitzar la fabricaci\u00f3, en un rigor\u00f3s vol de prova d&#8217;inspecci\u00f3. Ja sigui un pilot esportiu o un operador professional, si compra una vela Ultram\u00e0gic pot saber del [&hellip;]","og_url":"https:\/\/ultramagic.com\/hot-air-balloons\/envelopes\/","og_site_name":"Ultramagic","article_publisher":"http:\/\/www.facebook.com\/ultramagicballons","article_modified_time":"2024-01-23T07:13:54+00:00","og_image":[{"width":75,"height":75,"url":"https:\/\/ultramagic.com\/wp-content\/uploads\/2015\/06\/envelopes.png","type":"image\/png"}],"twitter_card":"summary_large_image","twitter_site":"@umballoons","twitter_misc":{"Temps estimat de lectura":"2 minuts"},"schema":{"@context":"https:\/\/schema.org","@graph":[{"@type":"WebPage","@id":"https:\/\/ultramagic.com\/hot-air-balloons\/envelopes\/","url":"https:\/\/ultramagic.com\/hot-air-balloons\/envelopes\/","name":"Embolcalls - Ultramagic","isPartOf":{"@id":"https:\/\/ultramagic.com\/#website"},"primaryImageOfPage":{"@id":"https:\/\/ultramagic.com\/hot-air-balloons\/envelopes\/#primaryimage"},"image":{"@id":"https:\/\/ultramagic.com\/hot-air-balloons\/envelopes\/#primaryimage"},"thumbnailUrl":"https:\/\/ultramagic.com\/wp-content\/uploads\/2015\/06\/envelopes.png","datePublished":"2016-04-05T16:03:11+00:00","dateModified":"2024-01-23T07:13:54+00:00","breadcrumb":{"@id":"https:\/\/ultramagic.com\/hot-air-balloons\/envelopes\/#breadcrumb"},"inLanguage":"ca","potentialAction":[{"@type":"ReadAction","target":["https:\/\/ultramagic.com\/hot-air-balloons\/envelopes\/"]}]},{"@type":"ImageObject","inLanguage":"ca","@id":"https:\/\/ultramagic.com\/hot-air-balloons\/envelopes\/#primaryimage","url":"https:\/\/ultramagic.com\/wp-content\/uploads\/2015\/06\/envelopes.png","contentUrl":"https:\/\/ultramagic.com\/wp-content\/uploads\/2015\/06\/envelopes.png","width":75,"height":75},{"@type":"BreadcrumbList","@id":"https:\/\/ultramagic.com\/hot-air-balloons\/envelopes\/#breadcrumb","itemListElement":[{"@type":"ListItem","position":1,"name":"Home","item":"https:\/\/ultramagic.com\/ca\/"},{"@type":"ListItem","position":2,"name":"Globus aerost\u00e0tics","item":"https:\/\/ultramagic.com\/hot-air-balloons\/"},{"@type":"ListItem","position":3,"name":"Embolcalls"}]},{"@type":"WebSite","@id":"https:\/\/ultramagic.com\/#website","url":"https:\/\/ultramagic.com\/","name":"Ultramagic","description":"All about hot air balloon advertising industry and history.Hot air balloon photos and pictures. Enjoy the hot air balloon experience from your home.","potentialAction":[{"@type":"SearchAction","target":{"@type":"EntryPoint","urlTemplate":"https:\/\/ultramagic.com\/?s={search_term_string}"},"query-input":"required name=search_term_string"}],"inLanguage":"ca"}]}},"_links":{"self":[{"href":"https:\/\/ultramagic.com\/ca\/wp-json\/wp\/v2\/pages\/9581"}],"collection":[{"href":"https:\/\/ultramagic.com\/ca\/wp-json\/wp\/v2\/pages"}],"about":[{"href":"https:\/\/ultramagic.com\/ca\/wp-json\/wp\/v2\/types\/page"}],"author":[{"embeddable":true,"href":"https:\/\/ultramagic.com\/ca\/wp-json\/wp\/v2\/users\/1"}],"replies":[{"embeddable":true,"href":"https:\/\/ultramagic.com\/ca\/wp-json\/wp\/v2\/comments?post=9581"}],"version-history":[{"count":3,"href":"https:\/\/ultramagic.com\/ca\/wp-json\/wp\/v2\/pages\/9581\/revisions"}],"predecessor-version":[{"id":18785,"href":"https:\/\/ultramagic.com\/ca\/wp-json\/wp\/v2\/pages\/9581\/revisions\/18785"}],"up":[{"embeddable":true,"href":"https:\/\/ultramagic.com\/ca\/wp-json\/wp\/v2\/pages\/9531"}],"wp:featuredmedia":[{"embeddable":true,"href":"https:\/\/ultramagic.com\/ca\/wp-json\/wp\/v2\/media\/244"}],"wp:attachment":[{"href":"https:\/\/ultramagic.com\/ca\/wp-json\/wp\/v2\/media?parent=9581"}],"curies":[{"name":"wp","href":"https:\/\/api.w.org\/{rel}","templated":true}]}}