{"id":9580,"date":"2016-04-05T18:02:37","date_gmt":"2016-04-05T16:02:37","guid":{"rendered":"http:\/\/ultramagic.creagia.com\/ca\/?page_id=9580"},"modified":"2016-11-10T12:59:10","modified_gmt":"2016-11-10T11:59:10","slug":"eco-magic","status":"publish","type":"page","link":"https:\/\/ultramagic.com\/ca\/globus-aerostatics\/eco-magic\/","title":{"rendered":"Eco Magic"},"content":{"rendered":"<blockquote><p>El globus aerost\u00e0tics mundialment de m\u00e9s baix consum. Quelcom realment especial disponible nom\u00e9s a Ultramagic<\/p><\/blockquote>\n<p>A Ultramagic estem orgullosos per haver introdu\u00eft la s\u00e8rie especial de globus EcoMagic fets a partir del teixit a\u00efllant aerofabrix\u00ae. Aquest teixit nom\u00e9s est\u00e0 disponible per globus aerost\u00e0tics dissenyats i fabricats per Ultramagic. Els globus EcoMagic contenen una fina capa d\u2019a\u00efllant aerofabrix\u00ae a l\u2019interior, a m\u00e9s d\u2019una tela d\u2019alumini en la part exterior. Despr\u00e9s de moltes hores de proves i de la deliberaci\u00f3 de molts models de producci\u00f3, s\u2019ha limitat el n\u00famero de comandes per aquests globus tan especials.<\/p>\n<p>&nbsp;<\/p>\n<p><strong>Per favor no s\u2019equivoqui. Els globus EcoMagic s\u00f3n molt especials.<img loading=\"lazy\" decoding=\"async\" class=\"alignright wp-image-7547\" src=\"http:\/\/ultramagic.com\/wp-content\/uploads\/2016\/02\/DSC_9304_OK-300x208.jpg\" alt=\"DSC_9304_OK\" width=\"400\" height=\"277\" srcset=\"https:\/\/ultramagic.com\/wp-content\/uploads\/2016\/02\/DSC_9304_OK-300x208.jpg 300w, https:\/\/ultramagic.com\/wp-content\/uploads\/2016\/02\/DSC_9304_OK-1024x709.jpg 1024w\" sizes=\"(max-width: 400px) 100vw, 400px\" \/><\/strong><\/p>\n<p>\u2022 No hi ha dubte que l\u2019a\u00efllant utilitzat pels globus EcoMagic assegura una major duraci\u00f3 de vol. Aix\u00f2 obre l\u2019oportunitat per utilitzar aquests globus en intentar trencar r\u00e8cords. L\u2019\u00fas de menys combustible significa haver de portar menys combustible a la cistella. Cosa que significa poder portar m\u00e9s passatgers.<\/p>\n<p>\u2022 El fet d\u2019haver de cremar menys obre la oportunitat per volar amb cremadors m\u00e9s petits i m\u00e9s lleugers.<\/p>\n<p>\u2022 Utilitzant menys combustible tamb\u00e9 pot estalviar costos en combustible per globus.<\/p>\n<p>\u2022 Cremar menys permet un vol m\u00e9s tranquil. Menys alteraci\u00f3 per cavalls i altres animals.<\/p>\n<p>\u2022 Temperatures m\u00e9s baixes de funcionament acaben donant una vida m\u00e9s llarga a la vela.<\/p>\n<p>\u2022 \u00c9s ambientalment amigable i tecnol\u00f2gicament eficient, fet que pot ajudar a trobar patrocinadors.<\/p>\n<p>\u2022 Tamb\u00e9 existeix la possibilitat de prendre avantatge parcial del teixit a\u00efllant aerofabrix\u00ae nom\u00e9s per la part superior de la vela.<\/p>\n<div id='gallery-1' class='gallery galleryid-9580 gallery-columns-4 gallery-size-medium'><dl class='gallery-item'>\n\t\t\t<dt class='gallery-icon landscape'>\n\t\t\t\t<a href='https:\/\/ultramagic.com\/wp-content\/uploads\/2016\/02\/balloon-concept.jpg'><img loading=\"lazy\" decoding=\"async\" width=\"300\" height=\"283\" src=\"https:\/\/ultramagic.com\/wp-content\/uploads\/2016\/02\/balloon-concept-300x283.jpg\" class=\"attachment-medium size-medium\" alt=\"\" srcset=\"https:\/\/ultramagic.com\/wp-content\/uploads\/2016\/02\/balloon-concept-300x283.jpg 300w, https:\/\/ultramagic.com\/wp-content\/uploads\/2016\/02\/balloon-concept-768x724.jpg 768w, https:\/\/ultramagic.com\/wp-content\/uploads\/2016\/02\/balloon-concept.jpg 900w\" sizes=\"(max-width: 300px) 100vw, 300px\" \/><\/a>\n\t\t\t<\/dt><\/dl><dl class='gallery-item'>\n\t\t\t<dt class='gallery-icon landscape'>\n\t\t\t\t<a href='https:\/\/ultramagic.com\/wp-content\/uploads\/2016\/02\/totalgaz.jpg'><img loading=\"lazy\" decoding=\"async\" width=\"300\" height=\"283\" src=\"https:\/\/ultramagic.com\/wp-content\/uploads\/2016\/02\/totalgaz-300x283.jpg\" class=\"attachment-medium size-medium\" alt=\"\" srcset=\"https:\/\/ultramagic.com\/wp-content\/uploads\/2016\/02\/totalgaz-300x283.jpg 300w, https:\/\/ultramagic.com\/wp-content\/uploads\/2016\/02\/totalgaz-768x724.jpg 768w, https:\/\/ultramagic.com\/wp-content\/uploads\/2016\/02\/totalgaz.jpg 900w\" sizes=\"(max-width: 300px) 100vw, 300px\" \/><\/a>\n\t\t\t<\/dt><\/dl><dl class='gallery-item'>\n\t\t\t<dt class='gallery-icon landscape'>\n\t\t\t\t<a href='https:\/\/ultramagic.com\/wp-content\/uploads\/2016\/02\/fhetc.jpg'><img loading=\"lazy\" decoding=\"async\" width=\"300\" height=\"283\" src=\"https:\/\/ultramagic.com\/wp-content\/uploads\/2016\/02\/fhetc-300x283.jpg\" class=\"attachment-medium size-medium\" alt=\"\" srcset=\"https:\/\/ultramagic.com\/wp-content\/uploads\/2016\/02\/fhetc-300x283.jpg 300w, https:\/\/ultramagic.com\/wp-content\/uploads\/2016\/02\/fhetc-768x724.jpg 768w, https:\/\/ultramagic.com\/wp-content\/uploads\/2016\/02\/fhetc.jpg 900w\" sizes=\"(max-width: 300px) 100vw, 300px\" \/><\/a>\n\t\t\t<\/dt><\/dl><dl class='gallery-item'>\n\t\t\t<dt class='gallery-icon landscape'>\n\t\t\t\t<a href='https:\/\/ultramagic.com\/wp-content\/uploads\/2016\/02\/meyer.jpg'><img loading=\"lazy\" decoding=\"async\" width=\"300\" height=\"283\" src=\"https:\/\/ultramagic.com\/wp-content\/uploads\/2016\/02\/meyer-300x283.jpg\" class=\"attachment-medium size-medium\" alt=\"\" srcset=\"https:\/\/ultramagic.com\/wp-content\/uploads\/2016\/02\/meyer-300x283.jpg 300w, https:\/\/ultramagic.com\/wp-content\/uploads\/2016\/02\/meyer-768x724.jpg 768w, https:\/\/ultramagic.com\/wp-content\/uploads\/2016\/02\/meyer.jpg 900w\" sizes=\"(max-width: 300px) 100vw, 300px\" \/><\/a>\n\t\t\t<\/dt><\/dl><br style=\"clear: both\" \/><dl class='gallery-item'>\n\t\t\t<dt class='gallery-icon landscape'>\n\t\t\t\t<a href='https:\/\/ultramagic.com\/wp-content\/uploads\/2016\/02\/vaillant.jpg'><img loading=\"lazy\" decoding=\"async\" width=\"300\" height=\"283\" src=\"https:\/\/ultramagic.com\/wp-content\/uploads\/2016\/02\/vaillant-300x283.jpg\" class=\"attachment-medium size-medium\" alt=\"\" srcset=\"https:\/\/ultramagic.com\/wp-content\/uploads\/2016\/02\/vaillant-300x283.jpg 300w, https:\/\/ultramagic.com\/wp-content\/uploads\/2016\/02\/vaillant-768x724.jpg 768w, https:\/\/ultramagic.com\/wp-content\/uploads\/2016\/02\/vaillant.jpg 900w\" sizes=\"(max-width: 300px) 100vw, 300px\" \/><\/a>\n\t\t\t<\/dt><\/dl><dl class='gallery-item'>\n\t\t\t<dt class='gallery-icon landscape'>\n\t\t\t\t<a href='https:\/\/ultramagic.com\/wp-content\/uploads\/2016\/02\/jan.jpg'><img loading=\"lazy\" decoding=\"async\" width=\"300\" height=\"283\" src=\"https:\/\/ultramagic.com\/wp-content\/uploads\/2016\/02\/jan-300x283.jpg\" class=\"attachment-medium size-medium\" alt=\"\" srcset=\"https:\/\/ultramagic.com\/wp-content\/uploads\/2016\/02\/jan-300x283.jpg 300w, https:\/\/ultramagic.com\/wp-content\/uploads\/2016\/02\/jan-768x724.jpg 768w, https:\/\/ultramagic.com\/wp-content\/uploads\/2016\/02\/jan.jpg 900w\" sizes=\"(max-width: 300px) 100vw, 300px\" \/><\/a>\n\t\t\t<\/dt><\/dl><dl class='gallery-item'>\n\t\t\t<dt class='gallery-icon landscape'>\n\t\t\t\t<a href='https:\/\/ultramagic.com\/wp-content\/uploads\/2016\/02\/hage.jpg'><img loading=\"lazy\" decoding=\"async\" width=\"300\" height=\"283\" src=\"https:\/\/ultramagic.com\/wp-content\/uploads\/2016\/02\/hage-300x283.jpg\" class=\"attachment-medium size-medium\" alt=\"\" srcset=\"https:\/\/ultramagic.com\/wp-content\/uploads\/2016\/02\/hage-300x283.jpg 300w, https:\/\/ultramagic.com\/wp-content\/uploads\/2016\/02\/hage-768x724.jpg 768w, https:\/\/ultramagic.com\/wp-content\/uploads\/2016\/02\/hage.jpg 900w\" sizes=\"(max-width: 300px) 100vw, 300px\" \/><\/a>\n\t\t\t<\/dt><\/dl><dl class='gallery-item'>\n\t\t\t<dt class='gallery-icon landscape'>\n\t\t\t\t<a href='https:\/\/ultramagic.com\/wp-content\/uploads\/2016\/02\/behensky.jpg'><img loading=\"lazy\" decoding=\"async\" width=\"300\" height=\"283\" src=\"https:\/\/ultramagic.com\/wp-content\/uploads\/2016\/02\/behensky-300x283.jpg\" class=\"attachment-medium size-medium\" alt=\"\" srcset=\"https:\/\/ultramagic.com\/wp-content\/uploads\/2016\/02\/behensky-300x283.jpg 300w, https:\/\/ultramagic.com\/wp-content\/uploads\/2016\/02\/behensky-768x724.jpg 768w, https:\/\/ultramagic.com\/wp-content\/uploads\/2016\/02\/behensky.jpg 900w\" sizes=\"(max-width: 300px) 100vw, 300px\" \/><\/a>\n\t\t\t<\/dt><\/dl><br style=\"clear: both\" \/>\n\t\t<\/div>\n\n","protected":false},"excerpt":{"rendered":"<p>El globus aerost\u00e0tics mundialment de m\u00e9s baix consum. Quelcom realment especial disponible nom\u00e9s a Ultramagic A Ultramagic estem orgullosos per haver introdu\u00eft la s\u00e8rie especial de globus EcoMagic fets a partir del teixit a\u00efllant aerofabrix\u00ae. Aquest teixit nom\u00e9s est\u00e0 disponible per globus aerost\u00e0tics dissenyats i fabricats per Ultramagic. Els globus EcoMagic contenen una fina capa [&hellip;]<\/p>\n","protected":false},"author":1,"featured_media":7572,"parent":9531,"menu_order":0,"comment_status":"closed","ping_status":"open","template":"page-globus-pare.php","meta":{"ngg_post_thumbnail":0,"footnotes":""},"yoast_head":"<!-- This site is optimized with the Yoast SEO plugin v22.7 - https:\/\/yoast.com\/wordpress\/plugins\/seo\/ -->\n<title>Eco Magic - Ultramagic<\/title>\n<meta name=\"robots\" content=\"index, follow, max-snippet:-1, max-image-preview:large, max-video-preview:-1\" \/>\n<link rel=\"canonical\" href=\"https:\/\/ultramagic.com\/hot-air-balloons\/eco-magic\/\" \/>\n<meta property=\"og:locale\" content=\"ca_ES\" \/>\n<meta property=\"og:type\" content=\"article\" \/>\n<meta property=\"og:title\" content=\"Eco Magic - Ultramagic\" \/>\n<meta property=\"og:description\" content=\"El globus aerost\u00e0tics mundialment de m\u00e9s baix consum. Quelcom realment especial disponible nom\u00e9s a Ultramagic A Ultramagic estem orgullosos per haver introdu\u00eft la s\u00e8rie especial de globus EcoMagic fets a partir del teixit a\u00efllant aerofabrix\u00ae. Aquest teixit nom\u00e9s est\u00e0 disponible per globus aerost\u00e0tics dissenyats i fabricats per Ultramagic. Els globus EcoMagic contenen una fina capa [&hellip;]\" \/>\n<meta property=\"og:url\" content=\"https:\/\/ultramagic.com\/hot-air-balloons\/eco-magic\/\" \/>\n<meta property=\"og:site_name\" content=\"Ultramagic\" \/>\n<meta property=\"article:publisher\" content=\"http:\/\/www.facebook.com\/ultramagicballons\" \/>\n<meta property=\"article:modified_time\" content=\"2016-11-10T11:59:10+00:00\" \/>\n<meta property=\"og:image\" content=\"https:\/\/ultramagic.com\/wp-content\/uploads\/2016\/02\/BOTO_DOBLECAPA_21.jpg\" \/>\n\t<meta property=\"og:image:width\" content=\"75\" \/>\n\t<meta property=\"og:image:height\" content=\"75\" \/>\n\t<meta property=\"og:image:type\" content=\"image\/jpeg\" \/>\n<meta name=\"twitter:card\" content=\"summary_large_image\" \/>\n<meta name=\"twitter:site\" content=\"@umballoons\" \/>\n<meta name=\"twitter:label1\" content=\"Temps estimat de lectura\" \/>\n\t<meta name=\"twitter:data1\" content=\"1 minut\" \/>\n<script type=\"application\/ld+json\" class=\"yoast-schema-graph\">{\"@context\":\"https:\/\/schema.org\",\"@graph\":[{\"@type\":\"WebPage\",\"@id\":\"https:\/\/ultramagic.com\/hot-air-balloons\/eco-magic\/\",\"url\":\"https:\/\/ultramagic.com\/hot-air-balloons\/eco-magic\/\",\"name\":\"Eco Magic - Ultramagic\",\"isPartOf\":{\"@id\":\"https:\/\/ultramagic.com\/#website\"},\"primaryImageOfPage\":{\"@id\":\"https:\/\/ultramagic.com\/hot-air-balloons\/eco-magic\/#primaryimage\"},\"image\":{\"@id\":\"https:\/\/ultramagic.com\/hot-air-balloons\/eco-magic\/#primaryimage\"},\"thumbnailUrl\":\"https:\/\/ultramagic.com\/wp-content\/uploads\/2016\/02\/BOTO_DOBLECAPA_21.jpg\",\"datePublished\":\"2016-04-05T16:02:37+00:00\",\"dateModified\":\"2016-11-10T11:59:10+00:00\",\"breadcrumb\":{\"@id\":\"https:\/\/ultramagic.com\/hot-air-balloons\/eco-magic\/#breadcrumb\"},\"inLanguage\":\"ca\",\"potentialAction\":[{\"@type\":\"ReadAction\",\"target\":[\"https:\/\/ultramagic.com\/hot-air-balloons\/eco-magic\/\"]}]},{\"@type\":\"ImageObject\",\"inLanguage\":\"ca\",\"@id\":\"https:\/\/ultramagic.com\/hot-air-balloons\/eco-magic\/#primaryimage\",\"url\":\"https:\/\/ultramagic.com\/wp-content\/uploads\/2016\/02\/BOTO_DOBLECAPA_21.jpg\",\"contentUrl\":\"https:\/\/ultramagic.com\/wp-content\/uploads\/2016\/02\/BOTO_DOBLECAPA_21.jpg\",\"width\":75,\"height\":75},{\"@type\":\"BreadcrumbList\",\"@id\":\"https:\/\/ultramagic.com\/hot-air-balloons\/eco-magic\/#breadcrumb\",\"itemListElement\":[{\"@type\":\"ListItem\",\"position\":1,\"name\":\"Home\",\"item\":\"https:\/\/ultramagic.com\/ca\/\"},{\"@type\":\"ListItem\",\"position\":2,\"name\":\"Globus aerost\u00e0tics\",\"item\":\"https:\/\/ultramagic.com\/hot-air-balloons\/\"},{\"@type\":\"ListItem\",\"position\":3,\"name\":\"Eco Magic\"}]},{\"@type\":\"WebSite\",\"@id\":\"https:\/\/ultramagic.com\/#website\",\"url\":\"https:\/\/ultramagic.com\/\",\"name\":\"Ultramagic\",\"description\":\"All about hot air balloon advertising industry and history.Hot air balloon photos and pictures. Enjoy the hot air balloon experience from your home.\",\"potentialAction\":[{\"@type\":\"SearchAction\",\"target\":{\"@type\":\"EntryPoint\",\"urlTemplate\":\"https:\/\/ultramagic.com\/?s={search_term_string}\"},\"query-input\":\"required name=search_term_string\"}],\"inLanguage\":\"ca\"}]}<\/script>\n<!-- \/ Yoast SEO plugin. -->","yoast_head_json":{"title":"Eco Magic - Ultramagic","robots":{"index":"index","follow":"follow","max-snippet":"max-snippet:-1","max-image-preview":"max-image-preview:large","max-video-preview":"max-video-preview:-1"},"canonical":"https:\/\/ultramagic.com\/hot-air-balloons\/eco-magic\/","og_locale":"ca_ES","og_type":"article","og_title":"Eco Magic - Ultramagic","og_description":"El globus aerost\u00e0tics mundialment de m\u00e9s baix consum. Quelcom realment especial disponible nom\u00e9s a Ultramagic A Ultramagic estem orgullosos per haver introdu\u00eft la s\u00e8rie especial de globus EcoMagic fets a partir del teixit a\u00efllant aerofabrix\u00ae. Aquest teixit nom\u00e9s est\u00e0 disponible per globus aerost\u00e0tics dissenyats i fabricats per Ultramagic. Els globus EcoMagic contenen una fina capa [&hellip;]","og_url":"https:\/\/ultramagic.com\/hot-air-balloons\/eco-magic\/","og_site_name":"Ultramagic","article_publisher":"http:\/\/www.facebook.com\/ultramagicballons","article_modified_time":"2016-11-10T11:59:10+00:00","og_image":[{"width":75,"height":75,"url":"https:\/\/ultramagic.com\/wp-content\/uploads\/2016\/02\/BOTO_DOBLECAPA_21.jpg","type":"image\/jpeg"}],"twitter_card":"summary_large_image","twitter_site":"@umballoons","twitter_misc":{"Temps estimat de lectura":"1 minut"},"schema":{"@context":"https:\/\/schema.org","@graph":[{"@type":"WebPage","@id":"https:\/\/ultramagic.com\/hot-air-balloons\/eco-magic\/","url":"https:\/\/ultramagic.com\/hot-air-balloons\/eco-magic\/","name":"Eco Magic - Ultramagic","isPartOf":{"@id":"https:\/\/ultramagic.com\/#website"},"primaryImageOfPage":{"@id":"https:\/\/ultramagic.com\/hot-air-balloons\/eco-magic\/#primaryimage"},"image":{"@id":"https:\/\/ultramagic.com\/hot-air-balloons\/eco-magic\/#primaryimage"},"thumbnailUrl":"https:\/\/ultramagic.com\/wp-content\/uploads\/2016\/02\/BOTO_DOBLECAPA_21.jpg","datePublished":"2016-04-05T16:02:37+00:00","dateModified":"2016-11-10T11:59:10+00:00","breadcrumb":{"@id":"https:\/\/ultramagic.com\/hot-air-balloons\/eco-magic\/#breadcrumb"},"inLanguage":"ca","potentialAction":[{"@type":"ReadAction","target":["https:\/\/ultramagic.com\/hot-air-balloons\/eco-magic\/"]}]},{"@type":"ImageObject","inLanguage":"ca","@id":"https:\/\/ultramagic.com\/hot-air-balloons\/eco-magic\/#primaryimage","url":"https:\/\/ultramagic.com\/wp-content\/uploads\/2016\/02\/BOTO_DOBLECAPA_21.jpg","contentUrl":"https:\/\/ultramagic.com\/wp-content\/uploads\/2016\/02\/BOTO_DOBLECAPA_21.jpg","width":75,"height":75},{"@type":"BreadcrumbList","@id":"https:\/\/ultramagic.com\/hot-air-balloons\/eco-magic\/#breadcrumb","itemListElement":[{"@type":"ListItem","position":1,"name":"Home","item":"https:\/\/ultramagic.com\/ca\/"},{"@type":"ListItem","position":2,"name":"Globus aerost\u00e0tics","item":"https:\/\/ultramagic.com\/hot-air-balloons\/"},{"@type":"ListItem","position":3,"name":"Eco Magic"}]},{"@type":"WebSite","@id":"https:\/\/ultramagic.com\/#website","url":"https:\/\/ultramagic.com\/","name":"Ultramagic","description":"All about hot air balloon advertising industry and history.Hot air balloon photos and pictures. Enjoy the hot air balloon experience from your home.","potentialAction":[{"@type":"SearchAction","target":{"@type":"EntryPoint","urlTemplate":"https:\/\/ultramagic.com\/?s={search_term_string}"},"query-input":"required name=search_term_string"}],"inLanguage":"ca"}]}},"_links":{"self":[{"href":"https:\/\/ultramagic.com\/ca\/wp-json\/wp\/v2\/pages\/9580"}],"collection":[{"href":"https:\/\/ultramagic.com\/ca\/wp-json\/wp\/v2\/pages"}],"about":[{"href":"https:\/\/ultramagic.com\/ca\/wp-json\/wp\/v2\/types\/page"}],"author":[{"embeddable":true,"href":"https:\/\/ultramagic.com\/ca\/wp-json\/wp\/v2\/users\/1"}],"replies":[{"embeddable":true,"href":"https:\/\/ultramagic.com\/ca\/wp-json\/wp\/v2\/comments?post=9580"}],"version-history":[{"count":4,"href":"https:\/\/ultramagic.com\/ca\/wp-json\/wp\/v2\/pages\/9580\/revisions"}],"predecessor-version":[{"id":10953,"href":"https:\/\/ultramagic.com\/ca\/wp-json\/wp\/v2\/pages\/9580\/revisions\/10953"}],"up":[{"embeddable":true,"href":"https:\/\/ultramagic.com\/ca\/wp-json\/wp\/v2\/pages\/9531"}],"wp:featuredmedia":[{"embeddable":true,"href":"https:\/\/ultramagic.com\/ca\/wp-json\/wp\/v2\/media\/7572"}],"wp:attachment":[{"href":"https:\/\/ultramagic.com\/ca\/wp-json\/wp\/v2\/media?parent=9580"}],"curies":[{"name":"wp","href":"https:\/\/api.w.org\/{rel}","templated":true}]}}