{"id":9579,"date":"2016-04-05T18:02:30","date_gmt":"2016-04-05T16:02:30","guid":{"rendered":"http:\/\/ultramagic.creagia.com\/ca\/?page_id=9579"},"modified":"2016-11-10T11:50:18","modified_gmt":"2016-11-10T10:50:18","slug":"cremadors","status":"publish","type":"page","link":"https:\/\/ultramagic.com\/ca\/globus-aerostatics\/cremadors\/","title":{"rendered":"Cremadors"},"content":{"rendered":"<h2>L\u00edders mundials en tecnologia.<\/h2>\n<p>Oferim la m\u00e9s avan\u00e7ada i amplia elecci\u00f3 de cremadors de la ind\u00fastria. Els cremadors d\u2019Ultramagic tenen una reputaci\u00f3 envejable per ser segurs, potents, amb poc soroll, amb plaer a l\u2019utilitzar-los i de f\u00e0cil manteniment. Estan disponibles en configuraci\u00f3 individual, doble, triple i qu\u00e0druple amb diferents opcions d\u2019estil i disseny de la pot\u00e8ncia. Els nostres cremadors s\u00f3n una bona combinaci\u00f3 entre seguretat i pot\u00e8ncia a la vegada que calma i silenci assegurant un bon inflat del globus. Estan complementats amb una amplia gamma de marcs d\u2019acer inoxidable de qualitat d\u2019aviaci\u00f3 dissenyats per adaptar-se a totes les mides i tipus de cistelles. La configuraci\u00f3 doble, triple i qu\u00e0druple estan equipades amb un sistema de bloqueig d\u2019eixos central altament maniobrable que es poden adaptar a les necessitats personals del pilot.<\/p>\n","protected":false},"excerpt":{"rendered":"<p>L\u00edders mundials en tecnologia. Oferim la m\u00e9s avan\u00e7ada i amplia elecci\u00f3 de cremadors de la ind\u00fastria. Els cremadors d\u2019Ultramagic tenen una reputaci\u00f3 envejable per ser segurs, potents, amb poc soroll, amb plaer a l\u2019utilitzar-los i de f\u00e0cil manteniment. Estan disponibles en configuraci\u00f3 individual, doble, triple i qu\u00e0druple amb diferents opcions d\u2019estil i disseny de la [&hellip;]<\/p>\n","protected":false},"author":1,"featured_media":7579,"parent":9531,"menu_order":0,"comment_status":"closed","ping_status":"open","template":"page-globus-pare.php","meta":{"ngg_post_thumbnail":0,"footnotes":""},"yoast_head":"<!-- This site is optimized with the Yoast SEO plugin v22.7 - https:\/\/yoast.com\/wordpress\/plugins\/seo\/ -->\n<title>Cremadors - Ultramagic<\/title>\n<meta name=\"robots\" content=\"index, follow, max-snippet:-1, max-image-preview:large, max-video-preview:-1\" \/>\n<link rel=\"canonical\" href=\"https:\/\/ultramagic.com\/hot-air-balloons\/burners\/\" \/>\n<meta property=\"og:locale\" content=\"ca_ES\" \/>\n<meta property=\"og:type\" content=\"article\" \/>\n<meta property=\"og:title\" content=\"Cremadors - Ultramagic\" \/>\n<meta property=\"og:description\" content=\"L\u00edders mundials en tecnologia. Oferim la m\u00e9s avan\u00e7ada i amplia elecci\u00f3 de cremadors de la ind\u00fastria. Els cremadors d\u2019Ultramagic tenen una reputaci\u00f3 envejable per ser segurs, potents, amb poc soroll, amb plaer a l\u2019utilitzar-los i de f\u00e0cil manteniment. Estan disponibles en configuraci\u00f3 individual, doble, triple i qu\u00e0druple amb diferents opcions d\u2019estil i disseny de la [&hellip;]\" \/>\n<meta property=\"og:url\" content=\"https:\/\/ultramagic.com\/hot-air-balloons\/burners\/\" \/>\n<meta property=\"og:site_name\" content=\"Ultramagic\" \/>\n<meta property=\"article:publisher\" content=\"http:\/\/www.facebook.com\/ultramagicballons\" \/>\n<meta property=\"article:modified_time\" content=\"2016-11-10T10:50:18+00:00\" \/>\n<meta property=\"og:image\" content=\"https:\/\/ultramagic.com\/wp-content\/uploads\/2015\/06\/BOTO_CREMADORS.jpg\" \/>\n\t<meta property=\"og:image:width\" content=\"75\" \/>\n\t<meta property=\"og:image:height\" content=\"75\" \/>\n\t<meta property=\"og:image:type\" content=\"image\/jpeg\" \/>\n<meta name=\"twitter:card\" content=\"summary_large_image\" \/>\n<meta name=\"twitter:site\" content=\"@umballoons\" \/>\n<meta name=\"twitter:label1\" content=\"Temps estimat de lectura\" \/>\n\t<meta name=\"twitter:data1\" content=\"1 minut\" \/>\n<script type=\"application\/ld+json\" class=\"yoast-schema-graph\">{\"@context\":\"https:\/\/schema.org\",\"@graph\":[{\"@type\":\"WebPage\",\"@id\":\"https:\/\/ultramagic.com\/hot-air-balloons\/burners\/\",\"url\":\"https:\/\/ultramagic.com\/hot-air-balloons\/burners\/\",\"name\":\"Cremadors - Ultramagic\",\"isPartOf\":{\"@id\":\"https:\/\/ultramagic.com\/#website\"},\"primaryImageOfPage\":{\"@id\":\"https:\/\/ultramagic.com\/hot-air-balloons\/burners\/#primaryimage\"},\"image\":{\"@id\":\"https:\/\/ultramagic.com\/hot-air-balloons\/burners\/#primaryimage\"},\"thumbnailUrl\":\"https:\/\/ultramagic.com\/wp-content\/uploads\/2015\/06\/BOTO_CREMADORS.jpg\",\"datePublished\":\"2016-04-05T16:02:30+00:00\",\"dateModified\":\"2016-11-10T10:50:18+00:00\",\"breadcrumb\":{\"@id\":\"https:\/\/ultramagic.com\/hot-air-balloons\/burners\/#breadcrumb\"},\"inLanguage\":\"ca\",\"potentialAction\":[{\"@type\":\"ReadAction\",\"target\":[\"https:\/\/ultramagic.com\/hot-air-balloons\/burners\/\"]}]},{\"@type\":\"ImageObject\",\"inLanguage\":\"ca\",\"@id\":\"https:\/\/ultramagic.com\/hot-air-balloons\/burners\/#primaryimage\",\"url\":\"https:\/\/ultramagic.com\/wp-content\/uploads\/2015\/06\/BOTO_CREMADORS.jpg\",\"contentUrl\":\"https:\/\/ultramagic.com\/wp-content\/uploads\/2015\/06\/BOTO_CREMADORS.jpg\",\"width\":75,\"height\":75},{\"@type\":\"BreadcrumbList\",\"@id\":\"https:\/\/ultramagic.com\/hot-air-balloons\/burners\/#breadcrumb\",\"itemListElement\":[{\"@type\":\"ListItem\",\"position\":1,\"name\":\"Home\",\"item\":\"https:\/\/ultramagic.com\/ca\/\"},{\"@type\":\"ListItem\",\"position\":2,\"name\":\"Globus aerost\u00e0tics\",\"item\":\"https:\/\/ultramagic.com\/hot-air-balloons\/\"},{\"@type\":\"ListItem\",\"position\":3,\"name\":\"Cremadors\"}]},{\"@type\":\"WebSite\",\"@id\":\"https:\/\/ultramagic.com\/#website\",\"url\":\"https:\/\/ultramagic.com\/\",\"name\":\"Ultramagic\",\"description\":\"All about hot air balloon advertising industry and history.Hot air balloon photos and pictures. Enjoy the hot air balloon experience from your home.\",\"potentialAction\":[{\"@type\":\"SearchAction\",\"target\":{\"@type\":\"EntryPoint\",\"urlTemplate\":\"https:\/\/ultramagic.com\/?s={search_term_string}\"},\"query-input\":\"required name=search_term_string\"}],\"inLanguage\":\"ca\"}]}<\/script>\n<!-- \/ Yoast SEO plugin. -->","yoast_head_json":{"title":"Cremadors - Ultramagic","robots":{"index":"index","follow":"follow","max-snippet":"max-snippet:-1","max-image-preview":"max-image-preview:large","max-video-preview":"max-video-preview:-1"},"canonical":"https:\/\/ultramagic.com\/hot-air-balloons\/burners\/","og_locale":"ca_ES","og_type":"article","og_title":"Cremadors - Ultramagic","og_description":"L\u00edders mundials en tecnologia. Oferim la m\u00e9s avan\u00e7ada i amplia elecci\u00f3 de cremadors de la ind\u00fastria. Els cremadors d\u2019Ultramagic tenen una reputaci\u00f3 envejable per ser segurs, potents, amb poc soroll, amb plaer a l\u2019utilitzar-los i de f\u00e0cil manteniment. Estan disponibles en configuraci\u00f3 individual, doble, triple i qu\u00e0druple amb diferents opcions d\u2019estil i disseny de la [&hellip;]","og_url":"https:\/\/ultramagic.com\/hot-air-balloons\/burners\/","og_site_name":"Ultramagic","article_publisher":"http:\/\/www.facebook.com\/ultramagicballons","article_modified_time":"2016-11-10T10:50:18+00:00","og_image":[{"width":75,"height":75,"url":"https:\/\/ultramagic.com\/wp-content\/uploads\/2015\/06\/BOTO_CREMADORS.jpg","type":"image\/jpeg"}],"twitter_card":"summary_large_image","twitter_site":"@umballoons","twitter_misc":{"Temps estimat de lectura":"1 minut"},"schema":{"@context":"https:\/\/schema.org","@graph":[{"@type":"WebPage","@id":"https:\/\/ultramagic.com\/hot-air-balloons\/burners\/","url":"https:\/\/ultramagic.com\/hot-air-balloons\/burners\/","name":"Cremadors - Ultramagic","isPartOf":{"@id":"https:\/\/ultramagic.com\/#website"},"primaryImageOfPage":{"@id":"https:\/\/ultramagic.com\/hot-air-balloons\/burners\/#primaryimage"},"image":{"@id":"https:\/\/ultramagic.com\/hot-air-balloons\/burners\/#primaryimage"},"thumbnailUrl":"https:\/\/ultramagic.com\/wp-content\/uploads\/2015\/06\/BOTO_CREMADORS.jpg","datePublished":"2016-04-05T16:02:30+00:00","dateModified":"2016-11-10T10:50:18+00:00","breadcrumb":{"@id":"https:\/\/ultramagic.com\/hot-air-balloons\/burners\/#breadcrumb"},"inLanguage":"ca","potentialAction":[{"@type":"ReadAction","target":["https:\/\/ultramagic.com\/hot-air-balloons\/burners\/"]}]},{"@type":"ImageObject","inLanguage":"ca","@id":"https:\/\/ultramagic.com\/hot-air-balloons\/burners\/#primaryimage","url":"https:\/\/ultramagic.com\/wp-content\/uploads\/2015\/06\/BOTO_CREMADORS.jpg","contentUrl":"https:\/\/ultramagic.com\/wp-content\/uploads\/2015\/06\/BOTO_CREMADORS.jpg","width":75,"height":75},{"@type":"BreadcrumbList","@id":"https:\/\/ultramagic.com\/hot-air-balloons\/burners\/#breadcrumb","itemListElement":[{"@type":"ListItem","position":1,"name":"Home","item":"https:\/\/ultramagic.com\/ca\/"},{"@type":"ListItem","position":2,"name":"Globus aerost\u00e0tics","item":"https:\/\/ultramagic.com\/hot-air-balloons\/"},{"@type":"ListItem","position":3,"name":"Cremadors"}]},{"@type":"WebSite","@id":"https:\/\/ultramagic.com\/#website","url":"https:\/\/ultramagic.com\/","name":"Ultramagic","description":"All about hot air balloon advertising industry and history.Hot air balloon photos and pictures. Enjoy the hot air balloon experience from your home.","potentialAction":[{"@type":"SearchAction","target":{"@type":"EntryPoint","urlTemplate":"https:\/\/ultramagic.com\/?s={search_term_string}"},"query-input":"required name=search_term_string"}],"inLanguage":"ca"}]}},"_links":{"self":[{"href":"https:\/\/ultramagic.com\/ca\/wp-json\/wp\/v2\/pages\/9579"}],"collection":[{"href":"https:\/\/ultramagic.com\/ca\/wp-json\/wp\/v2\/pages"}],"about":[{"href":"https:\/\/ultramagic.com\/ca\/wp-json\/wp\/v2\/types\/page"}],"author":[{"embeddable":true,"href":"https:\/\/ultramagic.com\/ca\/wp-json\/wp\/v2\/users\/1"}],"replies":[{"embeddable":true,"href":"https:\/\/ultramagic.com\/ca\/wp-json\/wp\/v2\/comments?post=9579"}],"version-history":[{"count":2,"href":"https:\/\/ultramagic.com\/ca\/wp-json\/wp\/v2\/pages\/9579\/revisions"}],"predecessor-version":[{"id":10946,"href":"https:\/\/ultramagic.com\/ca\/wp-json\/wp\/v2\/pages\/9579\/revisions\/10946"}],"up":[{"embeddable":true,"href":"https:\/\/ultramagic.com\/ca\/wp-json\/wp\/v2\/pages\/9531"}],"wp:featuredmedia":[{"embeddable":true,"href":"https:\/\/ultramagic.com\/ca\/wp-json\/wp\/v2\/media\/7579"}],"wp:attachment":[{"href":"https:\/\/ultramagic.com\/ca\/wp-json\/wp\/v2\/media?parent=9579"}],"curies":[{"name":"wp","href":"https:\/\/api.w.org\/{rel}","templated":true}]}}