{"id":9564,"date":"2016-04-05T17:57:45","date_gmt":"2016-04-05T15:57:45","guid":{"rendered":"http:\/\/ultramagic.creagia.com\/ca\/?page_id=9564"},"modified":"2016-11-10T16:16:45","modified_gmt":"2016-11-10T15:16:45","slug":"ancillary","status":"publish","type":"page","link":"https:\/\/ultramagic.com\/ca\/globus-aerostatics\/ancillary\/","title":{"rendered":"Equip Auxiliar"},"content":{"rendered":"<h2>Bombones de combustible, ventiladors d\u2019inflat, proteccions t\u00e8rmiques, accessoris, recanvis, instruments&#8230;<\/h2>\n<p><strong>Bombones de combustible en Acer Inoxidable Duplex.<\/strong><\/p>\n<p>Totes les bombones Ultramagic estan fabricades amb acer inoxidable Duplex d\u2019alta qualitat, sent aprovades per omplir i transportar per carretera segons la norma Europea. Disponibles en 3 mesures (20, 30 i 40 kg), poden acomodar-se a tot tipus de cistella i operaci\u00f3. Les bombones incorporen un nivell mec\u00e0nic de forma est\u00e0ndard i una purga per control de l\u2019omplert. Totes les unitats disposen d\u2019una v\u00e0lvula de sobrepressi\u00f3 de disseny exclusiu Ultramagic, aix\u00ed com una v\u00e0lvula de tancament r\u00e0pid per major seguretat i confort.<br \/>\nLes connexions per fase l\u00edquida estan disponibles en connector Rego i Tema, ambdues equipades amb taps. El seu disseny permet la instal\u00b7laci\u00f3 de v\u00e0lvules de vapor amb regulador, per alimentar cremadors amb flama pilot a vapor. Tamb\u00e9 s\u2019ofereix com accessori un sistema de purga remot, per permetre la carga en la mateixa cistella (segons permeti la normativa local). Les bombones inclouen una funda encoixinada i un protector d\u2019espuma en el collar superior.<\/p>\n<p><strong>Ventiladors d\u2019inflats.<\/strong><\/p>\n<p>Ultramagic ofereix un rang d\u2019eficients ventiladors d\u2019inflat amb pot\u00e8ncies de 3cv, 5.5cv, 9cv i 13cv per cobrir qualsevol necessitat i tipus d\u2019operaci\u00f3. Tots els ventiladors Ultramagic s\u00f3n de fabricaci\u00f3 pr\u00f2pia, seguint els mateixos controls rigorosos que s\u2019apliquen en la fabricaci\u00f3 i muntatge dels cremadors i sistemes de combustible. La seva estructura resistent d\u2019acer inoxidable els permet resistir les condicions m\u00e9s rigoroses, tal i com l\u2019experi\u00e8ncia d\u2019alguns dels nostres clients demostra, amb unitats operant mils d\u2019hores en condicions molt dures. Les unitats de 5.5, 9 i 13cv s\u2019equipen amb rodes basculants , que permeten un f\u00e0cil transport i un bloqueig ferm quan el ventilador est\u00e0 en ple funcionament. Ultramagic nom\u00e9s utilitza els mundialment famosos motors Honda per equipar els ventiladors, els quals a la vegada s\u2019acoblen a una h\u00e8lice de disseny exclusiu desenvolupada conjuntament amb experts d\u2019aviaci\u00f3, la qual es fabrica a m\u00e0 de forma molt rigorosa sota un control molt estricte. Cada unitat \u00e9s acoblada, equilibrada i provada a la f\u00e0brica d\u2019Ultramagic. Les parts m\u00f2bils es protegeixen dins una g\u00e0bia inoxidable capa\u00e7 de permetre un gran caudal d\u2019aire i una gran resist\u00e8ncia, a la vegada que les condicions associades a una operaci\u00f3 en condicions dures. Totes les unitats s\u2019adapten als requisits Europeus en quant al mercat de la CE, entregant-se amb la garantia d\u2019Honda i un manual d\u2019usuari.<\/p>\n<p><a href=\"http:\/\/ultramagic.com\/wp-content\/uploads\/2015\/06\/Fan.jpg\"><img loading=\"lazy\" decoding=\"async\" class=\"alignleft wp-image-7352 size-large\" src=\"http:\/\/ultramagic.com\/wp-content\/uploads\/2015\/06\/Fan-1024x675.jpg\" alt=\"Fan\" width=\"1024\" height=\"675\" srcset=\"https:\/\/ultramagic.com\/wp-content\/uploads\/2015\/06\/Fan-1024x675.jpg 1024w, https:\/\/ultramagic.com\/wp-content\/uploads\/2015\/06\/Fan-300x198.jpg 300w, https:\/\/ultramagic.com\/wp-content\/uploads\/2015\/06\/Fan.jpg 2048w\" sizes=\"(max-width: 1024px) 100vw, 1024px\" \/><\/a><\/p>\n<p>&nbsp;<\/p>\n<p><strong>Escuts t\u00e8rmics extensibles \u2013 \u201corelles d\u2019elefant\u201d.<\/strong><\/p>\n<p>Tots els quadres de suport de cremador per cistelles de passatgers inclouen de forma est\u00e0ndard una protecci\u00f3 t\u00e8rmica d\u2019alumini. Els models de major mida poden equipar-se de forma opcional, amb escuts t\u00e8rmics extensibles, tamb\u00e9 coneguts com \u201corelles d\u2019elefant\u201d. Aquests poden desplegar-se i incrementar la comoditat dels passatgers situats als extrems de la cistella. Durant el transport, aquests poden amagar-se sense necessitat d\u2019eines especials.<\/p>\n<div id='gallery-1' class='gallery galleryid-9564 gallery-columns-4 gallery-size-medium'><dl class='gallery-item'>\n\t\t\t<dt class='gallery-icon landscape'>\n\t\t\t\t<a href='https:\/\/ultramagic.com\/wp-content\/uploads\/2016\/04\/Orelles-elefant-1.jpg'><img loading=\"lazy\" decoding=\"async\" width=\"300\" height=\"225\" src=\"https:\/\/ultramagic.com\/wp-content\/uploads\/2016\/04\/Orelles-elefant-1-300x225.jpg\" class=\"attachment-medium size-medium\" alt=\"\" srcset=\"https:\/\/ultramagic.com\/wp-content\/uploads\/2016\/04\/Orelles-elefant-1-300x225.jpg 300w, https:\/\/ultramagic.com\/wp-content\/uploads\/2016\/04\/Orelles-elefant-1-768x576.jpg 768w, https:\/\/ultramagic.com\/wp-content\/uploads\/2016\/04\/Orelles-elefant-1-1024x768.jpg 1024w, https:\/\/ultramagic.com\/wp-content\/uploads\/2016\/04\/Orelles-elefant-1.jpg 2048w\" sizes=\"(max-width: 300px) 100vw, 300px\" \/><\/a>\n\t\t\t<\/dt><\/dl><dl class='gallery-item'>\n\t\t\t<dt class='gallery-icon landscape'>\n\t\t\t\t<a href='https:\/\/ultramagic.com\/wp-content\/uploads\/2016\/04\/Orelles-elefant-2.jpg'><img loading=\"lazy\" decoding=\"async\" width=\"300\" height=\"225\" src=\"https:\/\/ultramagic.com\/wp-content\/uploads\/2016\/04\/Orelles-elefant-2-300x225.jpg\" class=\"attachment-medium size-medium\" alt=\"\" srcset=\"https:\/\/ultramagic.com\/wp-content\/uploads\/2016\/04\/Orelles-elefant-2-300x225.jpg 300w, https:\/\/ultramagic.com\/wp-content\/uploads\/2016\/04\/Orelles-elefant-2-768x576.jpg 768w, https:\/\/ultramagic.com\/wp-content\/uploads\/2016\/04\/Orelles-elefant-2-1024x768.jpg 1024w, https:\/\/ultramagic.com\/wp-content\/uploads\/2016\/04\/Orelles-elefant-2.jpg 2048w\" sizes=\"(max-width: 300px) 100vw, 300px\" \/><\/a>\n\t\t\t<\/dt><\/dl>\n\t\t\t<br style='clear: both' \/>\n\t\t<\/div>\n\n<p><strong>Accessoris i recanvis.<\/strong><\/p>\n<p>Ultramagic posa a disposici\u00f3 dels seus clients un ampli rang d\u2019accessoris, aix\u00ed com tots els recanvis necessaris pel manteniment dels seus globus. Ja siguin bosses especials, cintes de maniobra, equips per captius, connexions de combustible o la junta t\u00f2rica m\u00e9s petita; tot pot trobar-se al Cat\u00e0leg Il\u00b7lustrat de Peces.<\/p>\n<div id='gallery-2' class='gallery galleryid-9564 gallery-columns-3 gallery-size-medium'><dl class='gallery-item'>\n\t\t\t<dt class='gallery-icon landscape'>\n\t\t\t\t<a href='https:\/\/ultramagic.com\/wp-content\/uploads\/2015\/06\/Quick_release_OK.jpg'><img loading=\"lazy\" decoding=\"async\" width=\"300\" height=\"215\" src=\"https:\/\/ultramagic.com\/wp-content\/uploads\/2015\/06\/Quick_release_OK-300x215.jpg\" class=\"attachment-medium size-medium\" alt=\"\" srcset=\"https:\/\/ultramagic.com\/wp-content\/uploads\/2015\/06\/Quick_release_OK-300x215.jpg 300w, https:\/\/ultramagic.com\/wp-content\/uploads\/2015\/06\/Quick_release_OK-768x550.jpg 768w, https:\/\/ultramagic.com\/wp-content\/uploads\/2015\/06\/Quick_release_OK-1024x733.jpg 1024w, https:\/\/ultramagic.com\/wp-content\/uploads\/2015\/06\/Quick_release_OK.jpg 1522w\" sizes=\"(max-width: 300px) 100vw, 300px\" \/><\/a>\n\t\t\t<\/dt><\/dl>\n\t\t\t<br style='clear: both' \/>\n\t\t<\/div>\n\n<p><strong>Instruments, r\u00e0dios, GPS.<\/strong><\/p>\n<p>Disposem d\u2019un gran cat\u00e0leg d\u2019instruments. Un dels productes estrella \u00e9s el c\u00e8lebre i multifuncional Digitool, el preferit de molts pilots. Tamb\u00e9 disposem del Flytec 3040, que tamb\u00e9 incorpora un prec\u00eds vari\u00f2metre, alt\u00edmetre QNH\/QFE, term\u00f2metre ambient, sensor de temperatura d\u2019embolcall sense cables i rellotge. Alternativament, el Flytec 4005 constitueix una opci\u00f3 m\u00e9s econ\u00f2mica prescindint nom\u00e9s del sensor d\u2019embolcallament. Per altra banda, disposem dels sistemes de r\u00e0dios de banda aeron\u00e0utica, transponders i sistemes GPS integrats m\u00e9s compactes i avan\u00e7ats del sector.<\/p>\n<div id='gallery-3' class='gallery galleryid-9564 gallery-columns-4 gallery-size-medium'><dl class='gallery-item'>\n\t\t\t<dt class='gallery-icon landscape'>\n\t\t\t\t<a href='https:\/\/ultramagic.com\/wp-content\/uploads\/2015\/06\/transponder-juliol-2014_OK.jpg'><img loading=\"lazy\" decoding=\"async\" width=\"300\" height=\"272\" src=\"https:\/\/ultramagic.com\/wp-content\/uploads\/2015\/06\/transponder-juliol-2014_OK-300x272.jpg\" class=\"attachment-medium size-medium\" alt=\"\" srcset=\"https:\/\/ultramagic.com\/wp-content\/uploads\/2015\/06\/transponder-juliol-2014_OK-300x272.jpg 300w, https:\/\/ultramagic.com\/wp-content\/uploads\/2015\/06\/transponder-juliol-2014_OK-768x698.jpg 768w, https:\/\/ultramagic.com\/wp-content\/uploads\/2015\/06\/transponder-juliol-2014_OK-1024x930.jpg 1024w, https:\/\/ultramagic.com\/wp-content\/uploads\/2015\/06\/transponder-juliol-2014_OK.jpg 1450w\" sizes=\"(max-width: 300px) 100vw, 300px\" \/><\/a>\n\t\t\t<\/dt><\/dl><dl class='gallery-item'>\n\t\t\t<dt class='gallery-icon landscape'>\n\t\t\t\t<a href='https:\/\/ultramagic.com\/wp-content\/uploads\/2015\/06\/transponder-juliol-2014-3_OK.jpg'><img loading=\"lazy\" decoding=\"async\" width=\"300\" height=\"192\" src=\"https:\/\/ultramagic.com\/wp-content\/uploads\/2015\/06\/transponder-juliol-2014-3_OK-300x192.jpg\" class=\"attachment-medium size-medium\" alt=\"\" srcset=\"https:\/\/ultramagic.com\/wp-content\/uploads\/2015\/06\/transponder-juliol-2014-3_OK-300x192.jpg 300w, https:\/\/ultramagic.com\/wp-content\/uploads\/2015\/06\/transponder-juliol-2014-3_OK-768x493.jpg 768w, https:\/\/ultramagic.com\/wp-content\/uploads\/2015\/06\/transponder-juliol-2014-3_OK-1024x657.jpg 1024w, https:\/\/ultramagic.com\/wp-content\/uploads\/2015\/06\/transponder-juliol-2014-3_OK.jpg 1626w\" sizes=\"(max-width: 300px) 100vw, 300px\" \/><\/a>\n\t\t\t<\/dt><\/dl>\n\t\t\t<br style='clear: both' \/>\n\t\t<\/div>\n\n<p>&nbsp;<\/p>\n","protected":false},"excerpt":{"rendered":"<p>Bombones de combustible, ventiladors d\u2019inflat, proteccions t\u00e8rmiques, accessoris, recanvis, instruments&#8230; Bombones de combustible en Acer Inoxidable Duplex. Totes les bombones Ultramagic estan fabricades amb acer inoxidable Duplex d\u2019alta qualitat, sent aprovades per omplir i transportar per carretera segons la norma Europea. Disponibles en 3 mesures (20, 30 i 40 kg), poden acomodar-se a tot tipus [&hellip;]<\/p>\n","protected":false},"author":1,"featured_media":250,"parent":9531,"menu_order":0,"comment_status":"closed","ping_status":"open","template":"page-fotos.php","meta":{"ngg_post_thumbnail":0,"footnotes":""},"yoast_head":"<!-- This site is optimized with the Yoast SEO plugin v22.7 - https:\/\/yoast.com\/wordpress\/plugins\/seo\/ -->\n<title>Equip Auxiliar - Ultramagic<\/title>\n<meta name=\"robots\" content=\"index, follow, max-snippet:-1, max-image-preview:large, max-video-preview:-1\" \/>\n<link rel=\"canonical\" href=\"https:\/\/ultramagic.com\/hot-air-balloons\/ancillary\/\" \/>\n<meta property=\"og:locale\" content=\"ca_ES\" \/>\n<meta property=\"og:type\" content=\"article\" \/>\n<meta property=\"og:title\" content=\"Equip Auxiliar - Ultramagic\" \/>\n<meta property=\"og:description\" content=\"Bombones de combustible, ventiladors d\u2019inflat, proteccions t\u00e8rmiques, accessoris, recanvis, instruments&#8230; Bombones de combustible en Acer Inoxidable Duplex. Totes les bombones Ultramagic estan fabricades amb acer inoxidable Duplex d\u2019alta qualitat, sent aprovades per omplir i transportar per carretera segons la norma Europea. Disponibles en 3 mesures (20, 30 i 40 kg), poden acomodar-se a tot tipus [&hellip;]\" \/>\n<meta property=\"og:url\" content=\"https:\/\/ultramagic.com\/hot-air-balloons\/ancillary\/\" \/>\n<meta property=\"og:site_name\" content=\"Ultramagic\" \/>\n<meta property=\"article:publisher\" content=\"http:\/\/www.facebook.com\/ultramagicballons\" \/>\n<meta property=\"article:modified_time\" content=\"2016-11-10T15:16:45+00:00\" \/>\n<meta property=\"og:image\" content=\"https:\/\/ultramagic.com\/wp-content\/uploads\/2015\/06\/ancillary.png\" \/>\n\t<meta property=\"og:image:width\" content=\"75\" \/>\n\t<meta property=\"og:image:height\" content=\"75\" \/>\n\t<meta property=\"og:image:type\" content=\"image\/png\" \/>\n<meta name=\"twitter:card\" content=\"summary_large_image\" \/>\n<meta name=\"twitter:site\" content=\"@umballoons\" \/>\n<meta name=\"twitter:label1\" content=\"Temps estimat de lectura\" \/>\n\t<meta name=\"twitter:data1\" content=\"3 minuts\" \/>\n<script type=\"application\/ld+json\" class=\"yoast-schema-graph\">{\"@context\":\"https:\/\/schema.org\",\"@graph\":[{\"@type\":\"WebPage\",\"@id\":\"https:\/\/ultramagic.com\/hot-air-balloons\/ancillary\/\",\"url\":\"https:\/\/ultramagic.com\/hot-air-balloons\/ancillary\/\",\"name\":\"Equip Auxiliar - Ultramagic\",\"isPartOf\":{\"@id\":\"https:\/\/ultramagic.com\/#website\"},\"primaryImageOfPage\":{\"@id\":\"https:\/\/ultramagic.com\/hot-air-balloons\/ancillary\/#primaryimage\"},\"image\":{\"@id\":\"https:\/\/ultramagic.com\/hot-air-balloons\/ancillary\/#primaryimage\"},\"thumbnailUrl\":\"https:\/\/ultramagic.com\/wp-content\/uploads\/2015\/06\/ancillary.png\",\"datePublished\":\"2016-04-05T15:57:45+00:00\",\"dateModified\":\"2016-11-10T15:16:45+00:00\",\"breadcrumb\":{\"@id\":\"https:\/\/ultramagic.com\/hot-air-balloons\/ancillary\/#breadcrumb\"},\"inLanguage\":\"ca\",\"potentialAction\":[{\"@type\":\"ReadAction\",\"target\":[\"https:\/\/ultramagic.com\/hot-air-balloons\/ancillary\/\"]}]},{\"@type\":\"ImageObject\",\"inLanguage\":\"ca\",\"@id\":\"https:\/\/ultramagic.com\/hot-air-balloons\/ancillary\/#primaryimage\",\"url\":\"https:\/\/ultramagic.com\/wp-content\/uploads\/2015\/06\/ancillary.png\",\"contentUrl\":\"https:\/\/ultramagic.com\/wp-content\/uploads\/2015\/06\/ancillary.png\",\"width\":75,\"height\":75},{\"@type\":\"BreadcrumbList\",\"@id\":\"https:\/\/ultramagic.com\/hot-air-balloons\/ancillary\/#breadcrumb\",\"itemListElement\":[{\"@type\":\"ListItem\",\"position\":1,\"name\":\"Home\",\"item\":\"https:\/\/ultramagic.com\/ca\/\"},{\"@type\":\"ListItem\",\"position\":2,\"name\":\"Globus aerost\u00e0tics\",\"item\":\"https:\/\/ultramagic.com\/hot-air-balloons\/\"},{\"@type\":\"ListItem\",\"position\":3,\"name\":\"Equip Auxiliar\"}]},{\"@type\":\"WebSite\",\"@id\":\"https:\/\/ultramagic.com\/#website\",\"url\":\"https:\/\/ultramagic.com\/\",\"name\":\"Ultramagic\",\"description\":\"All about hot air balloon advertising industry and history.Hot air balloon photos and pictures. Enjoy the hot air balloon experience from your home.\",\"potentialAction\":[{\"@type\":\"SearchAction\",\"target\":{\"@type\":\"EntryPoint\",\"urlTemplate\":\"https:\/\/ultramagic.com\/?s={search_term_string}\"},\"query-input\":\"required name=search_term_string\"}],\"inLanguage\":\"ca\"}]}<\/script>\n<!-- \/ Yoast SEO plugin. -->","yoast_head_json":{"title":"Equip Auxiliar - Ultramagic","robots":{"index":"index","follow":"follow","max-snippet":"max-snippet:-1","max-image-preview":"max-image-preview:large","max-video-preview":"max-video-preview:-1"},"canonical":"https:\/\/ultramagic.com\/hot-air-balloons\/ancillary\/","og_locale":"ca_ES","og_type":"article","og_title":"Equip Auxiliar - Ultramagic","og_description":"Bombones de combustible, ventiladors d\u2019inflat, proteccions t\u00e8rmiques, accessoris, recanvis, instruments&#8230; Bombones de combustible en Acer Inoxidable Duplex. Totes les bombones Ultramagic estan fabricades amb acer inoxidable Duplex d\u2019alta qualitat, sent aprovades per omplir i transportar per carretera segons la norma Europea. Disponibles en 3 mesures (20, 30 i 40 kg), poden acomodar-se a tot tipus [&hellip;]","og_url":"https:\/\/ultramagic.com\/hot-air-balloons\/ancillary\/","og_site_name":"Ultramagic","article_publisher":"http:\/\/www.facebook.com\/ultramagicballons","article_modified_time":"2016-11-10T15:16:45+00:00","og_image":[{"width":75,"height":75,"url":"https:\/\/ultramagic.com\/wp-content\/uploads\/2015\/06\/ancillary.png","type":"image\/png"}],"twitter_card":"summary_large_image","twitter_site":"@umballoons","twitter_misc":{"Temps estimat de lectura":"3 minuts"},"schema":{"@context":"https:\/\/schema.org","@graph":[{"@type":"WebPage","@id":"https:\/\/ultramagic.com\/hot-air-balloons\/ancillary\/","url":"https:\/\/ultramagic.com\/hot-air-balloons\/ancillary\/","name":"Equip Auxiliar - Ultramagic","isPartOf":{"@id":"https:\/\/ultramagic.com\/#website"},"primaryImageOfPage":{"@id":"https:\/\/ultramagic.com\/hot-air-balloons\/ancillary\/#primaryimage"},"image":{"@id":"https:\/\/ultramagic.com\/hot-air-balloons\/ancillary\/#primaryimage"},"thumbnailUrl":"https:\/\/ultramagic.com\/wp-content\/uploads\/2015\/06\/ancillary.png","datePublished":"2016-04-05T15:57:45+00:00","dateModified":"2016-11-10T15:16:45+00:00","breadcrumb":{"@id":"https:\/\/ultramagic.com\/hot-air-balloons\/ancillary\/#breadcrumb"},"inLanguage":"ca","potentialAction":[{"@type":"ReadAction","target":["https:\/\/ultramagic.com\/hot-air-balloons\/ancillary\/"]}]},{"@type":"ImageObject","inLanguage":"ca","@id":"https:\/\/ultramagic.com\/hot-air-balloons\/ancillary\/#primaryimage","url":"https:\/\/ultramagic.com\/wp-content\/uploads\/2015\/06\/ancillary.png","contentUrl":"https:\/\/ultramagic.com\/wp-content\/uploads\/2015\/06\/ancillary.png","width":75,"height":75},{"@type":"BreadcrumbList","@id":"https:\/\/ultramagic.com\/hot-air-balloons\/ancillary\/#breadcrumb","itemListElement":[{"@type":"ListItem","position":1,"name":"Home","item":"https:\/\/ultramagic.com\/ca\/"},{"@type":"ListItem","position":2,"name":"Globus aerost\u00e0tics","item":"https:\/\/ultramagic.com\/hot-air-balloons\/"},{"@type":"ListItem","position":3,"name":"Equip Auxiliar"}]},{"@type":"WebSite","@id":"https:\/\/ultramagic.com\/#website","url":"https:\/\/ultramagic.com\/","name":"Ultramagic","description":"All about hot air balloon advertising industry and history.Hot air balloon photos and pictures. Enjoy the hot air balloon experience from your home.","potentialAction":[{"@type":"SearchAction","target":{"@type":"EntryPoint","urlTemplate":"https:\/\/ultramagic.com\/?s={search_term_string}"},"query-input":"required name=search_term_string"}],"inLanguage":"ca"}]}},"_links":{"self":[{"href":"https:\/\/ultramagic.com\/ca\/wp-json\/wp\/v2\/pages\/9564"}],"collection":[{"href":"https:\/\/ultramagic.com\/ca\/wp-json\/wp\/v2\/pages"}],"about":[{"href":"https:\/\/ultramagic.com\/ca\/wp-json\/wp\/v2\/types\/page"}],"author":[{"embeddable":true,"href":"https:\/\/ultramagic.com\/ca\/wp-json\/wp\/v2\/users\/1"}],"replies":[{"embeddable":true,"href":"https:\/\/ultramagic.com\/ca\/wp-json\/wp\/v2\/comments?post=9564"}],"version-history":[{"count":11,"href":"https:\/\/ultramagic.com\/ca\/wp-json\/wp\/v2\/pages\/9564\/revisions"}],"predecessor-version":[{"id":10960,"href":"https:\/\/ultramagic.com\/ca\/wp-json\/wp\/v2\/pages\/9564\/revisions\/10960"}],"up":[{"embeddable":true,"href":"https:\/\/ultramagic.com\/ca\/wp-json\/wp\/v2\/pages\/9531"}],"wp:featuredmedia":[{"embeddable":true,"href":"https:\/\/ultramagic.com\/ca\/wp-json\/wp\/v2\/media\/250"}],"wp:attachment":[{"href":"https:\/\/ultramagic.com\/ca\/wp-json\/wp\/v2\/media?parent=9564"}],"curies":[{"name":"wp","href":"https:\/\/api.w.org\/{rel}","templated":true}]}}