{"id":9545,"date":"2016-04-05T13:29:56","date_gmt":"2016-04-05T11:29:56","guid":{"rendered":"http:\/\/ultramagic.creagia.com\/ca\/?page_id=9545"},"modified":"2016-11-10T16:48:52","modified_gmt":"2016-11-10T15:48:52","slug":"escola-pilots","status":"publish","type":"page","link":"https:\/\/ultramagic.com\/ca\/escola-pilots\/","title":{"rendered":"Escola pilots"},"content":{"rendered":"<h2>Organitzaci\u00f3 de Formaci\u00f3 Aprobada (ATO) per\u00a0EASA \u00a0segons la normativa Part-FCL <\/h2>\n<p>Ultramagic t\u00e9 m\u00e8s de 30 anys d&#8217;experi\u00e8ncia en formaci\u00f3\u00a0de pilots de globus aerost\u00e0tics. Ultram\u00e0gic va ser una de les primeres empreses en obtenir l&#8217;aprovaci\u00f3 d&#8217;EASA (European Aviation Safety Agency) com a organitzaci\u00f3 de formaci\u00f3 de pilots europeus.\u00a0<a href=\"http:\/\/ultramagic.com\/wp-content\/uploads\/2016\/02\/foto_I_A_A.jpg\" rel=\"attachment wp-att-10462\"><img loading=\"lazy\" decoding=\"async\" class=\"alignright wp-image-10462 size-full\" src=\"http:\/\/ultramagic.com\/wp-content\/uploads\/2016\/02\/foto_I_A_A.jpg\" alt=\"foto_I_A_A\" width=\"468\" height=\"625\" srcset=\"https:\/\/ultramagic.com\/wp-content\/uploads\/2016\/02\/foto_I_A_A.jpg 468w, https:\/\/ultramagic.com\/wp-content\/uploads\/2016\/02\/foto_I_A_A-225x300.jpg 225w\" sizes=\"(max-width: 468px) 100vw, 468px\" \/><\/a><\/p>\n<p>Oferim un curs per obtenir la llic\u00e8ncia europea per globus aerost\u00e0tics, que inclou coneixements te\u00f2rics i vols de formaci\u00f3. Aquest curs est\u00e0 enfocat per obtenir la llic\u00e8ncia privada de globus aerost\u00e0tics de 120 000 peus c\u00fabics. Aquest \u00e9s el primer pas a seguir per ser pilot, i a continuaci\u00f3 si s&#8217;escau per obtenir extensions de comercial o vols de nit s&#8217;haurien d&#8217;acumular hores d&#8217;experi\u00e8ncia i fer verificacions de compet\u00e8ncia.<\/p>\n<p>&nbsp;<\/p>\n<p>Els vols de formaci\u00f3 inclouen un total de 16 hores de vol, que almenys inclou:<br \/>\n&#8211; 12 hores de vol dual amb l&#8217;instructor,<br \/>\n&#8211; 10 inflats i 20 sortides i aterratges, i<br \/>\n&#8211; 1 vol supervisat amb un instructor d&#8217;una duraci\u00f3 m\u00ednima de 30 minuts. <\/p>\n<p>&nbsp;<\/p>\n<p>El curs i l&#8217;examen poden ser en angl\u00e8s o espanyol.<\/p>\n<p>&nbsp;<\/p>\n<p>Si es vol fer el curs en un format intensiu recomanem una est\u00e0ncia d&#8217;un mes per tenir temps de fer tots els vols de formaci\u00f3, el curs de coneixements te\u00f2rics i els examens. S&#8217;aconsella per\u00f2 si es pot de fer un format de 2 cops 2 setmanes o idealment en un format no intensiu anar fent els vols durant un per\u00edode de 6 mesos i anar adquirint els coneixements mica en mica.<a href=\"http:\/\/ultramagic.com\/wp-content\/uploads\/2016\/02\/WhatsApp-Image-20160512.jpg\" rel=\"attachment wp-att-10458\"><img loading=\"lazy\" decoding=\"async\" class=\"wp-image-10458 size-medium alignright\" src=\"http:\/\/ultramagic.com\/wp-content\/uploads\/2016\/02\/WhatsApp-Image-20160512-300x169.jpg\" alt=\"WhatsApp-Image-20160512\" width=\"300\" height=\"169\" srcset=\"https:\/\/ultramagic.com\/wp-content\/uploads\/2016\/02\/WhatsApp-Image-20160512-300x169.jpg 300w, https:\/\/ultramagic.com\/wp-content\/uploads\/2016\/02\/WhatsApp-Image-20160512-768x432.jpg 768w, https:\/\/ultramagic.com\/wp-content\/uploads\/2016\/02\/WhatsApp-Image-20160512-1024x576.jpg 1024w, https:\/\/ultramagic.com\/wp-content\/uploads\/2016\/02\/WhatsApp-Image-20160512.jpg 1328w\" sizes=\"(max-width: 300px) 100vw, 300px\" \/><\/a><\/p>\n<p>Per fer el curs, previament es necessita obtenir el certificat m\u00e8dic Classe 2 a Espanya. Si es prefereix, els podem ajudar a concertar la cita amb el metge aeron\u00e0utic.<\/p>\n<p>&nbsp;<\/p>\n<p>L&#8217;escola de formaci\u00f3 es troba a l&#8217;aer\u00f2drom d&#8217;Igualada (Odena), a menys d&#8217;una hora en cotxe des de l&#8217;aeroport internacional de Barcelona. Aqu\u00ed aprendr\u00e0 a volar en diferents \u00e0rees i condicions. Durant l&#8217;any, les condicions meteorol\u00f2giques s\u00f2n bones i variades per adquirir l&#8217;experi\u00e8ncia necess\u00e0ria i estar confiat per volar i desenvolupar plenament les seves habilitats.<\/p>\n<p>Ser\u00e0 entrenat per instructors professionals altament qualificats amb molta experi\u00e8ncia de vol. Aquests instructors tenen molts anys d&#8217;experi\u00e8ncia ajudant a cents de pilots a realitzar el seu somni. Tamb\u00e8 podr\u00e0 con\u00e8ixer el personal t\u00e8cnic a la f\u00e0brica d&#8217;Ultram\u00e0gic, molts d&#8217;ells essent pilots molt experimentats.<\/p>\n<p>Podem ajudar-lo a buscar allotjament a un preu raonable per fer la seva formaci\u00f3 encara m\u00e8s agradable, amb restaurants locals aprop que ofereixen una bona cuina catalana a un bon preu.<\/p>\n<p>&nbsp;<\/p>\n<p>A Ultramagic ATO els ajudarem durant el proc\u00e8s. Esperem que disfruti aquesta experi\u00e8ncia &#8211; ser\u00e0 algo que recordar\u00e0 pel resta de la seva vida. Ens encanta volar amb globus i volem compartir-ho amb vosaltres.<\/p>\n<p>&nbsp;<\/p>\n<p>Contacti amb <strong>ato@ultramagic.com<\/strong> per a m\u00e8s informaci\u00f3.<\/p>\n<p>Tamb\u00e9 podem oferir altres cursos -per exemple, cursos de manteniment i cursos d&#8217;instructor.<\/p>\n","protected":false},"excerpt":{"rendered":"<p>Organitzaci\u00f3 de Formaci\u00f3 Aprobada (ATO) per\u00a0EASA \u00a0segons la normativa Part-FCL Ultramagic t\u00e9 m\u00e8s de 30 anys d&#8217;experi\u00e8ncia en formaci\u00f3\u00a0de pilots de globus aerost\u00e0tics. Ultram\u00e0gic va ser una de les primeres empreses en obtenir l&#8217;aprovaci\u00f3 d&#8217;EASA (European Aviation Safety Agency) com a organitzaci\u00f3 de formaci\u00f3 de pilots europeus.\u00a0 Oferim un curs per obtenir la llic\u00e8ncia europea [&hellip;]<\/p>\n","protected":false},"author":1,"featured_media":0,"parent":0,"menu_order":0,"comment_status":"closed","ping_status":"closed","template":"page-fotos.php","meta":{"ngg_post_thumbnail":0,"footnotes":""},"yoast_head":"<!-- This site is optimized with the Yoast SEO plugin v22.7 - https:\/\/yoast.com\/wordpress\/plugins\/seo\/ -->\n<title>Escola pilots - Ultramagic<\/title>\n<meta name=\"robots\" content=\"index, follow, max-snippet:-1, max-image-preview:large, max-video-preview:-1\" \/>\n<link rel=\"canonical\" href=\"https:\/\/ultramagic.com\/ca\/escola-pilots\/\" \/>\n<meta property=\"og:locale\" content=\"ca_ES\" \/>\n<meta property=\"og:type\" content=\"article\" \/>\n<meta property=\"og:title\" content=\"Escola pilots - Ultramagic\" \/>\n<meta property=\"og:description\" content=\"Organitzaci\u00f3 de Formaci\u00f3 Aprobada (ATO) per\u00a0EASA \u00a0segons la normativa Part-FCL Ultramagic t\u00e9 m\u00e8s de 30 anys d&#8217;experi\u00e8ncia en formaci\u00f3\u00a0de pilots de globus aerost\u00e0tics. Ultram\u00e0gic va ser una de les primeres empreses en obtenir l&#8217;aprovaci\u00f3 d&#8217;EASA (European Aviation Safety Agency) com a organitzaci\u00f3 de formaci\u00f3 de pilots europeus.\u00a0 Oferim un curs per obtenir la llic\u00e8ncia europea [&hellip;]\" \/>\n<meta property=\"og:url\" content=\"https:\/\/ultramagic.com\/ca\/escola-pilots\/\" \/>\n<meta property=\"og:site_name\" content=\"Ultramagic\" \/>\n<meta property=\"article:publisher\" content=\"http:\/\/www.facebook.com\/ultramagicballons\" \/>\n<meta property=\"article:modified_time\" content=\"2016-11-10T15:48:52+00:00\" \/>\n<meta property=\"og:image\" content=\"http:\/\/ultramagic.com\/wp-content\/uploads\/2016\/02\/foto_I_A_A.jpg\" \/>\n<meta name=\"twitter:card\" content=\"summary_large_image\" \/>\n<meta name=\"twitter:site\" content=\"@umballoons\" \/>\n<meta name=\"twitter:label1\" content=\"Temps estimat de lectura\" \/>\n\t<meta name=\"twitter:data1\" content=\"2 minuts\" \/>\n<script type=\"application\/ld+json\" class=\"yoast-schema-graph\">{\"@context\":\"https:\/\/schema.org\",\"@graph\":[{\"@type\":\"WebPage\",\"@id\":\"https:\/\/ultramagic.com\/ca\/escola-pilots\/\",\"url\":\"https:\/\/ultramagic.com\/ca\/escola-pilots\/\",\"name\":\"Escola pilots - Ultramagic\",\"isPartOf\":{\"@id\":\"https:\/\/ultramagic.com\/#website\"},\"primaryImageOfPage\":{\"@id\":\"https:\/\/ultramagic.com\/ca\/escola-pilots\/#primaryimage\"},\"image\":{\"@id\":\"https:\/\/ultramagic.com\/ca\/escola-pilots\/#primaryimage\"},\"thumbnailUrl\":\"http:\/\/ultramagic.com\/wp-content\/uploads\/2016\/02\/foto_I_A_A.jpg\",\"datePublished\":\"2016-04-05T11:29:56+00:00\",\"dateModified\":\"2016-11-10T15:48:52+00:00\",\"breadcrumb\":{\"@id\":\"https:\/\/ultramagic.com\/ca\/escola-pilots\/#breadcrumb\"},\"inLanguage\":\"ca\",\"potentialAction\":[{\"@type\":\"ReadAction\",\"target\":[\"https:\/\/ultramagic.com\/ca\/escola-pilots\/\"]}]},{\"@type\":\"ImageObject\",\"inLanguage\":\"ca\",\"@id\":\"https:\/\/ultramagic.com\/ca\/escola-pilots\/#primaryimage\",\"url\":\"http:\/\/ultramagic.com\/wp-content\/uploads\/2016\/02\/foto_I_A_A.jpg\",\"contentUrl\":\"http:\/\/ultramagic.com\/wp-content\/uploads\/2016\/02\/foto_I_A_A.jpg\"},{\"@type\":\"BreadcrumbList\",\"@id\":\"https:\/\/ultramagic.com\/ca\/escola-pilots\/#breadcrumb\",\"itemListElement\":[{\"@type\":\"ListItem\",\"position\":1,\"name\":\"Home\",\"item\":\"https:\/\/ultramagic.com\/ca\/\"},{\"@type\":\"ListItem\",\"position\":2,\"name\":\"Escola pilots\"}]},{\"@type\":\"WebSite\",\"@id\":\"https:\/\/ultramagic.com\/#website\",\"url\":\"https:\/\/ultramagic.com\/\",\"name\":\"Ultramagic\",\"description\":\"All about hot air balloon advertising industry and history.Hot air balloon photos and pictures. Enjoy the hot air balloon experience from your home.\",\"potentialAction\":[{\"@type\":\"SearchAction\",\"target\":{\"@type\":\"EntryPoint\",\"urlTemplate\":\"https:\/\/ultramagic.com\/?s={search_term_string}\"},\"query-input\":\"required name=search_term_string\"}],\"inLanguage\":\"ca\"}]}<\/script>\n<!-- \/ Yoast SEO plugin. -->","yoast_head_json":{"title":"Escola pilots - Ultramagic","robots":{"index":"index","follow":"follow","max-snippet":"max-snippet:-1","max-image-preview":"max-image-preview:large","max-video-preview":"max-video-preview:-1"},"canonical":"https:\/\/ultramagic.com\/ca\/escola-pilots\/","og_locale":"ca_ES","og_type":"article","og_title":"Escola pilots - Ultramagic","og_description":"Organitzaci\u00f3 de Formaci\u00f3 Aprobada (ATO) per\u00a0EASA \u00a0segons la normativa Part-FCL Ultramagic t\u00e9 m\u00e8s de 30 anys d&#8217;experi\u00e8ncia en formaci\u00f3\u00a0de pilots de globus aerost\u00e0tics. Ultram\u00e0gic va ser una de les primeres empreses en obtenir l&#8217;aprovaci\u00f3 d&#8217;EASA (European Aviation Safety Agency) com a organitzaci\u00f3 de formaci\u00f3 de pilots europeus.\u00a0 Oferim un curs per obtenir la llic\u00e8ncia europea [&hellip;]","og_url":"https:\/\/ultramagic.com\/ca\/escola-pilots\/","og_site_name":"Ultramagic","article_publisher":"http:\/\/www.facebook.com\/ultramagicballons","article_modified_time":"2016-11-10T15:48:52+00:00","og_image":[{"url":"http:\/\/ultramagic.com\/wp-content\/uploads\/2016\/02\/foto_I_A_A.jpg"}],"twitter_card":"summary_large_image","twitter_site":"@umballoons","twitter_misc":{"Temps estimat de lectura":"2 minuts"},"schema":{"@context":"https:\/\/schema.org","@graph":[{"@type":"WebPage","@id":"https:\/\/ultramagic.com\/ca\/escola-pilots\/","url":"https:\/\/ultramagic.com\/ca\/escola-pilots\/","name":"Escola pilots - Ultramagic","isPartOf":{"@id":"https:\/\/ultramagic.com\/#website"},"primaryImageOfPage":{"@id":"https:\/\/ultramagic.com\/ca\/escola-pilots\/#primaryimage"},"image":{"@id":"https:\/\/ultramagic.com\/ca\/escola-pilots\/#primaryimage"},"thumbnailUrl":"http:\/\/ultramagic.com\/wp-content\/uploads\/2016\/02\/foto_I_A_A.jpg","datePublished":"2016-04-05T11:29:56+00:00","dateModified":"2016-11-10T15:48:52+00:00","breadcrumb":{"@id":"https:\/\/ultramagic.com\/ca\/escola-pilots\/#breadcrumb"},"inLanguage":"ca","potentialAction":[{"@type":"ReadAction","target":["https:\/\/ultramagic.com\/ca\/escola-pilots\/"]}]},{"@type":"ImageObject","inLanguage":"ca","@id":"https:\/\/ultramagic.com\/ca\/escola-pilots\/#primaryimage","url":"http:\/\/ultramagic.com\/wp-content\/uploads\/2016\/02\/foto_I_A_A.jpg","contentUrl":"http:\/\/ultramagic.com\/wp-content\/uploads\/2016\/02\/foto_I_A_A.jpg"},{"@type":"BreadcrumbList","@id":"https:\/\/ultramagic.com\/ca\/escola-pilots\/#breadcrumb","itemListElement":[{"@type":"ListItem","position":1,"name":"Home","item":"https:\/\/ultramagic.com\/ca\/"},{"@type":"ListItem","position":2,"name":"Escola pilots"}]},{"@type":"WebSite","@id":"https:\/\/ultramagic.com\/#website","url":"https:\/\/ultramagic.com\/","name":"Ultramagic","description":"All about hot air balloon advertising industry and history.Hot air balloon photos and pictures. Enjoy the hot air balloon experience from your home.","potentialAction":[{"@type":"SearchAction","target":{"@type":"EntryPoint","urlTemplate":"https:\/\/ultramagic.com\/?s={search_term_string}"},"query-input":"required name=search_term_string"}],"inLanguage":"ca"}]}},"_links":{"self":[{"href":"https:\/\/ultramagic.com\/ca\/wp-json\/wp\/v2\/pages\/9545"}],"collection":[{"href":"https:\/\/ultramagic.com\/ca\/wp-json\/wp\/v2\/pages"}],"about":[{"href":"https:\/\/ultramagic.com\/ca\/wp-json\/wp\/v2\/types\/page"}],"author":[{"embeddable":true,"href":"https:\/\/ultramagic.com\/ca\/wp-json\/wp\/v2\/users\/1"}],"replies":[{"embeddable":true,"href":"https:\/\/ultramagic.com\/ca\/wp-json\/wp\/v2\/comments?post=9545"}],"version-history":[{"count":6,"href":"https:\/\/ultramagic.com\/ca\/wp-json\/wp\/v2\/pages\/9545\/revisions"}],"predecessor-version":[{"id":10974,"href":"https:\/\/ultramagic.com\/ca\/wp-json\/wp\/v2\/pages\/9545\/revisions\/10974"}],"wp:attachment":[{"href":"https:\/\/ultramagic.com\/ca\/wp-json\/wp\/v2\/media?parent=9545"}],"curies":[{"name":"wp","href":"https:\/\/api.w.org\/{rel}","templated":true}]}}