{"id":9540,"date":"2016-04-05T13:25:02","date_gmt":"2016-04-05T11:25:02","guid":{"rendered":"http:\/\/ultramagic.creagia.com\/ca\/?page_id=9540"},"modified":"2024-09-30T18:32:19","modified_gmt":"2024-09-30T16:32:19","slug":"bases-concurs-fotografic","status":"publish","type":"page","link":"https:\/\/ultramagic.com\/ca\/bases-concurs-fotografic\/","title":{"rendered":"Bases concurs fotogr\u00e0fic"},"content":{"rendered":"<p>La participaci\u00f3 en aquest concurs implica l&#8217;acceptaci\u00f3 total de totes i cadascuna d&#8217;aquestes bases.<\/p>\n<p><strong>a)<\/strong> Tema: fotografies de Globus Aerost\u00e0tics que consisteixin en almenys un globus de qualsevol mida o una part d&#8217;un globus, per exemple, vela, cremador o cistella. La major part del globus o de l&#8217;equip ha de ser un producte Ultramagic.<\/p>\n<p><strong>b)<\/strong> La\/s imatge\/s han de ser enviades al correu electr\u00f2nic: contest@ultramagic.com juntament amb la informaci\u00f3 personal del participant (nom, cognom, adre\u00e7a, correu electr\u00f2nic, n\u00famero de tel\u00e8fon i nom d&#8217;usuari d&#8217;Instagram (si n&#8217;hi hagu\u00e9s)) i la ubicaci\u00f3 de la fotografia presentada al concurs. La mesura m\u00ednima acceptada per a l&#8217;arxiu a ser enviat per correu electr\u00f2nic \u00e9s de 2Mb.<\/p>\n<p><strong>c)<\/strong> Durant el mes d&#8217;octubre, les 12 millors fotos seran seleccionades entre totes les fotos rebudes aquell any, una per cada mes calendari.<\/p>\n<p><strong>d)<\/strong> Si es declaren menys de 12 guanyadors, se seleccionaran fotografies dels arxius d&#8217;Ultramagic.<\/p>\n<p><strong>e)<\/strong> A final de l\u2019any es publicar\u00e0 un calendari de mesura 30x40cm utilitzant les 12 fotografies seleccionades. Perqu\u00e8 la participaci\u00f3 sigui v\u00e0lida, es requereix l&#8217;autoritzaci\u00f3 de cada participant en el concurs per publicar la fotografia al calendari, als mitjans de comunicaci\u00f3, al lloc web d&#8217;Ultramagic i a trav\u00e9s dels canals que Ultramagic consideri oportuns. Totes les fotografies publicades inclouran el nom de l&#8217;autor.<\/p>\n<p><strong>f)<\/strong> Cada guanyador rebr\u00e0 un lot d&#8217;equipament d&#8217;Ultramagic i 10 calendaris. La comunicaci\u00f3 del lliurament del premi, que est\u00e0 previst es realitzi a mitjan desembre, es notificar\u00e0 al guanyador a trav\u00e9s d&#8217;un correu electr\u00f2nic a l&#8217;adre\u00e7a de correu electr\u00f2nic indicada.<\/p>\n<p><strong>g)<\/strong> Les fotografies han de ser propietat de l&#8217;autor que les presenta a concurs. Cada concursant podr\u00e0 presentar tantes fotografies com desitgi, originals i in\u00e8dites i que no hagin estat presentades pr\u00e8viament a altres concursos, p\u00e0gines web o qualsevol altre mitj\u00e0 digital o impr\u00e8s. Els participants s\u00f3n plenament responsables de ser els \u00fanics autors, de no existir drets sobre tercers, aix\u00ed com de qualsevol reclamaci\u00f3 de drets d&#8217;imatge sobre les fotografies presentades al concurs.<\/p>\n<p><strong>h)<\/strong> Les fotografies guanyadores continuaran sent propietat d&#8217;Ultramagic, que podr\u00e0 exhibir-les p\u00fablicament.<\/p>\n<p><strong>i)<\/strong> Els autors de les fotografies premiades i seleccionades cediran, a t\u00edtol gratu\u00eft a favor d&#8217;Ultramagic, els drets de reproducci\u00f3 i comunicaci\u00f3 p\u00fablica amb fins d&#8217;exhibici\u00f3 i difusi\u00f3 a trav\u00e9s dels mitjans utilitzats per Ultramagic, esmentant en tot cas el nom de l&#8217;autor.<\/p>\n<p><strong>j)<\/strong> Totes aquelles fotografies que no compleixin amb algun dels requisits establerts en aquestes bases del concurs seran autom\u00e0ticament desqualificades.<\/p>\n","protected":false},"excerpt":{"rendered":"<p>La participaci\u00f3 en aquest concurs implica l&#8217;acceptaci\u00f3 total de totes i cadascuna d&#8217;aquestes bases. a) Tema: fotografies de Globus Aerost\u00e0tics que consisteixin en almenys un globus de qualsevol mida o una part d&#8217;un globus, per exemple, vela, cremador o cistella. La major part del globus o de l&#8217;equip ha de ser un producte Ultramagic. b) [&hellip;]<\/p>\n","protected":false},"author":1,"featured_media":0,"parent":0,"menu_order":0,"comment_status":"closed","ping_status":"open","template":"","meta":{"ngg_post_thumbnail":0,"footnotes":""},"yoast_head":"<!-- This site is optimized with the Yoast SEO plugin v22.7 - https:\/\/yoast.com\/wordpress\/plugins\/seo\/ -->\n<title>Bases concurs fotogr\u00e0fic - Ultramagic<\/title>\n<meta name=\"robots\" content=\"index, follow, max-snippet:-1, max-image-preview:large, max-video-preview:-1\" \/>\n<link rel=\"canonical\" href=\"https:\/\/ultramagic.com\/ca\/bases-concurs-fotografic\/\" \/>\n<meta property=\"og:locale\" content=\"ca_ES\" \/>\n<meta property=\"og:type\" content=\"article\" \/>\n<meta property=\"og:title\" content=\"Bases concurs fotogr\u00e0fic - Ultramagic\" \/>\n<meta property=\"og:description\" content=\"La participaci\u00f3 en aquest concurs implica l&#8217;acceptaci\u00f3 total de totes i cadascuna d&#8217;aquestes bases. a) Tema: fotografies de Globus Aerost\u00e0tics que consisteixin en almenys un globus de qualsevol mida o una part d&#8217;un globus, per exemple, vela, cremador o cistella. La major part del globus o de l&#8217;equip ha de ser un producte Ultramagic. b) [&hellip;]\" \/>\n<meta property=\"og:url\" content=\"https:\/\/ultramagic.com\/ca\/bases-concurs-fotografic\/\" \/>\n<meta property=\"og:site_name\" content=\"Ultramagic\" \/>\n<meta property=\"article:publisher\" content=\"http:\/\/www.facebook.com\/ultramagicballons\" \/>\n<meta property=\"article:modified_time\" content=\"2024-09-30T16:32:19+00:00\" \/>\n<meta name=\"twitter:card\" content=\"summary_large_image\" \/>\n<meta name=\"twitter:site\" content=\"@umballoons\" \/>\n<meta name=\"twitter:label1\" content=\"Temps estimat de lectura\" \/>\n\t<meta name=\"twitter:data1\" content=\"2 minuts\" \/>\n<script type=\"application\/ld+json\" class=\"yoast-schema-graph\">{\"@context\":\"https:\/\/schema.org\",\"@graph\":[{\"@type\":\"WebPage\",\"@id\":\"https:\/\/ultramagic.com\/ca\/bases-concurs-fotografic\/\",\"url\":\"https:\/\/ultramagic.com\/ca\/bases-concurs-fotografic\/\",\"name\":\"Bases concurs fotogr\u00e0fic - Ultramagic\",\"isPartOf\":{\"@id\":\"https:\/\/ultramagic.com\/#website\"},\"datePublished\":\"2016-04-05T11:25:02+00:00\",\"dateModified\":\"2024-09-30T16:32:19+00:00\",\"breadcrumb\":{\"@id\":\"https:\/\/ultramagic.com\/ca\/bases-concurs-fotografic\/#breadcrumb\"},\"inLanguage\":\"ca\",\"potentialAction\":[{\"@type\":\"ReadAction\",\"target\":[\"https:\/\/ultramagic.com\/ca\/bases-concurs-fotografic\/\"]}]},{\"@type\":\"BreadcrumbList\",\"@id\":\"https:\/\/ultramagic.com\/ca\/bases-concurs-fotografic\/#breadcrumb\",\"itemListElement\":[{\"@type\":\"ListItem\",\"position\":1,\"name\":\"Home\",\"item\":\"https:\/\/ultramagic.com\/ca\/\"},{\"@type\":\"ListItem\",\"position\":2,\"name\":\"Bases concurs fotogr\u00e0fic\"}]},{\"@type\":\"WebSite\",\"@id\":\"https:\/\/ultramagic.com\/#website\",\"url\":\"https:\/\/ultramagic.com\/\",\"name\":\"Ultramagic\",\"description\":\"All about hot air balloon advertising industry and history.Hot air balloon photos and pictures. Enjoy the hot air balloon experience from your home.\",\"potentialAction\":[{\"@type\":\"SearchAction\",\"target\":{\"@type\":\"EntryPoint\",\"urlTemplate\":\"https:\/\/ultramagic.com\/?s={search_term_string}\"},\"query-input\":\"required name=search_term_string\"}],\"inLanguage\":\"ca\"}]}<\/script>\n<!-- \/ Yoast SEO plugin. -->","yoast_head_json":{"title":"Bases concurs fotogr\u00e0fic - Ultramagic","robots":{"index":"index","follow":"follow","max-snippet":"max-snippet:-1","max-image-preview":"max-image-preview:large","max-video-preview":"max-video-preview:-1"},"canonical":"https:\/\/ultramagic.com\/ca\/bases-concurs-fotografic\/","og_locale":"ca_ES","og_type":"article","og_title":"Bases concurs fotogr\u00e0fic - Ultramagic","og_description":"La participaci\u00f3 en aquest concurs implica l&#8217;acceptaci\u00f3 total de totes i cadascuna d&#8217;aquestes bases. a) Tema: fotografies de Globus Aerost\u00e0tics que consisteixin en almenys un globus de qualsevol mida o una part d&#8217;un globus, per exemple, vela, cremador o cistella. La major part del globus o de l&#8217;equip ha de ser un producte Ultramagic. b) [&hellip;]","og_url":"https:\/\/ultramagic.com\/ca\/bases-concurs-fotografic\/","og_site_name":"Ultramagic","article_publisher":"http:\/\/www.facebook.com\/ultramagicballons","article_modified_time":"2024-09-30T16:32:19+00:00","twitter_card":"summary_large_image","twitter_site":"@umballoons","twitter_misc":{"Temps estimat de lectura":"2 minuts"},"schema":{"@context":"https:\/\/schema.org","@graph":[{"@type":"WebPage","@id":"https:\/\/ultramagic.com\/ca\/bases-concurs-fotografic\/","url":"https:\/\/ultramagic.com\/ca\/bases-concurs-fotografic\/","name":"Bases concurs fotogr\u00e0fic - Ultramagic","isPartOf":{"@id":"https:\/\/ultramagic.com\/#website"},"datePublished":"2016-04-05T11:25:02+00:00","dateModified":"2024-09-30T16:32:19+00:00","breadcrumb":{"@id":"https:\/\/ultramagic.com\/ca\/bases-concurs-fotografic\/#breadcrumb"},"inLanguage":"ca","potentialAction":[{"@type":"ReadAction","target":["https:\/\/ultramagic.com\/ca\/bases-concurs-fotografic\/"]}]},{"@type":"BreadcrumbList","@id":"https:\/\/ultramagic.com\/ca\/bases-concurs-fotografic\/#breadcrumb","itemListElement":[{"@type":"ListItem","position":1,"name":"Home","item":"https:\/\/ultramagic.com\/ca\/"},{"@type":"ListItem","position":2,"name":"Bases concurs fotogr\u00e0fic"}]},{"@type":"WebSite","@id":"https:\/\/ultramagic.com\/#website","url":"https:\/\/ultramagic.com\/","name":"Ultramagic","description":"All about hot air balloon advertising industry and history.Hot air balloon photos and pictures. Enjoy the hot air balloon experience from your home.","potentialAction":[{"@type":"SearchAction","target":{"@type":"EntryPoint","urlTemplate":"https:\/\/ultramagic.com\/?s={search_term_string}"},"query-input":"required name=search_term_string"}],"inLanguage":"ca"}]}},"_links":{"self":[{"href":"https:\/\/ultramagic.com\/ca\/wp-json\/wp\/v2\/pages\/9540"}],"collection":[{"href":"https:\/\/ultramagic.com\/ca\/wp-json\/wp\/v2\/pages"}],"about":[{"href":"https:\/\/ultramagic.com\/ca\/wp-json\/wp\/v2\/types\/page"}],"author":[{"embeddable":true,"href":"https:\/\/ultramagic.com\/ca\/wp-json\/wp\/v2\/users\/1"}],"replies":[{"embeddable":true,"href":"https:\/\/ultramagic.com\/ca\/wp-json\/wp\/v2\/comments?post=9540"}],"version-history":[{"count":3,"href":"https:\/\/ultramagic.com\/ca\/wp-json\/wp\/v2\/pages\/9540\/revisions"}],"predecessor-version":[{"id":18983,"href":"https:\/\/ultramagic.com\/ca\/wp-json\/wp\/v2\/pages\/9540\/revisions\/18983"}],"wp:attachment":[{"href":"https:\/\/ultramagic.com\/ca\/wp-json\/wp\/v2\/media?parent=9540"}],"curies":[{"name":"wp","href":"https:\/\/api.w.org\/{rel}","templated":true}]}}