{"id":9529,"date":"2016-04-05T13:20:30","date_gmt":"2016-04-05T11:20:30","guid":{"rendered":"http:\/\/ultramagic.creagia.com\/ca\/?page_id=9529"},"modified":"2020-05-29T15:35:35","modified_gmt":"2020-05-29T13:35:35","slug":"cookies","status":"publish","type":"page","link":"https:\/\/ultramagic.com\/ca\/cookies\/","title":{"rendered":"Cookies"},"content":{"rendered":"<p>Una <em>cookie <\/em>\u00e9s un petit fitxer de text que s\u2019emmagatzema al seu navegador quan visita casi qualsevol p\u00e0gina web. La seva utilitat \u00e9s qu\u00e8 la web sigui capa\u00e7 de recordar la seva visita quan torni a navegar per aquesta p\u00e0gina. Les <em>cookies <\/em>solen emmagatzemar informaci\u00f3 de car\u00e0cter t\u00e8cnic, prefer\u00e8ncies personals, personalitzaci\u00f3 de continguts, estad\u00edstiques d\u2019\u00fas, enlla\u00e7os a xarxes socials, acc\u00e9s a comptes d\u2019usuari, etc. L\u2019objectiu de la <em>cookie <\/em>\u00e9s adaptar el contingut de la web al seu perfil i necessitats, sense <em>cookies<\/em> els serveis oferts per qualsevol p\u00e0gina es veurien minvats notablement. Si desitja consultar m\u00e9s informaci\u00f3 sobre qu\u00e8 son les <em>cookies<\/em>, qu\u00e8 emmagatzemen, com eliminar-les, desactivar-les, etc., li preguem es dirigeixi a aquest <a href=\"https:\/\/ultramagic.com\/more-information-about-cookies\/\">enlla\u00e7<\/a>.<\/p>\n<p>&nbsp;<\/p>\n<h2>Cookies utilitzades a aquest lloc web<\/h2>\n<p>Seguint les directrius de l\u2019Ag\u00e8ncia Espanyola de Protecci\u00f3 de Dades, procedim a detallar l\u2019\u00fas de <em>cookies <\/em>que fa aquesta web amb la finalitat d\u2019informar-li amb la m\u00e0xima exactitud possible.<\/p>\n<p>Aquest lloc web utilitza les seg\u00fcents <strong>cookies de tercers: <\/strong><\/p>\n<ul>\n<li>Google Analytics&nbsp;: Emmagatzema <em>cookies <\/em>per a poder elaborar estad\u00edstiques sobre el tr\u00e0fic i el volum de visites d\u2019aquesta web. Al fer servir aquest lloc web vost\u00e8 est\u00e0 consentint el tractament d\u2019informaci\u00f3 sobre vost\u00e8 per Google. Per tant, l\u2019exercici de qualsevol dret en aquest sentit l\u2019haur\u00e0 de fer comunicant directament amb Google.<\/li>\n<li>Xarxes Socials: Cada xarxa social utilitza les seves pr\u00f2pies <em>cookies <\/em>per a que vost\u00e8 pugui punxar a sobre de botons del tipus <em>M\u2019agrada <\/em>o<\/li>\n<\/ul>\n<p>&nbsp;<\/p>\n<h4><strong>Informaci\u00f3 General de les cookies<\/strong><\/h4>\n<p>La confian\u00e7a de l\u2019usuari \u00e9s important per nosaltres, i per tant, a ULTRAMAGIC, SA ens preocupa protegir la seva privacitat. Un aspecte important d\u2019aix\u00f2 es proporcionar-li tota la informaci\u00f3 possible sobre com utilitzem les seves dades de car\u00e0cter personal, incl\u00fas com utilitzem l\u2019emmagatzematge local de dades i tecnologia similar.<\/p>\n<p>L\u2019emmagatzematge local de dades implica emmagatzemar diferents tipus de dades localment al seu dispositiu a trav\u00e9s del seu navegador web. Les dades emmagatzemades localment poden, per exemple, contenir la configuraci\u00f3 de l\u2019usuari, informaci\u00f3 sobre com navega pel nostre lloc web, quin navegador fa servir, quins anuncis se li han mostrat, y el comportament similar en llocs web amb els que col\u00b7laborem. Les dades emmagatzemades localment poden ser utilitzades per a personalitzar el contingut i les funcions als nostres serveis de forma que les seves visites siguin m\u00e9s c\u00f2modes i tinguin m\u00e9s sentit.<\/p>\n<p>Un m\u00e8tode d\u2019emmagatzematge local de dades son les cookies. Les cookies son petits arxius de text que s\u2019emmagatzemen al seu dispositiu (PC, tel\u00e8fon m\u00f2bil o tableta) que ens permeten recon\u00e8ixer el seu navegador web. Les cookies contenen informaci\u00f3 principalment sobre el seu navegador web i sobre qualsevol activitat que s\u2019ha produ\u00eft en ell. Ens ajuda a garantir la seguretat i el funcionament \u00f2ptim del nostre lloc web, un cop surt de la nostra web aquestes son eliminades (cookies de seguretat i cookies de sessi\u00f3) i recullen informaci\u00f3 sobre els productes que li interessen a les nostres visites d\u2019internet i sobre com naveguen a trav\u00e9s dels nostre lloc web per a que les nostres ofertes online siguin m\u00e9s atractives pels usuaris (cookies de seguiment).<\/p>\n<p>&nbsp;<\/p>\n<h4><strong>Informaci\u00f3 complement\u00e0ria de les cookies<\/strong><\/h4>\n<p>Utilitzem l\u2019emmagatzematge local de dades per una s\u00e8rie de finalitats, com ara: permetre\u2019ns realitzar els nostres serveix; aportar-li contingut pertinent, personalitzar quan visita els nostres llocs web; mesurar i analitzar el tr\u00e0fic als nostres llocs web; millorar els nostres serveis; y dirigir publicitat espec\u00edfica. A continuaci\u00f3, s\u2019ofereixen m\u00e9s detalls sobre aquests temes:<\/p>\n<ul>\n<li>Per a la nostra publicitat<\/li>\n<\/ul>\n<p>Utilitzem l\u2019emmagatzematge local de dades en relaci\u00f3 amb les activitats publicit\u00e0ries. Aix\u00f2 ens permet saber si i amb freq\u00fc\u00e8ncia l\u2019usuari ha vist un anunci o un determinat tipus d\u2019anunci, i quant temps fa que el va veure.<\/p>\n<p>Tamb\u00e9 utilitzem l\u2019emmagatzematge local de dades per a construir segments i grups objectiu amb finalitats de m\u00e0rqueting i per a dirigir anuncis espec\u00edfics.<\/p>\n<ul>\n<li>Per analitzar i millorar els nostres serveis<\/li>\n<\/ul>\n<p>Utilitzem diverses eines de mesurament que ens proporcionen estad\u00edstiques i an\u00e0lisis relatius als nostres serveis. Aquestes eines ens permeten recon\u00e8ixer el navegador web al llarg del temps i esbrinar si l\u2019usuari ha visitat el lloc web anteriorment, i si es aix\u00ed, amb quina freq\u00fc\u00e8ncia. Aquestes eines ens ofereixen la possibilitat d\u2019aconseguir una visi\u00f3 general de quants usuaris \u00fanics tenim i com utilitzen els nostres serveis.<\/p>\n<p>Aix\u00ed mateix, utilitzem la informaci\u00f3 que hem aconseguit i analitzat per a desenvolupar i millorar els nostres serveis; per exemple, esbrinant quins serveis generen molt m\u00e9s tr\u00e0fic o veient si un servei est\u00e0 funcionant de manera \u00f2ptima.<\/p>\n<ul>\n<li>Per entregar i adaptar els serveis al seu \u00fas<\/li>\n<\/ul>\n<p>Es requereix i es necessari l\u2019emmagatzematge local de dades amb la finalitat de permetre-li utilitzar els nostres serveis, com ara informaci\u00f3 sobre configuraci\u00f3, que ens diu com es deuen presentar els serveis al seu navegador web.<\/p>\n<p>Tamb\u00e9 utilitzem l\u2019emmagatzematge local de dades per adaptar els nostres serveis al seu \u00fas el millor possible.<\/p>\n<p>&nbsp;<\/p>\n<h4><strong>Gesti\u00f3 de les cookies<\/strong><\/h4>\n<p>Pot desactivar les cookies o configurar el seu navegador per a que li avisi quan li envien una cookie.<\/p>\n<p>La configuraci\u00f3 al seu navegador web normalment mostra una llista de totes les cookies que han sigut emmagatzemades per a proporcionar-li una visi\u00f3 general i, si ho desitja, per a eliminar les cookies no desitjades. Normalment, pot indicar que accepta l\u2019emmagatzematge de cookies dels llocs web que visita o de tercers afiliats a aquests llocs web. Tamb\u00e9 pot escollir ser notificat cada cop que s\u2019emmagatzema una nova cookie. Se li proporciona a continuaci\u00f3 orientaci\u00f3 sobre com fer aix\u00f2 als diferents navegadors web. El seu navegador web emmagatzema normalment cookies a una carpeta espec\u00edfica al seu disc dur, de forma que pugui examinar tamb\u00e9 el contingut amb m\u00e9s detall.<\/p>\n<p>Les cookies que estan presents al lloc web, per\u00f2, canviem amb freq\u00fc\u00e8ncia, i no totes les cookies s\u00f3n igual d\u2019importants. Per tant si ULTRAMAGIC, SA canvia l\u2019\u00fas de les cookies de seguiment, se li notificar\u00e0 amb un missatge.<\/p>\n<p>Aix\u00ed mateix, hi ha disponibles serveis que han sigut desenvolupats especialment per a proporcionar als usuaris una llista actualitzada de cookies i altres mecanismes de seguiment.<\/p>\n<p>Tingui en compte que, si vost\u00e8 les desactiva, es possible que no pugui gaudir de totes les funcionalitats del nostre lloc web.<\/p>\n<p>A continuaci\u00f3, se li presenta un resum de com les dades emmagatzemades localment poden ser gestionades als diferents navegadors web.<\/p>\n<p>Tingui present que aquest proc\u00e9s pot canviar i que les descripcions donades aqu\u00ed poden no estar actualitzades.<\/p>\n<p>&nbsp;<\/p>\n<h4><strong>Gesti\u00f3 de cookies a Google Chrome<\/strong><\/h4>\n<ul>\n<li>Com eliminar les cookies:<\/li>\n<\/ul>\n<ol>\n<li>Vagi a \u201cConfiguraci\u00f3\u201d al men\u00fa superior del seu navegador<\/li>\n<li>Faci clic a \u201cMostrar configuraci\u00f3 avan\u00e7ada\u201d<\/li>\n<li>Faci clic a \u201cEliminar dades de navegaci\u00f3\u201d<\/li>\n<li>Seleccioni el per\u00edode de temps pel que desitja eliminar la informaci\u00f3 al men\u00fa a la part superior. Si desitja eliminar totes les cookies al navegador, faci clic a \u201cDes del origen dels temps\u201d<\/li>\n<li>Marqui \u201cCookies i altres dades de llocs i complements\u201d<\/li>\n<li>Faci clic a \u201cEsborrar dades de navegaci\u00f3\u201d<\/li>\n<li>Tanqui la finestra.<\/li>\n<\/ol>\n<ul>\n<li>Com evitar que les cookies s\u2019emmagatzemin al navegador web:<\/li>\n<\/ul>\n<ol>\n<li>Vagi a \u201cConfiguraci\u00f3\u201d al men\u00fa superior del seu navegador<\/li>\n<li>Faci clic a \u201cMostrar configuraci\u00f3 avan\u00e7ada\u201d i despr\u00e9s faci clic a \u201cConfiguraci\u00f3 del contingut\u201d<\/li>\n<li>A cookies, seleccioni la seva opci\u00f3 preferida. Si desitja evitar que totes les cookies s\u2019emmagatzemin, faci clic a \u201cNo permetre que es guardin dades dels llocs\u201d<\/li>\n<li>Faci clic a \u201cFet\u201d<\/li>\n<li>Tanqui la finestra.<\/li>\n<\/ol>\n<p>&nbsp;<\/p>\n<h4><strong>Gesti\u00f3 de cookies a Safari<\/strong><\/h4>\n<ul>\n<li>Com eliminar les cookies:<\/li>\n<\/ul>\n<ol>\n<li>Vagi a \u201cPrefer\u00e8ncies\u201d al men\u00fa del seu navegador<\/li>\n<li>Faci clic a la pestanya \u201cPrivacitat\u201d<\/li>\n<li>Faci clic a \u201cEliminar totes les dades dels llocs web\u201d i despr\u00e9s faci clic a \u201cEliminar\u201d per a eliminar totes les cookies.<\/li>\n<li>Tanqui la finestra.<\/li>\n<\/ol>\n<ul>\n<li>Com evitar que les cookies s\u2019emmagatzemin al seu navegador web:<\/li>\n<\/ul>\n<ol>\n<li>Vagi a \u201cPrefer\u00e8ncies\u201d al men\u00fa del seu navegador<\/li>\n<li>Faci clic a la pestanya \u201cPrivacitat\u201d<\/li>\n<li>A \u201cCookies i dades de llocs web\u201d seleccioni la seva opci\u00f3 preferida. Si desitja evitar que totes les cookies s\u2019emmagatzemin, faci clic a \u201cBloquejar sempre\u201d<\/li>\n<li>Tanqui la finestra<\/li>\n<\/ol>\n<p>&nbsp;<\/p>\n<h4><strong>Gesti\u00f3 de les cookies a Mozilla Firefox<\/strong><\/h4>\n<ul>\n<li>Com eliminar les cookies<\/li>\n<\/ul>\n<ol>\n<li>Vagi a \u201cOpcions\u201d al men\u00fa del seu navegador<\/li>\n<li>Faci clic a la pestanya \u201cPrivacitat\u201d<\/li>\n<li>Faci clic a \u201cMostrar Cookies\u201d<\/li>\n<li>Seleccioni les cookies que desitja eliminar i faci clic a \u201cEliminar seleccionades\u201d. Faci clic a \u201cEliminar totes\u201d si desitja eliminar totes les cookies al seu navegador web.<\/li>\n<li>Tanqui la finestra. Qualsevol canvi que hagi fet es guardar\u00e0 autom\u00e0ticament.<\/li>\n<\/ol>\n<ul>\n<li>Com evitar que les cookies s\u2019emmagatzemin al seu navegador web:<\/li>\n<\/ul>\n<ol>\n<li>Vagi a \u201cConfiguraci\u00f3\u201d al men\u00fa del seu navegador<\/li>\n<li>Seleccioni la pestanya \u201cPrivacitat\u201d<\/li>\n<li>A l\u2019Historial, faci clic a \u201cUtilitzar una configuraci\u00f3 personalitzada per a l\u2019historial\u201d<\/li>\n<li>Seleccioni les seves opcions preferides a \u201cPermetre cookies de llocs web\u201d. Si desitja evitar que totes les cookies s\u2019emmagatzemin, desactivi la casella \u201cAcceptar cookies de llocs web\u201d<\/li>\n<li>Tanqui la finestra. Qualsevol canvi que hagi fet es guardar\u00e0 autom\u00e0ticament.<\/li>\n<\/ol>\n<p>&nbsp;<\/p>\n<h4><strong>Gesti\u00f3 de les cookies a Internet Explorer<\/strong><\/h4>\n<ul>\n<li>Com eliminar les cookies:<\/li>\n<\/ul>\n<ol>\n<li>Vagi a \u201cEines\u201d (icona de roda dentada) al men\u00fa del seu navegador<\/li>\n<li>Faci clic a \u201cPropietats d\u2019Internet\u201d<\/li>\n<li>A la pestanya \u201cGeneral \u2013 Historial de navegaci\u00f3\u201d faci clic a \u201cEliminar\u201d<\/li>\n<li>Asseguri\u2019s de marcar l\u2019opci\u00f3 \u201cCookies i dades de llocs web\u201d<\/li>\n<li>Faci clic a \u201cEliminar\u201d<\/li>\n<li>Faci clic a \u201cOK\u201d<\/li>\n<\/ol>\n<ul>\n<li>Com evitar que les cookies s\u2019emmagatzemin al seu navegador web:<\/li>\n<\/ul>\n<ol>\n<li>Vagi a \u201cEines\u201d (icona de roda dentada) al men\u00fa del seu navegador.<\/li>\n<li>Faci clic a \u201cOpcions d\u2019Internet\u201d i despr\u00e9s faci clic a la pestanya \u201cPrivacitat\u201d.<\/li>\n<li>Mogui la barra lliscant al nivell desitjat. Si desitja evitar que totes les cookies s\u2019emmagatzemin, seleccioni el nivell \u201cBloquejar totes les cookies\u201d.<\/li>\n<li>Faci clic a \u201cOK\u201d<\/li>\n<\/ol>\n<p>&nbsp;<\/p>\n<h4><strong>Gesti\u00f3 de les cookies a Opera<\/strong><\/h4>\n<ul>\n<li>Com eliminar les cookies:<\/li>\n<\/ul>\n<ol>\n<li>Vagi a \u201cConfiguraci\u00f3\u201d al men\u00fa del seu navegador<\/li>\n<li>Seleccioni la pestanya de \u201cPrivacitat i Seguretat\u201d<\/li>\n<li>Faci clic a \u201cCookies\u201d i despr\u00e9s faci clic a \u201cTotes les cookies i dades de llocs web\u201d<\/li>\n<li>Seleccioni les cookies que desitja eliminar i faci clic a \u201cEliminar\u201d. Faci clic a \u201cEliminar totes\u201d si desitja eliminar totes les cookies al seu navegador web.<\/li>\n<li>Faci clic a \u201cFet\u201d.<\/li>\n<li>Tanqui la finestra.<\/li>\n<\/ol>\n<ul>\n<li>Com evitar que les cookies s\u2019emmagatzemin al seu navegador web:<\/li>\n<\/ul>\n<ol>\n<li>Vagi a \u201cConfiguraci\u00f3\u201d al men\u00fa del seu navegador.<\/li>\n<li>Seleccioni la pestanya de \u201cPrivacitat i Seguretat\u201d<\/li>\n<\/ol>\n<p>A \u201cCookies\u201d seleccioni la seva opci\u00f3 preferida. Si desitja evitar que totes les cookies s\u2019emmagatzemin, faci clic a \u201cNo permetre que es guardin dades dels llocs\u201d.<\/p>\n<ol start=\"3\">\n<li>Tanqui la finestra.<\/li>\n<\/ol>\n<p>&nbsp;<\/p>\n<h4><strong>Informaci\u00f3 de contacte<\/strong><\/h4>\n<p>Per a una major transpar\u00e8ncia, si te alguna pregunta relativa a l\u2019\u00fas de l\u2019emmagatzematge local del nostre llocs web, posi\u2019s en contacte amb nosaltres a ADMIN@ULTRAMAGIC.COM, indicant a l\u2019assumpte \u201cPol\u00edtica de cookies\u201d.<\/p>\n<p>&nbsp;<\/p>\n<h2>Notes addicionals<\/h2>\n<ul>\n<li>Ni aquesta web ni els seus representants legals es fan responsables ni del contingut ni de la veracitat de les pol\u00edtiques de privacitat que puguin tenir els tercers esmentats a aquesta pol\u00edtica de <em>cookies<\/em>.<\/li>\n<li>Els navegadors web son les eines encarregades d\u2019emmagatzemar les <em>cookies <\/em>i des de aquest lloc deu efectuar el seu dret a eliminaci\u00f3 o desactivaci\u00f3 de les mateixes. Ni aquesta web ni els seus representants legals poden garantir la correcta o incorrecta manipulaci\u00f3 de les <em>cookies <\/em>per part dels esmentats navegadors.<\/li>\n<li>En alguns casos es necessari instal\u00b7lar <em>cookies <\/em>per a que el navegador no oblidi la seva decisi\u00f3 de no acceptar les mateixes.<\/li>\n<li>En el cas de les <em>cookies <\/em>de Google Analytics, aquesta empresa emmagatzema les <em>cookies <\/em>a servidors ubicats als Estats Units i es compromet a no compartir-les amb tercers, exceptuant els casos en els quals sigui necessari pel funcionament del sistema o quan la llei obligui a tal efecte. Segons Google no desa la seva direcci\u00f3 IP. Google INC. \u00e9s una companyia adherida a l\u2019Acord del Port Segur que garanteix que totes les dades transferides seran tractades amb un nivell de protecci\u00f3 d\u2019acord amb la normativa europea. Pot consultar informaci\u00f3 detallada a aquest aspecte en aquest <a href=\"http:\/\/safeharbor.export.gov\/companyinfo.aspx?id=16626\"><strong><u>enlla\u00e7<\/u><\/strong><\/a>. Si desitja informaci\u00f3 sobre l\u2019\u00fas que Google dona a les cookies, li adjuntem aquest altre <a href=\"https:\/\/developers.google.com\/analytics\/devguides\/collection\/analyticsjs\/cookie-usage?hl=es&amp;csw=1\"><strong><u>enlla\u00e7<\/u><\/strong><\/a>.<\/li>\n<\/ul>\n","protected":false},"excerpt":{"rendered":"<p>Una cookie \u00e9s un petit fitxer de text que s\u2019emmagatzema al seu navegador quan visita casi qualsevol p\u00e0gina web. La seva utilitat \u00e9s qu\u00e8 la web sigui capa\u00e7 de recordar la seva visita quan torni a navegar per aquesta p\u00e0gina. Les cookies solen emmagatzemar informaci\u00f3 de car\u00e0cter t\u00e8cnic, prefer\u00e8ncies personals, personalitzaci\u00f3 de continguts, estad\u00edstiques d\u2019\u00fas, [&hellip;]<\/p>\n","protected":false},"author":1,"featured_media":0,"parent":0,"menu_order":0,"comment_status":"closed","ping_status":"open","template":"","meta":{"ngg_post_thumbnail":0,"footnotes":""},"yoast_head":"<!-- This site is optimized with the Yoast SEO plugin v22.7 - https:\/\/yoast.com\/wordpress\/plugins\/seo\/ -->\n<title>Cookies - Ultramagic<\/title>\n<meta name=\"robots\" content=\"index, follow, max-snippet:-1, max-image-preview:large, max-video-preview:-1\" \/>\n<link rel=\"canonical\" href=\"https:\/\/ultramagic.com\/cookies\/\" \/>\n<meta property=\"og:locale\" content=\"ca_ES\" \/>\n<meta property=\"og:type\" content=\"article\" \/>\n<meta property=\"og:title\" content=\"Cookies - Ultramagic\" \/>\n<meta property=\"og:description\" content=\"Una cookie \u00e9s un petit fitxer de text que s\u2019emmagatzema al seu navegador quan visita casi qualsevol p\u00e0gina web. La seva utilitat \u00e9s qu\u00e8 la web sigui capa\u00e7 de recordar la seva visita quan torni a navegar per aquesta p\u00e0gina. Les cookies solen emmagatzemar informaci\u00f3 de car\u00e0cter t\u00e8cnic, prefer\u00e8ncies personals, personalitzaci\u00f3 de continguts, estad\u00edstiques d\u2019\u00fas, [&hellip;]\" \/>\n<meta property=\"og:url\" content=\"https:\/\/ultramagic.com\/cookies\/\" \/>\n<meta property=\"og:site_name\" content=\"Ultramagic\" \/>\n<meta property=\"article:publisher\" content=\"http:\/\/www.facebook.com\/ultramagicballons\" \/>\n<meta property=\"article:modified_time\" content=\"2020-05-29T13:35:35+00:00\" \/>\n<meta name=\"twitter:card\" content=\"summary_large_image\" \/>\n<meta name=\"twitter:site\" content=\"@umballoons\" \/>\n<meta name=\"twitter:label1\" content=\"Temps estimat de lectura\" \/>\n\t<meta name=\"twitter:data1\" content=\"10 minuts\" \/>\n<script type=\"application\/ld+json\" class=\"yoast-schema-graph\">{\"@context\":\"https:\/\/schema.org\",\"@graph\":[{\"@type\":\"WebPage\",\"@id\":\"https:\/\/ultramagic.com\/cookies\/\",\"url\":\"https:\/\/ultramagic.com\/cookies\/\",\"name\":\"Cookies - Ultramagic\",\"isPartOf\":{\"@id\":\"https:\/\/ultramagic.com\/#website\"},\"datePublished\":\"2016-04-05T11:20:30+00:00\",\"dateModified\":\"2020-05-29T13:35:35+00:00\",\"breadcrumb\":{\"@id\":\"https:\/\/ultramagic.com\/cookies\/#breadcrumb\"},\"inLanguage\":\"ca\",\"potentialAction\":[{\"@type\":\"ReadAction\",\"target\":[\"https:\/\/ultramagic.com\/cookies\/\"]}]},{\"@type\":\"BreadcrumbList\",\"@id\":\"https:\/\/ultramagic.com\/cookies\/#breadcrumb\",\"itemListElement\":[{\"@type\":\"ListItem\",\"position\":1,\"name\":\"Home\",\"item\":\"https:\/\/ultramagic.com\/ca\/\"},{\"@type\":\"ListItem\",\"position\":2,\"name\":\"Cookies\"}]},{\"@type\":\"WebSite\",\"@id\":\"https:\/\/ultramagic.com\/#website\",\"url\":\"https:\/\/ultramagic.com\/\",\"name\":\"Ultramagic\",\"description\":\"All about hot air balloon advertising industry and history.Hot air balloon photos and pictures. Enjoy the hot air balloon experience from your home.\",\"potentialAction\":[{\"@type\":\"SearchAction\",\"target\":{\"@type\":\"EntryPoint\",\"urlTemplate\":\"https:\/\/ultramagic.com\/?s={search_term_string}\"},\"query-input\":\"required name=search_term_string\"}],\"inLanguage\":\"ca\"}]}<\/script>\n<!-- \/ Yoast SEO plugin. -->","yoast_head_json":{"title":"Cookies - Ultramagic","robots":{"index":"index","follow":"follow","max-snippet":"max-snippet:-1","max-image-preview":"max-image-preview:large","max-video-preview":"max-video-preview:-1"},"canonical":"https:\/\/ultramagic.com\/cookies\/","og_locale":"ca_ES","og_type":"article","og_title":"Cookies - Ultramagic","og_description":"Una cookie \u00e9s un petit fitxer de text que s\u2019emmagatzema al seu navegador quan visita casi qualsevol p\u00e0gina web. La seva utilitat \u00e9s qu\u00e8 la web sigui capa\u00e7 de recordar la seva visita quan torni a navegar per aquesta p\u00e0gina. Les cookies solen emmagatzemar informaci\u00f3 de car\u00e0cter t\u00e8cnic, prefer\u00e8ncies personals, personalitzaci\u00f3 de continguts, estad\u00edstiques d\u2019\u00fas, [&hellip;]","og_url":"https:\/\/ultramagic.com\/cookies\/","og_site_name":"Ultramagic","article_publisher":"http:\/\/www.facebook.com\/ultramagicballons","article_modified_time":"2020-05-29T13:35:35+00:00","twitter_card":"summary_large_image","twitter_site":"@umballoons","twitter_misc":{"Temps estimat de lectura":"10 minuts"},"schema":{"@context":"https:\/\/schema.org","@graph":[{"@type":"WebPage","@id":"https:\/\/ultramagic.com\/cookies\/","url":"https:\/\/ultramagic.com\/cookies\/","name":"Cookies - Ultramagic","isPartOf":{"@id":"https:\/\/ultramagic.com\/#website"},"datePublished":"2016-04-05T11:20:30+00:00","dateModified":"2020-05-29T13:35:35+00:00","breadcrumb":{"@id":"https:\/\/ultramagic.com\/cookies\/#breadcrumb"},"inLanguage":"ca","potentialAction":[{"@type":"ReadAction","target":["https:\/\/ultramagic.com\/cookies\/"]}]},{"@type":"BreadcrumbList","@id":"https:\/\/ultramagic.com\/cookies\/#breadcrumb","itemListElement":[{"@type":"ListItem","position":1,"name":"Home","item":"https:\/\/ultramagic.com\/ca\/"},{"@type":"ListItem","position":2,"name":"Cookies"}]},{"@type":"WebSite","@id":"https:\/\/ultramagic.com\/#website","url":"https:\/\/ultramagic.com\/","name":"Ultramagic","description":"All about hot air balloon advertising industry and history.Hot air balloon photos and pictures. Enjoy the hot air balloon experience from your home.","potentialAction":[{"@type":"SearchAction","target":{"@type":"EntryPoint","urlTemplate":"https:\/\/ultramagic.com\/?s={search_term_string}"},"query-input":"required name=search_term_string"}],"inLanguage":"ca"}]}},"_links":{"self":[{"href":"https:\/\/ultramagic.com\/ca\/wp-json\/wp\/v2\/pages\/9529"}],"collection":[{"href":"https:\/\/ultramagic.com\/ca\/wp-json\/wp\/v2\/pages"}],"about":[{"href":"https:\/\/ultramagic.com\/ca\/wp-json\/wp\/v2\/types\/page"}],"author":[{"embeddable":true,"href":"https:\/\/ultramagic.com\/ca\/wp-json\/wp\/v2\/users\/1"}],"replies":[{"embeddable":true,"href":"https:\/\/ultramagic.com\/ca\/wp-json\/wp\/v2\/comments?post=9529"}],"version-history":[{"count":7,"href":"https:\/\/ultramagic.com\/ca\/wp-json\/wp\/v2\/pages\/9529\/revisions"}],"predecessor-version":[{"id":15632,"href":"https:\/\/ultramagic.com\/ca\/wp-json\/wp\/v2\/pages\/9529\/revisions\/15632"}],"wp:attachment":[{"href":"https:\/\/ultramagic.com\/ca\/wp-json\/wp\/v2\/media?parent=9529"}],"curies":[{"name":"wp","href":"https:\/\/api.w.org\/{rel}","templated":true}]}}