{"id":8938,"date":"2015-06-11T12:51:23","date_gmt":"2015-06-11T10:51:23","guid":{"rendered":"http:\/\/ultramagic.creagia.com\/ca\/marketing-executive\/"},"modified":"2016-03-08T11:59:21","modified_gmt":"2016-03-08T10:59:21","slug":"marketing-i-globus","status":"publish","type":"page","link":"https:\/\/ultramagic.com\/ca\/ballooning-world\/marketing-i-globus\/","title":{"rendered":"Marketing i Globus"},"content":{"rendered":"<h2>Publicitar en un globus al meu producte o empresa?<\/h2>\n<div><\/div>\n<p align=\"justify\">Les empreses van comen\u00e7ar als anys 60 a utilitzar globus tant com instrument de promoci\u00f3 de la seva marca o pr\u00f2pia empresa com incentiu i est\u00edmul. Fins i tot avui en dia encara hi ha persones que recorden els globus Nimble que es van usar per a publicitat fa uns 40 anys.<\/p>\n<h2><\/h2>\n<h2>Per qu\u00e8 hauria d\u2019usar un globus per al meu producte o empresa?<\/h2>\n<p>&nbsp;<\/p>\n<p><strong>1<\/strong>. <em><strong>Els globus aconsegueixen sempre cridar l\u2019atenci\u00f3 d\u2019un gran nombre de persones.\u00a0<\/strong><\/em><\/p>\n<p>Els globus d\u2019aire calent agraden a tothom. Ja sigui enlairats o en s\u00f2l ferm, sempre atreuen molta gent. Nombrosos estudis demostren que fins el 100% dels enquestats van confirmar sentir-se atrets de forma molt m\u00e9s immediata per un globus que per qualsevol altre mitj\u00e0 de publicitat.<\/p>\n<p><strong>2. <em>Els globus causen gran impacte i s\u00f3n objecte de comentaris<\/em>.<\/strong><br \/>\nDe nou les enquestes diuen que la majoria de la gent sol estar d\u2019acord amb el fet que els globus s\u00f3n interessants i que en fan comentaris quan els veuen. Els comentaris sobre la seva marca seran molt m\u00e9s freq\u00fcents quan aquesta apareix en un globus que si ho fa en un r\u00e8tol o p\u00f2ster.<\/p>\n<p><strong>3. <em>Els globus romanen en el record<\/em>.<\/strong><br \/>\nDe nou ens remuntem als globus Nimble. Recents estudis confirmen que en els pa\u00efsos on hi ha exhibicions de globus, la majoria de les persones poden recordar el nom dels globus que han vist al cel, sent molt poques les que puguin fer-ho amb p\u00f2sters.<\/p>\n<p><strong>4. <em>La imatge d\u2019un globus queda gravada a la ment<\/em>.<\/strong><br \/>\nImagini un globus per a la seva empresa com el major p\u00f2ster o r\u00e8tol del m\u00f3n. Aix\u00f2 \u00e9s precisament el que pot ser un globus i segur ser\u00e0 recordat per tots quants el vegin. Com d\u00e8iem, estad\u00edstiques han demostrat que el poder d\u2019atracci\u00f3 d\u2019un globus \u00e9s molt gran que el de qualsevol altre mitj\u00e0 de publicitat. No hi ha persona que no miri al cel en veure un globus. La seva mida fa que no passi desapercebut i estar susp\u00e8s en l\u2019aire, sorprenent a m\u00e9s de fascinant. Crida l\u2019atenci\u00f3 una vegada darrera l\u2019altra. No importa quants globus h\u00e0gim vist, sempre els trobem fascinants. Sovint hi ha persones que segueixen un globus llarg trams nom\u00e9s per poder mirar-ho m\u00e9s de prop o fer una fotografia. Quantes persones coneix que mirin un p\u00f2ster m\u00e9s d\u2019uns segons o gravin un anunci de televisi\u00f3?<\/p>\n<p>&nbsp;<\/p>\n<p style=\"padding-left: 60px;\"><img loading=\"lazy\" decoding=\"async\" src=\"http:\/\/www.ultramagic.com\/media_items\/image\/Ballooning\/marketing_4.jpg\" alt=\"\" width=\"135\" height=\"180\" align=\"middle\" \/>\u00a0 \u00a0<img loading=\"lazy\" decoding=\"async\" src=\"http:\/\/www.ultramagic.com\/media_items\/image\/Ballooning\/marketing_5.jpg\" alt=\"\" width=\"135\" height=\"180\" align=\"middle\" \/>\u00a0 \u00a0<img loading=\"lazy\" decoding=\"async\" src=\"http:\/\/www.ultramagic.com\/media_items\/image\/Ballooning\/marketing_6.jpg\" alt=\"\" width=\"135\" height=\"180\" align=\"middle\" \/>\u00a0 \u00a0<img loading=\"lazy\" decoding=\"async\" src=\"http:\/\/www.ultramagic.com\/media_items\/image\/Ballooning\/marketing_7.jpg\" alt=\"\" width=\"135\" height=\"180\" align=\"middle\" \/><\/p>\n<p align=\"justify\">Molt\u00edssima gent els fa fotografies o fins i tot els grava en c\u00e0mera de v\u00eddeo. Ja sigui per la seva grand\u00e0ria i colors, pel seu moviment gracil o l\u2019esperit d\u2019aventura que representen, els globus atreuen l\u2019atenci\u00f3 de la gent, que fins i tot vol conservar-los en fotografies per a poder mirar-los de nou m\u00e9s endavant. Miri en qualsevol botiga de targetes de regal i en trobar\u00e0 m\u00e9s d\u2019una amb la fotografia d\u2019un globus. Miri fullets de vacances i rutes tur\u00edstiques. Veur\u00e0 alguna que altra fotografia de globus. I \u00e9s que aquestes fotografies agraden.<br \/>\nLes cadenes de televisi\u00f3 tamb\u00e9 gaudeixen del colorit i atracci\u00f3 dels globus. Els agrada cobrir esdeveniments on es combinin globus i multituds de persones.<\/p>\n<p align=\"justify\">Imagini\u2019s l\u2019impacte que el logotip de la seva empresa pot tenir utilitzant un globus com a mitj\u00e0 de publicitat. Les estad\u00edstiques indiquen que en comparaci\u00f3 amb d\u2019altres formes de publicitat, els globus poden resultar molt m\u00e9s eficients amb un ratio de cost per milers de persones impactades molt menor.<br \/>\nLa premsa en general tamb\u00e9 t\u00e9 un inter\u00e8s similar en globus i esdeveniments on aquests participin, editant-ne reportatges i fotografies.<\/p>\n<p align=\"justify\">No obstant aix\u00f2, conv\u00e9 no caure en l\u2019error de creure que l\u2019\u00fas de globus substitueix qualsevol altre mitj\u00e0 de publicitat. Cert \u00e9s que d\u00f3na a con\u00e8ixer l\u2019empresa, marca o organitzaci\u00f3. S\u2019ha demostrat m\u00e9s d\u2019una vegada que altres mitjans de publicitat es beneficien altament quan es combinen amb globus. Cal destacar que els globus no se solen utilitzar per a promocions de productes amb car\u00e0cter setmanal. La imatge d\u2019un globus perdura en el record durant molt temps. Precisament aquest \u00e9s el gran avantatge d\u2019usar aquest mitj\u00e0 de comunicaci\u00f3.<\/p>\n<h2 align=\"justify\">Hi ha altres beneficis en usar un globus d\u2019aire calent per a la nostra empresa?<\/h2>\n<p><img loading=\"lazy\" decoding=\"async\" class=\"alignright\" src=\"http:\/\/www.ultramagic.com\/media_items\/image\/Ballooning\/marketing_3.jpg\" alt=\"\" width=\"180\" height=\"149\" align=\"middle\" \/><\/p>\n<p><em>S\u00ed \u2013 entreteniment per a l\u2019empresa o vols com incentiu per al personal<\/em>.<br \/>\nCom tots sabem, hi ha gran varietat d\u2019entreteniment corporatiu i incentius per al personal, per\u00f2 avui en dia molta gent reconeix que volar amb globus gaudeix d\u2019un important valor afegit i que aix\u00f2 pot beneficiar tant l\u2019empresa com la imatge de marca.<br \/>\n<em>S\u00ed \u2013 el programa operaci\u00f3 globus pot acompanyar-se d\u2019articles promocionals com per exemple roba amb la nostra marca, pins, clauers, p\u00f2sters i targetes<\/em>.<br \/>\nMoltes empreses elegeixen usar articles promocionals amb els seus globus i guanyar aix\u00ed major exposici\u00f3 de la marca despr\u00e9s de la retirada del globus. \u00c9s ben sabut que la gent usar\u00e0 roba amb la marca promocionada en el globus que dif\u00edcilment ho faria d\u2019una altra manera.<\/p>\n<p>&nbsp;<\/p>\n<h2>Com puc saber m\u00e9s sobre un globus corporatiu i qui pot ajudar-me?<\/h2>\n<p>L\u2019equip d\u2019Ultramagic t\u00e9 molts anys d\u2019experi\u00e8ncia dissenyant i produint globus corporatius d\u2019aire calent. Disposem d\u2019un equip de professionals per treballar de prop amb vost\u00e8 i dirigir el seu programa de globus corporatiu d\u2019aire calent per aconseguir els millors resultats. Podran parlar sobre els requeriments especials que tingui, informar-lo sobre com aquest tipus de programa pot funcionar millor per a vost\u00e8 i explicar-li tots els costos que comporta.<\/p>\n<p><img loading=\"lazy\" decoding=\"async\" class=\"aligncenter size-full wp-image-235\" src=\"http:\/\/ultramagic.com\/wp-content\/uploads\/2015\/06\/marketing-balloon.png\" alt=\"marketing-balloon\" width=\"600\" height=\"189\" srcset=\"https:\/\/ultramagic.com\/wp-content\/uploads\/2015\/06\/marketing-balloon.png 600w, https:\/\/ultramagic.com\/wp-content\/uploads\/2015\/06\/marketing-balloon-300x95.png 300w\" sizes=\"(max-width: 600px) 100vw, 600px\" \/><\/p>\n<p>&nbsp;<\/p>\n<p>Actu\u00ef ara enviant un email a <a href=\"mailto:marketing@ultramagic.com\">marketing@ultramagic.com<\/a>. El posarem en contacte amb un dels nostres especialistes que parlar\u00e0 amb vost\u00e8 sobre les seves idees amb la m\u00e0xima confidencialitat.<\/p>\n<h2 align=\"justify\">Els globus corporatius realment funcionen. Deixi que un d\u2019ells ho faci per a vost\u00e8.<\/h2>\n","protected":false},"excerpt":{"rendered":"<p>Publicitar en un globus al meu producte o empresa? Les empreses van comen\u00e7ar als anys 60 a utilitzar globus tant com instrument de promoci\u00f3 de la seva marca o pr\u00f2pia empresa com incentiu i est\u00edmul. Fins i tot avui en dia encara hi ha persones que recorden els globus Nimble que es van usar per [&hellip;]<\/p>\n","protected":false},"author":1,"featured_media":0,"parent":9028,"menu_order":0,"comment_status":"closed","ping_status":"open","template":"page-fotos.php","meta":{"ngg_post_thumbnail":0,"footnotes":""},"yoast_head":"<!-- This site is optimized with the Yoast SEO plugin v22.7 - https:\/\/yoast.com\/wordpress\/plugins\/seo\/ -->\n<title>Marketing i Globus - Ultramagic<\/title>\n<meta name=\"robots\" content=\"index, follow, max-snippet:-1, max-image-preview:large, max-video-preview:-1\" \/>\n<link rel=\"canonical\" href=\"https:\/\/ultramagic.com\/ca\/ballooning-world\/marketing-i-globus\/\" \/>\n<meta property=\"og:locale\" content=\"ca_ES\" \/>\n<meta property=\"og:type\" content=\"article\" \/>\n<meta property=\"og:title\" content=\"Marketing i Globus - Ultramagic\" \/>\n<meta property=\"og:description\" content=\"Publicitar en un globus al meu producte o empresa? Les empreses van comen\u00e7ar als anys 60 a utilitzar globus tant com instrument de promoci\u00f3 de la seva marca o pr\u00f2pia empresa com incentiu i est\u00edmul. Fins i tot avui en dia encara hi ha persones que recorden els globus Nimble que es van usar per [&hellip;]\" \/>\n<meta property=\"og:url\" content=\"https:\/\/ultramagic.com\/ca\/ballooning-world\/marketing-i-globus\/\" \/>\n<meta property=\"og:site_name\" content=\"Ultramagic\" \/>\n<meta property=\"article:publisher\" content=\"http:\/\/www.facebook.com\/ultramagicballons\" \/>\n<meta property=\"article:modified_time\" content=\"2016-03-08T10:59:21+00:00\" \/>\n<meta property=\"og:image\" content=\"http:\/\/www.ultramagic.com\/media_items\/image\/Ballooning\/marketing_4.jpg\" \/>\n<meta name=\"twitter:card\" content=\"summary_large_image\" \/>\n<meta name=\"twitter:site\" content=\"@umballoons\" \/>\n<meta name=\"twitter:label1\" content=\"Temps estimat de lectura\" \/>\n\t<meta name=\"twitter:data1\" content=\"5 minuts\" \/>\n<script type=\"application\/ld+json\" class=\"yoast-schema-graph\">{\"@context\":\"https:\/\/schema.org\",\"@graph\":[{\"@type\":\"WebPage\",\"@id\":\"https:\/\/ultramagic.com\/ca\/ballooning-world\/marketing-i-globus\/\",\"url\":\"https:\/\/ultramagic.com\/ca\/ballooning-world\/marketing-i-globus\/\",\"name\":\"Marketing i Globus - Ultramagic\",\"isPartOf\":{\"@id\":\"https:\/\/ultramagic.com\/#website\"},\"primaryImageOfPage\":{\"@id\":\"https:\/\/ultramagic.com\/ca\/ballooning-world\/marketing-i-globus\/#primaryimage\"},\"image\":{\"@id\":\"https:\/\/ultramagic.com\/ca\/ballooning-world\/marketing-i-globus\/#primaryimage\"},\"thumbnailUrl\":\"http:\/\/www.ultramagic.com\/media_items\/image\/Ballooning\/marketing_4.jpg\",\"datePublished\":\"2015-06-11T10:51:23+00:00\",\"dateModified\":\"2016-03-08T10:59:21+00:00\",\"breadcrumb\":{\"@id\":\"https:\/\/ultramagic.com\/ca\/ballooning-world\/marketing-i-globus\/#breadcrumb\"},\"inLanguage\":\"ca\",\"potentialAction\":[{\"@type\":\"ReadAction\",\"target\":[\"https:\/\/ultramagic.com\/ca\/ballooning-world\/marketing-i-globus\/\"]}]},{\"@type\":\"ImageObject\",\"inLanguage\":\"ca\",\"@id\":\"https:\/\/ultramagic.com\/ca\/ballooning-world\/marketing-i-globus\/#primaryimage\",\"url\":\"http:\/\/www.ultramagic.com\/media_items\/image\/Ballooning\/marketing_4.jpg\",\"contentUrl\":\"http:\/\/www.ultramagic.com\/media_items\/image\/Ballooning\/marketing_4.jpg\"},{\"@type\":\"BreadcrumbList\",\"@id\":\"https:\/\/ultramagic.com\/ca\/ballooning-world\/marketing-i-globus\/#breadcrumb\",\"itemListElement\":[{\"@type\":\"ListItem\",\"position\":1,\"name\":\"Home\",\"item\":\"https:\/\/ultramagic.com\/ca\/\"},{\"@type\":\"ListItem\",\"position\":2,\"name\":\"Ballooning World\",\"item\":\"https:\/\/ultramagic.com\/ca\/ballooning-world\/\"},{\"@type\":\"ListItem\",\"position\":3,\"name\":\"Marketing i Globus\"}]},{\"@type\":\"WebSite\",\"@id\":\"https:\/\/ultramagic.com\/#website\",\"url\":\"https:\/\/ultramagic.com\/\",\"name\":\"Ultramagic\",\"description\":\"All about hot air balloon advertising industry and history.Hot air balloon photos and pictures. Enjoy the hot air balloon experience from your home.\",\"potentialAction\":[{\"@type\":\"SearchAction\",\"target\":{\"@type\":\"EntryPoint\",\"urlTemplate\":\"https:\/\/ultramagic.com\/?s={search_term_string}\"},\"query-input\":\"required name=search_term_string\"}],\"inLanguage\":\"ca\"}]}<\/script>\n<!-- \/ Yoast SEO plugin. -->","yoast_head_json":{"title":"Marketing i Globus - Ultramagic","robots":{"index":"index","follow":"follow","max-snippet":"max-snippet:-1","max-image-preview":"max-image-preview:large","max-video-preview":"max-video-preview:-1"},"canonical":"https:\/\/ultramagic.com\/ca\/ballooning-world\/marketing-i-globus\/","og_locale":"ca_ES","og_type":"article","og_title":"Marketing i Globus - Ultramagic","og_description":"Publicitar en un globus al meu producte o empresa? Les empreses van comen\u00e7ar als anys 60 a utilitzar globus tant com instrument de promoci\u00f3 de la seva marca o pr\u00f2pia empresa com incentiu i est\u00edmul. Fins i tot avui en dia encara hi ha persones que recorden els globus Nimble que es van usar per [&hellip;]","og_url":"https:\/\/ultramagic.com\/ca\/ballooning-world\/marketing-i-globus\/","og_site_name":"Ultramagic","article_publisher":"http:\/\/www.facebook.com\/ultramagicballons","article_modified_time":"2016-03-08T10:59:21+00:00","og_image":[{"url":"http:\/\/www.ultramagic.com\/media_items\/image\/Ballooning\/marketing_4.jpg"}],"twitter_card":"summary_large_image","twitter_site":"@umballoons","twitter_misc":{"Temps estimat de lectura":"5 minuts"},"schema":{"@context":"https:\/\/schema.org","@graph":[{"@type":"WebPage","@id":"https:\/\/ultramagic.com\/ca\/ballooning-world\/marketing-i-globus\/","url":"https:\/\/ultramagic.com\/ca\/ballooning-world\/marketing-i-globus\/","name":"Marketing i Globus - Ultramagic","isPartOf":{"@id":"https:\/\/ultramagic.com\/#website"},"primaryImageOfPage":{"@id":"https:\/\/ultramagic.com\/ca\/ballooning-world\/marketing-i-globus\/#primaryimage"},"image":{"@id":"https:\/\/ultramagic.com\/ca\/ballooning-world\/marketing-i-globus\/#primaryimage"},"thumbnailUrl":"http:\/\/www.ultramagic.com\/media_items\/image\/Ballooning\/marketing_4.jpg","datePublished":"2015-06-11T10:51:23+00:00","dateModified":"2016-03-08T10:59:21+00:00","breadcrumb":{"@id":"https:\/\/ultramagic.com\/ca\/ballooning-world\/marketing-i-globus\/#breadcrumb"},"inLanguage":"ca","potentialAction":[{"@type":"ReadAction","target":["https:\/\/ultramagic.com\/ca\/ballooning-world\/marketing-i-globus\/"]}]},{"@type":"ImageObject","inLanguage":"ca","@id":"https:\/\/ultramagic.com\/ca\/ballooning-world\/marketing-i-globus\/#primaryimage","url":"http:\/\/www.ultramagic.com\/media_items\/image\/Ballooning\/marketing_4.jpg","contentUrl":"http:\/\/www.ultramagic.com\/media_items\/image\/Ballooning\/marketing_4.jpg"},{"@type":"BreadcrumbList","@id":"https:\/\/ultramagic.com\/ca\/ballooning-world\/marketing-i-globus\/#breadcrumb","itemListElement":[{"@type":"ListItem","position":1,"name":"Home","item":"https:\/\/ultramagic.com\/ca\/"},{"@type":"ListItem","position":2,"name":"Ballooning World","item":"https:\/\/ultramagic.com\/ca\/ballooning-world\/"},{"@type":"ListItem","position":3,"name":"Marketing i Globus"}]},{"@type":"WebSite","@id":"https:\/\/ultramagic.com\/#website","url":"https:\/\/ultramagic.com\/","name":"Ultramagic","description":"All about hot air balloon advertising industry and history.Hot air balloon photos and pictures. Enjoy the hot air balloon experience from your home.","potentialAction":[{"@type":"SearchAction","target":{"@type":"EntryPoint","urlTemplate":"https:\/\/ultramagic.com\/?s={search_term_string}"},"query-input":"required name=search_term_string"}],"inLanguage":"ca"}]}},"_links":{"self":[{"href":"https:\/\/ultramagic.com\/ca\/wp-json\/wp\/v2\/pages\/8938"}],"collection":[{"href":"https:\/\/ultramagic.com\/ca\/wp-json\/wp\/v2\/pages"}],"about":[{"href":"https:\/\/ultramagic.com\/ca\/wp-json\/wp\/v2\/types\/page"}],"author":[{"embeddable":true,"href":"https:\/\/ultramagic.com\/ca\/wp-json\/wp\/v2\/users\/1"}],"replies":[{"embeddable":true,"href":"https:\/\/ultramagic.com\/ca\/wp-json\/wp\/v2\/comments?post=8938"}],"version-history":[{"count":2,"href":"https:\/\/ultramagic.com\/ca\/wp-json\/wp\/v2\/pages\/8938\/revisions"}],"predecessor-version":[{"id":8940,"href":"https:\/\/ultramagic.com\/ca\/wp-json\/wp\/v2\/pages\/8938\/revisions\/8940"}],"up":[{"embeddable":true,"href":"https:\/\/ultramagic.com\/ca\/wp-json\/wp\/v2\/pages\/9028"}],"wp:attachment":[{"href":"https:\/\/ultramagic.com\/ca\/wp-json\/wp\/v2\/media?parent=8938"}],"curies":[{"name":"wp","href":"https:\/\/api.w.org\/{rel}","templated":true}]}}