{"id":8935,"date":"2015-06-11T12:51:10","date_gmt":"2015-06-11T10:51:10","guid":{"rendered":"http:\/\/ultramagic.creagia.com\/ca\/el-negoci-dels-globus\/"},"modified":"2016-03-08T11:51:54","modified_gmt":"2016-03-08T10:51:54","slug":"el-negoci-dels-globus","status":"publish","type":"page","link":"https:\/\/ultramagic.com\/ca\/ballooning-world\/el-negoci-dels-globus\/","title":{"rendered":"El negoci dels globus"},"content":{"rendered":"<h2>Aerostaci\u00f3 per a tots.<\/h2>\n<p>Avui en dia \u00e9s possible per a la majoria de la gent en molts pa\u00efsos del m\u00f3n realitzar un vol amb globus d&#8217;aire calent sense necessitat de posseir en la seva vida un globus, convertir-se en pilot o plantejar-se ser-ho un dia. Ja sigui un turista de visita o un resident local, aquesta oportunitat est\u00e0 oberta a tots si t\u00e9 suficient diners per a comprar el vol. Aix\u00f2 \u00e9s gr\u00e0cies a l\u2019important creixement al sector de vols de creuer amb globus per tot el m\u00f3n que coincideix amb el creixement general dels esports i la ind\u00fastria de l&#8217;oci. Tamb\u00e9 s&#8217;ha vist ajudat per l&#8217;esperit aventurer insaciable del p\u00fablic en general i l&#8217;amor cap als globus d&#8217;aire calent.<br \/>\nPer a uns, el seu primer vol amb globus pot ser per celebrar una ocasi\u00f3 especial o un aniversari. Per a uns altres, satisfer una ambici\u00f3 de tota la vida. En tots aquests casos, el primer vol \u00e9s sempre una ocasi\u00f3 memorable i la proporciona un servei molt especial &#8211; l&#8217;operador de vols de creuer amb globus. Aquesta operativitat comercial est\u00e0 present en tots els continents i terrenys: en el camp d&#8217;Austr\u00e0lia, les reserves d&#8217;\u00c0frica o en les proximitats de les ciutats d&#8217;Europa i d&#8217;Am\u00e8rica del Nord.<\/p>\n<p style=\"padding-left: 120px;\"><img loading=\"lazy\" decoding=\"async\" class=\"size-full wp-image-231 alignnone\" src=\"http:\/\/ultramagic.com\/wp-content\/uploads\/2015\/06\/balloons.jpg\" alt=\"balloons\" width=\"690\" height=\"216\" srcset=\"https:\/\/ultramagic.com\/wp-content\/uploads\/2015\/06\/balloons.jpg 690w, https:\/\/ultramagic.com\/wp-content\/uploads\/2015\/06\/balloons-300x94.jpg 300w\" sizes=\"(max-width: 690px) 100vw, 690px\" \/><\/p>\n<h2>Com funciona el negoci dels vols amb globus?<\/h2>\n<p>Per al passatger &#8211; les operacions poden variar \u00f2bviament d&#8217;un pa\u00eds a un altre per\u00f2 totes tenen una cosa en com\u00fa. L&#8217;operaci\u00f3 es basa en pilots qualificats que realitzen el vol per a passatgers que viuran l&#8217;aventura de la seva vida amb una durada d&#8217;una hora a hora i mitja per un preu convingut. En la majoria dels casos aix\u00f2 es realitza amb globus contru\u00efts per a la venda de vols a passatgers. Algunes operacions poden fer-se amb car\u00e0cter de cap de setmana mentre que unes altres, en canvi, s\u00f3n grans organitzacions comercials que duen l\u00ednies similars a les de companyies petites de l\u00ednies a\u00e8ries.<br \/>\nNo obstant aix\u00f2, la gran difer\u00e8ncia en relaci\u00f3 a un vol amb avi\u00f3 \u00e9s que amb globus \u00a1vost\u00e8 no sabr\u00e0 mai amb exactitud on acabar\u00e0! Potser aix\u00f2 formi part de l&#8217;atracci\u00f3. L&#8217;\u00fanica cosa de qu\u00e8 com a passatger vost\u00e8 pot estar segur \u00e9s que volar\u00e0 en una de les formes m\u00e9s segures d&#8217;aviaci\u00f3.<\/p>\n<p align=\"justify\">\nUltramagic, com un dels fabricants mundials m\u00e9s grans de globus d&#8217;aire calent, s&#8217;ha especialitzat en el disseny i la fabricaci\u00f3 dels globus especials per a creuers durant molts anys. Subministrem els operadors petits que volen amb nom\u00e9s 4 passatgers fins a cistelles amb molts compartiments que duen 4 passatgers cadascun! Gr\u00e0cies a la nostra experi\u00e8ncia, Ultramagic ha estat un contribu\u00efdor important en el creixement i seguretat d&#8217;aquest negoci. Tenir l&#8217;equip correcte \u00e9s precisament un dels requisits m\u00e9s importants per al funcionament amb \u00e8xit d&#8217;aquest negoci.<\/p>\n<p>Per als que desitgin saber m\u00e9s sobre comprar un vol amb globus a la seva zona, poden comen\u00e7ar buscant a les p\u00e0gines grogues de la seva localitat els tel\u00e8fons de contacte perqu\u00e8 la majoria dels operadors utilitzen aquest servei. Aix\u00f2 no \u00e9s aplicable per descomptat si est\u00e0 lluny de viatge. En aquests casos, una bona ag\u00e8ncia de viatges pot ajudar-lo. Molts operadors de vol poden per descomptat trobar-se a Internet.<\/p>\n<p>&nbsp;<\/p>\n<h2>Com comen\u00e7ar un negoci de\u00a0vols amb globus?<\/h2>\n<p>Localitzaci\u00f3, localitzaci\u00f3, localitzaci\u00f3. Aquesta dita s&#8217;utilitza moltes vegades en relaci\u00f3 a la creaci\u00f3 d&#8217;un negoci, particularment un al detall i no sorprenentment s&#8217;aplica molt al negoci de vols amb globus. El primer requisit d&#8217;un negoci com aquest \u00e9s tenir una bona font de passatgers potencials ja sigui per tenir una poblaci\u00f3 gran a la vora o per ser una zona tur\u00edstica. Aquesta \u00e9s la ra\u00f3 per la qual la localitzaci\u00f3 del seu negoci \u00e9s molt important. \u00c9s possible en molts pa\u00efsos volar des del centre de ciutats depenent de regulacions del tr\u00e0fic aeri. Aix\u00f2 pot resultar-li d&#8217;inter\u00e8s com operador.<br \/>\nCom alternativa, potser desitgi fixar les seves operacions en un \u00e0rea molt pintoresca visitada regularment per turistes. Faci la seva investigaci\u00f3 i prengui&#8217;s el temps necessari per decidir la localitzaci\u00f3. Eventualment pot triar tenir m\u00e9s d&#8217;una localitzaci\u00f3 depenent de les condicions clim\u00e0tiques i de la disponibilitat de passatgers. Les operacions tur\u00edstiques petites poden funcionar gaireb\u00e9 per onsevulla en la majoria del m\u00f3n usant localitzacions ex\u00f2tiques. Realitzi estudis sobre les condicions atmosf\u00e8riques locals per assegurar que el seu negoci pot treballar-hi. No \u00e9s gens bo tenir una gran font de passatgers llests i impacientis si hi ha massa vent per volar durant el 90% del temps.<\/p>\n<p style=\"padding-left: 120px;\"><img loading=\"lazy\" decoding=\"async\" class=\"size-full wp-image-232 alignnone\" src=\"http:\/\/ultramagic.com\/wp-content\/uploads\/2015\/06\/ballooning.jpg\" alt=\"ballooning\" width=\"690\" height=\"216\" srcset=\"https:\/\/ultramagic.com\/wp-content\/uploads\/2015\/06\/ballooning.jpg 690w, https:\/\/ultramagic.com\/wp-content\/uploads\/2015\/06\/ballooning-300x94.jpg 300w\" sizes=\"(max-width: 690px) 100vw, 690px\" \/><\/p>\n<p>&nbsp;<\/p>\n<h2>Gran o petit?<\/h2>\n<p>&nbsp;<\/p>\n<p>La mida del negoci dep\u00e8n de vost\u00e8. Hi ha moltes consideracions que fer. Com altres formes de negoci, \u00e9s possible comen\u00e7ar amb una operaci\u00f3 petita, funcionant parcialment i anar desenvolupant el negoci gradualment fins convertir-ho en una operaci\u00f3 m\u00e9s gran. D\u2019altra banda, podria elegir tamb\u00e9 fer una inversi\u00f3 inicial m\u00e9s gran per treballar amb un globus molt m\u00e9s gran i penetrar aix\u00ed r\u00e0pidament al mercat a l&#8217;\u00e0rea en la qual es proposa treballar.<br \/>\nUltramagic ofereix la gamma m\u00e9s gran de globus disponibles i el seu distribu\u00efdor local o el nostre servei d&#8217;atenci\u00f3 al client podr\u00e0 donar-li m\u00e9s informaci\u00f3 sobre la pr\u00e0ctica. Coneixem el negoci de vols molt b\u00e9 i pot estar segur que li recomanarem el just per al seu negoci sense intentar for\u00e7ar una venda a qualsevol cost.<\/p>\n<p>&nbsp;<\/p>\n<h2>Nombre de passatgers?<\/h2>\n<p>&nbsp;<\/p>\n<p>Amb les tarifes oscil\u00b7lant d&#8217;un pa\u00eds a un altre de $100 a $400 per passatger, el nombre de passatgers volant a cada vol pot tenir un impacte en els beneficis incre\u00efble. Una operaci\u00f3 m\u00e9s petita amb un globus de 105 (105.000\u00a0peus Cu\u00a0o 3,000m<span style=\"font-size: xx-small;\">\u00b3<\/span>) pot ser viable per\u00f2 aquest tipus de negoci es combina molt sovint amb altres formes d&#8217;operacions. Un globus de 180 (180.000\u00a0peus Cu\u00a0o 5.100m<span style=\"font-size: xx-small;\">\u00b3<\/span>) es considera una bona mida per a una operaci\u00f3 normal de vol. De nou, quants m\u00e9s passatgers tingui, major \u00e9s el benefici, aix\u00ed que podr\u00edem augmentar la grand\u00e0ria fins 250.000 peus\u00a0Cu i volar molt m\u00e9s. No obstant, \u00e9s necessari considerar el terreny local i condicions atmosf\u00e8riques, ja que pot ser que els 180 poguessin fer m\u00e9s vols que els 250 sent m\u00e9s petits i lleugerament m\u00e9s f\u00e0cils de funcionar.<br \/>\nLa disponibilitat de passatgers en un dia amb bon temps, el nombre de dies que es pot volar i les \u00e0rees convenients per a l&#8217;aterratge, haurien de considerar-se a l\u2019hora de triar la mida del seu globus de creuer.<\/p>\n<p>&nbsp;<\/p>\n<p style=\"padding-left: 120px;\"><img loading=\"lazy\" decoding=\"async\" class=\"alignnone\" src=\"http:\/\/www.ultramagic.com\/media_items\/image\/Ballooning\/negoci_5.jpg\" alt=\"\" width=\"600\" height=\"200\" align=\"middle\" \/><\/p>\n<p>&nbsp;<\/p>\n<h2>Com cr\u00e9ixer i tenir m\u00e9s beneficis?<\/h2>\n<p>&nbsp;<\/p>\n<p>Quan es vulgui usar un globus major de 250, es necessita pensar en la log\u00edstica a terra amb vehicles per als passatgers i tripulaci\u00f3. Vost\u00e8 necessitar\u00e0 probablement dos vehicles en lloc d&#8217;un. Les regulacions del transport de carretera poden tamb\u00e9 aplicar-se depenent del nombre de persones que dugui dintre de cada vehicle. Els globus molt grans (m\u00e9s de 250) poden funcionar realment b\u00e9 per a la gent que ha guanyat experi\u00e8ncia en totes les vessants de la zona on volin (nombre de passatgers, dies de vol i llocs d&#8217;aterratge). No obstant, com m\u00e9s gran \u00e9s el globus, com m\u00e9s pesat arriba a ser, m\u00e9s la gent que requereix per a manejar-ho en terra.<br \/>\nEn general, com m\u00e9s gran sigui el globus, major ser\u00e0 la inversi\u00f3. Les condicions del mercat local molt sovint determinaran la grand\u00e0ria de l&#8217;operaci\u00f3 que vost\u00e8 pot tenir i quants ingressos tindr\u00e0. En tots els casos, la quantitat que far\u00e0 dependr\u00e0 en \u00faltima inst\u00e0ncia de vost\u00e8 com operador i de com faci funcionar el seu negoci.<\/p>\n<p>Com podem veure, no hi ha una resposta clara per fixar la mida correcta per comen\u00e7ar aquest negoci, ja que cada cas \u00e9s diferent. Les despeses d&#8217;explotaci\u00f3 locals, que inclouen les instal\u00b7lacions, el pilot i l&#8217;equip, tamb\u00e9 seran un factor decisiu. Sens dubte, l&#8217;opci\u00f3 m\u00e9s segura generalment \u00e9s comen\u00e7ar amb el que funciona millor per als operadors que treballen en una zona similar. Comen\u00e7ar d&#8217;una manera petita pot ser m\u00e9s f\u00e0cil i amb menys risc. Pot anar sempre creixent m\u00e9s endavant si \u00e9s necessari una vegada adquireixi m\u00e9s experi\u00e8ncia i \u00e8xit. Tamb\u00e9 haur\u00e0 generat aix\u00ed el capital addicional requerit per a un globus m\u00e9s gran.<\/p>\n<p><strong>Ingressos extres?<\/strong> En operar regularment en una zona amb un globus m\u00e9s gran, t\u00e9 l&#8217;oportunitat ideal d&#8217;oferir a una empresa local part o tot l&#8217;espai del seu globus per a anunciar-se. Aquest espai es pot vendre amb car\u00e0cter anual duent pancartes al globus o amb un sol pagament en el qual l&#8217;empresa patrocina la compra de l&#8217;equip a canvi de tenir el seu nom al globus durant tota la vida de l&#8217;equip. En qualsevol cas, es pot parlar d&#8217;una quantitat significativa de diners. En molts casos, aquesta contribuci\u00f3 pot marcar grans difer\u00e8ncies en els costos de l&#8217;operativa del negoci.<\/p>\n<p>&nbsp;<\/p>\n<p style=\"padding-left: 120px;\"><img loading=\"lazy\" decoding=\"async\" class=\"alignnone\" src=\"http:\/\/www.ultramagic.com\/media_items\/image\/Ballooning\/negoci_9.jpg\" alt=\"\" width=\"600\" height=\"246\" align=\"middle\" \/><\/p>\n<p>&nbsp;<\/p>\n<h2>He de ser pilot?<\/h2>\n<p>Molts operadors de viatges amb globus han estat creats per pilots. No obstant aix\u00f2, no t\u00e9 perqu\u00e8 ser el seu cas. Hi ha molts pilots experimentats a tot el m\u00f3n que estarien encantats de treballar com a pilots comercials. Per a m\u00e9s informaci\u00f3, contacti el seu distribu\u00efdor Ultramagic o el nostre servei d&#8217;atenci\u00f3 al client.<\/p>\n<p>&nbsp;<\/p>\n<h2>Quines llic\u00e8ncies i assegurances es necessiten?<\/h2>\n<p>Les llic\u00e8ncies i regulacions varien a cada pa\u00eds. Si us plau verifiqui-ho amb l&#8217;autoritat competent de la seva localitat. Com qualsevol negoci, tenir una asseguran\u00e7a \u00e9s important. A causa de la natura del servei a passatgers que ofereix, cal una asseguran\u00e7a especial d&#8217;aviaci\u00f3. Aquesta sol ser m\u00e9s cara que la de vols privats, per\u00f2 hom ha d\u2019estar segur de tenir la cobertura adequada. Malgrat haver dit com \u00e9s de segur volar amb globus, l\u2019asseguran\u00e7a serveix per a aquella ocasi\u00f3 on les coses no surten com planejat. Vost\u00e8, com operador, ser\u00e0 el responsable directe com en qualsevol altre negoci, per la qual cosa li conv\u00e9 no escatimar en l\u2019asseguran\u00e7a. Amb una asseguran\u00e7a adequada, podr\u00e0 operar i gaudir del seu negoci amb total tranquil\u00b7litat.<\/p>\n<p>&nbsp;<\/p>\n<h2>Qu\u00e8 hi ha de les operacions a terra?<\/h2>\n<p>Sigui quin sigui l&#8217;\u00fas del globus d&#8217;aire calent, necessitar\u00e0 un vehicle amb remolc o un cami\u00f3 per transportar i preparar el globus. La mida i tipus de vehicle varia en funci\u00f3 del pa\u00eds i dep\u00e8n del nombre de passatgers que hagi de transportar. No obstant aix\u00f2, la majoria d&#8217;operadors prefereixen fer servir cotxes 4&#215;4 quan l\u2019orografia aix\u00ed ho requereix. \u00c9s de fet m\u00e9s apropiat per als passatgers ja que en general facilita les coses.<\/p>\n<p>&nbsp;<\/p>\n<h2>Gesti\u00f3 de reserva dels vols.<\/h2>\n<p>Necessitar\u00e0 algun tipus de local per rebre i gestionar les reserves. Pot fer-ho vost\u00e8 mateix amb un sistema manual, inform\u00e0tic o contractant una ag\u00e8ncia de viatges o hotel. Si est\u00e0 treballant en una zona tur\u00edstica, potser vulgui treballar juntament amb un operador tur\u00edstic local que, a canvi d&#8217;una comissi\u00f3, ofereixi els seus vols als seus clients.<\/p>\n<p>&nbsp;<\/p>\n<h2>Tripulaci\u00f3 i pilots.<\/h2>\n<p>Pot optar per formar vost\u00e8 mateix la seva gent per a les funcions b\u00e0siques o contractar personal que treballa en aix\u00f2 amb car\u00e0cter temporal. El que sens dubte necessita \u00e9s gent h\u00e0bil, forta, entusiasta i amb do de gents. Els costos dependran de la zona on treballi i del grau d&#8217;implicaci\u00f3 del personal amb el vol pr\u00f2piament dit. El seu distribu\u00efdor Ultramagic potser pugui ajudar-lo a trobar personal a la seva zona. El nombre de persones dependr\u00e0 del volum del seu negoci aix\u00ed com del que involucri els passatgers en els preparatius del vol i posterior recollida del globus. Molta gent gaudeix participant en tot el proc\u00e9s del vol, per\u00f2 per descomptat aix\u00f2 dep\u00e8n de l&#8217;edat i forma f\u00edsica dels passatgers.<\/p>\n<p>&nbsp;<\/p>\n<p style=\"padding-left: 180px;\"><img loading=\"lazy\" decoding=\"async\" class=\"alignnone\" src=\"http:\/\/www.ultramagic.com\/media_items\/image\/Ballooning\/negoci_6.jpg\" alt=\"\" width=\"200\" height=\"150\" align=\"middle\" \/><img loading=\"lazy\" decoding=\"async\" class=\"alignnone\" src=\"http:\/\/www.ultramagic.com\/media_items\/image\/Ballooning\/negoci_8.jpg\" alt=\"\" width=\"109\" height=\"145\" align=\"middle\" \/><img loading=\"lazy\" decoding=\"async\" class=\"alignnone\" src=\"http:\/\/www.ultramagic.com\/media_items\/image\/Ballooning\/negoci_7.jpg\" alt=\"\" width=\"200\" height=\"150\" align=\"middle\" \/><\/p>\n<p>&nbsp;<\/p>\n<h2>Necessito alguna cosa m\u00e9s d\u2019equip?<\/h2>\n<p>Ultramagic t\u00e9 molts anys d&#8217;experi\u00e8ncia en el disseny i producci\u00f3 de globus per al negoci de vols. Tenim una de les majors ofertes mundials en equip. Estem especialitzats a dedicar un servei personal per satisfer les necessitats individuals i personalitzades de cadascun. Miri la p\u00e0gina d&#8217;equips i es far\u00e0 una idea de tot el que oferim.<\/p>\n<p>&nbsp;<\/p>\n<h2>Permeti&#8217;ns ajudar-lo a dissenyar el paquet que millor satisf\u00e0 les seves necessitats.<\/h2>\n<p>Contacti si us plau el seu distribu\u00efdor Ultramagic o el nostre servei d&#8217;atenci\u00f3 al client.<\/p>\n","protected":false},"excerpt":{"rendered":"<p>Aerostaci\u00f3 per a tots. Avui en dia \u00e9s possible per a la majoria de la gent en molts pa\u00efsos del m\u00f3n realitzar un vol amb globus d&#8217;aire calent sense necessitat de posseir en la seva vida un globus, convertir-se en pilot o plantejar-se ser-ho un dia. Ja sigui un turista de visita o un resident [&hellip;]<\/p>\n","protected":false},"author":1,"featured_media":0,"parent":9028,"menu_order":0,"comment_status":"closed","ping_status":"open","template":"page-fotos.php","meta":{"ngg_post_thumbnail":0,"footnotes":""},"yoast_head":"<!-- This site is optimized with the Yoast SEO plugin v22.7 - https:\/\/yoast.com\/wordpress\/plugins\/seo\/ -->\n<title>El negoci dels globus - Ultramagic<\/title>\n<meta name=\"robots\" content=\"index, follow, max-snippet:-1, max-image-preview:large, max-video-preview:-1\" \/>\n<link rel=\"canonical\" href=\"https:\/\/ultramagic.com\/ballooning-world\/balloon-ride-business\/\" \/>\n<meta property=\"og:locale\" content=\"ca_ES\" \/>\n<meta property=\"og:type\" content=\"article\" \/>\n<meta property=\"og:title\" content=\"El negoci dels globus - Ultramagic\" \/>\n<meta property=\"og:description\" content=\"Aerostaci\u00f3 per a tots. Avui en dia \u00e9s possible per a la majoria de la gent en molts pa\u00efsos del m\u00f3n realitzar un vol amb globus d&#8217;aire calent sense necessitat de posseir en la seva vida un globus, convertir-se en pilot o plantejar-se ser-ho un dia. Ja sigui un turista de visita o un resident [&hellip;]\" \/>\n<meta property=\"og:url\" content=\"https:\/\/ultramagic.com\/ballooning-world\/balloon-ride-business\/\" \/>\n<meta property=\"og:site_name\" content=\"Ultramagic\" \/>\n<meta property=\"article:publisher\" content=\"http:\/\/www.facebook.com\/ultramagicballons\" \/>\n<meta property=\"article:modified_time\" content=\"2016-03-08T10:51:54+00:00\" \/>\n<meta property=\"og:image\" content=\"http:\/\/ultramagic.com\/wp-content\/uploads\/2015\/06\/balloons.jpg\" \/>\n<meta name=\"twitter:card\" content=\"summary_large_image\" \/>\n<meta name=\"twitter:site\" content=\"@umballoons\" \/>\n<meta name=\"twitter:label1\" content=\"Temps estimat de lectura\" \/>\n\t<meta name=\"twitter:data1\" content=\"11 minuts\" \/>\n<script type=\"application\/ld+json\" class=\"yoast-schema-graph\">{\"@context\":\"https:\/\/schema.org\",\"@graph\":[{\"@type\":\"WebPage\",\"@id\":\"https:\/\/ultramagic.com\/ballooning-world\/balloon-ride-business\/\",\"url\":\"https:\/\/ultramagic.com\/ballooning-world\/balloon-ride-business\/\",\"name\":\"El negoci dels globus - Ultramagic\",\"isPartOf\":{\"@id\":\"https:\/\/ultramagic.com\/#website\"},\"primaryImageOfPage\":{\"@id\":\"https:\/\/ultramagic.com\/ballooning-world\/balloon-ride-business\/#primaryimage\"},\"image\":{\"@id\":\"https:\/\/ultramagic.com\/ballooning-world\/balloon-ride-business\/#primaryimage\"},\"thumbnailUrl\":\"http:\/\/ultramagic.com\/wp-content\/uploads\/2015\/06\/balloons.jpg\",\"datePublished\":\"2015-06-11T10:51:10+00:00\",\"dateModified\":\"2016-03-08T10:51:54+00:00\",\"breadcrumb\":{\"@id\":\"https:\/\/ultramagic.com\/ballooning-world\/balloon-ride-business\/#breadcrumb\"},\"inLanguage\":\"ca\",\"potentialAction\":[{\"@type\":\"ReadAction\",\"target\":[\"https:\/\/ultramagic.com\/ballooning-world\/balloon-ride-business\/\"]}]},{\"@type\":\"ImageObject\",\"inLanguage\":\"ca\",\"@id\":\"https:\/\/ultramagic.com\/ballooning-world\/balloon-ride-business\/#primaryimage\",\"url\":\"http:\/\/ultramagic.com\/wp-content\/uploads\/2015\/06\/balloons.jpg\",\"contentUrl\":\"http:\/\/ultramagic.com\/wp-content\/uploads\/2015\/06\/balloons.jpg\"},{\"@type\":\"BreadcrumbList\",\"@id\":\"https:\/\/ultramagic.com\/ballooning-world\/balloon-ride-business\/#breadcrumb\",\"itemListElement\":[{\"@type\":\"ListItem\",\"position\":1,\"name\":\"Home\",\"item\":\"https:\/\/ultramagic.com\/ca\/\"},{\"@type\":\"ListItem\",\"position\":2,\"name\":\"Ballooning World\",\"item\":\"https:\/\/ultramagic.com\/ca\/ballooning-world\/\"},{\"@type\":\"ListItem\",\"position\":3,\"name\":\"El negoci dels globus\"}]},{\"@type\":\"WebSite\",\"@id\":\"https:\/\/ultramagic.com\/#website\",\"url\":\"https:\/\/ultramagic.com\/\",\"name\":\"Ultramagic\",\"description\":\"All about hot air balloon advertising industry and history.Hot air balloon photos and pictures. Enjoy the hot air balloon experience from your home.\",\"potentialAction\":[{\"@type\":\"SearchAction\",\"target\":{\"@type\":\"EntryPoint\",\"urlTemplate\":\"https:\/\/ultramagic.com\/?s={search_term_string}\"},\"query-input\":\"required name=search_term_string\"}],\"inLanguage\":\"ca\"}]}<\/script>\n<!-- \/ Yoast SEO plugin. -->","yoast_head_json":{"title":"El negoci dels globus - Ultramagic","robots":{"index":"index","follow":"follow","max-snippet":"max-snippet:-1","max-image-preview":"max-image-preview:large","max-video-preview":"max-video-preview:-1"},"canonical":"https:\/\/ultramagic.com\/ballooning-world\/balloon-ride-business\/","og_locale":"ca_ES","og_type":"article","og_title":"El negoci dels globus - Ultramagic","og_description":"Aerostaci\u00f3 per a tots. Avui en dia \u00e9s possible per a la majoria de la gent en molts pa\u00efsos del m\u00f3n realitzar un vol amb globus d&#8217;aire calent sense necessitat de posseir en la seva vida un globus, convertir-se en pilot o plantejar-se ser-ho un dia. Ja sigui un turista de visita o un resident [&hellip;]","og_url":"https:\/\/ultramagic.com\/ballooning-world\/balloon-ride-business\/","og_site_name":"Ultramagic","article_publisher":"http:\/\/www.facebook.com\/ultramagicballons","article_modified_time":"2016-03-08T10:51:54+00:00","og_image":[{"url":"http:\/\/ultramagic.com\/wp-content\/uploads\/2015\/06\/balloons.jpg"}],"twitter_card":"summary_large_image","twitter_site":"@umballoons","twitter_misc":{"Temps estimat de lectura":"11 minuts"},"schema":{"@context":"https:\/\/schema.org","@graph":[{"@type":"WebPage","@id":"https:\/\/ultramagic.com\/ballooning-world\/balloon-ride-business\/","url":"https:\/\/ultramagic.com\/ballooning-world\/balloon-ride-business\/","name":"El negoci dels globus - Ultramagic","isPartOf":{"@id":"https:\/\/ultramagic.com\/#website"},"primaryImageOfPage":{"@id":"https:\/\/ultramagic.com\/ballooning-world\/balloon-ride-business\/#primaryimage"},"image":{"@id":"https:\/\/ultramagic.com\/ballooning-world\/balloon-ride-business\/#primaryimage"},"thumbnailUrl":"http:\/\/ultramagic.com\/wp-content\/uploads\/2015\/06\/balloons.jpg","datePublished":"2015-06-11T10:51:10+00:00","dateModified":"2016-03-08T10:51:54+00:00","breadcrumb":{"@id":"https:\/\/ultramagic.com\/ballooning-world\/balloon-ride-business\/#breadcrumb"},"inLanguage":"ca","potentialAction":[{"@type":"ReadAction","target":["https:\/\/ultramagic.com\/ballooning-world\/balloon-ride-business\/"]}]},{"@type":"ImageObject","inLanguage":"ca","@id":"https:\/\/ultramagic.com\/ballooning-world\/balloon-ride-business\/#primaryimage","url":"http:\/\/ultramagic.com\/wp-content\/uploads\/2015\/06\/balloons.jpg","contentUrl":"http:\/\/ultramagic.com\/wp-content\/uploads\/2015\/06\/balloons.jpg"},{"@type":"BreadcrumbList","@id":"https:\/\/ultramagic.com\/ballooning-world\/balloon-ride-business\/#breadcrumb","itemListElement":[{"@type":"ListItem","position":1,"name":"Home","item":"https:\/\/ultramagic.com\/ca\/"},{"@type":"ListItem","position":2,"name":"Ballooning World","item":"https:\/\/ultramagic.com\/ca\/ballooning-world\/"},{"@type":"ListItem","position":3,"name":"El negoci dels globus"}]},{"@type":"WebSite","@id":"https:\/\/ultramagic.com\/#website","url":"https:\/\/ultramagic.com\/","name":"Ultramagic","description":"All about hot air balloon advertising industry and history.Hot air balloon photos and pictures. Enjoy the hot air balloon experience from your home.","potentialAction":[{"@type":"SearchAction","target":{"@type":"EntryPoint","urlTemplate":"https:\/\/ultramagic.com\/?s={search_term_string}"},"query-input":"required name=search_term_string"}],"inLanguage":"ca"}]}},"_links":{"self":[{"href":"https:\/\/ultramagic.com\/ca\/wp-json\/wp\/v2\/pages\/8935"}],"collection":[{"href":"https:\/\/ultramagic.com\/ca\/wp-json\/wp\/v2\/pages"}],"about":[{"href":"https:\/\/ultramagic.com\/ca\/wp-json\/wp\/v2\/types\/page"}],"author":[{"embeddable":true,"href":"https:\/\/ultramagic.com\/ca\/wp-json\/wp\/v2\/users\/1"}],"replies":[{"embeddable":true,"href":"https:\/\/ultramagic.com\/ca\/wp-json\/wp\/v2\/comments?post=8935"}],"version-history":[{"count":2,"href":"https:\/\/ultramagic.com\/ca\/wp-json\/wp\/v2\/pages\/8935\/revisions"}],"predecessor-version":[{"id":8937,"href":"https:\/\/ultramagic.com\/ca\/wp-json\/wp\/v2\/pages\/8935\/revisions\/8937"}],"up":[{"embeddable":true,"href":"https:\/\/ultramagic.com\/ca\/wp-json\/wp\/v2\/pages\/9028"}],"wp:attachment":[{"href":"https:\/\/ultramagic.com\/ca\/wp-json\/wp\/v2\/media?parent=8935"}],"curies":[{"name":"wp","href":"https:\/\/api.w.org\/{rel}","templated":true}]}}