{"id":8925,"date":"2015-06-11T12:50:41","date_gmt":"2015-06-11T10:50:41","guid":{"rendered":"http:\/\/ultramagic.creagia.com\/ca\/competition-flying-or-racing\/"},"modified":"2016-03-08T11:30:07","modified_gmt":"2016-03-08T10:30:07","slug":"competicio","status":"publish","type":"page","link":"https:\/\/ultramagic.com\/ca\/ballooning-world\/competicio\/","title":{"rendered":"Competici\u00f3"},"content":{"rendered":"<p>Quan alg\u00fa es converteix en un pilot m\u00e9s experimentat, pot resultar divertit compartir vols amb altres en festivals o competicions. Aquests esdeveniments permeten reunir molts globus en l&#8217;aire alhora, una vista espectacular tant per als participants com per al p\u00fablic en general.<br \/>\nLa majoria de festivals inclouen algun tipus de competici\u00f3. Sol ser una competici\u00f3 amistosa sense majors pretensions amb un petit premi o trofeu. No obstant aix\u00f2, en alguns dels esdeveniments m\u00e9s patrocinats, aquests premis poden ser bastant importants, i solen consistir en sumes considerables de diners, un cotxe o fins i tot un globus nou.<br \/>\nAquest tipus d&#8217;esdeveniments amb grans premis normalment comporta l&#8217;enlairament dels pilots des de fora de la zona on est\u00e0 el p\u00fablic per a apropar-se a la sorra amb la finalitat d\u2019agafar un joc de claus d&#8217;un pal clavat a terra de 10 a 20 peus d&#8217;al\u00e7ada (3 a 6 m). Per raons \u00f2bvies, aquesta prova es diu Key Grab (atrapada de claus).<\/p>\n<p>Si b\u00e9 la prova m\u00e9s popular de competici\u00f3 en aquests esdeveniments \u00e9s la persecuci\u00f3 (en angl\u00e8s Hare and Hounds \u2013 llebre i gossos ca\u00e7adors). En aquesta un globus (llebre) s\u2019enlaira i la resta de globus (ca\u00e7adors) el persegueixen i intenten aterrar el m\u00e9s prop possible. Tamb\u00e9 serveix llan\u00e7ar un marcador on ha aterrat la presa.<\/p>\n<p>La funci\u00f3 principal dels festivals \u00e9s la cura i seguretat dels globus en benefici dels pilots i tripulaci\u00f3 i del p\u00fablic en general on els uns i els altres puguin divertir-se d&#8217;una manera segura.<br \/>\nHi ha altres esdeveniments m\u00e9s especialitzats on l&#8217;objectiu principal \u00e9s posar a prova les habilitats del pilot. Es tracta de competicions, carreres o Grans Premis i en el major dels casos, determinar\u00e0 un campi\u00f3 local, nacional o internacional o contribuir\u00e0 a aquest resultat.<\/p>\n<p>&nbsp;<\/p>\n<h2>En qu\u00e8 consisteixen les competicions i carreres amb globus?<\/h2>\n<p>Les competicions I carreres amb globus no funcionen igual que les de motor o vela on el guanyador \u00e9s el primer a creuar la l\u00ednia. Les competicions amb globus consisteixen a guanyar una o m\u00e9s proves.<br \/>\nHi ha gran varietat de proves per\u00f2 la majoria inclou fer diana amb un pal o marcador en un punt determinat, un objectiu o una marca X. Els llan\u00e7aments es medeixen i puntuen pels observadors designats amb anterioritat que estan al s\u00f2l. Qui m\u00e9s s&#8217;apropi a l&#8217;objectiu, guanya.<\/p>\n<p>Aquesta competici\u00f3 requereix un gran domini en la interpretaci\u00f3 i \u00fas dels vents a diferents altures per a mantenir el globus aprop de l&#8217;objectiu. En alguns nivells de competici\u00f3, els pilots han demostrat tanta habilitat que despr\u00e9s de volar 30 minuts o m\u00e9s i cobrir dist\u00e0ncies bastant llargues, han llan\u00e7at el marcador just al centre de l&#8217;objectiu. Sovint la dist\u00e0ncia entre els marcadors dels quatre primers classificats \u00e9s de mil\u00b7l\u00edmetres o fraccions d&#8217;iarda.<\/p>\n<h2>Com a funcionen aquestes competicions?<\/h2>\n<p>Ha d&#8217;haver-hi un organitzador que fixi les proves abans de cada vol, que sol ser el director de la competici\u00f3. Les normes deuen escriure&#8217;s i lliurar-se a tots els participants i els observadors oficials han de situar-se als seus llocs. Els directors de les competicions han establert al llarg dels anys un nombre de proves extremadament dif\u00edcils per als pilots. Aquells pilots que no segueixin les normes perdran punts. Aix\u00ed que nom\u00e9s el fet de volar molt b\u00e9 no determina el guanyador.<br \/>\nEs requereix un gran domini en tots els aspectes del vol. Con\u00e8ixer les normes, navegaci\u00f3 exacta i tra\u00e7at de l&#8217;objectiu. Tot aix\u00f2 ho fa encara m\u00e9s emocionant. Els objectius solen ser cru\u00eflles de carreteres i s&#8217;identifiquen per les coordenades d&#8217;un mapa.<br \/>\nQuan es tracta de m\u00e9s d&#8217;un objectiu, el segon ve designat pel pilot durant el vol i indicat al marcador i aix\u00ed successivament si hi ha m\u00e9s objectius. Les coordenades del primer objectiu s\u2019han de declarar abans de l&#8217;enlairament. Podem veure doncs que pot ser molt f\u00e0cil equivocar-se en anotar les coordenades o elegir l&#8217;objectiu. Aquesta \u00e9s una \u00e0rea on sovint es perden punts.<br \/>\nAl final de cada vol, el director de la competici\u00f3 juntament amb els observadors determina qui \u00e9s el guanyador i totes les altres posicions en aquest moment de la competici\u00f3.<\/p>\n<p>&nbsp;<\/p>\n<h2>Quines proves hi ha?<\/h2>\n<p>Poden variar en funci\u00f3 del nivell de la competici\u00f3, per\u00f2 avui en dia la majoria dels pa\u00efsos usen les proves reconegudes formalment i oficialment fixades a un nivell de competici\u00f3 mundial. A continuaci\u00f3 detallem les proves utilitzades actualment per les organitzacions mundials de competici\u00f3 amb globus:<\/p>\n<p>&nbsp;<\/p>\n<h3><strong><em>Objectiu establert pel pilot:<\/em><\/strong><\/h3>\n<p><img loading=\"lazy\" decoding=\"async\" class=\"alignright\" src=\"http:\/\/www.ultramagic.com\/media_items\/image\/Ballooning\/competicio_4.gif\" alt=\"\" width=\"192\" height=\"88\" align=\"middle\" \/><\/p>\n<p>Els participants intenten llan\u00e7ar el marcador el m\u00e9s aprop possible de l&#8217;objectiu seleccionat i declarat per ells abans del vol. El resultat \u00e9s la dist\u00e0ncia entre el marcador i l&#8217;objectiu declarat m\u00e9s proper. Quant menor sigui el resultat, millor.<\/p>\n<p>&nbsp;<\/p>\n<h3><strong><em>Objectiu establert pel jutge:<\/em><\/strong><\/h3>\n<p><img loading=\"lazy\" decoding=\"async\" class=\"alignright\" src=\"http:\/\/www.ultramagic.com\/media_items\/image\/Ballooning\/competicio_5.gif\" alt=\"\" width=\"192\" height=\"70\" align=\"middle\" \/><\/p>\n<p>Els participants intenten llan\u00e7ar el marcador el m\u00e9s aprop possible de l&#8217;objectiu fixat. El resultat \u00e9s la dist\u00e0ncia entre el marcador I l&#8217;objectiu. Quant menor sigui el resultat, millor.<\/p>\n<p>&nbsp;<\/p>\n<h3><strong><em>Alternativa vals:<\/em><\/strong><\/h3>\n<p><img loading=\"lazy\" decoding=\"async\" class=\"alignright\" src=\"http:\/\/www.ultramagic.com\/media_items\/image\/Ballooning\/competicio_6.gif\" alt=\"\" width=\"192\" height=\"103\" align=\"middle\" \/><\/p>\n<p>Els participants intenten llan\u00e7ar el marcador el m\u00e9s aprop possible d&#8217;un dels diferents objectius fixats. El resultat \u00e9s la dist\u00e0ncia entre el marcador i l&#8217;objectiu declarat m\u00e9s proper. Quant menor sigui el resultat, millor.<\/p>\n<p>&nbsp;<\/p>\n<h3><strong><em>Enlairament (Fly in):<\/em><\/strong><\/h3>\n<p><img loading=\"lazy\" decoding=\"async\" class=\"alignright\" src=\"http:\/\/www.ultramagic.com\/media_items\/image\/Ballooning\/competicio_7.gif\" alt=\"\" width=\"192\" height=\"95\" align=\"middle\" \/><\/p>\n<p>Els participants trien la seva pr\u00f2pia zona d&#8217;enlairament i intenten arribar a l&#8217;objectiu fixat amb el seu marcador. El resultat \u00e9s la dist\u00e0ncia entre el marcador i l&#8217;objectiu. Quant menor sigui el resultat, millor.<\/p>\n<p>&nbsp;<\/p>\n<h3><strong><em>En vol (Fly on):<\/em><\/strong><\/h3>\n<p><img loading=\"lazy\" decoding=\"async\" class=\"alignright\" src=\"http:\/\/www.ultramagic.com\/media_items\/image\/Ballooning\/competicio_8.gif\" alt=\"\" width=\"157\" height=\"111\" align=\"middle\" \/><\/p>\n<p>Els participants intenten llan\u00e7ar el marcador aprop d&#8217;un objectiu elegit i declarat per ells durant el vol. El resultat \u00e9s la dist\u00e0ncia entre el marcador i l&#8217;objectiu declarat m\u00e9s proper. Quant menor sigui el resultat, millor. El concursant ha d\u2019anotar clarament al marcador aquest objectiu. Si el marcador no es llan\u00e7a o no s&#8217;ha escrit l&#8217;objectiu en ell, el participant no aconsegueix cap puntuaci\u00f3.<\/p>\n<p>&nbsp;<\/p>\n<h3><strong><em>Persecuci\u00f3 (Hare and hounds):<\/em><\/strong><\/h3>\n<p><img loading=\"lazy\" decoding=\"async\" class=\"alignright\" src=\"http:\/\/www.ultramagic.com\/media_items\/image\/Ballooning\/competicio_9.gif\" alt=\"\" width=\"164\" height=\"85\" align=\"middle\" \/><\/p>\n<p>Els participants persegueixen un globus (la presa) i intenten llan\u00e7ar el marcador aprop d&#8217;un objectiu fixat per la presa no m\u00e9s enll\u00e0 de 2 metres del cistell despr\u00e9s d&#8217;aterrar. El resultat \u00e9s la dist\u00e0ncia entre el marcador i l&#8217;objectiu. Quant menor sigui el resultat, millor.<\/p>\n<p>&nbsp;<\/p>\n<h3><strong><em>El tur\u00f3 de Watership:<\/em><\/strong><\/h3>\n<p><img loading=\"lazy\" decoding=\"async\" class=\"alignright\" src=\"http:\/\/www.ultramagic.com\/media_items\/image\/Ballooning\/competicio_14.gif\" alt=\"\" width=\"164\" height=\"85\" \/><\/p>\n<p><span lang=\"CA\">Els competidors s\u2019enlairen d\u2019una distancia m\u00ednima a una primera diana, on procuraran deixar el testimoni, i d\u2019on sortir\u00e0 un globus llebre, que despr\u00e9s del seu aterratge, col\u00b7locar\u00e0 una segona diana que els participants hauran tamb\u00e9 d\u2019assolir. Es tracta en realitat de combinar un Fly-in i una llebre amb ca\u00e7adors<\/span>.<\/p>\n<p>&nbsp;<\/p>\n<h3><strong><em>Gordon Bennett memorial:<\/em><\/strong><\/h3>\n<p><img loading=\"lazy\" decoding=\"async\" class=\"alignright\" src=\"http:\/\/www.ultramagic.com\/media_items\/image\/Ballooning\/competicio_10.gif\" alt=\"\" width=\"192\" height=\"105\" align=\"middle\" \/><\/p>\n<p>Els participants intenten llan\u00e7ar el marcador en una \u00e0rea puntuable aprop de l&#8217;objectiu fixat. El resultat \u00e9s la dist\u00e0ncia entre el marcador i l&#8217;objectiu. Quant menor sigui el resultat, millor.<\/p>\n<p>&nbsp;<\/p>\n<h3><strong><em>Ratio calculat d&#8217;aproximaci\u00f3 (Crat):<\/em><\/strong><\/h3>\n<p><img loading=\"lazy\" decoding=\"async\" class=\"alignright\" src=\"http:\/\/www.ultramagic.com\/media_items\/image\/Ballooning\/competicio_11.gif\" alt=\"\" width=\"192\" height=\"104\" align=\"middle\" \/><\/p>\n<p>Els participants intenten llan\u00e7ar el marcador en un \u00e0rea puntuable pr\u00f2xima a l&#8217;objectiu fixat. La zona puntuable tindr\u00e0 una durada v\u00e0lida limitada. El resultat \u00e9s la dist\u00e0ncia entre el marcador i l&#8217;objectiu. Quant menor sigui el resultat, millor. Si un concursant no aconsegueix una marca a la zona puntuable durant el temps v\u00e0lid, no obt\u00e9 cap puntuaci\u00f3.<\/p>\n<p>&nbsp;<\/p>\n<h3><strong><em>Carrera a un punt:<\/em><\/strong><\/h3>\n<p>Els participants intenten fer una marca en un \u00e0rea puntuable en el menor temps. El resultat \u00e9s el temps transcorregut entre l&#8217;enlairament i el llan\u00e7ament del marcador. Quant menor sigui el resultat, millor. El temps finalitza en el moment que es llan\u00e7a el marcador, durant la seva caiguda o ja en el s\u00f2l una vegada vist per l&#8217;observador o ja a les seves mans, el que tingui lloc abans.<\/p>\n<p>&nbsp;<\/p>\n<h3><strong><em>Colze:<\/em><\/strong><\/h3>\n<p><img loading=\"lazy\" decoding=\"async\" class=\"alignright\" src=\"http:\/\/www.ultramagic.com\/media_items\/image\/Ballooning\/competicio_12.gif\" alt=\"\" width=\"192\" height=\"110\" align=\"middle\" \/><\/p>\n<p>Els participants intenten canviar l&#8217;adre\u00e7a del vol com m\u00e9s possible. El resultat es calcula restant a 180 graus l&#8217;angle ABC. Quant major sigui el resultat, millor.<\/p>\n<p>&nbsp;<\/p>\n<h3><strong><em>Recorregut a terra:<\/em><\/strong><\/h3>\n<p><img loading=\"lazy\" decoding=\"async\" class=\"alignright\" src=\"http:\/\/www.ultramagic.com\/media_items\/image\/Ballooning\/competicio_13.gif\" alt=\"\" width=\"192\" height=\"92\" align=\"middle\" \/><\/p>\n<p>Els participants intenten aconseguir la major \u00e0rea d&#8217;un triangle ABC. El resultat \u00e9s l&#8217;\u00e0rea del triangle ABC. Quant major sigui el resultat, millor.<\/p>\n<p>&nbsp;<\/p>\n<h3><strong><em>M\u00ednima dist\u00e0ncia:<\/em><\/strong><\/h3>\n<p>Els participants intenten llan\u00e7ar el marcador aprop del punt d&#8217;enlairament com\u00fa, despr\u00e9s de volar un m\u00ednim de temps fixat. El resultat \u00e9s la dist\u00e0ncia entre el marcador i el punt d&#8217;enlairament. Quant menor sigui el resultat, millor.<\/p>\n<p>&nbsp;<\/p>\n<h3><strong><em>Vol m\u00e9s curt:<\/em><\/strong><\/h3>\n<p>Els participants intenten llan\u00e7ar el marcador aprop del punt d&#8217;enlairament en una \u00e0rea puntuable establerta. El resultat \u00e9s la dist\u00e0ncia entre el marcador i el punt d&#8217;enlairament. Quant menor sigui el resultat, millor.<\/p>\n<p>&nbsp;<\/p>\n<h3><strong><em>M\u00ednima dist\u00e0ncia llan\u00e7ament doble:<\/em><\/strong><\/h3>\n<p>Els participants intenten llan\u00e7ar dos marcadors aprop l\u2019un de l\u2019altre en \u00e0rees puntuables diferents. El resultat \u00e9s la dist\u00e0ncia entre els marcadors. Quant menor sigui el resultat, millor.<\/p>\n<p>&nbsp;<\/p>\n<p>Com es pot veure, participar en aquestes competicions pot ser molt emocionant per\u00f2 tamb\u00e9 molt exigent. Afegeixen un aspecte completament nou al vol amb globus. Alguns competidors treballen en equip i fins i tot usen programes d&#8217;ordinador per ajudar-los a preveure i planificar la fixaci\u00f3 de les seves proves. L&#8217;\u00fas d&#8217;un GPS (sistema de posici\u00f3 global) \u00e9s com\u00fa avui en dia entre els participants a escala nacional i internacional per a ajudar a la navegaci\u00f3 i abast dels objectius. Les competicions han recorregut un gran cam\u00ed des d&#8217;aquells temps que estar a 30 metres (100 peus) de l&#8217;objectiu era considerat com una posici\u00f3 guanyadora.<br \/>\nPer\u00f2 sense necessitat d\u2019arribar a aquests nivells de sofisticaci\u00f3 tecnol\u00f2gica, les competicions poden ser i s\u00f3n una diversi\u00f3 per a tots i les competicions locals \u00e9s on hom pot comen\u00e7ar.<\/p>\n<p>&nbsp;<\/p>\n<h2>Com puc participar en una competici\u00f3 de vol?<\/h2>\n<p>&nbsp;<\/p>\n<p>&#8211; Apunti&#8217;s a un club a la seva localitat o regi\u00f3 i comenci a volar amb altres pilots.<br \/>\n&#8211; Participi en alguns festivals on hi hagi proves senzilles com la persecuci\u00f3 per veure les seves possibilitats.<br \/>\n&#8211; Comprovi amb l&#8217;organitzaci\u00f3 d\u2019ascensionistes del seu pa\u00eds com i quan organitzen les diferents competicions. Moltes organitzacions tenen esdeveniments d&#8217;entrenament on pilots i tripulaci\u00f3 poden introduir-se en els vols de competici\u00f3.<br \/>\n&#8211; Parli amb el seu distribu\u00efdor d\u2019Ultramagic o si no n\u2019hi ha a la seva zona, contacti el nostre servei d&#8217;atenci\u00f3 al client. La nostra empresa est\u00e0 molt involucrada en aquestes competicions. La majoria de distribu\u00efdors hi participen. Els directors d\u2019Ultramagic competeixen amb regularitat a escala local, nacional i internacional i animen tant els pilots novells com els m\u00e9s experimentats a gaudir d&#8217;aquesta emocionant vesant de l&#8217;esport.<\/p>\n<p>&nbsp;<\/p>\n<h2>Necessito un equip especial?<\/h2>\n<p>Per a comen\u00e7ar a competir, es requereix molt poc equip. Els m\u00ednims s\u00f3n un mapa, una bona br\u00faixola, uns prism\u00e0tics, una regla a escala i un transportador. Globus d&#8217;heli petits i un cilindre d&#8217;heli petit tamb\u00e9 resulten \u00fatils. Si es converteix en un concursant seri\u00f3s, llavors un GPS pot ser una s\u00e0via inversi\u00f3.<br \/>\nUltramagic \u00e9s pioner en el desenvolupament de globus per a competicions de vol d&#8217;alt nivell i molts dels pilots m\u00e9s famosos del m\u00f3n volen amb el nostre globus de carreres (The Racer). Una vegada senti que el vol de competici\u00f3 \u00e9s realment el que li agrada, potser vulgui considerar la possibilitat d&#8217;adquirir aquest globus. El seu distribu\u00efdor Ultramagic estar\u00e0 encantat d\u2019explicar-li m\u00e9s detalls sobre aquest globus de carreres.<\/p>\n<p>&nbsp;<\/p>\n<p><img decoding=\"async\" src=\"http:\/\/www.ultramagic.com\/media_items\/image\/Ballooning\/competicio_15.jpg\" alt=\"\" \/><img decoding=\"async\" src=\"http:\/\/www.ultramagic.com\/media_items\/image\/Ballooning\/competicio_14.jpg\" alt=\"\" \/><img decoding=\"async\" src=\"http:\/\/www.ultramagic.com\/media_items\/image\/Ballooning\/competicio_16.jpg\" alt=\"\" \/><\/p>\n<h2>Provi-ho!<\/h2>\n<p>Si est\u00e0 buscant alguna cosa nova amb el seu globus, doni una oportunitat al vol de carrera. Pot obrir-li tot un nou concepte de vol i alhora millorar les seves habilitats. Tamb\u00e9 podr\u00e0 con\u00e8ixer aix\u00ed altres pilots amb els mateixos interessos que vost\u00e8.<\/p>\n<h2>Bona sort en la seva primera competici\u00f3!<\/h2>\n<p>&nbsp;<\/p>\n","protected":false},"excerpt":{"rendered":"<p>Quan alg\u00fa es converteix en un pilot m\u00e9s experimentat, pot resultar divertit compartir vols amb altres en festivals o competicions. Aquests esdeveniments permeten reunir molts globus en l&#8217;aire alhora, una vista espectacular tant per als participants com per al p\u00fablic en general. La majoria de festivals inclouen algun tipus de competici\u00f3. Sol ser una competici\u00f3 [&hellip;]<\/p>\n","protected":false},"author":1,"featured_media":0,"parent":9028,"menu_order":0,"comment_status":"closed","ping_status":"open","template":"page-fotos.php","meta":{"ngg_post_thumbnail":0,"footnotes":""},"yoast_head":"<!-- This site is optimized with the Yoast SEO plugin v22.7 - https:\/\/yoast.com\/wordpress\/plugins\/seo\/ -->\n<title>Competici\u00f3 - Ultramagic<\/title>\n<meta name=\"robots\" content=\"index, follow, max-snippet:-1, max-image-preview:large, max-video-preview:-1\" \/>\n<link rel=\"canonical\" href=\"https:\/\/ultramagic.com\/ballooning-world\/competition-flying-or-racing\/\" \/>\n<meta property=\"og:locale\" content=\"ca_ES\" \/>\n<meta property=\"og:type\" content=\"article\" \/>\n<meta property=\"og:title\" content=\"Competici\u00f3 - Ultramagic\" \/>\n<meta property=\"og:description\" content=\"Quan alg\u00fa es converteix en un pilot m\u00e9s experimentat, pot resultar divertit compartir vols amb altres en festivals o competicions. Aquests esdeveniments permeten reunir molts globus en l&#8217;aire alhora, una vista espectacular tant per als participants com per al p\u00fablic en general. La majoria de festivals inclouen algun tipus de competici\u00f3. Sol ser una competici\u00f3 [&hellip;]\" \/>\n<meta property=\"og:url\" content=\"https:\/\/ultramagic.com\/ballooning-world\/competition-flying-or-racing\/\" \/>\n<meta property=\"og:site_name\" content=\"Ultramagic\" \/>\n<meta property=\"article:publisher\" content=\"http:\/\/www.facebook.com\/ultramagicballons\" \/>\n<meta property=\"article:modified_time\" content=\"2016-03-08T10:30:07+00:00\" \/>\n<meta property=\"og:image\" content=\"http:\/\/www.ultramagic.com\/media_items\/image\/Ballooning\/competicio_4.gif\" \/>\n<meta name=\"twitter:card\" content=\"summary_large_image\" \/>\n<meta name=\"twitter:site\" content=\"@umballoons\" \/>\n<meta name=\"twitter:label1\" content=\"Temps estimat de lectura\" \/>\n\t<meta name=\"twitter:data1\" content=\"10 minuts\" \/>\n<script type=\"application\/ld+json\" class=\"yoast-schema-graph\">{\"@context\":\"https:\/\/schema.org\",\"@graph\":[{\"@type\":\"WebPage\",\"@id\":\"https:\/\/ultramagic.com\/ballooning-world\/competition-flying-or-racing\/\",\"url\":\"https:\/\/ultramagic.com\/ballooning-world\/competition-flying-or-racing\/\",\"name\":\"Competici\u00f3 - Ultramagic\",\"isPartOf\":{\"@id\":\"https:\/\/ultramagic.com\/#website\"},\"primaryImageOfPage\":{\"@id\":\"https:\/\/ultramagic.com\/ballooning-world\/competition-flying-or-racing\/#primaryimage\"},\"image\":{\"@id\":\"https:\/\/ultramagic.com\/ballooning-world\/competition-flying-or-racing\/#primaryimage\"},\"thumbnailUrl\":\"http:\/\/www.ultramagic.com\/media_items\/image\/Ballooning\/competicio_4.gif\",\"datePublished\":\"2015-06-11T10:50:41+00:00\",\"dateModified\":\"2016-03-08T10:30:07+00:00\",\"breadcrumb\":{\"@id\":\"https:\/\/ultramagic.com\/ballooning-world\/competition-flying-or-racing\/#breadcrumb\"},\"inLanguage\":\"ca\",\"potentialAction\":[{\"@type\":\"ReadAction\",\"target\":[\"https:\/\/ultramagic.com\/ballooning-world\/competition-flying-or-racing\/\"]}]},{\"@type\":\"ImageObject\",\"inLanguage\":\"ca\",\"@id\":\"https:\/\/ultramagic.com\/ballooning-world\/competition-flying-or-racing\/#primaryimage\",\"url\":\"http:\/\/www.ultramagic.com\/media_items\/image\/Ballooning\/competicio_4.gif\",\"contentUrl\":\"http:\/\/www.ultramagic.com\/media_items\/image\/Ballooning\/competicio_4.gif\"},{\"@type\":\"BreadcrumbList\",\"@id\":\"https:\/\/ultramagic.com\/ballooning-world\/competition-flying-or-racing\/#breadcrumb\",\"itemListElement\":[{\"@type\":\"ListItem\",\"position\":1,\"name\":\"Home\",\"item\":\"https:\/\/ultramagic.com\/ca\/\"},{\"@type\":\"ListItem\",\"position\":2,\"name\":\"Ballooning World\",\"item\":\"https:\/\/ultramagic.com\/ca\/ballooning-world\/\"},{\"@type\":\"ListItem\",\"position\":3,\"name\":\"Competici\u00f3\"}]},{\"@type\":\"WebSite\",\"@id\":\"https:\/\/ultramagic.com\/#website\",\"url\":\"https:\/\/ultramagic.com\/\",\"name\":\"Ultramagic\",\"description\":\"All about hot air balloon advertising industry and history.Hot air balloon photos and pictures. Enjoy the hot air balloon experience from your home.\",\"potentialAction\":[{\"@type\":\"SearchAction\",\"target\":{\"@type\":\"EntryPoint\",\"urlTemplate\":\"https:\/\/ultramagic.com\/?s={search_term_string}\"},\"query-input\":\"required name=search_term_string\"}],\"inLanguage\":\"ca\"}]}<\/script>\n<!-- \/ Yoast SEO plugin. -->","yoast_head_json":{"title":"Competici\u00f3 - Ultramagic","robots":{"index":"index","follow":"follow","max-snippet":"max-snippet:-1","max-image-preview":"max-image-preview:large","max-video-preview":"max-video-preview:-1"},"canonical":"https:\/\/ultramagic.com\/ballooning-world\/competition-flying-or-racing\/","og_locale":"ca_ES","og_type":"article","og_title":"Competici\u00f3 - Ultramagic","og_description":"Quan alg\u00fa es converteix en un pilot m\u00e9s experimentat, pot resultar divertit compartir vols amb altres en festivals o competicions. Aquests esdeveniments permeten reunir molts globus en l&#8217;aire alhora, una vista espectacular tant per als participants com per al p\u00fablic en general. La majoria de festivals inclouen algun tipus de competici\u00f3. Sol ser una competici\u00f3 [&hellip;]","og_url":"https:\/\/ultramagic.com\/ballooning-world\/competition-flying-or-racing\/","og_site_name":"Ultramagic","article_publisher":"http:\/\/www.facebook.com\/ultramagicballons","article_modified_time":"2016-03-08T10:30:07+00:00","og_image":[{"url":"http:\/\/www.ultramagic.com\/media_items\/image\/Ballooning\/competicio_4.gif"}],"twitter_card":"summary_large_image","twitter_site":"@umballoons","twitter_misc":{"Temps estimat de lectura":"10 minuts"},"schema":{"@context":"https:\/\/schema.org","@graph":[{"@type":"WebPage","@id":"https:\/\/ultramagic.com\/ballooning-world\/competition-flying-or-racing\/","url":"https:\/\/ultramagic.com\/ballooning-world\/competition-flying-or-racing\/","name":"Competici\u00f3 - Ultramagic","isPartOf":{"@id":"https:\/\/ultramagic.com\/#website"},"primaryImageOfPage":{"@id":"https:\/\/ultramagic.com\/ballooning-world\/competition-flying-or-racing\/#primaryimage"},"image":{"@id":"https:\/\/ultramagic.com\/ballooning-world\/competition-flying-or-racing\/#primaryimage"},"thumbnailUrl":"http:\/\/www.ultramagic.com\/media_items\/image\/Ballooning\/competicio_4.gif","datePublished":"2015-06-11T10:50:41+00:00","dateModified":"2016-03-08T10:30:07+00:00","breadcrumb":{"@id":"https:\/\/ultramagic.com\/ballooning-world\/competition-flying-or-racing\/#breadcrumb"},"inLanguage":"ca","potentialAction":[{"@type":"ReadAction","target":["https:\/\/ultramagic.com\/ballooning-world\/competition-flying-or-racing\/"]}]},{"@type":"ImageObject","inLanguage":"ca","@id":"https:\/\/ultramagic.com\/ballooning-world\/competition-flying-or-racing\/#primaryimage","url":"http:\/\/www.ultramagic.com\/media_items\/image\/Ballooning\/competicio_4.gif","contentUrl":"http:\/\/www.ultramagic.com\/media_items\/image\/Ballooning\/competicio_4.gif"},{"@type":"BreadcrumbList","@id":"https:\/\/ultramagic.com\/ballooning-world\/competition-flying-or-racing\/#breadcrumb","itemListElement":[{"@type":"ListItem","position":1,"name":"Home","item":"https:\/\/ultramagic.com\/ca\/"},{"@type":"ListItem","position":2,"name":"Ballooning World","item":"https:\/\/ultramagic.com\/ca\/ballooning-world\/"},{"@type":"ListItem","position":3,"name":"Competici\u00f3"}]},{"@type":"WebSite","@id":"https:\/\/ultramagic.com\/#website","url":"https:\/\/ultramagic.com\/","name":"Ultramagic","description":"All about hot air balloon advertising industry and history.Hot air balloon photos and pictures. Enjoy the hot air balloon experience from your home.","potentialAction":[{"@type":"SearchAction","target":{"@type":"EntryPoint","urlTemplate":"https:\/\/ultramagic.com\/?s={search_term_string}"},"query-input":"required name=search_term_string"}],"inLanguage":"ca"}]}},"_links":{"self":[{"href":"https:\/\/ultramagic.com\/ca\/wp-json\/wp\/v2\/pages\/8925"}],"collection":[{"href":"https:\/\/ultramagic.com\/ca\/wp-json\/wp\/v2\/pages"}],"about":[{"href":"https:\/\/ultramagic.com\/ca\/wp-json\/wp\/v2\/types\/page"}],"author":[{"embeddable":true,"href":"https:\/\/ultramagic.com\/ca\/wp-json\/wp\/v2\/users\/1"}],"replies":[{"embeddable":true,"href":"https:\/\/ultramagic.com\/ca\/wp-json\/wp\/v2\/comments?post=8925"}],"version-history":[{"count":3,"href":"https:\/\/ultramagic.com\/ca\/wp-json\/wp\/v2\/pages\/8925\/revisions"}],"predecessor-version":[{"id":8928,"href":"https:\/\/ultramagic.com\/ca\/wp-json\/wp\/v2\/pages\/8925\/revisions\/8928"}],"up":[{"embeddable":true,"href":"https:\/\/ultramagic.com\/ca\/wp-json\/wp\/v2\/pages\/9028"}],"wp:attachment":[{"href":"https:\/\/ultramagic.com\/ca\/wp-json\/wp\/v2\/media?parent=8925"}],"curies":[{"name":"wp","href":"https:\/\/api.w.org\/{rel}","templated":true}]}}