{"id":15449,"date":"2020-04-22T14:36:01","date_gmt":"2020-04-22T12:36:01","guid":{"rendered":"http:\/\/ultramagic.com\/?page_id=15449"},"modified":"2020-04-23T11:40:33","modified_gmt":"2020-04-23T09:40:33","slug":"hinchables-en-forma-especial","status":"publish","type":"page","link":"https:\/\/ultramagic.com\/ca\/inflables\/hinchables-en-forma-especial\/","title":{"rendered":"Inflables en forma especial"},"content":{"rendered":"\n<p>Ultramagic \u00e9s especialista en la fabricaci\u00f3 inflables personalitzats, cada treball \u00e9s \u00fanic i intransferible. Des imatges de marca, logotips, mascotes, a formes d&#8217;envasos particularitzades. <\/p>\n\n\n\n<p><strong>Caracter\u00edstiques \/ Opcions:<\/strong><\/p>\n\n\n\n<p>&#8211; Confeccionats usat poli\u00e8ster d&#8217;alta tenacitat 3PU (3 capes de poliuret\u00e0), pes 230g\/m2. Teixit hidr\u00f2fug i ign\u00edfug categoria M1.<\/p>\n\n\n\n<p>&#8211; Costura doble d&#8217;alta resistencia.<\/p>\n\n\n\n<p>&#8211; Motors interiors, de baix nivell sonor i alta resist\u00e8ncia als impactes.<\/p>\n\n\n\n<p>&#8211; Possibilitat d&#8217;il\u00b7luminaci\u00f3 interior mitjan\u00e7ant LEDS en tots els models.<\/p>\n\n\n\n<p>&#8211; Bossa de transport i kit de instal\u00b7laci\u00f3 inclosos.<\/p>\n\n\n\n<p><\/p>\n\n\n\n<ul class=\"wp-block-gallery columns-3 is-cropped wp-block-gallery-1 is-layout-flex wp-block-gallery-is-layout-flex\"><li class=\"blocks-gallery-item\"><figure><a href=\"http:\/\/ultramagic.com\/wp-content\/uploads\/2020\/04\/TUGA-TRAIL-15_092-1-1024x681.jpg\"><img loading=\"lazy\" decoding=\"async\" width=\"1024\" height=\"681\" src=\"http:\/\/ultramagic.com\/wp-content\/uploads\/2020\/04\/TUGA-TRAIL-15_092-1-1024x681.jpg\" alt=\"\" data-id=\"15420\" data-link=\"http:\/\/ultramagic.com\/es\/tuga-trail-15_092-2\/\" class=\"wp-image-15420\" srcset=\"https:\/\/ultramagic.com\/wp-content\/uploads\/2020\/04\/TUGA-TRAIL-15_092-1-1024x681.jpg 1024w, https:\/\/ultramagic.com\/wp-content\/uploads\/2020\/04\/TUGA-TRAIL-15_092-1-300x200.jpg 300w, https:\/\/ultramagic.com\/wp-content\/uploads\/2020\/04\/TUGA-TRAIL-15_092-1-768x511.jpg 768w, https:\/\/ultramagic.com\/wp-content\/uploads\/2020\/04\/TUGA-TRAIL-15_092-1.jpg 1200w\" sizes=\"(max-width: 1024px) 100vw, 1024px\" \/><\/a><\/figure><\/li><li class=\"blocks-gallery-item\"><figure><a href=\"http:\/\/ultramagic.com\/wp-content\/uploads\/2020\/04\/IMG_20200127_125219_1-1-768x1024.jpg\"><img loading=\"lazy\" decoding=\"async\" width=\"768\" height=\"1024\" src=\"http:\/\/ultramagic.com\/wp-content\/uploads\/2020\/04\/IMG_20200127_125219_1-1-768x1024.jpg\" alt=\"\" data-id=\"15423\" data-link=\"http:\/\/ultramagic.com\/es\/img_20200127_125219_1-2\/\" class=\"wp-image-15423\" srcset=\"https:\/\/ultramagic.com\/wp-content\/uploads\/2020\/04\/IMG_20200127_125219_1-1-768x1024.jpg 768w, https:\/\/ultramagic.com\/wp-content\/uploads\/2020\/04\/IMG_20200127_125219_1-1-225x300.jpg 225w\" sizes=\"(max-width: 768px) 100vw, 768px\" \/><\/a><\/figure><\/li><li class=\"blocks-gallery-item\"><figure><a href=\"http:\/\/ultramagic.com\/wp-content\/uploads\/2020\/04\/FE-VITI-3M-1-1024x768.jpg\"><img loading=\"lazy\" decoding=\"async\" width=\"1024\" height=\"768\" src=\"http:\/\/ultramagic.com\/wp-content\/uploads\/2020\/04\/FE-VITI-3M-1-1024x768.jpg\" alt=\"\" data-id=\"15426\" data-link=\"http:\/\/ultramagic.com\/es\/fe-viti-3m-2\/\" class=\"wp-image-15426\" srcset=\"https:\/\/ultramagic.com\/wp-content\/uploads\/2020\/04\/FE-VITI-3M-1-1024x768.jpg 1024w, https:\/\/ultramagic.com\/wp-content\/uploads\/2020\/04\/FE-VITI-3M-1-300x225.jpg 300w, https:\/\/ultramagic.com\/wp-content\/uploads\/2020\/04\/FE-VITI-3M-1-768x576.jpg 768w, https:\/\/ultramagic.com\/wp-content\/uploads\/2020\/04\/FE-VITI-3M-1.jpg 1266w\" sizes=\"(max-width: 1024px) 100vw, 1024px\" \/><\/a><\/figure><\/li><li class=\"blocks-gallery-item\"><figure><a href=\"http:\/\/ultramagic.com\/wp-content\/uploads\/2020\/04\/IMG_4669-768x1024.jpg\"><img loading=\"lazy\" decoding=\"async\" width=\"768\" height=\"1024\" src=\"http:\/\/ultramagic.com\/wp-content\/uploads\/2020\/04\/IMG_4669-768x1024.jpg\" alt=\"\" data-id=\"15429\" data-link=\"http:\/\/ultramagic.com\/es\/img_4669\/\" class=\"wp-image-15429\" srcset=\"https:\/\/ultramagic.com\/wp-content\/uploads\/2020\/04\/IMG_4669-768x1024.jpg 768w, https:\/\/ultramagic.com\/wp-content\/uploads\/2020\/04\/IMG_4669-225x300.jpg 225w\" sizes=\"(max-width: 768px) 100vw, 768px\" \/><\/a><\/figure><\/li><li class=\"blocks-gallery-item\"><figure><a href=\"http:\/\/ultramagic.com\/wp-content\/uploads\/2020\/04\/P6250785-1024x768.jpg\"><img loading=\"lazy\" decoding=\"async\" width=\"1024\" height=\"768\" src=\"http:\/\/ultramagic.com\/wp-content\/uploads\/2020\/04\/P6250785-1024x768.jpg\" alt=\"\" data-id=\"15432\" data-link=\"http:\/\/ultramagic.com\/es\/p6250785\/\" class=\"wp-image-15432\" srcset=\"https:\/\/ultramagic.com\/wp-content\/uploads\/2020\/04\/P6250785-1024x768.jpg 1024w, https:\/\/ultramagic.com\/wp-content\/uploads\/2020\/04\/P6250785-300x225.jpg 300w, https:\/\/ultramagic.com\/wp-content\/uploads\/2020\/04\/P6250785-768x576.jpg 768w\" sizes=\"(max-width: 1024px) 100vw, 1024px\" \/><\/a><\/figure><\/li><li class=\"blocks-gallery-item\"><figure><a href=\"http:\/\/ultramagic.com\/wp-content\/uploads\/2020\/04\/4-1024x683.jpg\"><img loading=\"lazy\" decoding=\"async\" width=\"1024\" height=\"683\" src=\"http:\/\/ultramagic.com\/wp-content\/uploads\/2020\/04\/4-1024x683.jpg\" alt=\"\" data-id=\"15435\" data-link=\"http:\/\/ultramagic.com\/es\/4\/\" class=\"wp-image-15435\" srcset=\"https:\/\/ultramagic.com\/wp-content\/uploads\/2020\/04\/4-1024x683.jpg 1024w, https:\/\/ultramagic.com\/wp-content\/uploads\/2020\/04\/4-300x200.jpg 300w, https:\/\/ultramagic.com\/wp-content\/uploads\/2020\/04\/4-768x512.jpg 768w\" sizes=\"(max-width: 1024px) 100vw, 1024px\" \/><\/a><\/figure><\/li><li class=\"blocks-gallery-item\"><figure><a href=\"http:\/\/ultramagic.com\/wp-content\/uploads\/2020\/04\/HIMIKAandYAYOI-10-1024x768.jpg\"><img loading=\"lazy\" decoding=\"async\" width=\"1024\" height=\"768\" src=\"http:\/\/ultramagic.com\/wp-content\/uploads\/2020\/04\/HIMIKAandYAYOI-10-1024x768.jpg\" alt=\"\" data-id=\"15438\" data-link=\"http:\/\/ultramagic.com\/es\/himikaandyayoi-10\/\" class=\"wp-image-15438\" srcset=\"https:\/\/ultramagic.com\/wp-content\/uploads\/2020\/04\/HIMIKAandYAYOI-10-1024x768.jpg 1024w, https:\/\/ultramagic.com\/wp-content\/uploads\/2020\/04\/HIMIKAandYAYOI-10-300x225.jpg 300w, https:\/\/ultramagic.com\/wp-content\/uploads\/2020\/04\/HIMIKAandYAYOI-10-768x576.jpg 768w\" sizes=\"(max-width: 1024px) 100vw, 1024px\" \/><\/a><\/figure><\/li><li class=\"blocks-gallery-item\"><figure><a href=\"http:\/\/ultramagic.com\/wp-content\/uploads\/2020\/04\/P4.5-PULEVA-22-06-2011-1-1024x768.jpg\"><img loading=\"lazy\" decoding=\"async\" width=\"1024\" height=\"768\" src=\"http:\/\/ultramagic.com\/wp-content\/uploads\/2020\/04\/P4.5-PULEVA-22-06-2011-1-1024x768.jpg\" alt=\"\" data-id=\"15444\" data-link=\"http:\/\/ultramagic.com\/es\/p4-5-puleva-22-06-2011-1\/\" class=\"wp-image-15444\" srcset=\"https:\/\/ultramagic.com\/wp-content\/uploads\/2020\/04\/P4.5-PULEVA-22-06-2011-1-1024x768.jpg 1024w, https:\/\/ultramagic.com\/wp-content\/uploads\/2020\/04\/P4.5-PULEVA-22-06-2011-1-300x225.jpg 300w, https:\/\/ultramagic.com\/wp-content\/uploads\/2020\/04\/P4.5-PULEVA-22-06-2011-1-768x576.jpg 768w, https:\/\/ultramagic.com\/wp-content\/uploads\/2020\/04\/P4.5-PULEVA-22-06-2011-1.jpg 1280w\" sizes=\"(max-width: 1024px) 100vw, 1024px\" \/><\/a><\/figure><\/li><li class=\"blocks-gallery-item\"><figure><a href=\"http:\/\/ultramagic.com\/wp-content\/uploads\/2020\/04\/1-1-768x1024.jpg\"><img loading=\"lazy\" decoding=\"async\" width=\"768\" height=\"1024\" src=\"http:\/\/ultramagic.com\/wp-content\/uploads\/2020\/04\/1-1-768x1024.jpg\" alt=\"\" data-id=\"15447\" data-link=\"http:\/\/ultramagic.com\/es\/1-3\/\" class=\"wp-image-15447\" srcset=\"https:\/\/ultramagic.com\/wp-content\/uploads\/2020\/04\/1-1-768x1024.jpg 768w, https:\/\/ultramagic.com\/wp-content\/uploads\/2020\/04\/1-1-225x300.jpg 225w, https:\/\/ultramagic.com\/wp-content\/uploads\/2020\/04\/1-1.jpg 1536w\" sizes=\"(max-width: 768px) 100vw, 768px\" \/><\/a><\/figure><\/li><\/ul>\n","protected":false},"excerpt":{"rendered":"<p>Ultramagic \u00e9s especialista en la fabricaci\u00f3 inflables personalitzats, cada treball \u00e9s \u00fanic i intransferible. Des imatges de marca, logotips, mascotes, a formes d&#8217;envasos particularitzades. Caracter\u00edstiques \/ Opcions: &#8211; Confeccionats usat poli\u00e8ster d&#8217;alta tenacitat 3PU (3 capes de poliuret\u00e0), pes 230g\/m2. Teixit hidr\u00f2fug i ign\u00edfug categoria M1. &#8211; Costura doble d&#8217;alta resistencia. &#8211; Motors interiors, de [&hellip;]<\/p>\n","protected":false},"author":2,"featured_media":0,"parent":9538,"menu_order":0,"comment_status":"closed","ping_status":"closed","template":"page-globus-fill.php","meta":{"ngg_post_thumbnail":0,"footnotes":""},"yoast_head":"<!-- This site is optimized with the Yoast SEO plugin v22.7 - https:\/\/yoast.com\/wordpress\/plugins\/seo\/ -->\n<title>Inflables en forma especial - Ultramagic<\/title>\n<meta name=\"robots\" content=\"index, follow, max-snippet:-1, max-image-preview:large, max-video-preview:-1\" \/>\n<link rel=\"canonical\" href=\"https:\/\/ultramagic.com\/inflatables\/hinchables-en-forma-especial\/\" \/>\n<meta property=\"og:locale\" content=\"ca_ES\" \/>\n<meta property=\"og:type\" content=\"article\" \/>\n<meta property=\"og:title\" content=\"Inflables en forma especial - Ultramagic\" \/>\n<meta property=\"og:description\" content=\"Ultramagic \u00e9s especialista en la fabricaci\u00f3 inflables personalitzats, cada treball \u00e9s \u00fanic i intransferible. Des imatges de marca, logotips, mascotes, a formes d&#8217;envasos particularitzades. Caracter\u00edstiques \/ Opcions: &#8211; Confeccionats usat poli\u00e8ster d&#8217;alta tenacitat 3PU (3 capes de poliuret\u00e0), pes 230g\/m2. Teixit hidr\u00f2fug i ign\u00edfug categoria M1. &#8211; Costura doble d&#8217;alta resistencia. &#8211; Motors interiors, de [&hellip;]\" \/>\n<meta property=\"og:url\" content=\"https:\/\/ultramagic.com\/inflatables\/hinchables-en-forma-especial\/\" \/>\n<meta property=\"og:site_name\" content=\"Ultramagic\" \/>\n<meta property=\"article:publisher\" content=\"http:\/\/www.facebook.com\/ultramagicballons\" \/>\n<meta property=\"article:modified_time\" content=\"2020-04-23T09:40:33+00:00\" \/>\n<meta property=\"og:image\" content=\"http:\/\/ultramagic.com\/wp-content\/uploads\/2020\/04\/TUGA-TRAIL-15_092-1-1024x681.jpg\" \/>\n<meta name=\"twitter:card\" content=\"summary_large_image\" \/>\n<meta name=\"twitter:site\" content=\"@umballoons\" \/>\n<script type=\"application\/ld+json\" class=\"yoast-schema-graph\">{\"@context\":\"https:\/\/schema.org\",\"@graph\":[{\"@type\":\"WebPage\",\"@id\":\"https:\/\/ultramagic.com\/inflatables\/hinchables-en-forma-especial\/\",\"url\":\"https:\/\/ultramagic.com\/inflatables\/hinchables-en-forma-especial\/\",\"name\":\"Inflables en forma especial - Ultramagic\",\"isPartOf\":{\"@id\":\"https:\/\/ultramagic.com\/#website\"},\"primaryImageOfPage\":{\"@id\":\"https:\/\/ultramagic.com\/inflatables\/hinchables-en-forma-especial\/#primaryimage\"},\"image\":{\"@id\":\"https:\/\/ultramagic.com\/inflatables\/hinchables-en-forma-especial\/#primaryimage\"},\"thumbnailUrl\":\"http:\/\/ultramagic.com\/wp-content\/uploads\/2020\/04\/TUGA-TRAIL-15_092-1-1024x681.jpg\",\"datePublished\":\"2020-04-22T12:36:01+00:00\",\"dateModified\":\"2020-04-23T09:40:33+00:00\",\"breadcrumb\":{\"@id\":\"https:\/\/ultramagic.com\/inflatables\/hinchables-en-forma-especial\/#breadcrumb\"},\"inLanguage\":\"ca\",\"potentialAction\":[{\"@type\":\"ReadAction\",\"target\":[\"https:\/\/ultramagic.com\/inflatables\/hinchables-en-forma-especial\/\"]}]},{\"@type\":\"ImageObject\",\"inLanguage\":\"ca\",\"@id\":\"https:\/\/ultramagic.com\/inflatables\/hinchables-en-forma-especial\/#primaryimage\",\"url\":\"http:\/\/ultramagic.com\/wp-content\/uploads\/2020\/04\/TUGA-TRAIL-15_092-1-1024x681.jpg\",\"contentUrl\":\"http:\/\/ultramagic.com\/wp-content\/uploads\/2020\/04\/TUGA-TRAIL-15_092-1-1024x681.jpg\"},{\"@type\":\"BreadcrumbList\",\"@id\":\"https:\/\/ultramagic.com\/inflatables\/hinchables-en-forma-especial\/#breadcrumb\",\"itemListElement\":[{\"@type\":\"ListItem\",\"position\":1,\"name\":\"Home\",\"item\":\"https:\/\/ultramagic.com\/ca\/\"},{\"@type\":\"ListItem\",\"position\":2,\"name\":\"Inflables\",\"item\":\"https:\/\/ultramagic.com\/ca\/inflables\/\"},{\"@type\":\"ListItem\",\"position\":3,\"name\":\"Inflables en forma especial\"}]},{\"@type\":\"WebSite\",\"@id\":\"https:\/\/ultramagic.com\/#website\",\"url\":\"https:\/\/ultramagic.com\/\",\"name\":\"Ultramagic\",\"description\":\"All about hot air balloon advertising industry and history.Hot air balloon photos and pictures. Enjoy the hot air balloon experience from your home.\",\"potentialAction\":[{\"@type\":\"SearchAction\",\"target\":{\"@type\":\"EntryPoint\",\"urlTemplate\":\"https:\/\/ultramagic.com\/?s={search_term_string}\"},\"query-input\":\"required name=search_term_string\"}],\"inLanguage\":\"ca\"}]}<\/script>\n<!-- \/ Yoast SEO plugin. -->","yoast_head_json":{"title":"Inflables en forma especial - Ultramagic","robots":{"index":"index","follow":"follow","max-snippet":"max-snippet:-1","max-image-preview":"max-image-preview:large","max-video-preview":"max-video-preview:-1"},"canonical":"https:\/\/ultramagic.com\/inflatables\/hinchables-en-forma-especial\/","og_locale":"ca_ES","og_type":"article","og_title":"Inflables en forma especial - Ultramagic","og_description":"Ultramagic \u00e9s especialista en la fabricaci\u00f3 inflables personalitzats, cada treball \u00e9s \u00fanic i intransferible. Des imatges de marca, logotips, mascotes, a formes d&#8217;envasos particularitzades. Caracter\u00edstiques \/ Opcions: &#8211; Confeccionats usat poli\u00e8ster d&#8217;alta tenacitat 3PU (3 capes de poliuret\u00e0), pes 230g\/m2. Teixit hidr\u00f2fug i ign\u00edfug categoria M1. &#8211; Costura doble d&#8217;alta resistencia. &#8211; Motors interiors, de [&hellip;]","og_url":"https:\/\/ultramagic.com\/inflatables\/hinchables-en-forma-especial\/","og_site_name":"Ultramagic","article_publisher":"http:\/\/www.facebook.com\/ultramagicballons","article_modified_time":"2020-04-23T09:40:33+00:00","og_image":[{"url":"http:\/\/ultramagic.com\/wp-content\/uploads\/2020\/04\/TUGA-TRAIL-15_092-1-1024x681.jpg"}],"twitter_card":"summary_large_image","twitter_site":"@umballoons","schema":{"@context":"https:\/\/schema.org","@graph":[{"@type":"WebPage","@id":"https:\/\/ultramagic.com\/inflatables\/hinchables-en-forma-especial\/","url":"https:\/\/ultramagic.com\/inflatables\/hinchables-en-forma-especial\/","name":"Inflables en forma especial - Ultramagic","isPartOf":{"@id":"https:\/\/ultramagic.com\/#website"},"primaryImageOfPage":{"@id":"https:\/\/ultramagic.com\/inflatables\/hinchables-en-forma-especial\/#primaryimage"},"image":{"@id":"https:\/\/ultramagic.com\/inflatables\/hinchables-en-forma-especial\/#primaryimage"},"thumbnailUrl":"http:\/\/ultramagic.com\/wp-content\/uploads\/2020\/04\/TUGA-TRAIL-15_092-1-1024x681.jpg","datePublished":"2020-04-22T12:36:01+00:00","dateModified":"2020-04-23T09:40:33+00:00","breadcrumb":{"@id":"https:\/\/ultramagic.com\/inflatables\/hinchables-en-forma-especial\/#breadcrumb"},"inLanguage":"ca","potentialAction":[{"@type":"ReadAction","target":["https:\/\/ultramagic.com\/inflatables\/hinchables-en-forma-especial\/"]}]},{"@type":"ImageObject","inLanguage":"ca","@id":"https:\/\/ultramagic.com\/inflatables\/hinchables-en-forma-especial\/#primaryimage","url":"http:\/\/ultramagic.com\/wp-content\/uploads\/2020\/04\/TUGA-TRAIL-15_092-1-1024x681.jpg","contentUrl":"http:\/\/ultramagic.com\/wp-content\/uploads\/2020\/04\/TUGA-TRAIL-15_092-1-1024x681.jpg"},{"@type":"BreadcrumbList","@id":"https:\/\/ultramagic.com\/inflatables\/hinchables-en-forma-especial\/#breadcrumb","itemListElement":[{"@type":"ListItem","position":1,"name":"Home","item":"https:\/\/ultramagic.com\/ca\/"},{"@type":"ListItem","position":2,"name":"Inflables","item":"https:\/\/ultramagic.com\/ca\/inflables\/"},{"@type":"ListItem","position":3,"name":"Inflables en forma especial"}]},{"@type":"WebSite","@id":"https:\/\/ultramagic.com\/#website","url":"https:\/\/ultramagic.com\/","name":"Ultramagic","description":"All about hot air balloon advertising industry and history.Hot air balloon photos and pictures. Enjoy the hot air balloon experience from your home.","potentialAction":[{"@type":"SearchAction","target":{"@type":"EntryPoint","urlTemplate":"https:\/\/ultramagic.com\/?s={search_term_string}"},"query-input":"required name=search_term_string"}],"inLanguage":"ca"}]}},"_links":{"self":[{"href":"https:\/\/ultramagic.com\/ca\/wp-json\/wp\/v2\/pages\/15449"}],"collection":[{"href":"https:\/\/ultramagic.com\/ca\/wp-json\/wp\/v2\/pages"}],"about":[{"href":"https:\/\/ultramagic.com\/ca\/wp-json\/wp\/v2\/types\/page"}],"author":[{"embeddable":true,"href":"https:\/\/ultramagic.com\/ca\/wp-json\/wp\/v2\/users\/2"}],"replies":[{"embeddable":true,"href":"https:\/\/ultramagic.com\/ca\/wp-json\/wp\/v2\/comments?post=15449"}],"version-history":[{"count":5,"href":"https:\/\/ultramagic.com\/ca\/wp-json\/wp\/v2\/pages\/15449\/revisions"}],"predecessor-version":[{"id":15482,"href":"https:\/\/ultramagic.com\/ca\/wp-json\/wp\/v2\/pages\/15449\/revisions\/15482"}],"up":[{"embeddable":true,"href":"https:\/\/ultramagic.com\/ca\/wp-json\/wp\/v2\/pages\/9538"}],"wp:attachment":[{"href":"https:\/\/ultramagic.com\/ca\/wp-json\/wp\/v2\/media?parent=15449"}],"curies":[{"name":"wp","href":"https:\/\/api.w.org\/{rel}","templated":true}]}}