{"id":11163,"date":"2017-02-14T15:40:58","date_gmt":"2017-02-14T14:40:58","guid":{"rendered":"http:\/\/ultramagic.com\/ca\/?page_id=11163"},"modified":"2018-10-26T14:19:57","modified_gmt":"2018-10-26T12:19:57","slug":"carpas-hinchables","status":"publish","type":"page","link":"https:\/\/ultramagic.com\/ca\/inflables\/carpas-hinchables\/","title":{"rendered":"Carpes Inflables"},"content":{"rendered":"<p>Les nostres carpes inflabes , com tots els nostres inflables s\u00f3n confeccionats amb materials d&#8217;alta qualitat, lleugers i resistensts, el que assegura tant un f\u00e0cil transport i manipulaci\u00f3 de la carpa, com un gran impacte vissual all\u00e0 on sigui utilitzada.<\/p>\n<p>&nbsp;<\/p>\n<p>Caracter\u00edstiques \/ Opcions:<br \/>\n&#8211; Confeccionat en poli\u00e8ster d&#8217; alta tenacitat amb certificaci\u00f3 ign\u00edfuga M1. pes 240g\/m2.<br \/>\n&#8211; Costura doble d&#8217;alta resist\u00e8ncia.<br \/>\n&#8211; Motors interiors de 65, 110, o 170w de pot\u00e8ncia, de baix nivell sonor.<br \/>\n&#8211; Bossa de transport i kit d&#8217; instal\u00b7laci\u00f3 inclosos.<br \/>\n&#8211; Possibilitat d&#8217;il\u00b7luminaci\u00f3 interior, amb LEDS<br \/>\n&#8211; Pes total aproximat dels inflables, de 30 a 75 Kg.<\/p>\n<p>&nbsp;<\/p>\n<div id='gallery-1' class='gallery galleryid-11163 gallery-columns-3 gallery-size-large'><dl class='gallery-item'>\n\t\t\t<dt class='gallery-icon landscape'>\n\t\t\t\t<a href='https:\/\/ultramagic.com\/wp-content\/uploads\/2017\/02\/ST-Igl\u00fa-Munich6X6-1-.jpg'><img loading=\"lazy\" decoding=\"async\" width=\"1024\" height=\"768\" src=\"https:\/\/ultramagic.com\/wp-content\/uploads\/2017\/02\/ST-Igl\u00fa-Munich6X6-1--1024x768.jpg\" class=\"attachment-large size-large\" alt=\"\" srcset=\"https:\/\/ultramagic.com\/wp-content\/uploads\/2017\/02\/ST-Igl\u00fa-Munich6X6-1--1024x768.jpg 1024w, https:\/\/ultramagic.com\/wp-content\/uploads\/2017\/02\/ST-Igl\u00fa-Munich6X6-1--300x225.jpg 300w, https:\/\/ultramagic.com\/wp-content\/uploads\/2017\/02\/ST-Igl\u00fa-Munich6X6-1--768x576.jpg 768w, https:\/\/ultramagic.com\/wp-content\/uploads\/2017\/02\/ST-Igl\u00fa-Munich6X6-1-.jpg 1600w\" sizes=\"(max-width: 1024px) 100vw, 1024px\" \/><\/a>\n\t\t\t<\/dt><\/dl><dl class='gallery-item'>\n\t\t\t<dt class='gallery-icon landscape'>\n\t\t\t\t<a href='https:\/\/ultramagic.com\/wp-content\/uploads\/2017\/02\/ST-Igl\u00fa-Powerade-3-.jpg'><img loading=\"lazy\" decoding=\"async\" width=\"1024\" height=\"768\" src=\"https:\/\/ultramagic.com\/wp-content\/uploads\/2017\/02\/ST-Igl\u00fa-Powerade-3--1024x768.jpg\" class=\"attachment-large size-large\" alt=\"\" srcset=\"https:\/\/ultramagic.com\/wp-content\/uploads\/2017\/02\/ST-Igl\u00fa-Powerade-3--1024x768.jpg 1024w, https:\/\/ultramagic.com\/wp-content\/uploads\/2017\/02\/ST-Igl\u00fa-Powerade-3--300x225.jpg 300w, https:\/\/ultramagic.com\/wp-content\/uploads\/2017\/02\/ST-Igl\u00fa-Powerade-3--768x576.jpg 768w, https:\/\/ultramagic.com\/wp-content\/uploads\/2017\/02\/ST-Igl\u00fa-Powerade-3-.jpg 2048w\" sizes=\"(max-width: 1024px) 100vw, 1024px\" \/><\/a>\n\t\t\t<\/dt><\/dl><dl class='gallery-item'>\n\t\t\t<dt class='gallery-icon landscape'>\n\t\t\t\t<a href='https:\/\/ultramagic.com\/wp-content\/uploads\/2017\/02\/P4140659.jpg'><img loading=\"lazy\" decoding=\"async\" width=\"1024\" height=\"645\" src=\"https:\/\/ultramagic.com\/wp-content\/uploads\/2017\/02\/P4140659-1024x645.jpg\" class=\"attachment-large size-large\" alt=\"\" srcset=\"https:\/\/ultramagic.com\/wp-content\/uploads\/2017\/02\/P4140659-1024x645.jpg 1024w, https:\/\/ultramagic.com\/wp-content\/uploads\/2017\/02\/P4140659-300x189.jpg 300w, https:\/\/ultramagic.com\/wp-content\/uploads\/2017\/02\/P4140659-768x484.jpg 768w\" sizes=\"(max-width: 1024px) 100vw, 1024px\" \/><\/a>\n\t\t\t<\/dt><\/dl><br style=\"clear: both\" \/><dl class='gallery-item'>\n\t\t\t<dt class='gallery-icon landscape'>\n\t\t\t\t<a href='https:\/\/ultramagic.com\/wp-content\/uploads\/2017\/02\/ST-4x4-Coca-Cola-4-.jpg'><img loading=\"lazy\" decoding=\"async\" width=\"1024\" height=\"768\" src=\"https:\/\/ultramagic.com\/wp-content\/uploads\/2017\/02\/ST-4x4-Coca-Cola-4--1024x768.jpg\" class=\"attachment-large size-large\" alt=\"\" srcset=\"https:\/\/ultramagic.com\/wp-content\/uploads\/2017\/02\/ST-4x4-Coca-Cola-4--1024x768.jpg 1024w, https:\/\/ultramagic.com\/wp-content\/uploads\/2017\/02\/ST-4x4-Coca-Cola-4--300x225.jpg 300w, https:\/\/ultramagic.com\/wp-content\/uploads\/2017\/02\/ST-4x4-Coca-Cola-4--768x576.jpg 768w, https:\/\/ultramagic.com\/wp-content\/uploads\/2017\/02\/ST-4x4-Coca-Cola-4-.jpg 2048w\" sizes=\"(max-width: 1024px) 100vw, 1024px\" \/><\/a>\n\t\t\t<\/dt><\/dl><dl class='gallery-item'>\n\t\t\t<dt class='gallery-icon landscape'>\n\t\t\t\t<a href='https:\/\/ultramagic.com\/wp-content\/uploads\/2017\/02\/I12-4.jpg'><img loading=\"lazy\" decoding=\"async\" width=\"1024\" height=\"768\" src=\"https:\/\/ultramagic.com\/wp-content\/uploads\/2017\/02\/I12-4-1024x768.jpg\" class=\"attachment-large size-large\" alt=\"\" srcset=\"https:\/\/ultramagic.com\/wp-content\/uploads\/2017\/02\/I12-4-1024x768.jpg 1024w, https:\/\/ultramagic.com\/wp-content\/uploads\/2017\/02\/I12-4-300x225.jpg 300w, https:\/\/ultramagic.com\/wp-content\/uploads\/2017\/02\/I12-4-768x576.jpg 768w, https:\/\/ultramagic.com\/wp-content\/uploads\/2017\/02\/I12-4.jpg 2048w\" sizes=\"(max-width: 1024px) 100vw, 1024px\" \/><\/a>\n\t\t\t<\/dt><\/dl><dl class='gallery-item'>\n\t\t\t<dt class='gallery-icon landscape'>\n\t\t\t\t<a href='https:\/\/ultramagic.com\/wp-content\/uploads\/2017\/02\/CARPA-FJO-12-02-2010-25.jpg'><img loading=\"lazy\" decoding=\"async\" width=\"1024\" height=\"768\" src=\"https:\/\/ultramagic.com\/wp-content\/uploads\/2017\/02\/CARPA-FJO-12-02-2010-25-1024x768.jpg\" class=\"attachment-large size-large\" alt=\"\" srcset=\"https:\/\/ultramagic.com\/wp-content\/uploads\/2017\/02\/CARPA-FJO-12-02-2010-25-1024x768.jpg 1024w, https:\/\/ultramagic.com\/wp-content\/uploads\/2017\/02\/CARPA-FJO-12-02-2010-25-300x225.jpg 300w, https:\/\/ultramagic.com\/wp-content\/uploads\/2017\/02\/CARPA-FJO-12-02-2010-25-768x576.jpg 768w, https:\/\/ultramagic.com\/wp-content\/uploads\/2017\/02\/CARPA-FJO-12-02-2010-25.jpg 1600w\" sizes=\"(max-width: 1024px) 100vw, 1024px\" \/><\/a>\n\t\t\t<\/dt><\/dl><br style=\"clear: both\" \/><dl class='gallery-item'>\n\t\t\t<dt class='gallery-icon landscape'>\n\t\t\t\t<a href='https:\/\/ultramagic.com\/wp-content\/uploads\/2017\/02\/STH-10x10-Asics-1-.jpg'><img loading=\"lazy\" decoding=\"async\" width=\"1024\" height=\"768\" src=\"https:\/\/ultramagic.com\/wp-content\/uploads\/2017\/02\/STH-10x10-Asics-1--1024x768.jpg\" class=\"attachment-large size-large\" alt=\"\" srcset=\"https:\/\/ultramagic.com\/wp-content\/uploads\/2017\/02\/STH-10x10-Asics-1--1024x768.jpg 1024w, https:\/\/ultramagic.com\/wp-content\/uploads\/2017\/02\/STH-10x10-Asics-1--300x225.jpg 300w, https:\/\/ultramagic.com\/wp-content\/uploads\/2017\/02\/STH-10x10-Asics-1--768x576.jpg 768w, https:\/\/ultramagic.com\/wp-content\/uploads\/2017\/02\/STH-10x10-Asics-1-.jpg 2048w\" sizes=\"(max-width: 1024px) 100vw, 1024px\" \/><\/a>\n\t\t\t<\/dt><\/dl><dl class='gallery-item'>\n\t\t\t<dt class='gallery-icon landscape'>\n\t\t\t\t<a href='https:\/\/ultramagic.com\/wp-content\/uploads\/2017\/02\/COCA-COLA-10-02-11-5.jpg'><img loading=\"lazy\" decoding=\"async\" width=\"1024\" height=\"768\" src=\"https:\/\/ultramagic.com\/wp-content\/uploads\/2017\/02\/COCA-COLA-10-02-11-5-1024x768.jpg\" class=\"attachment-large size-large\" alt=\"\" srcset=\"https:\/\/ultramagic.com\/wp-content\/uploads\/2017\/02\/COCA-COLA-10-02-11-5-1024x768.jpg 1024w, https:\/\/ultramagic.com\/wp-content\/uploads\/2017\/02\/COCA-COLA-10-02-11-5-300x225.jpg 300w, https:\/\/ultramagic.com\/wp-content\/uploads\/2017\/02\/COCA-COLA-10-02-11-5-768x576.jpg 768w, https:\/\/ultramagic.com\/wp-content\/uploads\/2017\/02\/COCA-COLA-10-02-11-5.jpg 1280w\" sizes=\"(max-width: 1024px) 100vw, 1024px\" \/><\/a>\n\t\t\t<\/dt><\/dl><dl class='gallery-item'>\n\t\t\t<dt class='gallery-icon landscape'>\n\t\t\t\t<a href='https:\/\/ultramagic.com\/wp-content\/uploads\/2018\/10\/Ultramagic-Inflables-Tienda.jpg'><img loading=\"lazy\" decoding=\"async\" width=\"800\" height=\"600\" src=\"https:\/\/ultramagic.com\/wp-content\/uploads\/2018\/10\/Ultramagic-Inflables-Tienda.jpg\" class=\"attachment-large size-large\" alt=\"\" srcset=\"https:\/\/ultramagic.com\/wp-content\/uploads\/2018\/10\/Ultramagic-Inflables-Tienda.jpg 800w, https:\/\/ultramagic.com\/wp-content\/uploads\/2018\/10\/Ultramagic-Inflables-Tienda-300x225.jpg 300w, https:\/\/ultramagic.com\/wp-content\/uploads\/2018\/10\/Ultramagic-Inflables-Tienda-768x576.jpg 768w\" sizes=\"(max-width: 800px) 100vw, 800px\" \/><\/a>\n\t\t\t<\/dt><\/dl><br style=\"clear: both\" \/>\n\t\t<\/div>\n\n","protected":false},"excerpt":{"rendered":"<p>Les nostres carpes inflabes , com tots els nostres inflables s\u00f3n confeccionats amb materials d&#8217;alta qualitat, lleugers i resistensts, el que assegura tant un f\u00e0cil transport i manipulaci\u00f3 de la carpa, com un gran impacte vissual all\u00e0 on sigui utilitzada. &nbsp; Caracter\u00edstiques \/ Opcions: &#8211; Confeccionat en poli\u00e8ster d&#8217; alta tenacitat amb certificaci\u00f3 ign\u00edfuga M1. [&hellip;]<\/p>\n","protected":false},"author":2,"featured_media":11191,"parent":9538,"menu_order":6,"comment_status":"closed","ping_status":"closed","template":"page-globus-fill.php","meta":{"ngg_post_thumbnail":0,"footnotes":""},"yoast_head":"<!-- This site is optimized with the Yoast SEO plugin v22.7 - https:\/\/yoast.com\/wordpress\/plugins\/seo\/ -->\n<title>Carpes Inflables - Ultramagic<\/title>\n<meta name=\"robots\" content=\"index, follow, max-snippet:-1, max-image-preview:large, max-video-preview:-1\" \/>\n<link rel=\"canonical\" href=\"https:\/\/ultramagic.com\/ca\/inflables\/carpas-hinchables\/\" \/>\n<meta property=\"og:locale\" content=\"ca_ES\" \/>\n<meta property=\"og:type\" content=\"article\" \/>\n<meta property=\"og:title\" content=\"Carpes Inflables - Ultramagic\" \/>\n<meta property=\"og:description\" content=\"Les nostres carpes inflabes , com tots els nostres inflables s\u00f3n confeccionats amb materials d&#8217;alta qualitat, lleugers i resistensts, el que assegura tant un f\u00e0cil transport i manipulaci\u00f3 de la carpa, com un gran impacte vissual all\u00e0 on sigui utilitzada. &nbsp; Caracter\u00edstiques \/ Opcions: &#8211; Confeccionat en poli\u00e8ster d&#8217; alta tenacitat amb certificaci\u00f3 ign\u00edfuga M1. [&hellip;]\" \/>\n<meta property=\"og:url\" content=\"https:\/\/ultramagic.com\/ca\/inflables\/carpas-hinchables\/\" \/>\n<meta property=\"og:site_name\" content=\"Ultramagic\" \/>\n<meta property=\"article:publisher\" content=\"http:\/\/www.facebook.com\/ultramagicballons\" \/>\n<meta property=\"article:modified_time\" content=\"2018-10-26T12:19:57+00:00\" \/>\n<meta property=\"og:image\" content=\"https:\/\/ultramagic.com\/wp-content\/uploads\/2017\/02\/carpes_um.jpg\" \/>\n\t<meta property=\"og:image:width\" content=\"75\" \/>\n\t<meta property=\"og:image:height\" content=\"75\" \/>\n\t<meta property=\"og:image:type\" content=\"image\/jpeg\" \/>\n<meta name=\"twitter:card\" content=\"summary_large_image\" \/>\n<meta name=\"twitter:site\" content=\"@umballoons\" \/>\n<meta name=\"twitter:label1\" content=\"Temps estimat de lectura\" \/>\n\t<meta name=\"twitter:data1\" content=\"1 minut\" \/>\n<script type=\"application\/ld+json\" class=\"yoast-schema-graph\">{\"@context\":\"https:\/\/schema.org\",\"@graph\":[{\"@type\":\"WebPage\",\"@id\":\"https:\/\/ultramagic.com\/ca\/inflables\/carpas-hinchables\/\",\"url\":\"https:\/\/ultramagic.com\/ca\/inflables\/carpas-hinchables\/\",\"name\":\"Carpes Inflables - Ultramagic\",\"isPartOf\":{\"@id\":\"https:\/\/ultramagic.com\/#website\"},\"primaryImageOfPage\":{\"@id\":\"https:\/\/ultramagic.com\/ca\/inflables\/carpas-hinchables\/#primaryimage\"},\"image\":{\"@id\":\"https:\/\/ultramagic.com\/ca\/inflables\/carpas-hinchables\/#primaryimage\"},\"thumbnailUrl\":\"https:\/\/ultramagic.com\/wp-content\/uploads\/2017\/02\/carpes_um.jpg\",\"datePublished\":\"2017-02-14T14:40:58+00:00\",\"dateModified\":\"2018-10-26T12:19:57+00:00\",\"breadcrumb\":{\"@id\":\"https:\/\/ultramagic.com\/ca\/inflables\/carpas-hinchables\/#breadcrumb\"},\"inLanguage\":\"ca\",\"potentialAction\":[{\"@type\":\"ReadAction\",\"target\":[\"https:\/\/ultramagic.com\/ca\/inflables\/carpas-hinchables\/\"]}]},{\"@type\":\"ImageObject\",\"inLanguage\":\"ca\",\"@id\":\"https:\/\/ultramagic.com\/ca\/inflables\/carpas-hinchables\/#primaryimage\",\"url\":\"https:\/\/ultramagic.com\/wp-content\/uploads\/2017\/02\/carpes_um.jpg\",\"contentUrl\":\"https:\/\/ultramagic.com\/wp-content\/uploads\/2017\/02\/carpes_um.jpg\",\"width\":75,\"height\":75},{\"@type\":\"BreadcrumbList\",\"@id\":\"https:\/\/ultramagic.com\/ca\/inflables\/carpas-hinchables\/#breadcrumb\",\"itemListElement\":[{\"@type\":\"ListItem\",\"position\":1,\"name\":\"Home\",\"item\":\"https:\/\/ultramagic.com\/ca\/\"},{\"@type\":\"ListItem\",\"position\":2,\"name\":\"Inflables\",\"item\":\"https:\/\/ultramagic.com\/ca\/inflables\/\"},{\"@type\":\"ListItem\",\"position\":3,\"name\":\"Carpes Inflables\"}]},{\"@type\":\"WebSite\",\"@id\":\"https:\/\/ultramagic.com\/#website\",\"url\":\"https:\/\/ultramagic.com\/\",\"name\":\"Ultramagic\",\"description\":\"All about hot air balloon advertising industry and history.Hot air balloon photos and pictures. Enjoy the hot air balloon experience from your home.\",\"potentialAction\":[{\"@type\":\"SearchAction\",\"target\":{\"@type\":\"EntryPoint\",\"urlTemplate\":\"https:\/\/ultramagic.com\/?s={search_term_string}\"},\"query-input\":\"required name=search_term_string\"}],\"inLanguage\":\"ca\"}]}<\/script>\n<!-- \/ Yoast SEO plugin. -->","yoast_head_json":{"title":"Carpes Inflables - Ultramagic","robots":{"index":"index","follow":"follow","max-snippet":"max-snippet:-1","max-image-preview":"max-image-preview:large","max-video-preview":"max-video-preview:-1"},"canonical":"https:\/\/ultramagic.com\/ca\/inflables\/carpas-hinchables\/","og_locale":"ca_ES","og_type":"article","og_title":"Carpes Inflables - Ultramagic","og_description":"Les nostres carpes inflabes , com tots els nostres inflables s\u00f3n confeccionats amb materials d&#8217;alta qualitat, lleugers i resistensts, el que assegura tant un f\u00e0cil transport i manipulaci\u00f3 de la carpa, com un gran impacte vissual all\u00e0 on sigui utilitzada. &nbsp; Caracter\u00edstiques \/ Opcions: &#8211; Confeccionat en poli\u00e8ster d&#8217; alta tenacitat amb certificaci\u00f3 ign\u00edfuga M1. [&hellip;]","og_url":"https:\/\/ultramagic.com\/ca\/inflables\/carpas-hinchables\/","og_site_name":"Ultramagic","article_publisher":"http:\/\/www.facebook.com\/ultramagicballons","article_modified_time":"2018-10-26T12:19:57+00:00","og_image":[{"width":75,"height":75,"url":"https:\/\/ultramagic.com\/wp-content\/uploads\/2017\/02\/carpes_um.jpg","type":"image\/jpeg"}],"twitter_card":"summary_large_image","twitter_site":"@umballoons","twitter_misc":{"Temps estimat de lectura":"1 minut"},"schema":{"@context":"https:\/\/schema.org","@graph":[{"@type":"WebPage","@id":"https:\/\/ultramagic.com\/ca\/inflables\/carpas-hinchables\/","url":"https:\/\/ultramagic.com\/ca\/inflables\/carpas-hinchables\/","name":"Carpes Inflables - Ultramagic","isPartOf":{"@id":"https:\/\/ultramagic.com\/#website"},"primaryImageOfPage":{"@id":"https:\/\/ultramagic.com\/ca\/inflables\/carpas-hinchables\/#primaryimage"},"image":{"@id":"https:\/\/ultramagic.com\/ca\/inflables\/carpas-hinchables\/#primaryimage"},"thumbnailUrl":"https:\/\/ultramagic.com\/wp-content\/uploads\/2017\/02\/carpes_um.jpg","datePublished":"2017-02-14T14:40:58+00:00","dateModified":"2018-10-26T12:19:57+00:00","breadcrumb":{"@id":"https:\/\/ultramagic.com\/ca\/inflables\/carpas-hinchables\/#breadcrumb"},"inLanguage":"ca","potentialAction":[{"@type":"ReadAction","target":["https:\/\/ultramagic.com\/ca\/inflables\/carpas-hinchables\/"]}]},{"@type":"ImageObject","inLanguage":"ca","@id":"https:\/\/ultramagic.com\/ca\/inflables\/carpas-hinchables\/#primaryimage","url":"https:\/\/ultramagic.com\/wp-content\/uploads\/2017\/02\/carpes_um.jpg","contentUrl":"https:\/\/ultramagic.com\/wp-content\/uploads\/2017\/02\/carpes_um.jpg","width":75,"height":75},{"@type":"BreadcrumbList","@id":"https:\/\/ultramagic.com\/ca\/inflables\/carpas-hinchables\/#breadcrumb","itemListElement":[{"@type":"ListItem","position":1,"name":"Home","item":"https:\/\/ultramagic.com\/ca\/"},{"@type":"ListItem","position":2,"name":"Inflables","item":"https:\/\/ultramagic.com\/ca\/inflables\/"},{"@type":"ListItem","position":3,"name":"Carpes Inflables"}]},{"@type":"WebSite","@id":"https:\/\/ultramagic.com\/#website","url":"https:\/\/ultramagic.com\/","name":"Ultramagic","description":"All about hot air balloon advertising industry and history.Hot air balloon photos and pictures. Enjoy the hot air balloon experience from your home.","potentialAction":[{"@type":"SearchAction","target":{"@type":"EntryPoint","urlTemplate":"https:\/\/ultramagic.com\/?s={search_term_string}"},"query-input":"required name=search_term_string"}],"inLanguage":"ca"}]}},"_links":{"self":[{"href":"https:\/\/ultramagic.com\/ca\/wp-json\/wp\/v2\/pages\/11163"}],"collection":[{"href":"https:\/\/ultramagic.com\/ca\/wp-json\/wp\/v2\/pages"}],"about":[{"href":"https:\/\/ultramagic.com\/ca\/wp-json\/wp\/v2\/types\/page"}],"author":[{"embeddable":true,"href":"https:\/\/ultramagic.com\/ca\/wp-json\/wp\/v2\/users\/2"}],"replies":[{"embeddable":true,"href":"https:\/\/ultramagic.com\/ca\/wp-json\/wp\/v2\/comments?post=11163"}],"version-history":[{"count":8,"href":"https:\/\/ultramagic.com\/ca\/wp-json\/wp\/v2\/pages\/11163\/revisions"}],"predecessor-version":[{"id":13400,"href":"https:\/\/ultramagic.com\/ca\/wp-json\/wp\/v2\/pages\/11163\/revisions\/13400"}],"up":[{"embeddable":true,"href":"https:\/\/ultramagic.com\/ca\/wp-json\/wp\/v2\/pages\/9538"}],"wp:featuredmedia":[{"embeddable":true,"href":"https:\/\/ultramagic.com\/ca\/wp-json\/wp\/v2\/media\/11191"}],"wp:attachment":[{"href":"https:\/\/ultramagic.com\/ca\/wp-json\/wp\/v2\/media?parent=11163"}],"curies":[{"name":"wp","href":"https:\/\/api.w.org\/{rel}","templated":true}]}}