{"id":11149,"date":"2017-02-14T11:11:40","date_gmt":"2017-02-14T10:11:40","guid":{"rendered":"http:\/\/ultramagic.com\/ca\/inflables\/beachflags\/"},"modified":"2017-02-14T12:13:55","modified_gmt":"2017-02-14T11:13:55","slug":"beachflags","status":"publish","type":"page","link":"https:\/\/ultramagic.com\/ca\/inflables\/beachflags\/","title":{"rendered":"Beachflags"},"content":{"rendered":"<p>Disposem de banderes tipus Beachflag, tamb\u00e9 conegudes com Fly Banner, perfectes per completar el seua kit d&#8217;esdeveniments. Les nostres banderes beachflags estan disponibles en tres dissenys, Wing, Drop o Brick. Cada forma est\u00e0 disponible en tres mides diferents. Per a les banderes s&#8217;utilitza teixit Tafetta d&#8217;alta densitat FR (Ign\u00edfug), que s&#8217;imprimeix mitjan\u00e7ant el m\u00e8tode de sublimaci\u00f3 indirecta (per transfer\u00e8ncia de paper). Per tant les nostres banderes beachflag no alliberen pigment en cas de pluja. A causa de l&#8217;\u00fas de tintes d&#8217;alta qualitat, la impressi\u00f3 ofereix colors de gran intensitat i molt resistent als raigs UV.<\/p>\n<p>&nbsp;<br \/>\nEls pals de fibra de vidre s\u00f3n d&#8217;alta qualitat, resistents a trencaments en casos d&#8217;altes temperatures altes o de fred intens. Les banderes poden disposar d&#8217;una barra inferior de tensat access\u00f2ria, utilitzada per assegurar que la forma de la bandera sigui perfecta. Estan disponibles diferents tipus de base per a diferents superf\u00edcies. Es pot triar una m\u00e0stil acabat en forma de piqueta, una planxa d&#8217;acer o una base en forma de creu d&#8217;acer a la qual s&#8217;afegeix una bossa del pes que s&#8217;omple amb aigua.<\/p>\n<p>&nbsp;<\/p>\n<div id='gallery-1' class='gallery galleryid-11149 gallery-columns-3 gallery-size-large'><dl class='gallery-item'>\n\t\t\t<dt class='gallery-icon landscape'>\n\t\t\t\t<a href='https:\/\/ultramagic.com\/wp-content\/uploads\/2017\/02\/BEACHFLAG-BRICK.jpg'><img loading=\"lazy\" decoding=\"async\" width=\"1024\" height=\"541\" src=\"https:\/\/ultramagic.com\/wp-content\/uploads\/2017\/02\/BEACHFLAG-BRICK-1024x541.jpg\" class=\"attachment-large size-large\" alt=\"\" srcset=\"https:\/\/ultramagic.com\/wp-content\/uploads\/2017\/02\/BEACHFLAG-BRICK-1024x541.jpg 1024w, https:\/\/ultramagic.com\/wp-content\/uploads\/2017\/02\/BEACHFLAG-BRICK-300x159.jpg 300w, https:\/\/ultramagic.com\/wp-content\/uploads\/2017\/02\/BEACHFLAG-BRICK-768x406.jpg 768w, https:\/\/ultramagic.com\/wp-content\/uploads\/2017\/02\/BEACHFLAG-BRICK.jpg 1619w\" sizes=\"(max-width: 1024px) 100vw, 1024px\" \/><\/a>\n\t\t\t<\/dt><\/dl><dl class='gallery-item'>\n\t\t\t<dt class='gallery-icon landscape'>\n\t\t\t\t<a href='https:\/\/ultramagic.com\/wp-content\/uploads\/2017\/02\/BEACHFLAG-WING.jpg'><img loading=\"lazy\" decoding=\"async\" width=\"1024\" height=\"557\" src=\"https:\/\/ultramagic.com\/wp-content\/uploads\/2017\/02\/BEACHFLAG-WING-1024x557.jpg\" class=\"attachment-large size-large\" alt=\"\" srcset=\"https:\/\/ultramagic.com\/wp-content\/uploads\/2017\/02\/BEACHFLAG-WING-1024x557.jpg 1024w, https:\/\/ultramagic.com\/wp-content\/uploads\/2017\/02\/BEACHFLAG-WING-300x163.jpg 300w, https:\/\/ultramagic.com\/wp-content\/uploads\/2017\/02\/BEACHFLAG-WING-768x418.jpg 768w, https:\/\/ultramagic.com\/wp-content\/uploads\/2017\/02\/BEACHFLAG-WING.jpg 1618w\" sizes=\"(max-width: 1024px) 100vw, 1024px\" \/><\/a>\n\t\t\t<\/dt><\/dl><dl class='gallery-item'>\n\t\t\t<dt class='gallery-icon landscape'>\n\t\t\t\t<a href='https:\/\/ultramagic.com\/wp-content\/uploads\/2017\/02\/BEACHFLAG-DROP.jpg'><img loading=\"lazy\" decoding=\"async\" width=\"1024\" height=\"550\" src=\"https:\/\/ultramagic.com\/wp-content\/uploads\/2017\/02\/BEACHFLAG-DROP-1024x550.jpg\" class=\"attachment-large size-large\" alt=\"\" srcset=\"https:\/\/ultramagic.com\/wp-content\/uploads\/2017\/02\/BEACHFLAG-DROP-1024x550.jpg 1024w, https:\/\/ultramagic.com\/wp-content\/uploads\/2017\/02\/BEACHFLAG-DROP-300x161.jpg 300w, https:\/\/ultramagic.com\/wp-content\/uploads\/2017\/02\/BEACHFLAG-DROP-768x412.jpg 768w, https:\/\/ultramagic.com\/wp-content\/uploads\/2017\/02\/BEACHFLAG-DROP.jpg 1635w\" sizes=\"(max-width: 1024px) 100vw, 1024px\" \/><\/a>\n\t\t\t<\/dt><\/dl><br style=\"clear: both\" \/>\n\t\t<\/div>\n\n<p>&nbsp;<\/p>\n","protected":false},"excerpt":{"rendered":"<p>Disposem de banderes tipus Beachflag, tamb\u00e9 conegudes com Fly Banner, perfectes per completar el seua kit d&#8217;esdeveniments. Les nostres banderes beachflags estan disponibles en tres dissenys, Wing, Drop o Brick. Cada forma est\u00e0 disponible en tres mides diferents. Per a les banderes s&#8217;utilitza teixit Tafetta d&#8217;alta densitat FR (Ign\u00edfug), que s&#8217;imprimeix mitjan\u00e7ant el m\u00e8tode de [&hellip;]<\/p>\n","protected":false},"author":2,"featured_media":11130,"parent":9538,"menu_order":5,"comment_status":"closed","ping_status":"closed","template":"page-globus-fill.php","meta":{"ngg_post_thumbnail":0,"footnotes":""},"yoast_head":"<!-- This site is optimized with the Yoast SEO plugin v22.7 - https:\/\/yoast.com\/wordpress\/plugins\/seo\/ -->\n<title>Beachflags - Ultramagic<\/title>\n<meta name=\"robots\" content=\"index, follow, max-snippet:-1, max-image-preview:large, max-video-preview:-1\" \/>\n<link rel=\"canonical\" href=\"https:\/\/ultramagic.com\/ca\/inflables\/beachflags\/\" \/>\n<meta property=\"og:locale\" content=\"ca_ES\" \/>\n<meta property=\"og:type\" content=\"article\" \/>\n<meta property=\"og:title\" content=\"Beachflags - Ultramagic\" \/>\n<meta property=\"og:description\" content=\"Disposem de banderes tipus Beachflag, tamb\u00e9 conegudes com Fly Banner, perfectes per completar el seua kit d&#8217;esdeveniments. Les nostres banderes beachflags estan disponibles en tres dissenys, Wing, Drop o Brick. Cada forma est\u00e0 disponible en tres mides diferents. Per a les banderes s&#8217;utilitza teixit Tafetta d&#8217;alta densitat FR (Ign\u00edfug), que s&#8217;imprimeix mitjan\u00e7ant el m\u00e8tode de [&hellip;]\" \/>\n<meta property=\"og:url\" content=\"https:\/\/ultramagic.com\/ca\/inflables\/beachflags\/\" \/>\n<meta property=\"og:site_name\" content=\"Ultramagic\" \/>\n<meta property=\"article:publisher\" content=\"http:\/\/www.facebook.com\/ultramagicballons\" \/>\n<meta property=\"article:modified_time\" content=\"2017-02-14T11:13:55+00:00\" \/>\n<meta property=\"og:image\" content=\"https:\/\/ultramagic.com\/wp-content\/uploads\/2017\/02\/banderes.jpg\" \/>\n\t<meta property=\"og:image:width\" content=\"75\" \/>\n\t<meta property=\"og:image:height\" content=\"75\" \/>\n\t<meta property=\"og:image:type\" content=\"image\/jpeg\" \/>\n<meta name=\"twitter:card\" content=\"summary_large_image\" \/>\n<meta name=\"twitter:site\" content=\"@umballoons\" \/>\n<meta name=\"twitter:label1\" content=\"Temps estimat de lectura\" \/>\n\t<meta name=\"twitter:data1\" content=\"1 minut\" \/>\n<script type=\"application\/ld+json\" class=\"yoast-schema-graph\">{\"@context\":\"https:\/\/schema.org\",\"@graph\":[{\"@type\":\"WebPage\",\"@id\":\"https:\/\/ultramagic.com\/ca\/inflables\/beachflags\/\",\"url\":\"https:\/\/ultramagic.com\/ca\/inflables\/beachflags\/\",\"name\":\"Beachflags - Ultramagic\",\"isPartOf\":{\"@id\":\"https:\/\/ultramagic.com\/#website\"},\"primaryImageOfPage\":{\"@id\":\"https:\/\/ultramagic.com\/ca\/inflables\/beachflags\/#primaryimage\"},\"image\":{\"@id\":\"https:\/\/ultramagic.com\/ca\/inflables\/beachflags\/#primaryimage\"},\"thumbnailUrl\":\"https:\/\/ultramagic.com\/wp-content\/uploads\/2017\/02\/banderes.jpg\",\"datePublished\":\"2017-02-14T10:11:40+00:00\",\"dateModified\":\"2017-02-14T11:13:55+00:00\",\"breadcrumb\":{\"@id\":\"https:\/\/ultramagic.com\/ca\/inflables\/beachflags\/#breadcrumb\"},\"inLanguage\":\"ca\",\"potentialAction\":[{\"@type\":\"ReadAction\",\"target\":[\"https:\/\/ultramagic.com\/ca\/inflables\/beachflags\/\"]}]},{\"@type\":\"ImageObject\",\"inLanguage\":\"ca\",\"@id\":\"https:\/\/ultramagic.com\/ca\/inflables\/beachflags\/#primaryimage\",\"url\":\"https:\/\/ultramagic.com\/wp-content\/uploads\/2017\/02\/banderes.jpg\",\"contentUrl\":\"https:\/\/ultramagic.com\/wp-content\/uploads\/2017\/02\/banderes.jpg\",\"width\":75,\"height\":75,\"caption\":\"OLYMPUS DIGITAL CAMERA\"},{\"@type\":\"BreadcrumbList\",\"@id\":\"https:\/\/ultramagic.com\/ca\/inflables\/beachflags\/#breadcrumb\",\"itemListElement\":[{\"@type\":\"ListItem\",\"position\":1,\"name\":\"Home\",\"item\":\"https:\/\/ultramagic.com\/ca\/\"},{\"@type\":\"ListItem\",\"position\":2,\"name\":\"Inflables\",\"item\":\"https:\/\/ultramagic.com\/ca\/inflables\/\"},{\"@type\":\"ListItem\",\"position\":3,\"name\":\"Beachflags\"}]},{\"@type\":\"WebSite\",\"@id\":\"https:\/\/ultramagic.com\/#website\",\"url\":\"https:\/\/ultramagic.com\/\",\"name\":\"Ultramagic\",\"description\":\"All about hot air balloon advertising industry and history.Hot air balloon photos and pictures. Enjoy the hot air balloon experience from your home.\",\"potentialAction\":[{\"@type\":\"SearchAction\",\"target\":{\"@type\":\"EntryPoint\",\"urlTemplate\":\"https:\/\/ultramagic.com\/?s={search_term_string}\"},\"query-input\":\"required name=search_term_string\"}],\"inLanguage\":\"ca\"}]}<\/script>\n<!-- \/ Yoast SEO plugin. -->","yoast_head_json":{"title":"Beachflags - Ultramagic","robots":{"index":"index","follow":"follow","max-snippet":"max-snippet:-1","max-image-preview":"max-image-preview:large","max-video-preview":"max-video-preview:-1"},"canonical":"https:\/\/ultramagic.com\/ca\/inflables\/beachflags\/","og_locale":"ca_ES","og_type":"article","og_title":"Beachflags - Ultramagic","og_description":"Disposem de banderes tipus Beachflag, tamb\u00e9 conegudes com Fly Banner, perfectes per completar el seua kit d&#8217;esdeveniments. Les nostres banderes beachflags estan disponibles en tres dissenys, Wing, Drop o Brick. Cada forma est\u00e0 disponible en tres mides diferents. Per a les banderes s&#8217;utilitza teixit Tafetta d&#8217;alta densitat FR (Ign\u00edfug), que s&#8217;imprimeix mitjan\u00e7ant el m\u00e8tode de [&hellip;]","og_url":"https:\/\/ultramagic.com\/ca\/inflables\/beachflags\/","og_site_name":"Ultramagic","article_publisher":"http:\/\/www.facebook.com\/ultramagicballons","article_modified_time":"2017-02-14T11:13:55+00:00","og_image":[{"width":75,"height":75,"url":"https:\/\/ultramagic.com\/wp-content\/uploads\/2017\/02\/banderes.jpg","type":"image\/jpeg"}],"twitter_card":"summary_large_image","twitter_site":"@umballoons","twitter_misc":{"Temps estimat de lectura":"1 minut"},"schema":{"@context":"https:\/\/schema.org","@graph":[{"@type":"WebPage","@id":"https:\/\/ultramagic.com\/ca\/inflables\/beachflags\/","url":"https:\/\/ultramagic.com\/ca\/inflables\/beachflags\/","name":"Beachflags - Ultramagic","isPartOf":{"@id":"https:\/\/ultramagic.com\/#website"},"primaryImageOfPage":{"@id":"https:\/\/ultramagic.com\/ca\/inflables\/beachflags\/#primaryimage"},"image":{"@id":"https:\/\/ultramagic.com\/ca\/inflables\/beachflags\/#primaryimage"},"thumbnailUrl":"https:\/\/ultramagic.com\/wp-content\/uploads\/2017\/02\/banderes.jpg","datePublished":"2017-02-14T10:11:40+00:00","dateModified":"2017-02-14T11:13:55+00:00","breadcrumb":{"@id":"https:\/\/ultramagic.com\/ca\/inflables\/beachflags\/#breadcrumb"},"inLanguage":"ca","potentialAction":[{"@type":"ReadAction","target":["https:\/\/ultramagic.com\/ca\/inflables\/beachflags\/"]}]},{"@type":"ImageObject","inLanguage":"ca","@id":"https:\/\/ultramagic.com\/ca\/inflables\/beachflags\/#primaryimage","url":"https:\/\/ultramagic.com\/wp-content\/uploads\/2017\/02\/banderes.jpg","contentUrl":"https:\/\/ultramagic.com\/wp-content\/uploads\/2017\/02\/banderes.jpg","width":75,"height":75,"caption":"OLYMPUS DIGITAL CAMERA"},{"@type":"BreadcrumbList","@id":"https:\/\/ultramagic.com\/ca\/inflables\/beachflags\/#breadcrumb","itemListElement":[{"@type":"ListItem","position":1,"name":"Home","item":"https:\/\/ultramagic.com\/ca\/"},{"@type":"ListItem","position":2,"name":"Inflables","item":"https:\/\/ultramagic.com\/ca\/inflables\/"},{"@type":"ListItem","position":3,"name":"Beachflags"}]},{"@type":"WebSite","@id":"https:\/\/ultramagic.com\/#website","url":"https:\/\/ultramagic.com\/","name":"Ultramagic","description":"All about hot air balloon advertising industry and history.Hot air balloon photos and pictures. Enjoy the hot air balloon experience from your home.","potentialAction":[{"@type":"SearchAction","target":{"@type":"EntryPoint","urlTemplate":"https:\/\/ultramagic.com\/?s={search_term_string}"},"query-input":"required name=search_term_string"}],"inLanguage":"ca"}]}},"_links":{"self":[{"href":"https:\/\/ultramagic.com\/ca\/wp-json\/wp\/v2\/pages\/11149"}],"collection":[{"href":"https:\/\/ultramagic.com\/ca\/wp-json\/wp\/v2\/pages"}],"about":[{"href":"https:\/\/ultramagic.com\/ca\/wp-json\/wp\/v2\/types\/page"}],"author":[{"embeddable":true,"href":"https:\/\/ultramagic.com\/ca\/wp-json\/wp\/v2\/users\/2"}],"replies":[{"embeddable":true,"href":"https:\/\/ultramagic.com\/ca\/wp-json\/wp\/v2\/comments?post=11149"}],"version-history":[{"count":6,"href":"https:\/\/ultramagic.com\/ca\/wp-json\/wp\/v2\/pages\/11149\/revisions"}],"predecessor-version":[{"id":11162,"href":"https:\/\/ultramagic.com\/ca\/wp-json\/wp\/v2\/pages\/11149\/revisions\/11162"}],"up":[{"embeddable":true,"href":"https:\/\/ultramagic.com\/ca\/wp-json\/wp\/v2\/pages\/9538"}],"wp:featuredmedia":[{"embeddable":true,"href":"https:\/\/ultramagic.com\/ca\/wp-json\/wp\/v2\/media\/11130"}],"wp:attachment":[{"href":"https:\/\/ultramagic.com\/ca\/wp-json\/wp\/v2\/media?parent=11149"}],"curies":[{"name":"wp","href":"https:\/\/api.w.org\/{rel}","templated":true}]}}